{"id":4567,"date":"2025-01-30T12:05:54","date_gmt":"2025-01-30T11:05:54","guid":{"rendered":"https:\/\/navonaed.com\/?page_id=4567"},"modified":"2025-10-03T07:43:14","modified_gmt":"2025-10-03T05:43:14","slug":"autors","status":"publish","type":"page","link":"https:\/\/navonaed.com\/ca\/autors\/","title":{"rendered":"Autors"},"content":{"rendered":"<div id=\"pl-4567\"  class=\"panel-layout\" ><div id=\"pg-4567-0\"  class=\"panel-grid panel-no-style\" ><div id=\"pgc-4567-0-0\"  class=\"panel-grid-cell\" ><div id=\"panel-4567-0-0-0\" class=\"so-panel widget widget_sow-editor panel-first-child panel-last-child\" data-index=\"0\" ><div\n\t\t\t\n\t\t\tclass=\"so-widget-sow-editor so-widget-sow-editor-base\"\n\t\t\t\n\t\t>\n<div class=\"siteorigin-widget-tinymce textwidget\">\n\t<div class=\"cont-btautores\"><div class=\"boton activo\"><a href=\"\/ca\/autors\/\">_<\/a><\/div><div class=\"boton\"><a href=\"\/ca\/autors\/?l=a\">A<\/a><\/div><div class=\"boton\"><a href=\"\/ca\/autors\/?l=b\">B<\/a><\/div><div class=\"boton\"><a href=\"\/ca\/autors\/?l=c\">C<\/a><\/div><div class=\"boton\"><a href=\"\/ca\/autors\/?l=d\">D<\/a><\/div><div class=\"boton\"><a href=\"\/ca\/autors\/?l=e\">E<\/a><\/div><div class=\"boton\"><a href=\"\/ca\/autors\/?l=f\">F<\/a><\/div><div class=\"boton\"><a href=\"\/ca\/autors\/?l=g\">G<\/a><\/div><div class=\"boton\"><a href=\"\/ca\/autors\/?l=h\">H<\/a><\/div><div class=\"boton\"><a href=\"\/ca\/autors\/?l=i\">I<\/a><\/div><div class=\"boton\"><a href=\"\/ca\/autors\/?l=j\">J<\/a><\/div><div class=\"boton\"><a href=\"\/ca\/autors\/?l=k\">K<\/a><\/div><div class=\"boton\"><a href=\"\/ca\/autors\/?l=l\">L<\/a><\/div><div class=\"boton\"><a href=\"\/ca\/autors\/?l=m\">M<\/a><\/div><div class=\"boton\"><a href=\"\/ca\/autors\/?l=n\">N<\/a><\/div><div class=\"boton\"><a href=\"\/ca\/autors\/?l=\u00f1\">\u00d1<\/a><\/div><div class=\"boton\"><a href=\"\/ca\/autors\/?l=o\">O<\/a><\/div><div class=\"boton\"><a href=\"\/ca\/autors\/?l=p\">P<\/a><\/div><div class=\"boton\"><a href=\"\/ca\/autors\/?l=q\">Q<\/a><\/div><div class=\"boton\"><a href=\"\/ca\/autors\/?l=r\">R<\/a><\/div><div class=\"boton\"><a href=\"\/ca\/autors\/?l=s\">S<\/a><\/div><div class=\"boton\"><a href=\"\/ca\/autors\/?l=t\">T<\/a><\/div><div class=\"boton\"><a href=\"\/ca\/autors\/?l=u\">U<\/a><\/div><div class=\"boton\"><a href=\"\/ca\/autors\/?l=v\">V<\/a><\/div><div class=\"boton\"><a href=\"\/ca\/autors\/?l=w\">W<\/a><\/div><div class=\"boton\"><a href=\"\/ca\/autors\/?l=x\">X<\/a><\/div><div class=\"boton\"><a href=\"\/ca\/autors\/?l=y\">Y<\/a><\/div><div class=\"boton\"><a href=\"\/ca\/autors\/?l=z\">Z<\/a><\/div><\/div><ul class=\"loop-autores\"><li><a href=\"https:\/\/navonaed.com\/ca\/autor\/aa-vv\/\"><div class=\"imagen sombra\"><img decoding=\"async\" src=\"\/wp-content\/uploads\/placeholder.jpg\" class=\"wp-post-image\" \/ loading=\"lazy\" fetchpriority=\"low\"> <\/div><h3>Aa.vv<\/h3><\/a><\/li><li><a href=\"https:\/\/navonaed.com\/ca\/autor\/narine-abgarian\/\"><div class=\"imagen\"><img width=\"250\" height=\"250\" src=\"https:\/\/navonaed.com\/wp-content\/uploads\/narineabgaryan2.jpg\" class=\"attachment-img_autor size-img_autor wp-post-image\" alt=\"\" srcset=\"https:\/\/navonaed.com\/wp-content\/uploads\/narineabgaryan2.jpg 250w, https:\/\/navonaed.com\/wp-content\/uploads\/narineabgaryan2-150x150.jpg 150w\" sizes=\"auto, (max-width: 250px) 100vw, 250px\" decoding=\"async\" fetchpriority=\"high\" \/ loading=\"lazy\"><\/div><h3>Abgari\u00e1n, Narin\u00e9<\/h3><\/a><\/li><li><a href=\"https:\/\/navonaed.com\/ca\/autor\/pierre-adrian\/\"><div class=\"imagen\"><img width=\"300\" height=\"300\" src=\"https:\/\/navonaed.com\/wp-content\/uploads\/pierre-adrian.webp\" class=\"attachment-img_autor size-img_autor wp-post-image\" alt=\"\" srcset=\"https:\/\/navonaed.com\/wp-content\/uploads\/pierre-adrian.webp 300w, https:\/\/navonaed.com\/wp-content\/uploads\/pierre-adrian-150x150.webp 150w\" sizes=\"auto, (max-width: 300px) 100vw, 300px\" loading=\"lazy\" decoding=\"async\" fetchpriority=\"low\" \/><\/div><h3>Adrian, Pierre<\/h3><\/a><\/li><li><a href=\"https:\/\/navonaed.com\/ca\/autor\/vasili-aksionov\/\"><div class=\"imagen\"><img width=\"220\" height=\"325\" src=\"https:\/\/navonaed.com\/wp-content\/uploads\/vasily-aksenov_color-copia.jpg\" class=\"attachment-img_autor size-img_autor wp-post-image\" alt=\"\" loading=\"lazy\" decoding=\"async\" fetchpriority=\"low\" \/><\/div><h3>Aksionov, Vasili<\/h3><\/a><\/li><li><a href=\"https:\/\/navonaed.com\/ca\/autor\/ryunosuke-akutagawa\/\"><div class=\"imagen\"><img width=\"540\" height=\"770\" src=\"https:\/\/navonaed.com\/wp-content\/uploads\/akutagawa-540x770.jpeg\" class=\"attachment-img_autor size-img_autor wp-post-image\" alt=\"\" loading=\"lazy\" decoding=\"async\" fetchpriority=\"low\" \/><\/div><h3>Akutagawa, Ry\u00fbnosuke<\/h3><\/a><\/li><li><a href=\"https:\/\/navonaed.com\/ca\/autor\/rafael-alberti\/\"><div class=\"imagen\"><img width=\"300\" height=\"414\" src=\"https:\/\/navonaed.com\/wp-content\/uploads\/RafaelAlberti2.jpg\" class=\"attachment-img_autor size-img_autor wp-post-image\" alt=\"\" loading=\"lazy\" decoding=\"async\" fetchpriority=\"low\" \/><\/div><h3>Alberti, Rafael<\/h3><\/a><\/li><li><a href=\"https:\/\/navonaed.com\/ca\/autor\/sergio-alvarez\/\"><div class=\"imagen\"><img width=\"500\" height=\"500\" src=\"https:\/\/navonaed.com\/wp-content\/uploads\/sergio-alvarez.webp\" class=\"attachment-img_autor size-img_autor wp-post-image\" alt=\"\" srcset=\"https:\/\/navonaed.com\/wp-content\/uploads\/sergio-alvarez.webp 500w, https:\/\/navonaed.com\/wp-content\/uploads\/sergio-alvarez-360x360.webp 360w, https:\/\/navonaed.com\/wp-content\/uploads\/sergio-alvarez-150x150.webp 150w, https:\/\/navonaed.com\/wp-content\/uploads\/sergio-alvarez-460x460.webp 460w\" sizes=\"auto, (max-width: 500px) 100vw, 500px\" loading=\"lazy\" decoding=\"async\" fetchpriority=\"low\" \/><\/div><h3>\u00c1lvarez, Sergio<\/h3><\/a><\/li><li><a href=\"https:\/\/navonaed.com\/ca\/autor\/eric-ambler\/\"><div class=\"imagen\"><img width=\"185\" height=\"247\" src=\"https:\/\/navonaed.com\/wp-content\/uploads\/Eric_Ambler.jpg\" class=\"attachment-img_autor size-img_autor wp-post-image\" alt=\"\" loading=\"lazy\" decoding=\"async\" fetchpriority=\"low\" \/><\/div><h3>Ambler, Eric<\/h3><\/a><\/li><li><a href=\"https:\/\/navonaed.com\/ca\/autor\/albalucia-angel\/\"><div class=\"imagen\"><img width=\"540\" height=\"770\" src=\"https:\/\/navonaed.com\/wp-content\/uploads\/albalucia-angel-banrepcultural-540x770.webp\" class=\"attachment-img_autor size-img_autor wp-post-image\" alt=\"\" loading=\"lazy\" decoding=\"async\" fetchpriority=\"low\" \/><\/div><h3>\u00c1ngel, Albaluc\u00eda<\/h3><\/a><\/li><li><a href=\"https:\/\/navonaed.com\/ca\/autor\/guillaume-apollinaire\/\"><div class=\"imagen\"><img width=\"358\" height=\"484\" src=\"https:\/\/navonaed.com\/wp-content\/uploads\/Guillaume_Apollinaire_-_Septembre_1911.jpg\" class=\"attachment-img_autor size-img_autor wp-post-image\" alt=\"\" loading=\"lazy\" decoding=\"async\" fetchpriority=\"low\" \/><\/div><h3>Apollinaire, Guillaume<\/h3><\/a><\/li><li><a href=\"https:\/\/navonaed.com\/ca\/autor\/metin-arditi\/\"><div class=\"imagen\"><img width=\"219\" height=\"295\" src=\"https:\/\/navonaed.com\/wp-content\/uploads\/AVT_Metin-Arditi_230.webp\" class=\"attachment-img_autor size-img_autor wp-post-image\" alt=\"\" loading=\"lazy\" decoding=\"async\" fetchpriority=\"low\" \/><\/div><h3>Arditi, Metin<\/h3><\/a><\/li><li><a href=\"https:\/\/navonaed.com\/ca\/autor\/raul-argemi\/\"><div class=\"imagen\"><img width=\"500\" height=\"500\" src=\"https:\/\/navonaed.com\/wp-content\/uploads\/Raul-Argemi-La-Nuova-Frontiera.webp\" class=\"attachment-img_autor size-img_autor wp-post-image\" alt=\"\" srcset=\"https:\/\/navonaed.com\/wp-content\/uploads\/Raul-Argemi-La-Nuova-Frontiera.webp 500w, https:\/\/navonaed.com\/wp-content\/uploads\/Raul-Argemi-La-Nuova-Frontiera-360x360.webp 360w, https:\/\/navonaed.com\/wp-content\/uploads\/Raul-Argemi-La-Nuova-Frontiera-150x150.webp 150w, https:\/\/navonaed.com\/wp-content\/uploads\/Raul-Argemi-La-Nuova-Frontiera-460x460.webp 460w\" sizes=\"auto, (max-width: 500px) 100vw, 500px\" loading=\"lazy\" decoding=\"async\" fetchpriority=\"low\" \/><\/div><h3>Argemi, Raul<\/h3><\/a><\/li><li><a href=\"https:\/\/navonaed.com\/ca\/autor\/guillermo-arriaga\/\"><div class=\"imagen\"><img width=\"540\" height=\"770\" src=\"https:\/\/navonaed.com\/wp-content\/uploads\/Guillermo-Arriaga-c-Ana-Paula-Alvarez_1-540x770.jpg\" class=\"attachment-img_autor size-img_autor wp-post-image\" alt=\"\" loading=\"lazy\" decoding=\"async\" fetchpriority=\"low\" \/><\/div><h3>Arriaga, Guillermo<\/h3><\/a><\/li><li><a href=\"https:\/\/navonaed.com\/ca\/autor\/pierre-assouline\/\"><div class=\"imagen\"><img width=\"500\" height=\"500\" src=\"https:\/\/navonaed.com\/wp-content\/uploads\/2011_PL-Pierre_Assouline-500x500-1.webp\" class=\"attachment-img_autor size-img_autor wp-post-image\" alt=\"\" srcset=\"https:\/\/navonaed.com\/wp-content\/uploads\/2011_PL-Pierre_Assouline-500x500-1.webp 500w, https:\/\/navonaed.com\/wp-content\/uploads\/2011_PL-Pierre_Assouline-500x500-1-360x360.webp 360w, https:\/\/navonaed.com\/wp-content\/uploads\/2011_PL-Pierre_Assouline-500x500-1-150x150.webp 150w, https:\/\/navonaed.com\/wp-content\/uploads\/2011_PL-Pierre_Assouline-500x500-1-460x460.webp 460w\" sizes=\"auto, (max-width: 500px) 100vw, 500px\" loading=\"lazy\" decoding=\"async\" fetchpriority=\"low\" \/><\/div><h3>Assouline, Pierre<\/h3><\/a><\/li><li><a href=\"https:\/\/navonaed.com\/ca\/autor\/roser-atmetlla\/\"><div class=\"imagen\"><img width=\"540\" height=\"770\" src=\"https:\/\/navonaed.com\/wp-content\/uploads\/atmetlla-540x770.jpg\" class=\"attachment-img_autor size-img_autor wp-post-image\" alt=\"\" loading=\"lazy\" decoding=\"async\" fetchpriority=\"low\" \/><\/div><h3>Atmetlla, Roser<\/h3><\/a><\/li><li><a href=\"https:\/\/navonaed.com\/ca\/autor\/margaret-atwood\/\"><div class=\"imagen\"><img width=\"540\" height=\"673\" src=\"https:\/\/navonaed.com\/wp-content\/uploads\/Margaret-Atwood-540x673.jpg\" class=\"attachment-img_autor size-img_autor wp-post-image\" alt=\"\" loading=\"lazy\" decoding=\"async\" fetchpriority=\"low\" \/><\/div><h3>Atwood, Margaret<\/h3><\/a><\/li><li><a href=\"https:\/\/navonaed.com\/ca\/autor\/bernardo-atxaga\/\"><div class=\"imagen\"><img width=\"300\" height=\"236\" src=\"https:\/\/navonaed.com\/wp-content\/uploads\/atxaga.jpg\" class=\"attachment-img_autor size-img_autor wp-post-image\" alt=\"\" loading=\"lazy\" decoding=\"async\" fetchpriority=\"low\" \/><\/div><h3>Atxaga, Bernardo <\/h3><\/a><\/li><li><a href=\"https:\/\/navonaed.com\/ca\/autor\/paul-auster\/\"><div class=\"imagen\"><img width=\"540\" height=\"770\" src=\"https:\/\/navonaed.com\/wp-content\/uploads\/auster-540x770.jpg\" class=\"attachment-img_autor size-img_autor wp-post-image\" alt=\"\" loading=\"lazy\" decoding=\"async\" fetchpriority=\"low\" \/><\/div><h3>Auster, Paul<\/h3><\/a><\/li><li><a href=\"https:\/\/navonaed.com\/ca\/autor\/varios-autores\/\"><div class=\"imagen sombra\"><img decoding=\"async\" src=\"\/wp-content\/uploads\/placeholder.jpg\" class=\"wp-post-image\" \/ loading=\"lazy\" fetchpriority=\"low\"> <\/div><h3>Autores, Varios<\/h3><\/a><\/li><li><a href=\"https:\/\/navonaed.com\/ca\/autor\/honore-de-balzac\/\"><div class=\"imagen\"><img width=\"480\" height=\"640\" src=\"https:\/\/navonaed.com\/wp-content\/uploads\/honore-de-balzac.jpg\" class=\"attachment-img_autor size-img_autor wp-post-image\" alt=\"\" srcset=\"https:\/\/navonaed.com\/wp-content\/uploads\/honore-de-balzac.jpg 480w, https:\/\/navonaed.com\/wp-content\/uploads\/honore-de-balzac-360x480.jpg 360w, https:\/\/navonaed.com\/wp-content\/uploads\/honore-de-balzac-460x613.jpg 460w\" sizes=\"auto, (max-width: 480px) 100vw, 480px\" loading=\"lazy\" decoding=\"async\" fetchpriority=\"low\" \/><\/div><h3>Balzac, Honor\u00e9 de<\/h3><\/a><\/li><li><a href=\"https:\/\/navonaed.com\/ca\/autor\/salim-barakat\/\"><div class=\"imagen\"><img width=\"540\" height=\"411\" src=\"https:\/\/navonaed.com\/wp-content\/uploads\/salim-barakat-540x411.png\" class=\"attachment-img_autor size-img_autor wp-post-image\" alt=\"\" loading=\"lazy\" decoding=\"async\" fetchpriority=\"low\" \/><\/div><h3>Barakat, Salim<\/h3><\/a><\/li><li><a href=\"https:\/\/navonaed.com\/ca\/autor\/lana-bastasic\/\"><div class=\"imagen\"><img width=\"540\" height=\"770\" src=\"https:\/\/navonaed.com\/wp-content\/uploads\/lana-bastasic-e1666013422984-540x770.jpg\" class=\"attachment-img_autor size-img_autor wp-post-image\" alt=\"\" loading=\"lazy\" decoding=\"async\" fetchpriority=\"low\" \/><\/div><h3>Bastasic, Lana<\/h3><\/a><\/li><li><a href=\"https:\/\/navonaed.com\/ca\/autor\/magela-baudoin\/\"><div class=\"imagen\"><img width=\"540\" height=\"770\" src=\"https:\/\/navonaed.com\/wp-content\/uploads\/magela-540x770.jpg\" class=\"attachment-img_autor size-img_autor wp-post-image\" alt=\"\" loading=\"lazy\" decoding=\"async\" fetchpriority=\"low\" \/><\/div><h3>Baudoin, Magela<\/h3><\/a><\/li><li><a href=\"https:\/\/navonaed.com\/ca\/autor\/marta-bayarri\/\"><div class=\"imagen\"><img width=\"540\" height=\"770\" src=\"https:\/\/navonaed.com\/wp-content\/uploads\/marta-bayarri-540x770.jpg\" class=\"attachment-img_autor size-img_autor wp-post-image\" alt=\"\" loading=\"lazy\" decoding=\"async\" fetchpriority=\"low\" \/><\/div><h3>Bayarri, Marta<\/h3><\/a><\/li><li><a href=\"https:\/\/navonaed.com\/ca\/autor\/simone-de-beavoir\/\"><div class=\"imagen\"><img width=\"540\" height=\"770\" src=\"https:\/\/navonaed.com\/wp-content\/uploads\/Simone_de_Beauvoir2-540x770.png\" class=\"attachment-img_autor size-img_autor wp-post-image\" alt=\"\" loading=\"lazy\" decoding=\"async\" fetchpriority=\"low\" \/><\/div><h3>Beavoir, Simone de<\/h3><\/a><\/li><li><a href=\"https:\/\/navonaed.com\/ca\/autor\/gioconda-belli\/\"><div class=\"imagen\"><img width=\"408\" height=\"481\" src=\"https:\/\/navonaed.com\/wp-content\/uploads\/000021608_1_GiocondaBelli_202409101715.jpg\" class=\"attachment-img_autor size-img_autor wp-post-image\" alt=\"\" srcset=\"https:\/\/navonaed.com\/wp-content\/uploads\/000021608_1_GiocondaBelli_202409101715.jpg 408w, https:\/\/navonaed.com\/wp-content\/uploads\/000021608_1_GiocondaBelli_202409101715-360x424.jpg 360w\" sizes=\"auto, (max-width: 408px) 100vw, 408px\" loading=\"lazy\" decoding=\"async\" fetchpriority=\"low\" \/><\/div><h3>Belli, Gioconda<\/h3><\/a><\/li><li><a href=\"https:\/\/navonaed.com\/ca\/autor\/jorge-benitez\/\"><div class=\"imagen\"><img width=\"300\" height=\"450\" src=\"https:\/\/navonaed.com\/wp-content\/uploads\/csm_Jorge_Beni__tez._rec.BW_8c33281b20.jpg\" class=\"attachment-img_autor size-img_autor wp-post-image\" alt=\"\" loading=\"lazy\" decoding=\"async\" fetchpriority=\"low\" \/><\/div><h3>Ben\u00edtez, Jorge<\/h3><\/a><\/li><li><a href=\"https:\/\/navonaed.com\/ca\/autor\/heinrich-boll\/\"><div class=\"imagen\"><img width=\"540\" height=\"770\" src=\"https:\/\/navonaed.com\/wp-content\/uploads\/boll-540x770.png\" class=\"attachment-img_autor size-img_autor wp-post-image\" alt=\"\" loading=\"lazy\" decoding=\"async\" fetchpriority=\"low\" \/><\/div><h3>B\u00f6ll, Heinrich<\/h3><\/a><\/li><li><a href=\"https:\/\/navonaed.com\/ca\/autor\/j-m-caballero-bonald\/\"><div class=\"imagen\"><img width=\"540\" height=\"770\" src=\"https:\/\/navonaed.com\/wp-content\/uploads\/NO-ppal-Caballero-Bonald-muere-819x1024-1-540x770.jpg\" class=\"attachment-img_autor size-img_autor wp-post-image\" alt=\"\" loading=\"lazy\" decoding=\"async\" fetchpriority=\"low\" \/><\/div><h3>Bonald, J.M. Caballero<\/h3><\/a><\/li><li><a href=\"https:\/\/navonaed.com\/ca\/autor\/juan-carlos-botero\/\"><div class=\"imagen\"><img width=\"540\" height=\"770\" src=\"https:\/\/navonaed.com\/wp-content\/uploads\/botero-portada-540x770.jpg\" class=\"attachment-img_autor size-img_autor wp-post-image\" alt=\"\" loading=\"lazy\" decoding=\"async\" fetchpriority=\"low\" \/><\/div><h3>Botero, Juan Carlos<\/h3><\/a><\/li><\/ul><div class=\"loadmore\"><a href=\"javascript:;\" class=\"btgenerico\" onclick=\"load_more('ca', 'autor', 9, '', '', '', '', '')\">Carregar m\u00e9s<\/a><\/div>\n<\/div>\n<\/div><\/div><\/div><\/div><\/div>","protected":false},"excerpt":{"rendered":"<p>_ABCDEFGHIJKLMN\u00d1OPQRSTUVWXYZ Aa.vvAbgari\u00e1n, Narin\u00e9Adrian, PierreAksionov, VasiliAkutagawa, Ry\u00fbnosukeAlberti, Rafael\u00c1lvarez, SergioAmbler, Eric\u00c1ngel, Albaluc\u00edaApollinaire, GuillaumeArditi, MetinArgemi, RaulArriaga, GuillermoAssouline, PierreAtmetlla, RoserAtwood, MargaretAtxaga, Bernardo Auster, Paul Autores, VariosBalzac, Honor\u00e9 deBarakat, SalimBastasic, LanaBaudoin, MagelaBayarri, MartaBeavoir, Simone deBelli, GiocondaBen\u00edtez, JorgeB\u00f6ll, HeinrichBonald, J.M. CaballeroBotero, Juan CarlosCarregar m\u00e9s<\/p>\n","protected":false},"author":2,"featured_media":0,"parent":0,"menu_order":3,"comment_status":"closed","ping_status":"closed","template":"template-fullwidth.php","meta":{"_acf_changed":false,"_monsterinsights_skip_tracking":false,"_monsterinsights_sitenote_active":false,"_monsterinsights_sitenote_note":"","_monsterinsights_sitenote_category":0,"footnotes":""},"class_list":["post-4567","page","type-page","status-publish","hentry"],"acf":[],"yoast_head":"<!-- This site is optimized with the Yoast SEO plugin v27.3 - https:\/\/yoast.com\/product\/yoast-seo-wordpress\/ -->\n<title>Autors - Editorial Navona<\/title>\n<meta name=\"robots\" content=\"index, follow, max-snippet:-1, max-image-preview:large, max-video-preview:-1\" \/>\n<link rel=\"canonical\" href=\"https:\/\/navonaed.com\/ca\/autors\/\" \/>\n<meta property=\"og:locale\" content=\"ca_ES\" \/>\n<meta property=\"og:type\" content=\"article\" \/>\n<meta property=\"og:title\" content=\"Autors - Editorial Navona\" \/>\n<meta property=\"og:description\" content=\"_ABCDEFGHIJKLMN\u00d1OPQRSTUVWXYZ Aa.vvAbgari\u00e1n, Narin\u00e9Adrian, PierreAksionov, VasiliAkutagawa, Ry\u00fbnosukeAlberti, Rafael\u00c1lvarez, SergioAmbler, Eric\u00c1ngel, Albaluc\u00edaApollinaire, GuillaumeArditi, MetinArgemi, RaulArriaga, GuillermoAssouline, PierreAtmetlla, RoserAtwood, MargaretAtxaga, Bernardo Auster, Paul Autores, VariosBalzac, Honor\u00e9 deBarakat, SalimBastasic, LanaBaudoin, MagelaBayarri, MartaBeavoir, Simone deBelli, GiocondaBen\u00edtez, JorgeB\u00f6ll, HeinrichBonald, J.M. CaballeroBotero, Juan CarlosCarregar m\u00e9s\" \/>\n<meta property=\"og:url\" content=\"https:\/\/navonaed.com\/ca\/autors\/\" \/>\n<meta property=\"og:site_name\" content=\"Editorial Navona\" \/>\n<meta property=\"article:publisher\" content=\"https:\/\/www.facebook.com\/people\/Reemocioart\/100076073310442\/\" \/>\n<meta property=\"article:modified_time\" content=\"2025-10-03T05:43:14+00:00\" \/>\n<meta name=\"twitter:card\" content=\"summary_large_image\" \/>\n<meta name=\"twitter:label1\" content=\"Temps estimat de lectura\" \/>\n\t<meta name=\"twitter:data1\" content=\"1 minut\" \/>\n<script type=\"application\/ld+json\" class=\"yoast-schema-graph\">{\"@context\":\"https:\\\/\\\/schema.org\",\"@graph\":[{\"@type\":\"WebPage\",\"@id\":\"https:\\\/\\\/navonaed.com\\\/ca\\\/autors\\\/\",\"url\":\"https:\\\/\\\/navonaed.com\\\/ca\\\/autors\\\/\",\"name\":\"Autors - Editorial Navona\",\"isPartOf\":{\"@id\":\"https:\\\/\\\/navonaed.com\\\/#website\"},\"datePublished\":\"2025-01-30T11:05:54+00:00\",\"dateModified\":\"2025-10-03T05:43:14+00:00\",\"breadcrumb\":{\"@id\":\"https:\\\/\\\/navonaed.com\\\/ca\\\/autors\\\/#breadcrumb\"},\"inLanguage\":\"ca\",\"potentialAction\":[{\"@type\":\"ReadAction\",\"target\":[\"https:\\\/\\\/navonaed.com\\\/ca\\\/autors\\\/\"]}]},{\"@type\":\"BreadcrumbList\",\"@id\":\"https:\\\/\\\/navonaed.com\\\/ca\\\/autors\\\/#breadcrumb\",\"itemListElement\":[{\"@type\":\"ListItem\",\"position\":1,\"name\":\"Portada\",\"item\":\"https:\\\/\\\/navonaed.com\\\/ca\\\/\"},{\"@type\":\"ListItem\",\"position\":2,\"name\":\"Autors\"}]},{\"@type\":\"WebSite\",\"@id\":\"https:\\\/\\\/navonaed.com\\\/#website\",\"url\":\"https:\\\/\\\/navonaed.com\\\/\",\"name\":\"Editorial Navona\",\"description\":\"Nos gustan los libros\",\"publisher\":{\"@id\":\"https:\\\/\\\/navonaed.com\\\/#organization\"},\"potentialAction\":[{\"@type\":\"SearchAction\",\"target\":{\"@type\":\"EntryPoint\",\"urlTemplate\":\"https:\\\/\\\/navonaed.com\\\/?s={search_term_string}\"},\"query-input\":{\"@type\":\"PropertyValueSpecification\",\"valueRequired\":true,\"valueName\":\"search_term_string\"}}],\"inLanguage\":\"ca\"},{\"@type\":\"Organization\",\"@id\":\"https:\\\/\\\/navonaed.com\\\/#organization\",\"name\":\"Editorial Navona\",\"url\":\"https:\\\/\\\/navonaed.com\\\/\",\"logo\":{\"@type\":\"ImageObject\",\"inLanguage\":\"ca\",\"@id\":\"https:\\\/\\\/navonaed.com\\\/#\\\/schema\\\/logo\\\/image\\\/\",\"url\":\"https:\\\/\\\/navonaed.com\\\/wp-content\\\/uploads\\\/logo-navona.svg\",\"contentUrl\":\"https:\\\/\\\/navonaed.com\\\/wp-content\\\/uploads\\\/logo-navona.svg\",\"width\":155,\"height\":32,\"caption\":\"Editorial Navona\"},\"image\":{\"@id\":\"https:\\\/\\\/navonaed.com\\\/#\\\/schema\\\/logo\\\/image\\\/\"},\"sameAs\":[\"https:\\\/\\\/www.facebook.com\\\/people\\\/Reemocioart\\\/100076073310442\\\/\"]}]}<\/script>\n<!-- \/ Yoast SEO plugin. -->","yoast_head_json":{"title":"Autors - Editorial Navona","robots":{"index":"index","follow":"follow","max-snippet":"max-snippet:-1","max-image-preview":"max-image-preview:large","max-video-preview":"max-video-preview:-1"},"canonical":"https:\/\/navonaed.com\/ca\/autors\/","og_locale":"ca_ES","og_type":"article","og_title":"Autors - Editorial Navona","og_description":"_ABCDEFGHIJKLMN\u00d1OPQRSTUVWXYZ Aa.vvAbgari\u00e1n, Narin\u00e9Adrian, PierreAksionov, VasiliAkutagawa, Ry\u00fbnosukeAlberti, Rafael\u00c1lvarez, SergioAmbler, Eric\u00c1ngel, Albaluc\u00edaApollinaire, GuillaumeArditi, MetinArgemi, RaulArriaga, GuillermoAssouline, PierreAtmetlla, RoserAtwood, MargaretAtxaga, Bernardo Auster, Paul Autores, VariosBalzac, Honor\u00e9 deBarakat, SalimBastasic, LanaBaudoin, MagelaBayarri, MartaBeavoir, Simone deBelli, GiocondaBen\u00edtez, JorgeB\u00f6ll, HeinrichBonald, J.M. CaballeroBotero, Juan CarlosCarregar m\u00e9s","og_url":"https:\/\/navonaed.com\/ca\/autors\/","og_site_name":"Editorial Navona","article_publisher":"https:\/\/www.facebook.com\/people\/Reemocioart\/100076073310442\/","article_modified_time":"2025-10-03T05:43:14+00:00","twitter_card":"summary_large_image","twitter_misc":{"Temps estimat de lectura":"1 minut"},"schema":{"@context":"https:\/\/schema.org","@graph":[{"@type":"WebPage","@id":"https:\/\/navonaed.com\/ca\/autors\/","url":"https:\/\/navonaed.com\/ca\/autors\/","name":"Autors - Editorial Navona","isPartOf":{"@id":"https:\/\/navonaed.com\/#website"},"datePublished":"2025-01-30T11:05:54+00:00","dateModified":"2025-10-03T05:43:14+00:00","breadcrumb":{"@id":"https:\/\/navonaed.com\/ca\/autors\/#breadcrumb"},"inLanguage":"ca","potentialAction":[{"@type":"ReadAction","target":["https:\/\/navonaed.com\/ca\/autors\/"]}]},{"@type":"BreadcrumbList","@id":"https:\/\/navonaed.com\/ca\/autors\/#breadcrumb","itemListElement":[{"@type":"ListItem","position":1,"name":"Portada","item":"https:\/\/navonaed.com\/ca\/"},{"@type":"ListItem","position":2,"name":"Autors"}]},{"@type":"WebSite","@id":"https:\/\/navonaed.com\/#website","url":"https:\/\/navonaed.com\/","name":"Editorial Navona","description":"Nos gustan los libros","publisher":{"@id":"https:\/\/navonaed.com\/#organization"},"potentialAction":[{"@type":"SearchAction","target":{"@type":"EntryPoint","urlTemplate":"https:\/\/navonaed.com\/?s={search_term_string}"},"query-input":{"@type":"PropertyValueSpecification","valueRequired":true,"valueName":"search_term_string"}}],"inLanguage":"ca"},{"@type":"Organization","@id":"https:\/\/navonaed.com\/#organization","name":"Editorial Navona","url":"https:\/\/navonaed.com\/","logo":{"@type":"ImageObject","inLanguage":"ca","@id":"https:\/\/navonaed.com\/#\/schema\/logo\/image\/","url":"https:\/\/navonaed.com\/wp-content\/uploads\/logo-navona.svg","contentUrl":"https:\/\/navonaed.com\/wp-content\/uploads\/logo-navona.svg","width":155,"height":32,"caption":"Editorial Navona"},"image":{"@id":"https:\/\/navonaed.com\/#\/schema\/logo\/image\/"},"sameAs":["https:\/\/www.facebook.com\/people\/Reemocioart\/100076073310442\/"]}]}},"_links":{"self":[{"href":"https:\/\/navonaed.com\/ca\/wp-json\/wp\/v2\/pages\/4567","targetHints":{"allow":["GET"]}}],"collection":[{"href":"https:\/\/navonaed.com\/ca\/wp-json\/wp\/v2\/pages"}],"about":[{"href":"https:\/\/navonaed.com\/ca\/wp-json\/wp\/v2\/types\/page"}],"author":[{"embeddable":true,"href":"https:\/\/navonaed.com\/ca\/wp-json\/wp\/v2\/users\/2"}],"replies":[{"embeddable":true,"href":"https:\/\/navonaed.com\/ca\/wp-json\/wp\/v2\/comments?post=4567"}],"version-history":[{"count":2,"href":"https:\/\/navonaed.com\/ca\/wp-json\/wp\/v2\/pages\/4567\/revisions"}],"predecessor-version":[{"id":4569,"href":"https:\/\/navonaed.com\/ca\/wp-json\/wp\/v2\/pages\/4567\/revisions\/4569"}],"wp:attachment":[{"href":"https:\/\/navonaed.com\/ca\/wp-json\/wp\/v2\/media?parent=4567"}],"curies":[{"name":"wp","href":"https:\/\/api.w.org\/{rel}","templated":true}]}}