{"id":5678,"date":"2022-07-04T00:00:00","date_gmt":"2022-07-03T22:00:00","guid":{"rendered":"https:\/\/navonaed.com\/libro\/como-perdiste-el-brazo-balchowsky\/"},"modified":"2025-11-14T11:51:41","modified_gmt":"2025-11-14T10:51:41","slug":"como-perdiste-el-brazo-balchowsky","status":"publish","type":"product","link":"https:\/\/navonaed.com\/ca\/libro\/como-perdiste-el-brazo-balchowsky\/","title":{"rendered":"\u00bfC\u00f3mo perdiste el brazo, Balchowsky?"},"content":{"rendered":"<p>Un joven pianista de Chicago se alista a las Brigadas Internacionales y viaja a la Espa\u00f1a de la Guerra Civil en lucha contra el fascismo, donde perder\u00e1 el brazo derecho. De regreso a los Estados Unidos, el suyo ser\u00e1 un relato de superaci\u00f3n que lo convertir\u00e1 en una leyenda de la bohemia art\u00edstica de Chicago, en un storyteller prodigioso y en un pionero de la contracultura, que nos contar\u00e1, como si de un libro de caballer\u00edas se tratase, la historia norteamericana de la segunda mitad del siglo XX.<\/p>\n<p>\u00abFue un superviviente que se aferr\u00f3 a la vida. Una lecci\u00f3n ambulante de resistencia y de superaci\u00f3n sonriente. Un perdedor entre perdedores al que nada termino\u0301 de salir bien, pero del que todos se encari\u00f1aban. Un idealista a quien la vida maltrato\u0301 con sa\u00f1a, obligado a descubrir demasiado pronto que la vida \u00abiba en serio\u00bb<\/p>\n<p>y que, pese a ello, se obstino\u0301 en vivirla hasta no poder m\u00e1s. Sin resentimiento. Mentor espiritual y gur\u00fa<\/p>\n<p>salvador para muchos, aunque \u00e9l no supiera redimirse, como los buenos mes\u00edas. Un hombre esencialmente libre y de una cierta candidez. Un buen tipo. Un amor. Un idealista iluso. Un maestro of the streets. El pianista de un solo brazo. Aquel pecador tan agradable. El rey de los callejones\u00bb.<\/p>\n","protected":false},"excerpt":{"rendered":"<p>9788419179975<br \/>Toni Orensanz<\/p>\n","protected":false},"featured_media":4657,"template":"","meta":{"_acf_changed":false,"_monsterinsights_skip_tracking":false,"_monsterinsights_sitenote_active":false,"_monsterinsights_sitenote_note":"","_monsterinsights_sitenote_category":0},"product_brand":[],"product_cat":[140],"product_tag":[],"class_list":{"0":"post-5678","1":"product","2":"type-product","3":"status-publish","4":"has-post-thumbnail","6":"product_cat-bio","8":"first","9":"instock","10":"taxable","11":"shipping-taxable","12":"purchasable","13":"product-type-simple"},"acf":[],"yoast_head":"<!-- This site is optimized with the Yoast SEO plugin v27.3 - https:\/\/yoast.com\/product\/yoast-seo-wordpress\/ -->\n<title>\u00bfC\u00f3mo perdiste el brazo, Balchowsky? - Editorial Navona<\/title>\n<meta name=\"robots\" content=\"index, follow, max-snippet:-1, max-image-preview:large, max-video-preview:-1\" \/>\n<link rel=\"canonical\" href=\"https:\/\/navonaed.com\/libro\/como-perdiste-el-brazo-balchowsky\/\" \/>\n<meta property=\"og:locale\" content=\"ca_ES\" \/>\n<meta property=\"og:type\" content=\"article\" \/>\n<meta property=\"og:title\" content=\"\u00bfC\u00f3mo perdiste el brazo, Balchowsky? - Editorial Navona\" \/>\n<meta property=\"og:description\" content=\"9788419179975Toni Orensanz\" \/>\n<meta property=\"og:url\" content=\"https:\/\/navonaed.com\/libro\/como-perdiste-el-brazo-balchowsky\/\" \/>\n<meta property=\"og:site_name\" content=\"Editorial Navona\" \/>\n<meta property=\"article:publisher\" content=\"https:\/\/www.facebook.com\/people\/Reemocioart\/100076073310442\/\" \/>\n<meta property=\"article:modified_time\" content=\"2025-11-14T10:51:41+00:00\" \/>\n<meta property=\"og:image\" content=\"https:\/\/navonaed.com\/wp-content\/uploads\/c_mo_perdiste_el_brazo_balchowsky_.jpg\" \/>\n\t<meta property=\"og:image:width\" content=\"1677\" \/>\n\t<meta property=\"og:image:height\" content=\"2480\" \/>\n\t<meta property=\"og:image:type\" content=\"image\/jpeg\" \/>\n<meta name=\"twitter:card\" content=\"summary_large_image\" \/>\n<meta name=\"twitter:label1\" content=\"Temps estimat de lectura\" \/>\n\t<meta name=\"twitter:data1\" content=\"2 minuts\" \/>\n<script type=\"application\/ld+json\" class=\"yoast-schema-graph\">{\"@context\":\"https:\\\/\\\/schema.org\",\"@graph\":[{\"@type\":\"WebPage\",\"@id\":\"https:\\\/\\\/navonaed.com\\\/libro\\\/como-perdiste-el-brazo-balchowsky\\\/\",\"url\":\"https:\\\/\\\/navonaed.com\\\/libro\\\/como-perdiste-el-brazo-balchowsky\\\/\",\"name\":\"\u00bfC\u00f3mo perdiste el brazo, Balchowsky? - Editorial Navona\",\"isPartOf\":{\"@id\":\"https:\\\/\\\/navonaed.com\\\/#website\"},\"primaryImageOfPage\":{\"@id\":\"https:\\\/\\\/navonaed.com\\\/libro\\\/como-perdiste-el-brazo-balchowsky\\\/#primaryimage\"},\"image\":{\"@id\":\"https:\\\/\\\/navonaed.com\\\/libro\\\/como-perdiste-el-brazo-balchowsky\\\/#primaryimage\"},\"thumbnailUrl\":\"https:\\\/\\\/navonaed.com\\\/wp-content\\\/uploads\\\/c_mo_perdiste_el_brazo_balchowsky_.jpg\",\"datePublished\":\"2022-07-03T22:00:00+00:00\",\"dateModified\":\"2025-11-14T10:51:41+00:00\",\"breadcrumb\":{\"@id\":\"https:\\\/\\\/navonaed.com\\\/libro\\\/como-perdiste-el-brazo-balchowsky\\\/#breadcrumb\"},\"inLanguage\":\"ca\",\"potentialAction\":[{\"@type\":\"ReadAction\",\"target\":[\"https:\\\/\\\/navonaed.com\\\/libro\\\/como-perdiste-el-brazo-balchowsky\\\/\"]}]},{\"@type\":\"ImageObject\",\"inLanguage\":\"ca\",\"@id\":\"https:\\\/\\\/navonaed.com\\\/libro\\\/como-perdiste-el-brazo-balchowsky\\\/#primaryimage\",\"url\":\"https:\\\/\\\/navonaed.com\\\/wp-content\\\/uploads\\\/c_mo_perdiste_el_brazo_balchowsky_.jpg\",\"contentUrl\":\"https:\\\/\\\/navonaed.com\\\/wp-content\\\/uploads\\\/c_mo_perdiste_el_brazo_balchowsky_.jpg\",\"width\":1677,\"height\":2480},{\"@type\":\"BreadcrumbList\",\"@id\":\"https:\\\/\\\/navonaed.com\\\/libro\\\/como-perdiste-el-brazo-balchowsky\\\/#breadcrumb\",\"itemListElement\":[{\"@type\":\"ListItem\",\"position\":1,\"name\":\"Portada\",\"item\":\"https:\\\/\\\/navonaed.com\\\/ca\\\/\"},{\"@type\":\"ListItem\",\"position\":2,\"name\":\"Cat\u00e0leg\",\"item\":\"https:\\\/\\\/navonaed.com\\\/ca\\\/cataleg\\\/\"},{\"@type\":\"ListItem\",\"position\":3,\"name\":\"\u00bfC\u00f3mo perdiste el brazo, Balchowsky?\"}]},{\"@type\":\"WebSite\",\"@id\":\"https:\\\/\\\/navonaed.com\\\/#website\",\"url\":\"https:\\\/\\\/navonaed.com\\\/\",\"name\":\"Editorial Navona\",\"description\":\"Nos gustan los libros\",\"publisher\":{\"@id\":\"https:\\\/\\\/navonaed.com\\\/#organization\"},\"potentialAction\":[{\"@type\":\"SearchAction\",\"target\":{\"@type\":\"EntryPoint\",\"urlTemplate\":\"https:\\\/\\\/navonaed.com\\\/?s={search_term_string}\"},\"query-input\":{\"@type\":\"PropertyValueSpecification\",\"valueRequired\":true,\"valueName\":\"search_term_string\"}}],\"inLanguage\":\"ca\"},{\"@type\":\"Organization\",\"@id\":\"https:\\\/\\\/navonaed.com\\\/#organization\",\"name\":\"Editorial Navona\",\"url\":\"https:\\\/\\\/navonaed.com\\\/\",\"logo\":{\"@type\":\"ImageObject\",\"inLanguage\":\"ca\",\"@id\":\"https:\\\/\\\/navonaed.com\\\/#\\\/schema\\\/logo\\\/image\\\/\",\"url\":\"https:\\\/\\\/navonaed.com\\\/wp-content\\\/uploads\\\/logo-navona.svg\",\"contentUrl\":\"https:\\\/\\\/navonaed.com\\\/wp-content\\\/uploads\\\/logo-navona.svg\",\"width\":155,\"height\":32,\"caption\":\"Editorial Navona\"},\"image\":{\"@id\":\"https:\\\/\\\/navonaed.com\\\/#\\\/schema\\\/logo\\\/image\\\/\"},\"sameAs\":[\"https:\\\/\\\/www.facebook.com\\\/people\\\/Reemocioart\\\/100076073310442\\\/\"]}]}<\/script>\n<!-- \/ Yoast SEO plugin. -->","yoast_head_json":{"title":"\u00bfC\u00f3mo perdiste el brazo, Balchowsky? - Editorial Navona","robots":{"index":"index","follow":"follow","max-snippet":"max-snippet:-1","max-image-preview":"max-image-preview:large","max-video-preview":"max-video-preview:-1"},"canonical":"https:\/\/navonaed.com\/libro\/como-perdiste-el-brazo-balchowsky\/","og_locale":"ca_ES","og_type":"article","og_title":"\u00bfC\u00f3mo perdiste el brazo, Balchowsky? - Editorial Navona","og_description":"9788419179975Toni Orensanz","og_url":"https:\/\/navonaed.com\/libro\/como-perdiste-el-brazo-balchowsky\/","og_site_name":"Editorial Navona","article_publisher":"https:\/\/www.facebook.com\/people\/Reemocioart\/100076073310442\/","article_modified_time":"2025-11-14T10:51:41+00:00","og_image":[{"width":1677,"height":2480,"url":"https:\/\/navonaed.com\/wp-content\/uploads\/c_mo_perdiste_el_brazo_balchowsky_.jpg","type":"image\/jpeg"}],"twitter_card":"summary_large_image","twitter_misc":{"Temps estimat de lectura":"2 minuts"},"schema":{"@context":"https:\/\/schema.org","@graph":[{"@type":"WebPage","@id":"https:\/\/navonaed.com\/libro\/como-perdiste-el-brazo-balchowsky\/","url":"https:\/\/navonaed.com\/libro\/como-perdiste-el-brazo-balchowsky\/","name":"\u00bfC\u00f3mo perdiste el brazo, Balchowsky? - Editorial Navona","isPartOf":{"@id":"https:\/\/navonaed.com\/#website"},"primaryImageOfPage":{"@id":"https:\/\/navonaed.com\/libro\/como-perdiste-el-brazo-balchowsky\/#primaryimage"},"image":{"@id":"https:\/\/navonaed.com\/libro\/como-perdiste-el-brazo-balchowsky\/#primaryimage"},"thumbnailUrl":"https:\/\/navonaed.com\/wp-content\/uploads\/c_mo_perdiste_el_brazo_balchowsky_.jpg","datePublished":"2022-07-03T22:00:00+00:00","dateModified":"2025-11-14T10:51:41+00:00","breadcrumb":{"@id":"https:\/\/navonaed.com\/libro\/como-perdiste-el-brazo-balchowsky\/#breadcrumb"},"inLanguage":"ca","potentialAction":[{"@type":"ReadAction","target":["https:\/\/navonaed.com\/libro\/como-perdiste-el-brazo-balchowsky\/"]}]},{"@type":"ImageObject","inLanguage":"ca","@id":"https:\/\/navonaed.com\/libro\/como-perdiste-el-brazo-balchowsky\/#primaryimage","url":"https:\/\/navonaed.com\/wp-content\/uploads\/c_mo_perdiste_el_brazo_balchowsky_.jpg","contentUrl":"https:\/\/navonaed.com\/wp-content\/uploads\/c_mo_perdiste_el_brazo_balchowsky_.jpg","width":1677,"height":2480},{"@type":"BreadcrumbList","@id":"https:\/\/navonaed.com\/libro\/como-perdiste-el-brazo-balchowsky\/#breadcrumb","itemListElement":[{"@type":"ListItem","position":1,"name":"Portada","item":"https:\/\/navonaed.com\/ca\/"},{"@type":"ListItem","position":2,"name":"Cat\u00e0leg","item":"https:\/\/navonaed.com\/ca\/cataleg\/"},{"@type":"ListItem","position":3,"name":"\u00bfC\u00f3mo perdiste el brazo, Balchowsky?"}]},{"@type":"WebSite","@id":"https:\/\/navonaed.com\/#website","url":"https:\/\/navonaed.com\/","name":"Editorial Navona","description":"Nos gustan los libros","publisher":{"@id":"https:\/\/navonaed.com\/#organization"},"potentialAction":[{"@type":"SearchAction","target":{"@type":"EntryPoint","urlTemplate":"https:\/\/navonaed.com\/?s={search_term_string}"},"query-input":{"@type":"PropertyValueSpecification","valueRequired":true,"valueName":"search_term_string"}}],"inLanguage":"ca"},{"@type":"Organization","@id":"https:\/\/navonaed.com\/#organization","name":"Editorial Navona","url":"https:\/\/navonaed.com\/","logo":{"@type":"ImageObject","inLanguage":"ca","@id":"https:\/\/navonaed.com\/#\/schema\/logo\/image\/","url":"https:\/\/navonaed.com\/wp-content\/uploads\/logo-navona.svg","contentUrl":"https:\/\/navonaed.com\/wp-content\/uploads\/logo-navona.svg","width":155,"height":32,"caption":"Editorial Navona"},"image":{"@id":"https:\/\/navonaed.com\/#\/schema\/logo\/image\/"},"sameAs":["https:\/\/www.facebook.com\/people\/Reemocioart\/100076073310442\/"]}]}},"_links":{"self":[{"href":"https:\/\/navonaed.com\/ca\/wp-json\/wp\/v2\/product\/5678","targetHints":{"allow":["GET"]}}],"collection":[{"href":"https:\/\/navonaed.com\/ca\/wp-json\/wp\/v2\/product"}],"about":[{"href":"https:\/\/navonaed.com\/ca\/wp-json\/wp\/v2\/types\/product"}],"wp:featuredmedia":[{"embeddable":true,"href":"https:\/\/navonaed.com\/ca\/wp-json\/wp\/v2\/media\/4657"}],"wp:attachment":[{"href":"https:\/\/navonaed.com\/ca\/wp-json\/wp\/v2\/media?parent=5678"}],"wp:term":[{"taxonomy":"product_brand","embeddable":true,"href":"https:\/\/navonaed.com\/ca\/wp-json\/wp\/v2\/product_brand?post=5678"},{"taxonomy":"product_cat","embeddable":true,"href":"https:\/\/navonaed.com\/ca\/wp-json\/wp\/v2\/product_cat?post=5678"},{"taxonomy":"product_tag","embeddable":true,"href":"https:\/\/navonaed.com\/ca\/wp-json\/wp\/v2\/product_tag?post=5678"}],"curies":[{"name":"wp","href":"https:\/\/api.w.org\/{rel}","templated":true}]}}