{"id":5702,"date":"2023-11-13T00:00:00","date_gmt":"2023-11-12T23:00:00","guid":{"rendered":"https:\/\/navonaed.com\/libro\/amics-i-llibres-a-jinbocho\/"},"modified":"2025-11-06T13:08:28","modified_gmt":"2025-11-06T12:08:28","slug":"amics-i-llibres-a-jinbocho","status":"publish","type":"product","link":"https:\/\/navonaed.com\/ca\/libro\/amics-i-llibres-a-jinbocho\/","title":{"rendered":"Amics i llibres a Jinbocho"},"content":{"rendered":"<p><b>Una hist\u00f2ria po\u00e8tica i sanadora sobre el poder de compartir ambientada en la petita i ja m\u00edtica llibreria de Jinbocho.<\/b><\/p>\n<p>A Jinb\u014dch\u014d, el districte de llibreries m\u00e9s gran del m\u00f3n, la gent passeja amb curiositat entre milions de llibres. Novel\u00b7les hist\u00f2riques i contempor\u00e0nies, c\u00f2mics, llibres d&#8217;assaig i incomptables opcions perqu\u00e8 tothom en pugui gaudir. A la llibreria Morisaki, una min\u00fascula llibreria familiar especialitzada en literatura japonesa moderna, s&#8217;hi acumulen piles de llibres a les estances fins que n\u2019envaeixen tots els racons. Quan el timbre de la porta anuncia l&#8217;arribada d&#8217;un client, apareix sempre l\u2019oncle Satoru. Des de fa un temps l&#8217;ajuda la seva dona, la Momoko, i la seva neboda, la Takako, sol acompanyar-lo en les estones lliures.<\/p>\n<p>Per l&#8217;aniversari de casament del Satoru i la Momoko, la noia els regala un viatge rom\u00e0ntic. El Satoru pateix per la llibreria, per\u00f2 accepta que la Takako el substitueixi uns dies: submergir-se en l&#8217;atmosfera atemporal de Jinb\u014dch\u014d, en el seu panorama acolorit de clients habituals i visitants fidels, \u00e9s l&#8217;incentiu que la Takako necessitava. Darrere del seu entusiasme apareixen uns quants interrogants: per qu\u00e8 el Satoru actua de manera tan estranya?, qui \u00e9s la dona del paraigua vermell que hi ha sempre al final del carrer?, quins misteris m\u00e9s amaga la m\u00edtica i entendridora lliberia Morisaki?<\/p>\n","protected":false},"excerpt":{"rendered":"<p>9788419552723<br \/>Satoshi Yagisawa<\/p>\n","protected":false},"featured_media":4690,"template":"","meta":{"_acf_changed":false,"_monsterinsights_skip_tracking":false,"_monsterinsights_sitenote_active":false,"_monsterinsights_sitenote_note":"","_monsterinsights_sitenote_category":0},"product_brand":[],"product_cat":[141],"product_tag":[],"class_list":{"0":"post-5702","1":"product","2":"type-product","3":"status-publish","4":"has-post-thumbnail","6":"product_cat-serie-m","8":"first","9":"instock","10":"taxable","11":"shipping-taxable","12":"purchasable","13":"product-type-simple"},"acf":[],"yoast_head":"<!-- This site is optimized with the Yoast SEO plugin v27.3 - https:\/\/yoast.com\/product\/yoast-seo-wordpress\/ -->\n<title>Amics i llibres a Jinbocho - Editorial Navona<\/title>\n<meta name=\"robots\" content=\"index, follow, max-snippet:-1, max-image-preview:large, max-video-preview:-1\" \/>\n<link rel=\"canonical\" href=\"https:\/\/navonaed.com\/libro\/amics-i-llibres-a-jinbocho\/\" \/>\n<meta property=\"og:locale\" content=\"ca_ES\" \/>\n<meta property=\"og:type\" content=\"article\" \/>\n<meta property=\"og:title\" content=\"Amics i llibres a Jinbocho - Editorial Navona\" \/>\n<meta property=\"og:description\" content=\"9788419552723Satoshi Yagisawa\" \/>\n<meta property=\"og:url\" content=\"https:\/\/navonaed.com\/libro\/amics-i-llibres-a-jinbocho\/\" \/>\n<meta property=\"og:site_name\" content=\"Editorial Navona\" \/>\n<meta property=\"article:publisher\" content=\"https:\/\/www.facebook.com\/people\/Reemocioart\/100076073310442\/\" \/>\n<meta property=\"article:modified_time\" content=\"2025-11-06T12:08:28+00:00\" \/>\n<meta property=\"og:image\" content=\"https:\/\/navonaed.com\/wp-content\/uploads\/amics_i_llibres_a_jinbocho.jpg\" \/>\n\t<meta property=\"og:image:width\" content=\"900\" \/>\n\t<meta property=\"og:image:height\" content=\"1331\" \/>\n\t<meta property=\"og:image:type\" content=\"image\/jpeg\" \/>\n<meta name=\"twitter:card\" content=\"summary_large_image\" \/>\n<meta name=\"twitter:label1\" content=\"Temps estimat de lectura\" \/>\n\t<meta name=\"twitter:data1\" content=\"2 minuts\" \/>\n<script type=\"application\/ld+json\" class=\"yoast-schema-graph\">{\"@context\":\"https:\\\/\\\/schema.org\",\"@graph\":[{\"@type\":\"WebPage\",\"@id\":\"https:\\\/\\\/navonaed.com\\\/libro\\\/amics-i-llibres-a-jinbocho\\\/\",\"url\":\"https:\\\/\\\/navonaed.com\\\/libro\\\/amics-i-llibres-a-jinbocho\\\/\",\"name\":\"Amics i llibres a Jinbocho - Editorial Navona\",\"isPartOf\":{\"@id\":\"https:\\\/\\\/navonaed.com\\\/#website\"},\"primaryImageOfPage\":{\"@id\":\"https:\\\/\\\/navonaed.com\\\/libro\\\/amics-i-llibres-a-jinbocho\\\/#primaryimage\"},\"image\":{\"@id\":\"https:\\\/\\\/navonaed.com\\\/libro\\\/amics-i-llibres-a-jinbocho\\\/#primaryimage\"},\"thumbnailUrl\":\"https:\\\/\\\/navonaed.com\\\/wp-content\\\/uploads\\\/amics_i_llibres_a_jinbocho.jpg\",\"datePublished\":\"2023-11-12T23:00:00+00:00\",\"dateModified\":\"2025-11-06T12:08:28+00:00\",\"breadcrumb\":{\"@id\":\"https:\\\/\\\/navonaed.com\\\/libro\\\/amics-i-llibres-a-jinbocho\\\/#breadcrumb\"},\"inLanguage\":\"ca\",\"potentialAction\":[{\"@type\":\"ReadAction\",\"target\":[\"https:\\\/\\\/navonaed.com\\\/libro\\\/amics-i-llibres-a-jinbocho\\\/\"]}]},{\"@type\":\"ImageObject\",\"inLanguage\":\"ca\",\"@id\":\"https:\\\/\\\/navonaed.com\\\/libro\\\/amics-i-llibres-a-jinbocho\\\/#primaryimage\",\"url\":\"https:\\\/\\\/navonaed.com\\\/wp-content\\\/uploads\\\/amics_i_llibres_a_jinbocho.jpg\",\"contentUrl\":\"https:\\\/\\\/navonaed.com\\\/wp-content\\\/uploads\\\/amics_i_llibres_a_jinbocho.jpg\",\"width\":900,\"height\":1331},{\"@type\":\"BreadcrumbList\",\"@id\":\"https:\\\/\\\/navonaed.com\\\/libro\\\/amics-i-llibres-a-jinbocho\\\/#breadcrumb\",\"itemListElement\":[{\"@type\":\"ListItem\",\"position\":1,\"name\":\"Portada\",\"item\":\"https:\\\/\\\/navonaed.com\\\/ca\\\/\"},{\"@type\":\"ListItem\",\"position\":2,\"name\":\"Cat\u00e0leg\",\"item\":\"https:\\\/\\\/navonaed.com\\\/ca\\\/cataleg\\\/\"},{\"@type\":\"ListItem\",\"position\":3,\"name\":\"Amics i llibres a Jinbocho\"}]},{\"@type\":\"WebSite\",\"@id\":\"https:\\\/\\\/navonaed.com\\\/#website\",\"url\":\"https:\\\/\\\/navonaed.com\\\/\",\"name\":\"Editorial Navona\",\"description\":\"Nos gustan los libros\",\"publisher\":{\"@id\":\"https:\\\/\\\/navonaed.com\\\/#organization\"},\"potentialAction\":[{\"@type\":\"SearchAction\",\"target\":{\"@type\":\"EntryPoint\",\"urlTemplate\":\"https:\\\/\\\/navonaed.com\\\/?s={search_term_string}\"},\"query-input\":{\"@type\":\"PropertyValueSpecification\",\"valueRequired\":true,\"valueName\":\"search_term_string\"}}],\"inLanguage\":\"ca\"},{\"@type\":\"Organization\",\"@id\":\"https:\\\/\\\/navonaed.com\\\/#organization\",\"name\":\"Editorial Navona\",\"url\":\"https:\\\/\\\/navonaed.com\\\/\",\"logo\":{\"@type\":\"ImageObject\",\"inLanguage\":\"ca\",\"@id\":\"https:\\\/\\\/navonaed.com\\\/#\\\/schema\\\/logo\\\/image\\\/\",\"url\":\"https:\\\/\\\/navonaed.com\\\/wp-content\\\/uploads\\\/logo-navona.svg\",\"contentUrl\":\"https:\\\/\\\/navonaed.com\\\/wp-content\\\/uploads\\\/logo-navona.svg\",\"width\":155,\"height\":32,\"caption\":\"Editorial Navona\"},\"image\":{\"@id\":\"https:\\\/\\\/navonaed.com\\\/#\\\/schema\\\/logo\\\/image\\\/\"},\"sameAs\":[\"https:\\\/\\\/www.facebook.com\\\/people\\\/Reemocioart\\\/100076073310442\\\/\"]}]}<\/script>\n<!-- \/ Yoast SEO plugin. -->","yoast_head_json":{"title":"Amics i llibres a Jinbocho - Editorial Navona","robots":{"index":"index","follow":"follow","max-snippet":"max-snippet:-1","max-image-preview":"max-image-preview:large","max-video-preview":"max-video-preview:-1"},"canonical":"https:\/\/navonaed.com\/libro\/amics-i-llibres-a-jinbocho\/","og_locale":"ca_ES","og_type":"article","og_title":"Amics i llibres a Jinbocho - Editorial Navona","og_description":"9788419552723Satoshi Yagisawa","og_url":"https:\/\/navonaed.com\/libro\/amics-i-llibres-a-jinbocho\/","og_site_name":"Editorial Navona","article_publisher":"https:\/\/www.facebook.com\/people\/Reemocioart\/100076073310442\/","article_modified_time":"2025-11-06T12:08:28+00:00","og_image":[{"width":900,"height":1331,"url":"https:\/\/navonaed.com\/wp-content\/uploads\/amics_i_llibres_a_jinbocho.jpg","type":"image\/jpeg"}],"twitter_card":"summary_large_image","twitter_misc":{"Temps estimat de lectura":"2 minuts"},"schema":{"@context":"https:\/\/schema.org","@graph":[{"@type":"WebPage","@id":"https:\/\/navonaed.com\/libro\/amics-i-llibres-a-jinbocho\/","url":"https:\/\/navonaed.com\/libro\/amics-i-llibres-a-jinbocho\/","name":"Amics i llibres a Jinbocho - Editorial Navona","isPartOf":{"@id":"https:\/\/navonaed.com\/#website"},"primaryImageOfPage":{"@id":"https:\/\/navonaed.com\/libro\/amics-i-llibres-a-jinbocho\/#primaryimage"},"image":{"@id":"https:\/\/navonaed.com\/libro\/amics-i-llibres-a-jinbocho\/#primaryimage"},"thumbnailUrl":"https:\/\/navonaed.com\/wp-content\/uploads\/amics_i_llibres_a_jinbocho.jpg","datePublished":"2023-11-12T23:00:00+00:00","dateModified":"2025-11-06T12:08:28+00:00","breadcrumb":{"@id":"https:\/\/navonaed.com\/libro\/amics-i-llibres-a-jinbocho\/#breadcrumb"},"inLanguage":"ca","potentialAction":[{"@type":"ReadAction","target":["https:\/\/navonaed.com\/libro\/amics-i-llibres-a-jinbocho\/"]}]},{"@type":"ImageObject","inLanguage":"ca","@id":"https:\/\/navonaed.com\/libro\/amics-i-llibres-a-jinbocho\/#primaryimage","url":"https:\/\/navonaed.com\/wp-content\/uploads\/amics_i_llibres_a_jinbocho.jpg","contentUrl":"https:\/\/navonaed.com\/wp-content\/uploads\/amics_i_llibres_a_jinbocho.jpg","width":900,"height":1331},{"@type":"BreadcrumbList","@id":"https:\/\/navonaed.com\/libro\/amics-i-llibres-a-jinbocho\/#breadcrumb","itemListElement":[{"@type":"ListItem","position":1,"name":"Portada","item":"https:\/\/navonaed.com\/ca\/"},{"@type":"ListItem","position":2,"name":"Cat\u00e0leg","item":"https:\/\/navonaed.com\/ca\/cataleg\/"},{"@type":"ListItem","position":3,"name":"Amics i llibres a Jinbocho"}]},{"@type":"WebSite","@id":"https:\/\/navonaed.com\/#website","url":"https:\/\/navonaed.com\/","name":"Editorial Navona","description":"Nos gustan los libros","publisher":{"@id":"https:\/\/navonaed.com\/#organization"},"potentialAction":[{"@type":"SearchAction","target":{"@type":"EntryPoint","urlTemplate":"https:\/\/navonaed.com\/?s={search_term_string}"},"query-input":{"@type":"PropertyValueSpecification","valueRequired":true,"valueName":"search_term_string"}}],"inLanguage":"ca"},{"@type":"Organization","@id":"https:\/\/navonaed.com\/#organization","name":"Editorial Navona","url":"https:\/\/navonaed.com\/","logo":{"@type":"ImageObject","inLanguage":"ca","@id":"https:\/\/navonaed.com\/#\/schema\/logo\/image\/","url":"https:\/\/navonaed.com\/wp-content\/uploads\/logo-navona.svg","contentUrl":"https:\/\/navonaed.com\/wp-content\/uploads\/logo-navona.svg","width":155,"height":32,"caption":"Editorial Navona"},"image":{"@id":"https:\/\/navonaed.com\/#\/schema\/logo\/image\/"},"sameAs":["https:\/\/www.facebook.com\/people\/Reemocioart\/100076073310442\/"]}]}},"_links":{"self":[{"href":"https:\/\/navonaed.com\/ca\/wp-json\/wp\/v2\/product\/5702","targetHints":{"allow":["GET"]}}],"collection":[{"href":"https:\/\/navonaed.com\/ca\/wp-json\/wp\/v2\/product"}],"about":[{"href":"https:\/\/navonaed.com\/ca\/wp-json\/wp\/v2\/types\/product"}],"wp:featuredmedia":[{"embeddable":true,"href":"https:\/\/navonaed.com\/ca\/wp-json\/wp\/v2\/media\/4690"}],"wp:attachment":[{"href":"https:\/\/navonaed.com\/ca\/wp-json\/wp\/v2\/media?parent=5702"}],"wp:term":[{"taxonomy":"product_brand","embeddable":true,"href":"https:\/\/navonaed.com\/ca\/wp-json\/wp\/v2\/product_brand?post=5702"},{"taxonomy":"product_cat","embeddable":true,"href":"https:\/\/navonaed.com\/ca\/wp-json\/wp\/v2\/product_cat?post=5702"},{"taxonomy":"product_tag","embeddable":true,"href":"https:\/\/navonaed.com\/ca\/wp-json\/wp\/v2\/product_tag?post=5702"}],"curies":[{"name":"wp","href":"https:\/\/api.w.org\/{rel}","templated":true}]}}