{"id":5708,"date":"2023-06-12T00:00:00","date_gmt":"2023-06-11T22:00:00","guid":{"rendered":"https:\/\/navonaed.com\/libro\/antologia-poetica\/"},"modified":"2025-11-19T13:11:17","modified_gmt":"2025-11-19T12:11:17","slug":"antologia-poetica","status":"publish","type":"product","link":"https:\/\/navonaed.com\/ca\/libro\/antologia-poetica\/","title":{"rendered":"Antolog\u00eda po\u00e9tica"},"content":{"rendered":"<p>Sylvia Plath es una de las voces definitorias de la poes\u00eda del siglo XX. Esta selecci\u00f3n cl\u00e1sica de su obra, realizada por su marido Ted Hughes, constituye la introducci\u00f3n perfecta a esta influyente poetisa.<\/p>\n<p>Los poemas presentados en esta edici\u00f3n biling\u00fce est\u00e1n tomados de las cuatro colecciones de Sylvia Plath Ariel, El cColoso, Crossing the Water y Winter Trees, e incluyen muchas de sus obras m\u00e1s c\u00e9lebres, como &#8221;Daddy&#8221;, &#8221;Lady Lazarus&#8221; y &#8221;Wuthering Heights&#8221;.<\/p>\n","protected":false},"excerpt":{"rendered":"<p>9788419552242<br \/>Sylvia Plath<\/p>\n","protected":false},"featured_media":4698,"template":"","meta":{"_acf_changed":false,"_monsterinsights_skip_tracking":false,"_monsterinsights_sitenote_active":false,"_monsterinsights_sitenote_note":"","_monsterinsights_sitenote_category":0},"product_brand":[],"product_cat":[144],"product_tag":[],"class_list":{"0":"post-5708","1":"product","2":"type-product","3":"status-publish","4":"has-post-thumbnail","6":"product_cat-los-ineludibles","8":"first","9":"instock","10":"taxable","11":"shipping-taxable","12":"purchasable","13":"product-type-simple"},"acf":[],"yoast_head":"<!-- This site is optimized with the Yoast SEO plugin v27.1.1 - https:\/\/yoast.com\/product\/yoast-seo-wordpress\/ -->\n<title>Antolog\u00eda po\u00e9tica - Editorial Navona<\/title>\n<meta name=\"robots\" content=\"index, follow, max-snippet:-1, max-image-preview:large, max-video-preview:-1\" \/>\n<link rel=\"canonical\" href=\"https:\/\/navonaed.com\/libro\/antologia-poetica\/\" \/>\n<meta property=\"og:locale\" content=\"ca_ES\" \/>\n<meta property=\"og:type\" content=\"article\" \/>\n<meta property=\"og:title\" content=\"Antolog\u00eda po\u00e9tica - Editorial Navona\" \/>\n<meta property=\"og:description\" content=\"9788419552242Sylvia Plath\" \/>\n<meta property=\"og:url\" content=\"https:\/\/navonaed.com\/libro\/antologia-poetica\/\" \/>\n<meta property=\"og:site_name\" content=\"Editorial Navona\" \/>\n<meta property=\"article:publisher\" content=\"https:\/\/www.facebook.com\/people\/Reemocioart\/100076073310442\/\" \/>\n<meta property=\"article:modified_time\" content=\"2025-11-19T12:11:17+00:00\" \/>\n<meta property=\"og:image\" content=\"https:\/\/navonaed.com\/wp-content\/uploads\/antolog_a_po_tica.jpg\" \/>\n\t<meta property=\"og:image:width\" content=\"900\" \/>\n\t<meta property=\"og:image:height\" content=\"1359\" \/>\n\t<meta property=\"og:image:type\" content=\"image\/jpeg\" \/>\n<meta name=\"twitter:card\" content=\"summary_large_image\" \/>\n<meta name=\"twitter:label1\" content=\"Temps estimat de lectura\" \/>\n\t<meta name=\"twitter:data1\" content=\"1 minut\" \/>\n<script type=\"application\/ld+json\" class=\"yoast-schema-graph\">{\"@context\":\"https:\/\/schema.org\",\"@graph\":[{\"@type\":\"WebPage\",\"@id\":\"https:\/\/navonaed.com\/libro\/antologia-poetica\/\",\"url\":\"https:\/\/navonaed.com\/libro\/antologia-poetica\/\",\"name\":\"Antolog\u00eda po\u00e9tica - Editorial Navona\",\"isPartOf\":{\"@id\":\"https:\/\/navonaed.com\/#website\"},\"primaryImageOfPage\":{\"@id\":\"https:\/\/navonaed.com\/libro\/antologia-poetica\/#primaryimage\"},\"image\":{\"@id\":\"https:\/\/navonaed.com\/libro\/antologia-poetica\/#primaryimage\"},\"thumbnailUrl\":\"https:\/\/navonaed.com\/wp-content\/uploads\/antolog_a_po_tica.jpg\",\"datePublished\":\"2023-06-11T22:00:00+00:00\",\"dateModified\":\"2025-11-19T12:11:17+00:00\",\"breadcrumb\":{\"@id\":\"https:\/\/navonaed.com\/libro\/antologia-poetica\/#breadcrumb\"},\"inLanguage\":\"ca\",\"potentialAction\":[{\"@type\":\"ReadAction\",\"target\":[\"https:\/\/navonaed.com\/libro\/antologia-poetica\/\"]}]},{\"@type\":\"ImageObject\",\"inLanguage\":\"ca\",\"@id\":\"https:\/\/navonaed.com\/libro\/antologia-poetica\/#primaryimage\",\"url\":\"https:\/\/navonaed.com\/wp-content\/uploads\/antolog_a_po_tica.jpg\",\"contentUrl\":\"https:\/\/navonaed.com\/wp-content\/uploads\/antolog_a_po_tica.jpg\",\"width\":900,\"height\":1359},{\"@type\":\"BreadcrumbList\",\"@id\":\"https:\/\/navonaed.com\/libro\/antologia-poetica\/#breadcrumb\",\"itemListElement\":[{\"@type\":\"ListItem\",\"position\":1,\"name\":\"Portada\",\"item\":\"https:\/\/navonaed.com\/ca\/\"},{\"@type\":\"ListItem\",\"position\":2,\"name\":\"Cat\u00e0leg\",\"item\":\"https:\/\/navonaed.com\/ca\/cataleg\/\"},{\"@type\":\"ListItem\",\"position\":3,\"name\":\"Antolog\u00eda po\u00e9tica\"}]},{\"@type\":\"WebSite\",\"@id\":\"https:\/\/navonaed.com\/#website\",\"url\":\"https:\/\/navonaed.com\/\",\"name\":\"Editorial Navona\",\"description\":\"Nos gustan los libros\",\"publisher\":{\"@id\":\"https:\/\/navonaed.com\/#organization\"},\"potentialAction\":[{\"@type\":\"SearchAction\",\"target\":{\"@type\":\"EntryPoint\",\"urlTemplate\":\"https:\/\/navonaed.com\/?s={search_term_string}\"},\"query-input\":{\"@type\":\"PropertyValueSpecification\",\"valueRequired\":true,\"valueName\":\"search_term_string\"}}],\"inLanguage\":\"ca\"},{\"@type\":\"Organization\",\"@id\":\"https:\/\/navonaed.com\/#organization\",\"name\":\"Editorial Navona\",\"url\":\"https:\/\/navonaed.com\/\",\"logo\":{\"@type\":\"ImageObject\",\"inLanguage\":\"ca\",\"@id\":\"https:\/\/navonaed.com\/#\/schema\/logo\/image\/\",\"url\":\"https:\/\/navonaed.com\/wp-content\/uploads\/logo-navona.svg\",\"contentUrl\":\"https:\/\/navonaed.com\/wp-content\/uploads\/logo-navona.svg\",\"width\":155,\"height\":32,\"caption\":\"Editorial Navona\"},\"image\":{\"@id\":\"https:\/\/navonaed.com\/#\/schema\/logo\/image\/\"},\"sameAs\":[\"https:\/\/www.facebook.com\/people\/Reemocioart\/100076073310442\/\"]}]}<\/script>\n<!-- \/ Yoast SEO plugin. -->","yoast_head_json":{"title":"Antolog\u00eda po\u00e9tica - Editorial Navona","robots":{"index":"index","follow":"follow","max-snippet":"max-snippet:-1","max-image-preview":"max-image-preview:large","max-video-preview":"max-video-preview:-1"},"canonical":"https:\/\/navonaed.com\/libro\/antologia-poetica\/","og_locale":"ca_ES","og_type":"article","og_title":"Antolog\u00eda po\u00e9tica - Editorial Navona","og_description":"9788419552242Sylvia Plath","og_url":"https:\/\/navonaed.com\/libro\/antologia-poetica\/","og_site_name":"Editorial Navona","article_publisher":"https:\/\/www.facebook.com\/people\/Reemocioart\/100076073310442\/","article_modified_time":"2025-11-19T12:11:17+00:00","og_image":[{"width":900,"height":1359,"url":"https:\/\/navonaed.com\/wp-content\/uploads\/antolog_a_po_tica.jpg","type":"image\/jpeg"}],"twitter_card":"summary_large_image","twitter_misc":{"Temps estimat de lectura":"1 minut"},"schema":{"@context":"https:\/\/schema.org","@graph":[{"@type":"WebPage","@id":"https:\/\/navonaed.com\/libro\/antologia-poetica\/","url":"https:\/\/navonaed.com\/libro\/antologia-poetica\/","name":"Antolog\u00eda po\u00e9tica - Editorial Navona","isPartOf":{"@id":"https:\/\/navonaed.com\/#website"},"primaryImageOfPage":{"@id":"https:\/\/navonaed.com\/libro\/antologia-poetica\/#primaryimage"},"image":{"@id":"https:\/\/navonaed.com\/libro\/antologia-poetica\/#primaryimage"},"thumbnailUrl":"https:\/\/navonaed.com\/wp-content\/uploads\/antolog_a_po_tica.jpg","datePublished":"2023-06-11T22:00:00+00:00","dateModified":"2025-11-19T12:11:17+00:00","breadcrumb":{"@id":"https:\/\/navonaed.com\/libro\/antologia-poetica\/#breadcrumb"},"inLanguage":"ca","potentialAction":[{"@type":"ReadAction","target":["https:\/\/navonaed.com\/libro\/antologia-poetica\/"]}]},{"@type":"ImageObject","inLanguage":"ca","@id":"https:\/\/navonaed.com\/libro\/antologia-poetica\/#primaryimage","url":"https:\/\/navonaed.com\/wp-content\/uploads\/antolog_a_po_tica.jpg","contentUrl":"https:\/\/navonaed.com\/wp-content\/uploads\/antolog_a_po_tica.jpg","width":900,"height":1359},{"@type":"BreadcrumbList","@id":"https:\/\/navonaed.com\/libro\/antologia-poetica\/#breadcrumb","itemListElement":[{"@type":"ListItem","position":1,"name":"Portada","item":"https:\/\/navonaed.com\/ca\/"},{"@type":"ListItem","position":2,"name":"Cat\u00e0leg","item":"https:\/\/navonaed.com\/ca\/cataleg\/"},{"@type":"ListItem","position":3,"name":"Antolog\u00eda po\u00e9tica"}]},{"@type":"WebSite","@id":"https:\/\/navonaed.com\/#website","url":"https:\/\/navonaed.com\/","name":"Editorial Navona","description":"Nos gustan los libros","publisher":{"@id":"https:\/\/navonaed.com\/#organization"},"potentialAction":[{"@type":"SearchAction","target":{"@type":"EntryPoint","urlTemplate":"https:\/\/navonaed.com\/?s={search_term_string}"},"query-input":{"@type":"PropertyValueSpecification","valueRequired":true,"valueName":"search_term_string"}}],"inLanguage":"ca"},{"@type":"Organization","@id":"https:\/\/navonaed.com\/#organization","name":"Editorial Navona","url":"https:\/\/navonaed.com\/","logo":{"@type":"ImageObject","inLanguage":"ca","@id":"https:\/\/navonaed.com\/#\/schema\/logo\/image\/","url":"https:\/\/navonaed.com\/wp-content\/uploads\/logo-navona.svg","contentUrl":"https:\/\/navonaed.com\/wp-content\/uploads\/logo-navona.svg","width":155,"height":32,"caption":"Editorial Navona"},"image":{"@id":"https:\/\/navonaed.com\/#\/schema\/logo\/image\/"},"sameAs":["https:\/\/www.facebook.com\/people\/Reemocioart\/100076073310442\/"]}]}},"_links":{"self":[{"href":"https:\/\/navonaed.com\/ca\/wp-json\/wp\/v2\/product\/5708","targetHints":{"allow":["GET"]}}],"collection":[{"href":"https:\/\/navonaed.com\/ca\/wp-json\/wp\/v2\/product"}],"about":[{"href":"https:\/\/navonaed.com\/ca\/wp-json\/wp\/v2\/types\/product"}],"wp:featuredmedia":[{"embeddable":true,"href":"https:\/\/navonaed.com\/ca\/wp-json\/wp\/v2\/media\/4698"}],"wp:attachment":[{"href":"https:\/\/navonaed.com\/ca\/wp-json\/wp\/v2\/media?parent=5708"}],"wp:term":[{"taxonomy":"product_brand","embeddable":true,"href":"https:\/\/navonaed.com\/ca\/wp-json\/wp\/v2\/product_brand?post=5708"},{"taxonomy":"product_cat","embeddable":true,"href":"https:\/\/navonaed.com\/ca\/wp-json\/wp\/v2\/product_cat?post=5708"},{"taxonomy":"product_tag","embeddable":true,"href":"https:\/\/navonaed.com\/ca\/wp-json\/wp\/v2\/product_tag?post=5708"}],"curies":[{"name":"wp","href":"https:\/\/api.w.org\/{rel}","templated":true}]}}