{"id":5763,"date":"2024-03-25T00:00:00","date_gmt":"2024-03-24T23:00:00","guid":{"rendered":"https:\/\/navonaed.com\/libro\/cronica-de-la-espana-que-la-dialoga\/"},"modified":"2025-11-06T11:29:44","modified_gmt":"2025-11-06T10:29:44","slug":"cronica-de-la-espana-que-la-dialoga","status":"publish","type":"product","link":"https:\/\/navonaed.com\/ca\/libro\/cronica-de-la-espana-que-la-dialoga\/","title":{"rendered":"Cr\u00f3nica de la Espa\u00f1a que la dialoga"},"content":{"rendered":"<p><b>Este libro es una memoria personal y un excepcional tratado intelectual para entender los grandes problemas que acechan a la sociedad espa\u00f1ola, europea y mundial.<\/b><\/p>\n<p>Cr\u00f3nica de la Espa\u00f1a que dialoga es el testimonio en primera persona del expresidente Jos\u00e9 Luis Rodr\u00edguez Zapatero sobre c\u00f3mo se han afrontado los grandes conflictos sociales y pol\u00edticos de las \u00faltimas d\u00e9cadas en Espa\u00f1a y el mundo.<\/p>\n<p>Este libro es el brilllante resultado de las largas charlas que Jos\u00e9 Luis Rodr\u00edguez Zapatero ha mantenido con el periodista y escritor M\u00e0rius Carol en exclusiva acerca de las grandes crisis que ha tenido que resolver a lo largo de su amplia vida pol\u00edtica: desde el fin de la banda terrorista ETA hasta la crisis de Venezuela, el conflicto catal\u00e1n, las tensas relaciones con Estdos Unidos cuando era presidente, la guerra de Ucrania o el momento cr\u00edtico que vive la construcci\u00f3n europea.<\/p>\n<p>El expresidente del Gobierno ofrece su visi\u00f3n sobre c\u00f3mo cualquier desacuerdo, por muy grave que sea, se puede resolver, a corto o largo plazo, a trav\u00e9s de la mejor herramienta que tiene la humanidad: el di\u00e1logo.<\/p>\n","protected":false},"excerpt":{"rendered":"<p>9788419552563<br \/>Jos\u00e9 Luis Rodr\u00edguez Zapatero<\/p>\n","protected":false},"featured_media":4758,"template":"","meta":{"_acf_changed":false,"_monsterinsights_skip_tracking":false,"_monsterinsights_sitenote_active":false,"_monsterinsights_sitenote_note":"","_monsterinsights_sitenote_category":0},"product_brand":[],"product_cat":[140],"product_tag":[],"class_list":{"0":"post-5763","1":"product","2":"type-product","3":"status-publish","4":"has-post-thumbnail","6":"product_cat-bio","8":"first","9":"instock","10":"taxable","11":"shipping-taxable","12":"purchasable","13":"product-type-simple"},"acf":[],"yoast_head":"<!-- This site is optimized with the Yoast SEO plugin v27.3 - https:\/\/yoast.com\/product\/yoast-seo-wordpress\/ -->\n<title>Cr\u00f3nica de la Espa\u00f1a que la dialoga - Editorial Navona<\/title>\n<meta name=\"robots\" content=\"index, follow, max-snippet:-1, max-image-preview:large, max-video-preview:-1\" \/>\n<link rel=\"canonical\" href=\"https:\/\/navonaed.com\/libro\/cronica-de-la-espana-que-la-dialoga\/\" \/>\n<meta property=\"og:locale\" content=\"ca_ES\" \/>\n<meta property=\"og:type\" content=\"article\" \/>\n<meta property=\"og:title\" content=\"Cr\u00f3nica de la Espa\u00f1a que la dialoga - Editorial Navona\" \/>\n<meta property=\"og:description\" content=\"9788419552563Jos\u00e9 Luis Rodr\u00edguez Zapatero\" \/>\n<meta property=\"og:url\" content=\"https:\/\/navonaed.com\/libro\/cronica-de-la-espana-que-la-dialoga\/\" \/>\n<meta property=\"og:site_name\" content=\"Editorial Navona\" \/>\n<meta property=\"article:publisher\" content=\"https:\/\/www.facebook.com\/people\/Reemocioart\/100076073310442\/\" \/>\n<meta property=\"article:modified_time\" content=\"2025-11-06T10:29:44+00:00\" \/>\n<meta property=\"og:image\" content=\"https:\/\/navonaed.com\/wp-content\/uploads\/cr_nica_de_la_espa_a_que_la_dialoga.jpg\" \/>\n\t<meta property=\"og:image:width\" content=\"900\" \/>\n\t<meta property=\"og:image:height\" content=\"1338\" \/>\n\t<meta property=\"og:image:type\" content=\"image\/jpeg\" \/>\n<meta name=\"twitter:card\" content=\"summary_large_image\" \/>\n<meta name=\"twitter:label1\" content=\"Temps estimat de lectura\" \/>\n\t<meta name=\"twitter:data1\" content=\"2 minuts\" \/>\n<script type=\"application\/ld+json\" class=\"yoast-schema-graph\">{\"@context\":\"https:\\\/\\\/schema.org\",\"@graph\":[{\"@type\":\"WebPage\",\"@id\":\"https:\\\/\\\/navonaed.com\\\/libro\\\/cronica-de-la-espana-que-la-dialoga\\\/\",\"url\":\"https:\\\/\\\/navonaed.com\\\/libro\\\/cronica-de-la-espana-que-la-dialoga\\\/\",\"name\":\"Cr\u00f3nica de la Espa\u00f1a que la dialoga - Editorial Navona\",\"isPartOf\":{\"@id\":\"https:\\\/\\\/navonaed.com\\\/#website\"},\"primaryImageOfPage\":{\"@id\":\"https:\\\/\\\/navonaed.com\\\/libro\\\/cronica-de-la-espana-que-la-dialoga\\\/#primaryimage\"},\"image\":{\"@id\":\"https:\\\/\\\/navonaed.com\\\/libro\\\/cronica-de-la-espana-que-la-dialoga\\\/#primaryimage\"},\"thumbnailUrl\":\"https:\\\/\\\/navonaed.com\\\/wp-content\\\/uploads\\\/cr_nica_de_la_espa_a_que_la_dialoga.jpg\",\"datePublished\":\"2024-03-24T23:00:00+00:00\",\"dateModified\":\"2025-11-06T10:29:44+00:00\",\"breadcrumb\":{\"@id\":\"https:\\\/\\\/navonaed.com\\\/libro\\\/cronica-de-la-espana-que-la-dialoga\\\/#breadcrumb\"},\"inLanguage\":\"ca\",\"potentialAction\":[{\"@type\":\"ReadAction\",\"target\":[\"https:\\\/\\\/navonaed.com\\\/libro\\\/cronica-de-la-espana-que-la-dialoga\\\/\"]}]},{\"@type\":\"ImageObject\",\"inLanguage\":\"ca\",\"@id\":\"https:\\\/\\\/navonaed.com\\\/libro\\\/cronica-de-la-espana-que-la-dialoga\\\/#primaryimage\",\"url\":\"https:\\\/\\\/navonaed.com\\\/wp-content\\\/uploads\\\/cr_nica_de_la_espa_a_que_la_dialoga.jpg\",\"contentUrl\":\"https:\\\/\\\/navonaed.com\\\/wp-content\\\/uploads\\\/cr_nica_de_la_espa_a_que_la_dialoga.jpg\",\"width\":900,\"height\":1338},{\"@type\":\"BreadcrumbList\",\"@id\":\"https:\\\/\\\/navonaed.com\\\/libro\\\/cronica-de-la-espana-que-la-dialoga\\\/#breadcrumb\",\"itemListElement\":[{\"@type\":\"ListItem\",\"position\":1,\"name\":\"Portada\",\"item\":\"https:\\\/\\\/navonaed.com\\\/ca\\\/\"},{\"@type\":\"ListItem\",\"position\":2,\"name\":\"Cat\u00e0leg\",\"item\":\"https:\\\/\\\/navonaed.com\\\/ca\\\/cataleg\\\/\"},{\"@type\":\"ListItem\",\"position\":3,\"name\":\"Cr\u00f3nica de la Espa\u00f1a que la dialoga\"}]},{\"@type\":\"WebSite\",\"@id\":\"https:\\\/\\\/navonaed.com\\\/#website\",\"url\":\"https:\\\/\\\/navonaed.com\\\/\",\"name\":\"Editorial Navona\",\"description\":\"Nos gustan los libros\",\"publisher\":{\"@id\":\"https:\\\/\\\/navonaed.com\\\/#organization\"},\"potentialAction\":[{\"@type\":\"SearchAction\",\"target\":{\"@type\":\"EntryPoint\",\"urlTemplate\":\"https:\\\/\\\/navonaed.com\\\/?s={search_term_string}\"},\"query-input\":{\"@type\":\"PropertyValueSpecification\",\"valueRequired\":true,\"valueName\":\"search_term_string\"}}],\"inLanguage\":\"ca\"},{\"@type\":\"Organization\",\"@id\":\"https:\\\/\\\/navonaed.com\\\/#organization\",\"name\":\"Editorial Navona\",\"url\":\"https:\\\/\\\/navonaed.com\\\/\",\"logo\":{\"@type\":\"ImageObject\",\"inLanguage\":\"ca\",\"@id\":\"https:\\\/\\\/navonaed.com\\\/#\\\/schema\\\/logo\\\/image\\\/\",\"url\":\"https:\\\/\\\/navonaed.com\\\/wp-content\\\/uploads\\\/logo-navona.svg\",\"contentUrl\":\"https:\\\/\\\/navonaed.com\\\/wp-content\\\/uploads\\\/logo-navona.svg\",\"width\":155,\"height\":32,\"caption\":\"Editorial Navona\"},\"image\":{\"@id\":\"https:\\\/\\\/navonaed.com\\\/#\\\/schema\\\/logo\\\/image\\\/\"},\"sameAs\":[\"https:\\\/\\\/www.facebook.com\\\/people\\\/Reemocioart\\\/100076073310442\\\/\"]}]}<\/script>\n<!-- \/ Yoast SEO plugin. -->","yoast_head_json":{"title":"Cr\u00f3nica de la Espa\u00f1a que la dialoga - Editorial Navona","robots":{"index":"index","follow":"follow","max-snippet":"max-snippet:-1","max-image-preview":"max-image-preview:large","max-video-preview":"max-video-preview:-1"},"canonical":"https:\/\/navonaed.com\/libro\/cronica-de-la-espana-que-la-dialoga\/","og_locale":"ca_ES","og_type":"article","og_title":"Cr\u00f3nica de la Espa\u00f1a que la dialoga - Editorial Navona","og_description":"9788419552563Jos\u00e9 Luis Rodr\u00edguez Zapatero","og_url":"https:\/\/navonaed.com\/libro\/cronica-de-la-espana-que-la-dialoga\/","og_site_name":"Editorial Navona","article_publisher":"https:\/\/www.facebook.com\/people\/Reemocioart\/100076073310442\/","article_modified_time":"2025-11-06T10:29:44+00:00","og_image":[{"width":900,"height":1338,"url":"https:\/\/navonaed.com\/wp-content\/uploads\/cr_nica_de_la_espa_a_que_la_dialoga.jpg","type":"image\/jpeg"}],"twitter_card":"summary_large_image","twitter_misc":{"Temps estimat de lectura":"2 minuts"},"schema":{"@context":"https:\/\/schema.org","@graph":[{"@type":"WebPage","@id":"https:\/\/navonaed.com\/libro\/cronica-de-la-espana-que-la-dialoga\/","url":"https:\/\/navonaed.com\/libro\/cronica-de-la-espana-que-la-dialoga\/","name":"Cr\u00f3nica de la Espa\u00f1a que la dialoga - Editorial Navona","isPartOf":{"@id":"https:\/\/navonaed.com\/#website"},"primaryImageOfPage":{"@id":"https:\/\/navonaed.com\/libro\/cronica-de-la-espana-que-la-dialoga\/#primaryimage"},"image":{"@id":"https:\/\/navonaed.com\/libro\/cronica-de-la-espana-que-la-dialoga\/#primaryimage"},"thumbnailUrl":"https:\/\/navonaed.com\/wp-content\/uploads\/cr_nica_de_la_espa_a_que_la_dialoga.jpg","datePublished":"2024-03-24T23:00:00+00:00","dateModified":"2025-11-06T10:29:44+00:00","breadcrumb":{"@id":"https:\/\/navonaed.com\/libro\/cronica-de-la-espana-que-la-dialoga\/#breadcrumb"},"inLanguage":"ca","potentialAction":[{"@type":"ReadAction","target":["https:\/\/navonaed.com\/libro\/cronica-de-la-espana-que-la-dialoga\/"]}]},{"@type":"ImageObject","inLanguage":"ca","@id":"https:\/\/navonaed.com\/libro\/cronica-de-la-espana-que-la-dialoga\/#primaryimage","url":"https:\/\/navonaed.com\/wp-content\/uploads\/cr_nica_de_la_espa_a_que_la_dialoga.jpg","contentUrl":"https:\/\/navonaed.com\/wp-content\/uploads\/cr_nica_de_la_espa_a_que_la_dialoga.jpg","width":900,"height":1338},{"@type":"BreadcrumbList","@id":"https:\/\/navonaed.com\/libro\/cronica-de-la-espana-que-la-dialoga\/#breadcrumb","itemListElement":[{"@type":"ListItem","position":1,"name":"Portada","item":"https:\/\/navonaed.com\/ca\/"},{"@type":"ListItem","position":2,"name":"Cat\u00e0leg","item":"https:\/\/navonaed.com\/ca\/cataleg\/"},{"@type":"ListItem","position":3,"name":"Cr\u00f3nica de la Espa\u00f1a que la dialoga"}]},{"@type":"WebSite","@id":"https:\/\/navonaed.com\/#website","url":"https:\/\/navonaed.com\/","name":"Editorial Navona","description":"Nos gustan los libros","publisher":{"@id":"https:\/\/navonaed.com\/#organization"},"potentialAction":[{"@type":"SearchAction","target":{"@type":"EntryPoint","urlTemplate":"https:\/\/navonaed.com\/?s={search_term_string}"},"query-input":{"@type":"PropertyValueSpecification","valueRequired":true,"valueName":"search_term_string"}}],"inLanguage":"ca"},{"@type":"Organization","@id":"https:\/\/navonaed.com\/#organization","name":"Editorial Navona","url":"https:\/\/navonaed.com\/","logo":{"@type":"ImageObject","inLanguage":"ca","@id":"https:\/\/navonaed.com\/#\/schema\/logo\/image\/","url":"https:\/\/navonaed.com\/wp-content\/uploads\/logo-navona.svg","contentUrl":"https:\/\/navonaed.com\/wp-content\/uploads\/logo-navona.svg","width":155,"height":32,"caption":"Editorial Navona"},"image":{"@id":"https:\/\/navonaed.com\/#\/schema\/logo\/image\/"},"sameAs":["https:\/\/www.facebook.com\/people\/Reemocioart\/100076073310442\/"]}]}},"_links":{"self":[{"href":"https:\/\/navonaed.com\/ca\/wp-json\/wp\/v2\/product\/5763","targetHints":{"allow":["GET"]}}],"collection":[{"href":"https:\/\/navonaed.com\/ca\/wp-json\/wp\/v2\/product"}],"about":[{"href":"https:\/\/navonaed.com\/ca\/wp-json\/wp\/v2\/types\/product"}],"wp:featuredmedia":[{"embeddable":true,"href":"https:\/\/navonaed.com\/ca\/wp-json\/wp\/v2\/media\/4758"}],"wp:attachment":[{"href":"https:\/\/navonaed.com\/ca\/wp-json\/wp\/v2\/media?parent=5763"}],"wp:term":[{"taxonomy":"product_brand","embeddable":true,"href":"https:\/\/navonaed.com\/ca\/wp-json\/wp\/v2\/product_brand?post=5763"},{"taxonomy":"product_cat","embeddable":true,"href":"https:\/\/navonaed.com\/ca\/wp-json\/wp\/v2\/product_cat?post=5763"},{"taxonomy":"product_tag","embeddable":true,"href":"https:\/\/navonaed.com\/ca\/wp-json\/wp\/v2\/product_tag?post=5763"}],"curies":[{"name":"wp","href":"https:\/\/api.w.org\/{rel}","templated":true}]}}