{"id":5810,"date":"2025-02-11T00:00:00","date_gmt":"2025-02-10T23:00:00","guid":{"rendered":"https:\/\/navonaed.com\/libro\/el-cancer-y-la-madre-que-lo-pario\/"},"modified":"2025-10-31T10:30:25","modified_gmt":"2025-10-31T09:30:25","slug":"el-cancer-y-la-madre-que-lo-pario","status":"publish","type":"product","link":"https:\/\/navonaed.com\/ca\/libro\/el-cancer-y-la-madre-que-lo-pario\/","title":{"rendered":"El c\u00e1ncer y la madre que lo pari\u00f3"},"content":{"rendered":"<p>En un mundo donde la palabra c\u00e1ncer evoca miedo, impotencia y desesperanza, M\u00e1ximo Pradera llega con un relato que se siente como una bocanada de aire fresco.<\/p>\n<p>Una cr\u00f3nica honesta y llena de ingenio sobre la traves\u00eda de enfrentar y superar la que tal vez sea la enfermedad m\u00e1s temida de nuestro tiempo.<\/p>\n<p>M\u00e1ximo Pradera nos lleva al interior de su cuerpo y de su mente en un minucioso viaje de lucha e investigaci\u00f3n sobre el mayor adversario de la medicina actual. Desde el diagn\u00f3stico inicial hasta la remisi\u00f3n total, Pradera combina h\u00e1bilmente consejos pr\u00e1cticos sobre estilo de vida, an\u00e9cdotas hospitalarias, victorias cotidianas, pol\u00edtica, sarcasmo y un m\u00e1s que notable conocimiento sobre bioqu\u00edmica para conformar una suerte de gu\u00eda de supervivencia para cancerosos y excancerosos.<\/p>\n<p>Entre risas y reflexiones,\u00a0<i>El c\u00e1ncer y la madre que lo pari\u00f3\u00a0<\/i>se convierte as\u00ed en una lectura que no solo emociona y divierte, sino que tambi\u00e9n educa, mostrando c\u00f3mo el humor y el control de la propia mente pueden ser poderosas herramientas para afrontar la adversidad. Una lectura esencial para cualquier persona que busque profundizar en el conocimiento de esta enfermedad implacable con el toque de humor necesario para aligerar el camino.<\/p>\n","protected":false},"excerpt":{"rendered":"<p>9788410180390<br \/>M\u00e1ximo Pradera<\/p>\n","protected":false},"featured_media":4804,"template":"","meta":{"_acf_changed":false,"_monsterinsights_skip_tracking":false,"_monsterinsights_sitenote_active":false,"_monsterinsights_sitenote_note":"","_monsterinsights_sitenote_category":0},"product_brand":[],"product_cat":[140],"product_tag":[],"class_list":{"0":"post-5810","1":"product","2":"type-product","3":"status-publish","4":"has-post-thumbnail","6":"product_cat-bio","8":"first","9":"instock","10":"taxable","11":"shipping-taxable","12":"purchasable","13":"product-type-simple"},"acf":[],"yoast_head":"<!-- This site is optimized with the Yoast SEO plugin v27.3 - https:\/\/yoast.com\/product\/yoast-seo-wordpress\/ -->\n<title>El c\u00e1ncer y la madre que lo pari\u00f3 - Editorial Navona<\/title>\n<meta name=\"robots\" content=\"index, follow, max-snippet:-1, max-image-preview:large, max-video-preview:-1\" \/>\n<link rel=\"canonical\" href=\"https:\/\/navonaed.com\/libro\/el-cancer-y-la-madre-que-lo-pario\/\" \/>\n<meta property=\"og:locale\" content=\"ca_ES\" \/>\n<meta property=\"og:type\" content=\"article\" \/>\n<meta property=\"og:title\" content=\"El c\u00e1ncer y la madre que lo pari\u00f3 - Editorial Navona\" \/>\n<meta property=\"og:description\" content=\"9788410180390M\u00e1ximo Pradera\" \/>\n<meta property=\"og:url\" content=\"https:\/\/navonaed.com\/libro\/el-cancer-y-la-madre-que-lo-pario\/\" \/>\n<meta property=\"og:site_name\" content=\"Editorial Navona\" \/>\n<meta property=\"article:publisher\" content=\"https:\/\/www.facebook.com\/people\/Reemocioart\/100076073310442\/\" \/>\n<meta property=\"article:modified_time\" content=\"2025-10-31T09:30:25+00:00\" \/>\n<meta property=\"og:image\" content=\"https:\/\/navonaed.com\/wp-content\/uploads\/el_c_ncer_y_la_madre_que_lo_pari_.jpg\" \/>\n\t<meta property=\"og:image:width\" content=\"900\" \/>\n\t<meta property=\"og:image:height\" content=\"1331\" \/>\n\t<meta property=\"og:image:type\" content=\"image\/jpeg\" \/>\n<meta name=\"twitter:card\" content=\"summary_large_image\" \/>\n<meta name=\"twitter:label1\" content=\"Temps estimat de lectura\" \/>\n\t<meta name=\"twitter:data1\" content=\"2 minuts\" \/>\n<script type=\"application\/ld+json\" class=\"yoast-schema-graph\">{\"@context\":\"https:\\\/\\\/schema.org\",\"@graph\":[{\"@type\":\"WebPage\",\"@id\":\"https:\\\/\\\/navonaed.com\\\/libro\\\/el-cancer-y-la-madre-que-lo-pario\\\/\",\"url\":\"https:\\\/\\\/navonaed.com\\\/libro\\\/el-cancer-y-la-madre-que-lo-pario\\\/\",\"name\":\"El c\u00e1ncer y la madre que lo pari\u00f3 - Editorial Navona\",\"isPartOf\":{\"@id\":\"https:\\\/\\\/navonaed.com\\\/#website\"},\"primaryImageOfPage\":{\"@id\":\"https:\\\/\\\/navonaed.com\\\/libro\\\/el-cancer-y-la-madre-que-lo-pario\\\/#primaryimage\"},\"image\":{\"@id\":\"https:\\\/\\\/navonaed.com\\\/libro\\\/el-cancer-y-la-madre-que-lo-pario\\\/#primaryimage\"},\"thumbnailUrl\":\"https:\\\/\\\/navonaed.com\\\/wp-content\\\/uploads\\\/el_c_ncer_y_la_madre_que_lo_pari_.jpg\",\"datePublished\":\"2025-02-10T23:00:00+00:00\",\"dateModified\":\"2025-10-31T09:30:25+00:00\",\"breadcrumb\":{\"@id\":\"https:\\\/\\\/navonaed.com\\\/libro\\\/el-cancer-y-la-madre-que-lo-pario\\\/#breadcrumb\"},\"inLanguage\":\"ca\",\"potentialAction\":[{\"@type\":\"ReadAction\",\"target\":[\"https:\\\/\\\/navonaed.com\\\/libro\\\/el-cancer-y-la-madre-que-lo-pario\\\/\"]}]},{\"@type\":\"ImageObject\",\"inLanguage\":\"ca\",\"@id\":\"https:\\\/\\\/navonaed.com\\\/libro\\\/el-cancer-y-la-madre-que-lo-pario\\\/#primaryimage\",\"url\":\"https:\\\/\\\/navonaed.com\\\/wp-content\\\/uploads\\\/el_c_ncer_y_la_madre_que_lo_pari_.jpg\",\"contentUrl\":\"https:\\\/\\\/navonaed.com\\\/wp-content\\\/uploads\\\/el_c_ncer_y_la_madre_que_lo_pari_.jpg\",\"width\":900,\"height\":1331},{\"@type\":\"BreadcrumbList\",\"@id\":\"https:\\\/\\\/navonaed.com\\\/libro\\\/el-cancer-y-la-madre-que-lo-pario\\\/#breadcrumb\",\"itemListElement\":[{\"@type\":\"ListItem\",\"position\":1,\"name\":\"Portada\",\"item\":\"https:\\\/\\\/navonaed.com\\\/ca\\\/\"},{\"@type\":\"ListItem\",\"position\":2,\"name\":\"Cat\u00e0leg\",\"item\":\"https:\\\/\\\/navonaed.com\\\/ca\\\/cataleg\\\/\"},{\"@type\":\"ListItem\",\"position\":3,\"name\":\"El c\u00e1ncer y la madre que lo pari\u00f3\"}]},{\"@type\":\"WebSite\",\"@id\":\"https:\\\/\\\/navonaed.com\\\/#website\",\"url\":\"https:\\\/\\\/navonaed.com\\\/\",\"name\":\"Editorial Navona\",\"description\":\"Nos gustan los libros\",\"publisher\":{\"@id\":\"https:\\\/\\\/navonaed.com\\\/#organization\"},\"potentialAction\":[{\"@type\":\"SearchAction\",\"target\":{\"@type\":\"EntryPoint\",\"urlTemplate\":\"https:\\\/\\\/navonaed.com\\\/?s={search_term_string}\"},\"query-input\":{\"@type\":\"PropertyValueSpecification\",\"valueRequired\":true,\"valueName\":\"search_term_string\"}}],\"inLanguage\":\"ca\"},{\"@type\":\"Organization\",\"@id\":\"https:\\\/\\\/navonaed.com\\\/#organization\",\"name\":\"Editorial Navona\",\"url\":\"https:\\\/\\\/navonaed.com\\\/\",\"logo\":{\"@type\":\"ImageObject\",\"inLanguage\":\"ca\",\"@id\":\"https:\\\/\\\/navonaed.com\\\/#\\\/schema\\\/logo\\\/image\\\/\",\"url\":\"https:\\\/\\\/navonaed.com\\\/wp-content\\\/uploads\\\/logo-navona.svg\",\"contentUrl\":\"https:\\\/\\\/navonaed.com\\\/wp-content\\\/uploads\\\/logo-navona.svg\",\"width\":155,\"height\":32,\"caption\":\"Editorial Navona\"},\"image\":{\"@id\":\"https:\\\/\\\/navonaed.com\\\/#\\\/schema\\\/logo\\\/image\\\/\"},\"sameAs\":[\"https:\\\/\\\/www.facebook.com\\\/people\\\/Reemocioart\\\/100076073310442\\\/\"]}]}<\/script>\n<!-- \/ Yoast SEO plugin. -->","yoast_head_json":{"title":"El c\u00e1ncer y la madre que lo pari\u00f3 - Editorial Navona","robots":{"index":"index","follow":"follow","max-snippet":"max-snippet:-1","max-image-preview":"max-image-preview:large","max-video-preview":"max-video-preview:-1"},"canonical":"https:\/\/navonaed.com\/libro\/el-cancer-y-la-madre-que-lo-pario\/","og_locale":"ca_ES","og_type":"article","og_title":"El c\u00e1ncer y la madre que lo pari\u00f3 - Editorial Navona","og_description":"9788410180390M\u00e1ximo Pradera","og_url":"https:\/\/navonaed.com\/libro\/el-cancer-y-la-madre-que-lo-pario\/","og_site_name":"Editorial Navona","article_publisher":"https:\/\/www.facebook.com\/people\/Reemocioart\/100076073310442\/","article_modified_time":"2025-10-31T09:30:25+00:00","og_image":[{"width":900,"height":1331,"url":"https:\/\/navonaed.com\/wp-content\/uploads\/el_c_ncer_y_la_madre_que_lo_pari_.jpg","type":"image\/jpeg"}],"twitter_card":"summary_large_image","twitter_misc":{"Temps estimat de lectura":"2 minuts"},"schema":{"@context":"https:\/\/schema.org","@graph":[{"@type":"WebPage","@id":"https:\/\/navonaed.com\/libro\/el-cancer-y-la-madre-que-lo-pario\/","url":"https:\/\/navonaed.com\/libro\/el-cancer-y-la-madre-que-lo-pario\/","name":"El c\u00e1ncer y la madre que lo pari\u00f3 - Editorial Navona","isPartOf":{"@id":"https:\/\/navonaed.com\/#website"},"primaryImageOfPage":{"@id":"https:\/\/navonaed.com\/libro\/el-cancer-y-la-madre-que-lo-pario\/#primaryimage"},"image":{"@id":"https:\/\/navonaed.com\/libro\/el-cancer-y-la-madre-que-lo-pario\/#primaryimage"},"thumbnailUrl":"https:\/\/navonaed.com\/wp-content\/uploads\/el_c_ncer_y_la_madre_que_lo_pari_.jpg","datePublished":"2025-02-10T23:00:00+00:00","dateModified":"2025-10-31T09:30:25+00:00","breadcrumb":{"@id":"https:\/\/navonaed.com\/libro\/el-cancer-y-la-madre-que-lo-pario\/#breadcrumb"},"inLanguage":"ca","potentialAction":[{"@type":"ReadAction","target":["https:\/\/navonaed.com\/libro\/el-cancer-y-la-madre-que-lo-pario\/"]}]},{"@type":"ImageObject","inLanguage":"ca","@id":"https:\/\/navonaed.com\/libro\/el-cancer-y-la-madre-que-lo-pario\/#primaryimage","url":"https:\/\/navonaed.com\/wp-content\/uploads\/el_c_ncer_y_la_madre_que_lo_pari_.jpg","contentUrl":"https:\/\/navonaed.com\/wp-content\/uploads\/el_c_ncer_y_la_madre_que_lo_pari_.jpg","width":900,"height":1331},{"@type":"BreadcrumbList","@id":"https:\/\/navonaed.com\/libro\/el-cancer-y-la-madre-que-lo-pario\/#breadcrumb","itemListElement":[{"@type":"ListItem","position":1,"name":"Portada","item":"https:\/\/navonaed.com\/ca\/"},{"@type":"ListItem","position":2,"name":"Cat\u00e0leg","item":"https:\/\/navonaed.com\/ca\/cataleg\/"},{"@type":"ListItem","position":3,"name":"El c\u00e1ncer y la madre que lo pari\u00f3"}]},{"@type":"WebSite","@id":"https:\/\/navonaed.com\/#website","url":"https:\/\/navonaed.com\/","name":"Editorial Navona","description":"Nos gustan los libros","publisher":{"@id":"https:\/\/navonaed.com\/#organization"},"potentialAction":[{"@type":"SearchAction","target":{"@type":"EntryPoint","urlTemplate":"https:\/\/navonaed.com\/?s={search_term_string}"},"query-input":{"@type":"PropertyValueSpecification","valueRequired":true,"valueName":"search_term_string"}}],"inLanguage":"ca"},{"@type":"Organization","@id":"https:\/\/navonaed.com\/#organization","name":"Editorial Navona","url":"https:\/\/navonaed.com\/","logo":{"@type":"ImageObject","inLanguage":"ca","@id":"https:\/\/navonaed.com\/#\/schema\/logo\/image\/","url":"https:\/\/navonaed.com\/wp-content\/uploads\/logo-navona.svg","contentUrl":"https:\/\/navonaed.com\/wp-content\/uploads\/logo-navona.svg","width":155,"height":32,"caption":"Editorial Navona"},"image":{"@id":"https:\/\/navonaed.com\/#\/schema\/logo\/image\/"},"sameAs":["https:\/\/www.facebook.com\/people\/Reemocioart\/100076073310442\/"]}]}},"_links":{"self":[{"href":"https:\/\/navonaed.com\/ca\/wp-json\/wp\/v2\/product\/5810","targetHints":{"allow":["GET"]}}],"collection":[{"href":"https:\/\/navonaed.com\/ca\/wp-json\/wp\/v2\/product"}],"about":[{"href":"https:\/\/navonaed.com\/ca\/wp-json\/wp\/v2\/types\/product"}],"wp:featuredmedia":[{"embeddable":true,"href":"https:\/\/navonaed.com\/ca\/wp-json\/wp\/v2\/media\/4804"}],"wp:attachment":[{"href":"https:\/\/navonaed.com\/ca\/wp-json\/wp\/v2\/media?parent=5810"}],"wp:term":[{"taxonomy":"product_brand","embeddable":true,"href":"https:\/\/navonaed.com\/ca\/wp-json\/wp\/v2\/product_brand?post=5810"},{"taxonomy":"product_cat","embeddable":true,"href":"https:\/\/navonaed.com\/ca\/wp-json\/wp\/v2\/product_cat?post=5810"},{"taxonomy":"product_tag","embeddable":true,"href":"https:\/\/navonaed.com\/ca\/wp-json\/wp\/v2\/product_tag?post=5810"}],"curies":[{"name":"wp","href":"https:\/\/api.w.org\/{rel}","templated":true}]}}