{"id":5815,"date":"2022-11-14T00:00:00","date_gmt":"2022-11-13T23:00:00","guid":{"rendered":"https:\/\/navonaed.com\/libro\/el-dinosaurio-sigue-aqui\/"},"modified":"2025-11-19T13:13:04","modified_gmt":"2025-11-19T12:13:04","slug":"el-dinosaurio-sigue-aqui","status":"publish","type":"product","link":"https:\/\/navonaed.com\/ca\/libro\/el-dinosaurio-sigue-aqui\/","title":{"rendered":"El dinosaurio sigue aqu\u00ed"},"content":{"rendered":"<p>\u00abA sus libros hay que leerlos manos arriba: su peligrosidad se funda en la sabidur\u00eda solapada y la belleza mort\u00edfera de la falta de seriedad\u00bb. Gabriel Garc\u00eda M\u00e1rquez. \u00abLo que a unos nos tomaba cien p\u00e1ginas, a \u00e9l le tomaba una frase. Imagine el fant\u00e1stico bestiario de Borges tomando el t\u00e9 con Alicia. Imagine a Jonathan Swift y James Thurber intercambiando notas. Imagine a una rana del condado de Calaveras que hubiera le\u00eddo realmente a Mark Twain: he aqu\u00ed Monterroso\u00bb. Carlos Fuentes. \u00abEstos peque\u00f1os textos, en apariencia inofensivos, muerden si uno se acerca a ellos sin la debida cautela y dejan cicatrices\u00bb. Isaac Asimov. El dinosaurio sigue aqu\u00ed, obra completa de Augusto Monterroso, re\u00fane por primera vez en un solo volumen todos los cuentos del maestro del microrrelato, cada cual m\u00e1s brillante, ordenados cronol\u00f3gicamente: los recogidos en su primer Obras completas (y otros cuentos) (1959), en La oveja negra y dem\u00e1s f\u00e1bulas (1962), Movimiento perpetuo (1972), Lo dem\u00e1s es silencio (1978), Viaje al centro de la f\u00e1bula (1981), La palabra m\u00e1gica (1983), La letra e, fragmentos de un diario (1986), Los buscadores de oro (1993), La vaca (1998), P\u00e1jaros de Hispanoam\u00e9rica (2001), y Literatura y vida (2003). Un libro clave que recupera y reivindica el valor de uno de los mejores escritores de habla hispana que nos ha regalado el siglo XX.<\/p>\n","protected":false},"excerpt":{"rendered":"<p>9788419311177<br \/>Augusto Monterroso<\/p>\n","protected":false},"featured_media":4824,"template":"","meta":{"_acf_changed":false,"_monsterinsights_skip_tracking":false,"_monsterinsights_sitenote_active":false,"_monsterinsights_sitenote_note":"","_monsterinsights_sitenote_category":0},"product_brand":[],"product_cat":[144],"product_tag":[],"class_list":{"0":"post-5815","1":"product","2":"type-product","3":"status-publish","4":"has-post-thumbnail","6":"product_cat-los-ineludibles","8":"first","9":"instock","10":"taxable","11":"shipping-taxable","12":"purchasable","13":"product-type-simple"},"acf":[],"yoast_head":"<!-- This site is optimized with the Yoast SEO plugin v27.3 - https:\/\/yoast.com\/product\/yoast-seo-wordpress\/ -->\n<title>El dinosaurio sigue aqu\u00ed - Editorial Navona<\/title>\n<meta name=\"robots\" content=\"index, follow, max-snippet:-1, max-image-preview:large, max-video-preview:-1\" \/>\n<link rel=\"canonical\" href=\"https:\/\/navonaed.com\/libro\/el-dinosaurio-sigue-aqui\/\" \/>\n<meta property=\"og:locale\" content=\"ca_ES\" \/>\n<meta property=\"og:type\" content=\"article\" \/>\n<meta property=\"og:title\" content=\"El dinosaurio sigue aqu\u00ed - Editorial Navona\" \/>\n<meta property=\"og:description\" content=\"9788419311177Augusto Monterroso\" \/>\n<meta property=\"og:url\" content=\"https:\/\/navonaed.com\/libro\/el-dinosaurio-sigue-aqui\/\" \/>\n<meta property=\"og:site_name\" content=\"Editorial Navona\" \/>\n<meta property=\"article:publisher\" content=\"https:\/\/www.facebook.com\/people\/Reemocioart\/100076073310442\/\" \/>\n<meta property=\"article:modified_time\" content=\"2025-11-19T12:13:04+00:00\" \/>\n<meta property=\"og:image\" content=\"https:\/\/navonaed.com\/wp-content\/uploads\/el_dinosaurio_sigue_aqu_.jpg\" \/>\n\t<meta property=\"og:image:width\" content=\"900\" \/>\n\t<meta property=\"og:image:height\" content=\"1359\" \/>\n\t<meta property=\"og:image:type\" content=\"image\/jpeg\" \/>\n<meta name=\"twitter:card\" content=\"summary_large_image\" \/>\n<meta name=\"twitter:label1\" content=\"Temps estimat de lectura\" \/>\n\t<meta name=\"twitter:data1\" content=\"2 minuts\" \/>\n<script type=\"application\/ld+json\" class=\"yoast-schema-graph\">{\"@context\":\"https:\\\/\\\/schema.org\",\"@graph\":[{\"@type\":\"WebPage\",\"@id\":\"https:\\\/\\\/navonaed.com\\\/libro\\\/el-dinosaurio-sigue-aqui\\\/\",\"url\":\"https:\\\/\\\/navonaed.com\\\/libro\\\/el-dinosaurio-sigue-aqui\\\/\",\"name\":\"El dinosaurio sigue aqu\u00ed - Editorial Navona\",\"isPartOf\":{\"@id\":\"https:\\\/\\\/navonaed.com\\\/#website\"},\"primaryImageOfPage\":{\"@id\":\"https:\\\/\\\/navonaed.com\\\/libro\\\/el-dinosaurio-sigue-aqui\\\/#primaryimage\"},\"image\":{\"@id\":\"https:\\\/\\\/navonaed.com\\\/libro\\\/el-dinosaurio-sigue-aqui\\\/#primaryimage\"},\"thumbnailUrl\":\"https:\\\/\\\/navonaed.com\\\/wp-content\\\/uploads\\\/el_dinosaurio_sigue_aqu_.jpg\",\"datePublished\":\"2022-11-13T23:00:00+00:00\",\"dateModified\":\"2025-11-19T12:13:04+00:00\",\"breadcrumb\":{\"@id\":\"https:\\\/\\\/navonaed.com\\\/libro\\\/el-dinosaurio-sigue-aqui\\\/#breadcrumb\"},\"inLanguage\":\"ca\",\"potentialAction\":[{\"@type\":\"ReadAction\",\"target\":[\"https:\\\/\\\/navonaed.com\\\/libro\\\/el-dinosaurio-sigue-aqui\\\/\"]}]},{\"@type\":\"ImageObject\",\"inLanguage\":\"ca\",\"@id\":\"https:\\\/\\\/navonaed.com\\\/libro\\\/el-dinosaurio-sigue-aqui\\\/#primaryimage\",\"url\":\"https:\\\/\\\/navonaed.com\\\/wp-content\\\/uploads\\\/el_dinosaurio_sigue_aqu_.jpg\",\"contentUrl\":\"https:\\\/\\\/navonaed.com\\\/wp-content\\\/uploads\\\/el_dinosaurio_sigue_aqu_.jpg\",\"width\":900,\"height\":1359},{\"@type\":\"BreadcrumbList\",\"@id\":\"https:\\\/\\\/navonaed.com\\\/libro\\\/el-dinosaurio-sigue-aqui\\\/#breadcrumb\",\"itemListElement\":[{\"@type\":\"ListItem\",\"position\":1,\"name\":\"Portada\",\"item\":\"https:\\\/\\\/navonaed.com\\\/ca\\\/\"},{\"@type\":\"ListItem\",\"position\":2,\"name\":\"Cat\u00e0leg\",\"item\":\"https:\\\/\\\/navonaed.com\\\/ca\\\/cataleg\\\/\"},{\"@type\":\"ListItem\",\"position\":3,\"name\":\"El dinosaurio sigue aqu\u00ed\"}]},{\"@type\":\"WebSite\",\"@id\":\"https:\\\/\\\/navonaed.com\\\/#website\",\"url\":\"https:\\\/\\\/navonaed.com\\\/\",\"name\":\"Editorial Navona\",\"description\":\"Nos gustan los libros\",\"publisher\":{\"@id\":\"https:\\\/\\\/navonaed.com\\\/#organization\"},\"potentialAction\":[{\"@type\":\"SearchAction\",\"target\":{\"@type\":\"EntryPoint\",\"urlTemplate\":\"https:\\\/\\\/navonaed.com\\\/?s={search_term_string}\"},\"query-input\":{\"@type\":\"PropertyValueSpecification\",\"valueRequired\":true,\"valueName\":\"search_term_string\"}}],\"inLanguage\":\"ca\"},{\"@type\":\"Organization\",\"@id\":\"https:\\\/\\\/navonaed.com\\\/#organization\",\"name\":\"Editorial Navona\",\"url\":\"https:\\\/\\\/navonaed.com\\\/\",\"logo\":{\"@type\":\"ImageObject\",\"inLanguage\":\"ca\",\"@id\":\"https:\\\/\\\/navonaed.com\\\/#\\\/schema\\\/logo\\\/image\\\/\",\"url\":\"https:\\\/\\\/navonaed.com\\\/wp-content\\\/uploads\\\/logo-navona.svg\",\"contentUrl\":\"https:\\\/\\\/navonaed.com\\\/wp-content\\\/uploads\\\/logo-navona.svg\",\"width\":155,\"height\":32,\"caption\":\"Editorial Navona\"},\"image\":{\"@id\":\"https:\\\/\\\/navonaed.com\\\/#\\\/schema\\\/logo\\\/image\\\/\"},\"sameAs\":[\"https:\\\/\\\/www.facebook.com\\\/people\\\/Reemocioart\\\/100076073310442\\\/\"]}]}<\/script>\n<!-- \/ Yoast SEO plugin. -->","yoast_head_json":{"title":"El dinosaurio sigue aqu\u00ed - Editorial Navona","robots":{"index":"index","follow":"follow","max-snippet":"max-snippet:-1","max-image-preview":"max-image-preview:large","max-video-preview":"max-video-preview:-1"},"canonical":"https:\/\/navonaed.com\/libro\/el-dinosaurio-sigue-aqui\/","og_locale":"ca_ES","og_type":"article","og_title":"El dinosaurio sigue aqu\u00ed - Editorial Navona","og_description":"9788419311177Augusto Monterroso","og_url":"https:\/\/navonaed.com\/libro\/el-dinosaurio-sigue-aqui\/","og_site_name":"Editorial Navona","article_publisher":"https:\/\/www.facebook.com\/people\/Reemocioart\/100076073310442\/","article_modified_time":"2025-11-19T12:13:04+00:00","og_image":[{"width":900,"height":1359,"url":"https:\/\/navonaed.com\/wp-content\/uploads\/el_dinosaurio_sigue_aqu_.jpg","type":"image\/jpeg"}],"twitter_card":"summary_large_image","twitter_misc":{"Temps estimat de lectura":"2 minuts"},"schema":{"@context":"https:\/\/schema.org","@graph":[{"@type":"WebPage","@id":"https:\/\/navonaed.com\/libro\/el-dinosaurio-sigue-aqui\/","url":"https:\/\/navonaed.com\/libro\/el-dinosaurio-sigue-aqui\/","name":"El dinosaurio sigue aqu\u00ed - Editorial Navona","isPartOf":{"@id":"https:\/\/navonaed.com\/#website"},"primaryImageOfPage":{"@id":"https:\/\/navonaed.com\/libro\/el-dinosaurio-sigue-aqui\/#primaryimage"},"image":{"@id":"https:\/\/navonaed.com\/libro\/el-dinosaurio-sigue-aqui\/#primaryimage"},"thumbnailUrl":"https:\/\/navonaed.com\/wp-content\/uploads\/el_dinosaurio_sigue_aqu_.jpg","datePublished":"2022-11-13T23:00:00+00:00","dateModified":"2025-11-19T12:13:04+00:00","breadcrumb":{"@id":"https:\/\/navonaed.com\/libro\/el-dinosaurio-sigue-aqui\/#breadcrumb"},"inLanguage":"ca","potentialAction":[{"@type":"ReadAction","target":["https:\/\/navonaed.com\/libro\/el-dinosaurio-sigue-aqui\/"]}]},{"@type":"ImageObject","inLanguage":"ca","@id":"https:\/\/navonaed.com\/libro\/el-dinosaurio-sigue-aqui\/#primaryimage","url":"https:\/\/navonaed.com\/wp-content\/uploads\/el_dinosaurio_sigue_aqu_.jpg","contentUrl":"https:\/\/navonaed.com\/wp-content\/uploads\/el_dinosaurio_sigue_aqu_.jpg","width":900,"height":1359},{"@type":"BreadcrumbList","@id":"https:\/\/navonaed.com\/libro\/el-dinosaurio-sigue-aqui\/#breadcrumb","itemListElement":[{"@type":"ListItem","position":1,"name":"Portada","item":"https:\/\/navonaed.com\/ca\/"},{"@type":"ListItem","position":2,"name":"Cat\u00e0leg","item":"https:\/\/navonaed.com\/ca\/cataleg\/"},{"@type":"ListItem","position":3,"name":"El dinosaurio sigue aqu\u00ed"}]},{"@type":"WebSite","@id":"https:\/\/navonaed.com\/#website","url":"https:\/\/navonaed.com\/","name":"Editorial Navona","description":"Nos gustan los libros","publisher":{"@id":"https:\/\/navonaed.com\/#organization"},"potentialAction":[{"@type":"SearchAction","target":{"@type":"EntryPoint","urlTemplate":"https:\/\/navonaed.com\/?s={search_term_string}"},"query-input":{"@type":"PropertyValueSpecification","valueRequired":true,"valueName":"search_term_string"}}],"inLanguage":"ca"},{"@type":"Organization","@id":"https:\/\/navonaed.com\/#organization","name":"Editorial Navona","url":"https:\/\/navonaed.com\/","logo":{"@type":"ImageObject","inLanguage":"ca","@id":"https:\/\/navonaed.com\/#\/schema\/logo\/image\/","url":"https:\/\/navonaed.com\/wp-content\/uploads\/logo-navona.svg","contentUrl":"https:\/\/navonaed.com\/wp-content\/uploads\/logo-navona.svg","width":155,"height":32,"caption":"Editorial Navona"},"image":{"@id":"https:\/\/navonaed.com\/#\/schema\/logo\/image\/"},"sameAs":["https:\/\/www.facebook.com\/people\/Reemocioart\/100076073310442\/"]}]}},"_links":{"self":[{"href":"https:\/\/navonaed.com\/ca\/wp-json\/wp\/v2\/product\/5815","targetHints":{"allow":["GET"]}}],"collection":[{"href":"https:\/\/navonaed.com\/ca\/wp-json\/wp\/v2\/product"}],"about":[{"href":"https:\/\/navonaed.com\/ca\/wp-json\/wp\/v2\/types\/product"}],"wp:featuredmedia":[{"embeddable":true,"href":"https:\/\/navonaed.com\/ca\/wp-json\/wp\/v2\/media\/4824"}],"wp:attachment":[{"href":"https:\/\/navonaed.com\/ca\/wp-json\/wp\/v2\/media?parent=5815"}],"wp:term":[{"taxonomy":"product_brand","embeddable":true,"href":"https:\/\/navonaed.com\/ca\/wp-json\/wp\/v2\/product_brand?post=5815"},{"taxonomy":"product_cat","embeddable":true,"href":"https:\/\/navonaed.com\/ca\/wp-json\/wp\/v2\/product_cat?post=5815"},{"taxonomy":"product_tag","embeddable":true,"href":"https:\/\/navonaed.com\/ca\/wp-json\/wp\/v2\/product_tag?post=5815"}],"curies":[{"name":"wp","href":"https:\/\/api.w.org\/{rel}","templated":true}]}}