{"id":5818,"date":"2023-05-22T00:00:00","date_gmt":"2023-05-21T22:00:00","guid":{"rendered":"https:\/\/navonaed.com\/libro\/el-extrano-caso-del-dr-jekyll-y-mr-hyde\/"},"modified":"2025-11-07T12:23:45","modified_gmt":"2025-11-07T11:23:45","slug":"el-extrano-caso-del-dr-jekyll-y-mr-hyde","status":"publish","type":"product","link":"https:\/\/navonaed.com\/ca\/libro\/el-extrano-caso-del-dr-jekyll-y-mr-hyde\/","title":{"rendered":"El extra\u00f1o caso del Dr. Jekyll y Mr. Hyde"},"content":{"rendered":"<p>El Dr. Jekyll y el Sr. Hyde se han convertido en sin\u00f3nimo de la idea de doble personalidad. M\u00e1s que un cuento moral, esta oscura fantas\u00eda psicol\u00f3gica es tambi\u00e9n un producto de su tiempo, una novela g\u00f3tica basada en teor\u00edas contempor\u00e1neas de clase, evoluci\u00f3n, criminalidad y vidas secretas. Publicada por primera vez en 1886, mucho antes de que Freud definiera el ego y el id, el cl\u00e1sico de Stevenson demuestra una notable comprensi\u00f3n de los conflictos internos de la personalidad y, m\u00e1s de cien a\u00f1os despu\u00e9s, no ha perdido ni un \u00e1pice de su capacidad de conmoci\u00f3n.<\/p>\n","protected":false},"excerpt":{"rendered":"<p>9788419552082<br \/>Robert Louis Stevenson<\/p>\n","protected":false},"featured_media":4832,"template":"","meta":{"_acf_changed":false,"_monsterinsights_skip_tracking":false,"_monsterinsights_sitenote_active":false,"_monsterinsights_sitenote_note":"","_monsterinsights_sitenote_category":0},"product_brand":[],"product_cat":[155],"product_tag":[],"class_list":{"0":"post-5818","1":"product","2":"type-product","3":"status-publish","4":"has-post-thumbnail","6":"product_cat-serie-p","8":"first","9":"instock","10":"taxable","11":"shipping-taxable","12":"purchasable","13":"product-type-simple"},"acf":[],"yoast_head":"<!-- This site is optimized with the Yoast SEO plugin v27.3 - https:\/\/yoast.com\/product\/yoast-seo-wordpress\/ -->\n<title>El extra\u00f1o caso del Dr. Jekyll y Mr. Hyde - Editorial Navona<\/title>\n<meta name=\"robots\" content=\"index, follow, max-snippet:-1, max-image-preview:large, max-video-preview:-1\" \/>\n<link rel=\"canonical\" href=\"https:\/\/navonaed.com\/libro\/el-extrano-caso-del-dr-jekyll-y-mr-hyde\/\" \/>\n<meta property=\"og:locale\" content=\"ca_ES\" \/>\n<meta property=\"og:type\" content=\"article\" \/>\n<meta property=\"og:title\" content=\"El extra\u00f1o caso del Dr. Jekyll y Mr. Hyde - Editorial Navona\" \/>\n<meta property=\"og:description\" content=\"9788419552082Robert Louis Stevenson\" \/>\n<meta property=\"og:url\" content=\"https:\/\/navonaed.com\/libro\/el-extrano-caso-del-dr-jekyll-y-mr-hyde\/\" \/>\n<meta property=\"og:site_name\" content=\"Editorial Navona\" \/>\n<meta property=\"article:publisher\" content=\"https:\/\/www.facebook.com\/people\/Reemocioart\/100076073310442\/\" \/>\n<meta property=\"article:modified_time\" content=\"2025-11-07T11:23:45+00:00\" \/>\n<meta property=\"og:image\" content=\"https:\/\/navonaed.com\/wp-content\/uploads\/el_extra_o_caso_del_dr_jekyll_y_mr_hyde.jpg\" \/>\n\t<meta property=\"og:image:width\" content=\"900\" \/>\n\t<meta property=\"og:image:height\" content=\"1385\" \/>\n\t<meta property=\"og:image:type\" content=\"image\/jpeg\" \/>\n<meta name=\"twitter:card\" content=\"summary_large_image\" \/>\n<meta name=\"twitter:label1\" content=\"Temps estimat de lectura\" \/>\n\t<meta name=\"twitter:data1\" content=\"1 minut\" \/>\n<script type=\"application\/ld+json\" class=\"yoast-schema-graph\">{\"@context\":\"https:\\\/\\\/schema.org\",\"@graph\":[{\"@type\":\"WebPage\",\"@id\":\"https:\\\/\\\/navonaed.com\\\/libro\\\/el-extrano-caso-del-dr-jekyll-y-mr-hyde\\\/\",\"url\":\"https:\\\/\\\/navonaed.com\\\/libro\\\/el-extrano-caso-del-dr-jekyll-y-mr-hyde\\\/\",\"name\":\"El extra\u00f1o caso del Dr. Jekyll y Mr. Hyde - Editorial Navona\",\"isPartOf\":{\"@id\":\"https:\\\/\\\/navonaed.com\\\/#website\"},\"primaryImageOfPage\":{\"@id\":\"https:\\\/\\\/navonaed.com\\\/libro\\\/el-extrano-caso-del-dr-jekyll-y-mr-hyde\\\/#primaryimage\"},\"image\":{\"@id\":\"https:\\\/\\\/navonaed.com\\\/libro\\\/el-extrano-caso-del-dr-jekyll-y-mr-hyde\\\/#primaryimage\"},\"thumbnailUrl\":\"https:\\\/\\\/navonaed.com\\\/wp-content\\\/uploads\\\/el_extra_o_caso_del_dr_jekyll_y_mr_hyde.jpg\",\"datePublished\":\"2023-05-21T22:00:00+00:00\",\"dateModified\":\"2025-11-07T11:23:45+00:00\",\"breadcrumb\":{\"@id\":\"https:\\\/\\\/navonaed.com\\\/libro\\\/el-extrano-caso-del-dr-jekyll-y-mr-hyde\\\/#breadcrumb\"},\"inLanguage\":\"ca\",\"potentialAction\":[{\"@type\":\"ReadAction\",\"target\":[\"https:\\\/\\\/navonaed.com\\\/libro\\\/el-extrano-caso-del-dr-jekyll-y-mr-hyde\\\/\"]}]},{\"@type\":\"ImageObject\",\"inLanguage\":\"ca\",\"@id\":\"https:\\\/\\\/navonaed.com\\\/libro\\\/el-extrano-caso-del-dr-jekyll-y-mr-hyde\\\/#primaryimage\",\"url\":\"https:\\\/\\\/navonaed.com\\\/wp-content\\\/uploads\\\/el_extra_o_caso_del_dr_jekyll_y_mr_hyde.jpg\",\"contentUrl\":\"https:\\\/\\\/navonaed.com\\\/wp-content\\\/uploads\\\/el_extra_o_caso_del_dr_jekyll_y_mr_hyde.jpg\",\"width\":900,\"height\":1385},{\"@type\":\"BreadcrumbList\",\"@id\":\"https:\\\/\\\/navonaed.com\\\/libro\\\/el-extrano-caso-del-dr-jekyll-y-mr-hyde\\\/#breadcrumb\",\"itemListElement\":[{\"@type\":\"ListItem\",\"position\":1,\"name\":\"Portada\",\"item\":\"https:\\\/\\\/navonaed.com\\\/ca\\\/\"},{\"@type\":\"ListItem\",\"position\":2,\"name\":\"Cat\u00e0leg\",\"item\":\"https:\\\/\\\/navonaed.com\\\/ca\\\/cataleg\\\/\"},{\"@type\":\"ListItem\",\"position\":3,\"name\":\"El extra\u00f1o caso del Dr. Jekyll y Mr. Hyde\"}]},{\"@type\":\"WebSite\",\"@id\":\"https:\\\/\\\/navonaed.com\\\/#website\",\"url\":\"https:\\\/\\\/navonaed.com\\\/\",\"name\":\"Editorial Navona\",\"description\":\"Nos gustan los libros\",\"publisher\":{\"@id\":\"https:\\\/\\\/navonaed.com\\\/#organization\"},\"potentialAction\":[{\"@type\":\"SearchAction\",\"target\":{\"@type\":\"EntryPoint\",\"urlTemplate\":\"https:\\\/\\\/navonaed.com\\\/?s={search_term_string}\"},\"query-input\":{\"@type\":\"PropertyValueSpecification\",\"valueRequired\":true,\"valueName\":\"search_term_string\"}}],\"inLanguage\":\"ca\"},{\"@type\":\"Organization\",\"@id\":\"https:\\\/\\\/navonaed.com\\\/#organization\",\"name\":\"Editorial Navona\",\"url\":\"https:\\\/\\\/navonaed.com\\\/\",\"logo\":{\"@type\":\"ImageObject\",\"inLanguage\":\"ca\",\"@id\":\"https:\\\/\\\/navonaed.com\\\/#\\\/schema\\\/logo\\\/image\\\/\",\"url\":\"https:\\\/\\\/navonaed.com\\\/wp-content\\\/uploads\\\/logo-navona.svg\",\"contentUrl\":\"https:\\\/\\\/navonaed.com\\\/wp-content\\\/uploads\\\/logo-navona.svg\",\"width\":155,\"height\":32,\"caption\":\"Editorial Navona\"},\"image\":{\"@id\":\"https:\\\/\\\/navonaed.com\\\/#\\\/schema\\\/logo\\\/image\\\/\"},\"sameAs\":[\"https:\\\/\\\/www.facebook.com\\\/people\\\/Reemocioart\\\/100076073310442\\\/\"]}]}<\/script>\n<!-- \/ Yoast SEO plugin. -->","yoast_head_json":{"title":"El extra\u00f1o caso del Dr. Jekyll y Mr. Hyde - Editorial Navona","robots":{"index":"index","follow":"follow","max-snippet":"max-snippet:-1","max-image-preview":"max-image-preview:large","max-video-preview":"max-video-preview:-1"},"canonical":"https:\/\/navonaed.com\/libro\/el-extrano-caso-del-dr-jekyll-y-mr-hyde\/","og_locale":"ca_ES","og_type":"article","og_title":"El extra\u00f1o caso del Dr. Jekyll y Mr. Hyde - Editorial Navona","og_description":"9788419552082Robert Louis Stevenson","og_url":"https:\/\/navonaed.com\/libro\/el-extrano-caso-del-dr-jekyll-y-mr-hyde\/","og_site_name":"Editorial Navona","article_publisher":"https:\/\/www.facebook.com\/people\/Reemocioart\/100076073310442\/","article_modified_time":"2025-11-07T11:23:45+00:00","og_image":[{"width":900,"height":1385,"url":"https:\/\/navonaed.com\/wp-content\/uploads\/el_extra_o_caso_del_dr_jekyll_y_mr_hyde.jpg","type":"image\/jpeg"}],"twitter_card":"summary_large_image","twitter_misc":{"Temps estimat de lectura":"1 minut"},"schema":{"@context":"https:\/\/schema.org","@graph":[{"@type":"WebPage","@id":"https:\/\/navonaed.com\/libro\/el-extrano-caso-del-dr-jekyll-y-mr-hyde\/","url":"https:\/\/navonaed.com\/libro\/el-extrano-caso-del-dr-jekyll-y-mr-hyde\/","name":"El extra\u00f1o caso del Dr. Jekyll y Mr. Hyde - Editorial Navona","isPartOf":{"@id":"https:\/\/navonaed.com\/#website"},"primaryImageOfPage":{"@id":"https:\/\/navonaed.com\/libro\/el-extrano-caso-del-dr-jekyll-y-mr-hyde\/#primaryimage"},"image":{"@id":"https:\/\/navonaed.com\/libro\/el-extrano-caso-del-dr-jekyll-y-mr-hyde\/#primaryimage"},"thumbnailUrl":"https:\/\/navonaed.com\/wp-content\/uploads\/el_extra_o_caso_del_dr_jekyll_y_mr_hyde.jpg","datePublished":"2023-05-21T22:00:00+00:00","dateModified":"2025-11-07T11:23:45+00:00","breadcrumb":{"@id":"https:\/\/navonaed.com\/libro\/el-extrano-caso-del-dr-jekyll-y-mr-hyde\/#breadcrumb"},"inLanguage":"ca","potentialAction":[{"@type":"ReadAction","target":["https:\/\/navonaed.com\/libro\/el-extrano-caso-del-dr-jekyll-y-mr-hyde\/"]}]},{"@type":"ImageObject","inLanguage":"ca","@id":"https:\/\/navonaed.com\/libro\/el-extrano-caso-del-dr-jekyll-y-mr-hyde\/#primaryimage","url":"https:\/\/navonaed.com\/wp-content\/uploads\/el_extra_o_caso_del_dr_jekyll_y_mr_hyde.jpg","contentUrl":"https:\/\/navonaed.com\/wp-content\/uploads\/el_extra_o_caso_del_dr_jekyll_y_mr_hyde.jpg","width":900,"height":1385},{"@type":"BreadcrumbList","@id":"https:\/\/navonaed.com\/libro\/el-extrano-caso-del-dr-jekyll-y-mr-hyde\/#breadcrumb","itemListElement":[{"@type":"ListItem","position":1,"name":"Portada","item":"https:\/\/navonaed.com\/ca\/"},{"@type":"ListItem","position":2,"name":"Cat\u00e0leg","item":"https:\/\/navonaed.com\/ca\/cataleg\/"},{"@type":"ListItem","position":3,"name":"El extra\u00f1o caso del Dr. Jekyll y Mr. Hyde"}]},{"@type":"WebSite","@id":"https:\/\/navonaed.com\/#website","url":"https:\/\/navonaed.com\/","name":"Editorial Navona","description":"Nos gustan los libros","publisher":{"@id":"https:\/\/navonaed.com\/#organization"},"potentialAction":[{"@type":"SearchAction","target":{"@type":"EntryPoint","urlTemplate":"https:\/\/navonaed.com\/?s={search_term_string}"},"query-input":{"@type":"PropertyValueSpecification","valueRequired":true,"valueName":"search_term_string"}}],"inLanguage":"ca"},{"@type":"Organization","@id":"https:\/\/navonaed.com\/#organization","name":"Editorial Navona","url":"https:\/\/navonaed.com\/","logo":{"@type":"ImageObject","inLanguage":"ca","@id":"https:\/\/navonaed.com\/#\/schema\/logo\/image\/","url":"https:\/\/navonaed.com\/wp-content\/uploads\/logo-navona.svg","contentUrl":"https:\/\/navonaed.com\/wp-content\/uploads\/logo-navona.svg","width":155,"height":32,"caption":"Editorial Navona"},"image":{"@id":"https:\/\/navonaed.com\/#\/schema\/logo\/image\/"},"sameAs":["https:\/\/www.facebook.com\/people\/Reemocioart\/100076073310442\/"]}]}},"_links":{"self":[{"href":"https:\/\/navonaed.com\/ca\/wp-json\/wp\/v2\/product\/5818","targetHints":{"allow":["GET"]}}],"collection":[{"href":"https:\/\/navonaed.com\/ca\/wp-json\/wp\/v2\/product"}],"about":[{"href":"https:\/\/navonaed.com\/ca\/wp-json\/wp\/v2\/types\/product"}],"wp:featuredmedia":[{"embeddable":true,"href":"https:\/\/navonaed.com\/ca\/wp-json\/wp\/v2\/media\/4832"}],"wp:attachment":[{"href":"https:\/\/navonaed.com\/ca\/wp-json\/wp\/v2\/media?parent=5818"}],"wp:term":[{"taxonomy":"product_brand","embeddable":true,"href":"https:\/\/navonaed.com\/ca\/wp-json\/wp\/v2\/product_brand?post=5818"},{"taxonomy":"product_cat","embeddable":true,"href":"https:\/\/navonaed.com\/ca\/wp-json\/wp\/v2\/product_cat?post=5818"},{"taxonomy":"product_tag","embeddable":true,"href":"https:\/\/navonaed.com\/ca\/wp-json\/wp\/v2\/product_tag?post=5818"}],"curies":[{"name":"wp","href":"https:\/\/api.w.org\/{rel}","templated":true}]}}