{"id":5822,"date":"2024-03-11T00:00:00","date_gmt":"2024-03-10T23:00:00","guid":{"rendered":"https:\/\/navonaed.com\/libro\/el-jardi-del-set-crepuscles\/"},"modified":"2025-11-06T11:39:34","modified_gmt":"2025-11-06T10:39:34","slug":"el-jardi-del-set-crepuscles","status":"publish","type":"product","link":"https:\/\/navonaed.com\/ca\/libro\/el-jardi-del-set-crepuscles\/","title":{"rendered":"El Jard\u00ed del Set Crepuscles"},"content":{"rendered":"<p><b>Mentre la realitat sempre supera la veu individual, el cor \u2013amb l&#8217;energia que sorgeix de la diversitat aplegada\u2013 sost\u00e9 la possibilitat d&#8217;absolut.- The New York Times.<\/b><\/p>\n<p>La desaparici\u00f3 d\u2019una joia de poders sobrenaturals, d\u2019import\u00e0ncia cabdal en ple esclat d\u2019una dist\u00f2pica tercera guerra mundial, \u00e9s una de les intrigues centrals a les quals s\u2019ha d\u2019enfrontar un grup de personatges de l\u2019elit reunits en un palau remot d\u2019alta muntanya \u2013potser els Pirineus, potser l\u2019Him\u00e0laia. Si en volen trobar el parador, hauran d\u2019ordenar les narracions dels fets que van portar a la p\u00e8rdua de la joia. La proposta desemboca en un laberint de relats i de versions dispars dels esdeveniments, que s\u2019entrecreuen i es contradiuen entre ells, i que involucren un manuscrit recobrat, els secrets d\u2019una empresa, la Banca Mir, i d\u2019una fam\u00edlia, els Cros, embrancats en l\u2019embolicat afer de dominar el m\u00f3n, un seguit d\u2019hist\u00f2ries narrades al llarg de sis dies i set nits, el mapa del tresor que guiar\u00e0 tant els protagonistes com el lector fins al Jard\u00ed dels Set Crepuscles. Travessar-lo determinar\u00e0 la soluci\u00f3 de l\u2019enigma i el dest\u00ed de la humanitat.<\/p>\n","protected":false},"excerpt":{"rendered":"<p>9788419552990<br \/>Miquel de Palol<\/p>\n","protected":false},"featured_media":4836,"template":"","meta":{"_acf_changed":false,"_monsterinsights_skip_tracking":false,"_monsterinsights_sitenote_active":false,"_monsterinsights_sitenote_note":"","_monsterinsights_sitenote_category":0},"product_brand":[],"product_cat":[141],"product_tag":[],"class_list":{"0":"post-5822","1":"product","2":"type-product","3":"status-publish","4":"has-post-thumbnail","6":"product_cat-serie-m","8":"first","9":"instock","10":"taxable","11":"shipping-taxable","12":"purchasable","13":"product-type-simple"},"acf":[],"yoast_head":"<!-- This site is optimized with the Yoast SEO plugin v27.3 - https:\/\/yoast.com\/product\/yoast-seo-wordpress\/ -->\n<title>El Jard\u00ed del Set Crepuscles - Editorial Navona<\/title>\n<meta name=\"robots\" content=\"index, follow, max-snippet:-1, max-image-preview:large, max-video-preview:-1\" \/>\n<link rel=\"canonical\" href=\"https:\/\/navonaed.com\/libro\/el-jardi-del-set-crepuscles\/\" \/>\n<meta property=\"og:locale\" content=\"ca_ES\" \/>\n<meta property=\"og:type\" content=\"article\" \/>\n<meta property=\"og:title\" content=\"El Jard\u00ed del Set Crepuscles - Editorial Navona\" \/>\n<meta property=\"og:description\" content=\"9788419552990Miquel de Palol\" \/>\n<meta property=\"og:url\" content=\"https:\/\/navonaed.com\/libro\/el-jardi-del-set-crepuscles\/\" \/>\n<meta property=\"og:site_name\" content=\"Editorial Navona\" \/>\n<meta property=\"article:publisher\" content=\"https:\/\/www.facebook.com\/people\/Reemocioart\/100076073310442\/\" \/>\n<meta property=\"article:modified_time\" content=\"2025-11-06T10:39:34+00:00\" \/>\n<meta property=\"og:image\" content=\"https:\/\/navonaed.com\/wp-content\/uploads\/el_jard_dels_set_crepuscles.jpg\" \/>\n\t<meta property=\"og:image:width\" content=\"900\" \/>\n\t<meta property=\"og:image:height\" content=\"1372\" \/>\n\t<meta property=\"og:image:type\" content=\"image\/jpeg\" \/>\n<meta name=\"twitter:card\" content=\"summary_large_image\" \/>\n<meta name=\"twitter:label1\" content=\"Temps estimat de lectura\" \/>\n\t<meta name=\"twitter:data1\" content=\"2 minuts\" \/>\n<script type=\"application\/ld+json\" class=\"yoast-schema-graph\">{\"@context\":\"https:\\\/\\\/schema.org\",\"@graph\":[{\"@type\":\"WebPage\",\"@id\":\"https:\\\/\\\/navonaed.com\\\/libro\\\/el-jardi-del-set-crepuscles\\\/\",\"url\":\"https:\\\/\\\/navonaed.com\\\/libro\\\/el-jardi-del-set-crepuscles\\\/\",\"name\":\"El Jard\u00ed del Set Crepuscles - Editorial Navona\",\"isPartOf\":{\"@id\":\"https:\\\/\\\/navonaed.com\\\/#website\"},\"primaryImageOfPage\":{\"@id\":\"https:\\\/\\\/navonaed.com\\\/libro\\\/el-jardi-del-set-crepuscles\\\/#primaryimage\"},\"image\":{\"@id\":\"https:\\\/\\\/navonaed.com\\\/libro\\\/el-jardi-del-set-crepuscles\\\/#primaryimage\"},\"thumbnailUrl\":\"https:\\\/\\\/navonaed.com\\\/wp-content\\\/uploads\\\/el_jard_dels_set_crepuscles.jpg\",\"datePublished\":\"2024-03-10T23:00:00+00:00\",\"dateModified\":\"2025-11-06T10:39:34+00:00\",\"breadcrumb\":{\"@id\":\"https:\\\/\\\/navonaed.com\\\/libro\\\/el-jardi-del-set-crepuscles\\\/#breadcrumb\"},\"inLanguage\":\"ca\",\"potentialAction\":[{\"@type\":\"ReadAction\",\"target\":[\"https:\\\/\\\/navonaed.com\\\/libro\\\/el-jardi-del-set-crepuscles\\\/\"]}]},{\"@type\":\"ImageObject\",\"inLanguage\":\"ca\",\"@id\":\"https:\\\/\\\/navonaed.com\\\/libro\\\/el-jardi-del-set-crepuscles\\\/#primaryimage\",\"url\":\"https:\\\/\\\/navonaed.com\\\/wp-content\\\/uploads\\\/el_jard_dels_set_crepuscles.jpg\",\"contentUrl\":\"https:\\\/\\\/navonaed.com\\\/wp-content\\\/uploads\\\/el_jard_dels_set_crepuscles.jpg\",\"width\":900,\"height\":1372},{\"@type\":\"BreadcrumbList\",\"@id\":\"https:\\\/\\\/navonaed.com\\\/libro\\\/el-jardi-del-set-crepuscles\\\/#breadcrumb\",\"itemListElement\":[{\"@type\":\"ListItem\",\"position\":1,\"name\":\"Portada\",\"item\":\"https:\\\/\\\/navonaed.com\\\/ca\\\/\"},{\"@type\":\"ListItem\",\"position\":2,\"name\":\"Cat\u00e0leg\",\"item\":\"https:\\\/\\\/navonaed.com\\\/ca\\\/cataleg\\\/\"},{\"@type\":\"ListItem\",\"position\":3,\"name\":\"El Jard\u00ed del Set Crepuscles\"}]},{\"@type\":\"WebSite\",\"@id\":\"https:\\\/\\\/navonaed.com\\\/#website\",\"url\":\"https:\\\/\\\/navonaed.com\\\/\",\"name\":\"Editorial Navona\",\"description\":\"Nos gustan los libros\",\"publisher\":{\"@id\":\"https:\\\/\\\/navonaed.com\\\/#organization\"},\"potentialAction\":[{\"@type\":\"SearchAction\",\"target\":{\"@type\":\"EntryPoint\",\"urlTemplate\":\"https:\\\/\\\/navonaed.com\\\/?s={search_term_string}\"},\"query-input\":{\"@type\":\"PropertyValueSpecification\",\"valueRequired\":true,\"valueName\":\"search_term_string\"}}],\"inLanguage\":\"ca\"},{\"@type\":\"Organization\",\"@id\":\"https:\\\/\\\/navonaed.com\\\/#organization\",\"name\":\"Editorial Navona\",\"url\":\"https:\\\/\\\/navonaed.com\\\/\",\"logo\":{\"@type\":\"ImageObject\",\"inLanguage\":\"ca\",\"@id\":\"https:\\\/\\\/navonaed.com\\\/#\\\/schema\\\/logo\\\/image\\\/\",\"url\":\"https:\\\/\\\/navonaed.com\\\/wp-content\\\/uploads\\\/logo-navona.svg\",\"contentUrl\":\"https:\\\/\\\/navonaed.com\\\/wp-content\\\/uploads\\\/logo-navona.svg\",\"width\":155,\"height\":32,\"caption\":\"Editorial Navona\"},\"image\":{\"@id\":\"https:\\\/\\\/navonaed.com\\\/#\\\/schema\\\/logo\\\/image\\\/\"},\"sameAs\":[\"https:\\\/\\\/www.facebook.com\\\/people\\\/Reemocioart\\\/100076073310442\\\/\"]}]}<\/script>\n<!-- \/ Yoast SEO plugin. -->","yoast_head_json":{"title":"El Jard\u00ed del Set Crepuscles - Editorial Navona","robots":{"index":"index","follow":"follow","max-snippet":"max-snippet:-1","max-image-preview":"max-image-preview:large","max-video-preview":"max-video-preview:-1"},"canonical":"https:\/\/navonaed.com\/libro\/el-jardi-del-set-crepuscles\/","og_locale":"ca_ES","og_type":"article","og_title":"El Jard\u00ed del Set Crepuscles - Editorial Navona","og_description":"9788419552990Miquel de Palol","og_url":"https:\/\/navonaed.com\/libro\/el-jardi-del-set-crepuscles\/","og_site_name":"Editorial Navona","article_publisher":"https:\/\/www.facebook.com\/people\/Reemocioart\/100076073310442\/","article_modified_time":"2025-11-06T10:39:34+00:00","og_image":[{"width":900,"height":1372,"url":"https:\/\/navonaed.com\/wp-content\/uploads\/el_jard_dels_set_crepuscles.jpg","type":"image\/jpeg"}],"twitter_card":"summary_large_image","twitter_misc":{"Temps estimat de lectura":"2 minuts"},"schema":{"@context":"https:\/\/schema.org","@graph":[{"@type":"WebPage","@id":"https:\/\/navonaed.com\/libro\/el-jardi-del-set-crepuscles\/","url":"https:\/\/navonaed.com\/libro\/el-jardi-del-set-crepuscles\/","name":"El Jard\u00ed del Set Crepuscles - Editorial Navona","isPartOf":{"@id":"https:\/\/navonaed.com\/#website"},"primaryImageOfPage":{"@id":"https:\/\/navonaed.com\/libro\/el-jardi-del-set-crepuscles\/#primaryimage"},"image":{"@id":"https:\/\/navonaed.com\/libro\/el-jardi-del-set-crepuscles\/#primaryimage"},"thumbnailUrl":"https:\/\/navonaed.com\/wp-content\/uploads\/el_jard_dels_set_crepuscles.jpg","datePublished":"2024-03-10T23:00:00+00:00","dateModified":"2025-11-06T10:39:34+00:00","breadcrumb":{"@id":"https:\/\/navonaed.com\/libro\/el-jardi-del-set-crepuscles\/#breadcrumb"},"inLanguage":"ca","potentialAction":[{"@type":"ReadAction","target":["https:\/\/navonaed.com\/libro\/el-jardi-del-set-crepuscles\/"]}]},{"@type":"ImageObject","inLanguage":"ca","@id":"https:\/\/navonaed.com\/libro\/el-jardi-del-set-crepuscles\/#primaryimage","url":"https:\/\/navonaed.com\/wp-content\/uploads\/el_jard_dels_set_crepuscles.jpg","contentUrl":"https:\/\/navonaed.com\/wp-content\/uploads\/el_jard_dels_set_crepuscles.jpg","width":900,"height":1372},{"@type":"BreadcrumbList","@id":"https:\/\/navonaed.com\/libro\/el-jardi-del-set-crepuscles\/#breadcrumb","itemListElement":[{"@type":"ListItem","position":1,"name":"Portada","item":"https:\/\/navonaed.com\/ca\/"},{"@type":"ListItem","position":2,"name":"Cat\u00e0leg","item":"https:\/\/navonaed.com\/ca\/cataleg\/"},{"@type":"ListItem","position":3,"name":"El Jard\u00ed del Set Crepuscles"}]},{"@type":"WebSite","@id":"https:\/\/navonaed.com\/#website","url":"https:\/\/navonaed.com\/","name":"Editorial Navona","description":"Nos gustan los libros","publisher":{"@id":"https:\/\/navonaed.com\/#organization"},"potentialAction":[{"@type":"SearchAction","target":{"@type":"EntryPoint","urlTemplate":"https:\/\/navonaed.com\/?s={search_term_string}"},"query-input":{"@type":"PropertyValueSpecification","valueRequired":true,"valueName":"search_term_string"}}],"inLanguage":"ca"},{"@type":"Organization","@id":"https:\/\/navonaed.com\/#organization","name":"Editorial Navona","url":"https:\/\/navonaed.com\/","logo":{"@type":"ImageObject","inLanguage":"ca","@id":"https:\/\/navonaed.com\/#\/schema\/logo\/image\/","url":"https:\/\/navonaed.com\/wp-content\/uploads\/logo-navona.svg","contentUrl":"https:\/\/navonaed.com\/wp-content\/uploads\/logo-navona.svg","width":155,"height":32,"caption":"Editorial Navona"},"image":{"@id":"https:\/\/navonaed.com\/#\/schema\/logo\/image\/"},"sameAs":["https:\/\/www.facebook.com\/people\/Reemocioart\/100076073310442\/"]}]}},"_links":{"self":[{"href":"https:\/\/navonaed.com\/ca\/wp-json\/wp\/v2\/product\/5822","targetHints":{"allow":["GET"]}}],"collection":[{"href":"https:\/\/navonaed.com\/ca\/wp-json\/wp\/v2\/product"}],"about":[{"href":"https:\/\/navonaed.com\/ca\/wp-json\/wp\/v2\/types\/product"}],"wp:featuredmedia":[{"embeddable":true,"href":"https:\/\/navonaed.com\/ca\/wp-json\/wp\/v2\/media\/4836"}],"wp:attachment":[{"href":"https:\/\/navonaed.com\/ca\/wp-json\/wp\/v2\/media?parent=5822"}],"wp:term":[{"taxonomy":"product_brand","embeddable":true,"href":"https:\/\/navonaed.com\/ca\/wp-json\/wp\/v2\/product_brand?post=5822"},{"taxonomy":"product_cat","embeddable":true,"href":"https:\/\/navonaed.com\/ca\/wp-json\/wp\/v2\/product_cat?post=5822"},{"taxonomy":"product_tag","embeddable":true,"href":"https:\/\/navonaed.com\/ca\/wp-json\/wp\/v2\/product_tag?post=5822"}],"curies":[{"name":"wp","href":"https:\/\/api.w.org\/{rel}","templated":true}]}}