{"id":5866,"date":"2022-06-20T00:00:00","date_gmt":"2022-06-19T22:00:00","guid":{"rendered":"https:\/\/navonaed.com\/libro\/estaba-la-pajara-pinta-sentada-en-el-verde-limon\/"},"modified":"2025-10-31T10:55:28","modified_gmt":"2025-10-31T09:55:28","slug":"estaba-la-pajara-pinta-sentada-en-el-verde-limon","status":"publish","type":"product","link":"https:\/\/navonaed.com\/ca\/libro\/estaba-la-pajara-pinta-sentada-en-el-verde-limon\/","title":{"rendered":"Estaba la p\u00e1jara pinta sentada en el verde lim\u00f3n"},"content":{"rendered":"<p>Estaba la p\u00e1jara pinta sentada en un verde lim\u00f3n se ha vuelto, con el tiempo, un hito en la literatura colombiana y uno de los textos m\u00e1s estudiados para entender el origen de la violencia que todav\u00eda hoy azota a este pa\u00eds. Su lenguaje fresco, \u00e1gil y rico ha permitido que la novela perdure y que cada d\u00eda sea m\u00e1s valorada por las nuevas generaciones.<\/p>\n<p>Albaluc\u00eda \u00c1ngel logr\u00f3 crear con su maestr\u00eda intransferible una historia que relata la vida de una familia de la clase media y, simult\u00e1neamente, dos hechos que marcaron la historia de Colombia: el asesinato de Jorge Eli\u00e9cer Gait\u00e1n durante el Bogotazo y la muerte del cura guerrillero Camilo Torres. Gan\u00f3 el Premio Esso de Novela y escritores como \u00c1lvaro Mutis lo catalogaron como un texto fundamental sobre la violencia colombiana.<\/p>\n","protected":false},"excerpt":{"rendered":"<p>9788419179876<br \/>Albaluc\u00eda \u00c1ngel<\/p>\n","protected":false},"featured_media":4922,"template":"","meta":{"_acf_changed":false,"_monsterinsights_skip_tracking":false,"_monsterinsights_sitenote_active":false,"_monsterinsights_sitenote_note":"","_monsterinsights_sitenote_category":0},"product_brand":[],"product_cat":[151],"product_tag":[],"class_list":{"0":"post-5866","1":"product","2":"type-product","3":"status-publish","4":"has-post-thumbnail","6":"product_cat-serie-r","8":"first","9":"instock","10":"taxable","11":"shipping-taxable","12":"purchasable","13":"product-type-simple"},"acf":[],"yoast_head":"<!-- This site is optimized with the Yoast SEO plugin v27.3 - https:\/\/yoast.com\/product\/yoast-seo-wordpress\/ -->\n<title>Estaba la p\u00e1jara pinta sentada en el verde lim\u00f3n - Editorial Navona<\/title>\n<meta name=\"robots\" content=\"index, follow, max-snippet:-1, max-image-preview:large, max-video-preview:-1\" \/>\n<link rel=\"canonical\" href=\"https:\/\/navonaed.com\/libro\/estaba-la-pajara-pinta-sentada-en-el-verde-limon\/\" \/>\n<meta property=\"og:locale\" content=\"ca_ES\" \/>\n<meta property=\"og:type\" content=\"article\" \/>\n<meta property=\"og:title\" content=\"Estaba la p\u00e1jara pinta sentada en el verde lim\u00f3n - Editorial Navona\" \/>\n<meta property=\"og:description\" content=\"9788419179876Albaluc\u00eda \u00c1ngel\" \/>\n<meta property=\"og:url\" content=\"https:\/\/navonaed.com\/libro\/estaba-la-pajara-pinta-sentada-en-el-verde-limon\/\" \/>\n<meta property=\"og:site_name\" content=\"Editorial Navona\" \/>\n<meta property=\"article:publisher\" content=\"https:\/\/www.facebook.com\/people\/Reemocioart\/100076073310442\/\" \/>\n<meta property=\"article:modified_time\" content=\"2025-10-31T09:55:28+00:00\" \/>\n<meta property=\"og:image\" content=\"https:\/\/navonaed.com\/wp-content\/uploads\/estaba_la_p_jara_pinta_sentada_en_el_verde_lim_n.jpg\" \/>\n\t<meta property=\"og:image:width\" content=\"900\" \/>\n\t<meta property=\"og:image:height\" content=\"1331\" \/>\n\t<meta property=\"og:image:type\" content=\"image\/jpeg\" \/>\n<meta name=\"twitter:card\" content=\"summary_large_image\" \/>\n<meta name=\"twitter:label1\" content=\"Temps estimat de lectura\" \/>\n\t<meta name=\"twitter:data1\" content=\"1 minut\" \/>\n<script type=\"application\/ld+json\" class=\"yoast-schema-graph\">{\"@context\":\"https:\\\/\\\/schema.org\",\"@graph\":[{\"@type\":\"WebPage\",\"@id\":\"https:\\\/\\\/navonaed.com\\\/libro\\\/estaba-la-pajara-pinta-sentada-en-el-verde-limon\\\/\",\"url\":\"https:\\\/\\\/navonaed.com\\\/libro\\\/estaba-la-pajara-pinta-sentada-en-el-verde-limon\\\/\",\"name\":\"Estaba la p\u00e1jara pinta sentada en el verde lim\u00f3n - Editorial Navona\",\"isPartOf\":{\"@id\":\"https:\\\/\\\/navonaed.com\\\/#website\"},\"primaryImageOfPage\":{\"@id\":\"https:\\\/\\\/navonaed.com\\\/libro\\\/estaba-la-pajara-pinta-sentada-en-el-verde-limon\\\/#primaryimage\"},\"image\":{\"@id\":\"https:\\\/\\\/navonaed.com\\\/libro\\\/estaba-la-pajara-pinta-sentada-en-el-verde-limon\\\/#primaryimage\"},\"thumbnailUrl\":\"https:\\\/\\\/navonaed.com\\\/wp-content\\\/uploads\\\/estaba_la_p_jara_pinta_sentada_en_el_verde_lim_n.jpg\",\"datePublished\":\"2022-06-19T22:00:00+00:00\",\"dateModified\":\"2025-10-31T09:55:28+00:00\",\"breadcrumb\":{\"@id\":\"https:\\\/\\\/navonaed.com\\\/libro\\\/estaba-la-pajara-pinta-sentada-en-el-verde-limon\\\/#breadcrumb\"},\"inLanguage\":\"ca\",\"potentialAction\":[{\"@type\":\"ReadAction\",\"target\":[\"https:\\\/\\\/navonaed.com\\\/libro\\\/estaba-la-pajara-pinta-sentada-en-el-verde-limon\\\/\"]}]},{\"@type\":\"ImageObject\",\"inLanguage\":\"ca\",\"@id\":\"https:\\\/\\\/navonaed.com\\\/libro\\\/estaba-la-pajara-pinta-sentada-en-el-verde-limon\\\/#primaryimage\",\"url\":\"https:\\\/\\\/navonaed.com\\\/wp-content\\\/uploads\\\/estaba_la_p_jara_pinta_sentada_en_el_verde_lim_n.jpg\",\"contentUrl\":\"https:\\\/\\\/navonaed.com\\\/wp-content\\\/uploads\\\/estaba_la_p_jara_pinta_sentada_en_el_verde_lim_n.jpg\",\"width\":900,\"height\":1331},{\"@type\":\"BreadcrumbList\",\"@id\":\"https:\\\/\\\/navonaed.com\\\/libro\\\/estaba-la-pajara-pinta-sentada-en-el-verde-limon\\\/#breadcrumb\",\"itemListElement\":[{\"@type\":\"ListItem\",\"position\":1,\"name\":\"Portada\",\"item\":\"https:\\\/\\\/navonaed.com\\\/ca\\\/\"},{\"@type\":\"ListItem\",\"position\":2,\"name\":\"Cat\u00e0leg\",\"item\":\"https:\\\/\\\/navonaed.com\\\/ca\\\/cataleg\\\/\"},{\"@type\":\"ListItem\",\"position\":3,\"name\":\"Estaba la p\u00e1jara pinta sentada en el verde lim\u00f3n\"}]},{\"@type\":\"WebSite\",\"@id\":\"https:\\\/\\\/navonaed.com\\\/#website\",\"url\":\"https:\\\/\\\/navonaed.com\\\/\",\"name\":\"Editorial Navona\",\"description\":\"Nos gustan los libros\",\"publisher\":{\"@id\":\"https:\\\/\\\/navonaed.com\\\/#organization\"},\"potentialAction\":[{\"@type\":\"SearchAction\",\"target\":{\"@type\":\"EntryPoint\",\"urlTemplate\":\"https:\\\/\\\/navonaed.com\\\/?s={search_term_string}\"},\"query-input\":{\"@type\":\"PropertyValueSpecification\",\"valueRequired\":true,\"valueName\":\"search_term_string\"}}],\"inLanguage\":\"ca\"},{\"@type\":\"Organization\",\"@id\":\"https:\\\/\\\/navonaed.com\\\/#organization\",\"name\":\"Editorial Navona\",\"url\":\"https:\\\/\\\/navonaed.com\\\/\",\"logo\":{\"@type\":\"ImageObject\",\"inLanguage\":\"ca\",\"@id\":\"https:\\\/\\\/navonaed.com\\\/#\\\/schema\\\/logo\\\/image\\\/\",\"url\":\"https:\\\/\\\/navonaed.com\\\/wp-content\\\/uploads\\\/logo-navona.svg\",\"contentUrl\":\"https:\\\/\\\/navonaed.com\\\/wp-content\\\/uploads\\\/logo-navona.svg\",\"width\":155,\"height\":32,\"caption\":\"Editorial Navona\"},\"image\":{\"@id\":\"https:\\\/\\\/navonaed.com\\\/#\\\/schema\\\/logo\\\/image\\\/\"},\"sameAs\":[\"https:\\\/\\\/www.facebook.com\\\/people\\\/Reemocioart\\\/100076073310442\\\/\"]}]}<\/script>\n<!-- \/ Yoast SEO plugin. -->","yoast_head_json":{"title":"Estaba la p\u00e1jara pinta sentada en el verde lim\u00f3n - Editorial Navona","robots":{"index":"index","follow":"follow","max-snippet":"max-snippet:-1","max-image-preview":"max-image-preview:large","max-video-preview":"max-video-preview:-1"},"canonical":"https:\/\/navonaed.com\/libro\/estaba-la-pajara-pinta-sentada-en-el-verde-limon\/","og_locale":"ca_ES","og_type":"article","og_title":"Estaba la p\u00e1jara pinta sentada en el verde lim\u00f3n - Editorial Navona","og_description":"9788419179876Albaluc\u00eda \u00c1ngel","og_url":"https:\/\/navonaed.com\/libro\/estaba-la-pajara-pinta-sentada-en-el-verde-limon\/","og_site_name":"Editorial Navona","article_publisher":"https:\/\/www.facebook.com\/people\/Reemocioart\/100076073310442\/","article_modified_time":"2025-10-31T09:55:28+00:00","og_image":[{"width":900,"height":1331,"url":"https:\/\/navonaed.com\/wp-content\/uploads\/estaba_la_p_jara_pinta_sentada_en_el_verde_lim_n.jpg","type":"image\/jpeg"}],"twitter_card":"summary_large_image","twitter_misc":{"Temps estimat de lectura":"1 minut"},"schema":{"@context":"https:\/\/schema.org","@graph":[{"@type":"WebPage","@id":"https:\/\/navonaed.com\/libro\/estaba-la-pajara-pinta-sentada-en-el-verde-limon\/","url":"https:\/\/navonaed.com\/libro\/estaba-la-pajara-pinta-sentada-en-el-verde-limon\/","name":"Estaba la p\u00e1jara pinta sentada en el verde lim\u00f3n - Editorial Navona","isPartOf":{"@id":"https:\/\/navonaed.com\/#website"},"primaryImageOfPage":{"@id":"https:\/\/navonaed.com\/libro\/estaba-la-pajara-pinta-sentada-en-el-verde-limon\/#primaryimage"},"image":{"@id":"https:\/\/navonaed.com\/libro\/estaba-la-pajara-pinta-sentada-en-el-verde-limon\/#primaryimage"},"thumbnailUrl":"https:\/\/navonaed.com\/wp-content\/uploads\/estaba_la_p_jara_pinta_sentada_en_el_verde_lim_n.jpg","datePublished":"2022-06-19T22:00:00+00:00","dateModified":"2025-10-31T09:55:28+00:00","breadcrumb":{"@id":"https:\/\/navonaed.com\/libro\/estaba-la-pajara-pinta-sentada-en-el-verde-limon\/#breadcrumb"},"inLanguage":"ca","potentialAction":[{"@type":"ReadAction","target":["https:\/\/navonaed.com\/libro\/estaba-la-pajara-pinta-sentada-en-el-verde-limon\/"]}]},{"@type":"ImageObject","inLanguage":"ca","@id":"https:\/\/navonaed.com\/libro\/estaba-la-pajara-pinta-sentada-en-el-verde-limon\/#primaryimage","url":"https:\/\/navonaed.com\/wp-content\/uploads\/estaba_la_p_jara_pinta_sentada_en_el_verde_lim_n.jpg","contentUrl":"https:\/\/navonaed.com\/wp-content\/uploads\/estaba_la_p_jara_pinta_sentada_en_el_verde_lim_n.jpg","width":900,"height":1331},{"@type":"BreadcrumbList","@id":"https:\/\/navonaed.com\/libro\/estaba-la-pajara-pinta-sentada-en-el-verde-limon\/#breadcrumb","itemListElement":[{"@type":"ListItem","position":1,"name":"Portada","item":"https:\/\/navonaed.com\/ca\/"},{"@type":"ListItem","position":2,"name":"Cat\u00e0leg","item":"https:\/\/navonaed.com\/ca\/cataleg\/"},{"@type":"ListItem","position":3,"name":"Estaba la p\u00e1jara pinta sentada en el verde lim\u00f3n"}]},{"@type":"WebSite","@id":"https:\/\/navonaed.com\/#website","url":"https:\/\/navonaed.com\/","name":"Editorial Navona","description":"Nos gustan los libros","publisher":{"@id":"https:\/\/navonaed.com\/#organization"},"potentialAction":[{"@type":"SearchAction","target":{"@type":"EntryPoint","urlTemplate":"https:\/\/navonaed.com\/?s={search_term_string}"},"query-input":{"@type":"PropertyValueSpecification","valueRequired":true,"valueName":"search_term_string"}}],"inLanguage":"ca"},{"@type":"Organization","@id":"https:\/\/navonaed.com\/#organization","name":"Editorial Navona","url":"https:\/\/navonaed.com\/","logo":{"@type":"ImageObject","inLanguage":"ca","@id":"https:\/\/navonaed.com\/#\/schema\/logo\/image\/","url":"https:\/\/navonaed.com\/wp-content\/uploads\/logo-navona.svg","contentUrl":"https:\/\/navonaed.com\/wp-content\/uploads\/logo-navona.svg","width":155,"height":32,"caption":"Editorial Navona"},"image":{"@id":"https:\/\/navonaed.com\/#\/schema\/logo\/image\/"},"sameAs":["https:\/\/www.facebook.com\/people\/Reemocioart\/100076073310442\/"]}]}},"_links":{"self":[{"href":"https:\/\/navonaed.com\/ca\/wp-json\/wp\/v2\/product\/5866","targetHints":{"allow":["GET"]}}],"collection":[{"href":"https:\/\/navonaed.com\/ca\/wp-json\/wp\/v2\/product"}],"about":[{"href":"https:\/\/navonaed.com\/ca\/wp-json\/wp\/v2\/types\/product"}],"wp:featuredmedia":[{"embeddable":true,"href":"https:\/\/navonaed.com\/ca\/wp-json\/wp\/v2\/media\/4922"}],"wp:attachment":[{"href":"https:\/\/navonaed.com\/ca\/wp-json\/wp\/v2\/media?parent=5866"}],"wp:term":[{"taxonomy":"product_brand","embeddable":true,"href":"https:\/\/navonaed.com\/ca\/wp-json\/wp\/v2\/product_brand?post=5866"},{"taxonomy":"product_cat","embeddable":true,"href":"https:\/\/navonaed.com\/ca\/wp-json\/wp\/v2\/product_cat?post=5866"},{"taxonomy":"product_tag","embeddable":true,"href":"https:\/\/navonaed.com\/ca\/wp-json\/wp\/v2\/product_tag?post=5866"}],"curies":[{"name":"wp","href":"https:\/\/api.w.org\/{rel}","templated":true}]}}