{"id":5903,"date":"2022-07-04T00:00:00","date_gmt":"2022-07-03T22:00:00","guid":{"rendered":"https:\/\/navonaed.com\/libro\/hazanas-de-un-joven-don-juan-seguido-de-las-once-mil-vergas\/"},"modified":"2025-11-19T13:32:46","modified_gmt":"2025-11-19T12:32:46","slug":"hazanas-de-un-joven-don-juan-seguido-de-las-once-mil-vergas","status":"publish","type":"product","link":"https:\/\/navonaed.com\/ca\/libro\/hazanas-de-un-joven-don-juan-seguido-de-las-once-mil-vergas\/","title":{"rendered":"Haza\u00f1as de un joven don juan seguido de Las once mil vergas"},"content":{"rendered":"<p>Los dos relatos que publicamos, el m\u00edtico Las once mil vergas y Las haza\u00f1as de un joven don Juan, que datan de 1907 y de 1911, son dos himnos a la virilidad y al placer, cat\u00e1logos asombrosos de todas las pr\u00e1cticas, desviaciones y orientaciones sexuales que ofrecen, de forma burlesca, sexo \u00abbruto\u00bb envuelto en las obsesiones y fantas\u00edas del poeta. Al hacerlo, nos permiten hacernos preguntas y criticar los valores y la violencia del sistema al que pertenecen: el de la dominaci\u00f3n masculina. En este sentido, constituyen documentos excepcionales y \u00fanicos de su tiempo.<\/p>\n<p>En Las haza\u00f1as de un joven don Juan, Roger se marcha de vacaciones a su castillo en el campo, donde fornicar\u00e1 con todas las mujeres de su familia y con casi todas las del servicio. Es todo un inventario de depravaciones que m\u00e1s bien parece escrito para ironizar sobre la literatura pornogr\u00e1fica y sobre los vicios de la sociedad francesa.<\/p>\n<p>En Las once mil vergas se narra la historia de Mony Vibescu, un pr\u00edncipe rumano que va a Par\u00eds en busca de aventuras. All\u00ed conocer\u00e1 a la prostituta Culculine d\u2019Anc\u00f4ne. Tras su regreso a Bucarest, se le invita a participar en la guerra ruso-japonesa como teniente ruso y aceptar\u00e1 motivado por las \u00abperversiones\u00bb que una guerra es capaz de proporcionar y encubrir.<\/p>\n<p>Guillaume Apollinaire, que fue uno de los primeros en inventariar las obras de &#8221;el infiernillo&#8221; de la Biblioteca Nacional, se ha convertido, por propio derecho, en uno de los m\u00e1ximos exponentes de la literatura er\u00f3tico-pornogr\u00e1fica de todos los tiempos.<\/p>\n","protected":false},"excerpt":{"rendered":"<p>9788419179968<br \/>Guillaume Apollinaire<\/p>\n","protected":false},"featured_media":4954,"template":"","meta":{"_acf_changed":false,"_monsterinsights_skip_tracking":false,"_monsterinsights_sitenote_active":false,"_monsterinsights_sitenote_note":"","_monsterinsights_sitenote_category":0},"product_brand":[],"product_cat":[144],"product_tag":[],"class_list":{"0":"post-5903","1":"product","2":"type-product","3":"status-publish","4":"has-post-thumbnail","6":"product_cat-los-ineludibles","8":"first","9":"instock","10":"taxable","11":"shipping-taxable","12":"purchasable","13":"product-type-simple"},"acf":[],"yoast_head":"<!-- This site is optimized with the Yoast SEO plugin v27.3 - https:\/\/yoast.com\/product\/yoast-seo-wordpress\/ -->\n<title>Haza\u00f1as de un joven don juan seguido de Las once mil vergas - Editorial Navona<\/title>\n<meta name=\"robots\" content=\"index, follow, max-snippet:-1, max-image-preview:large, max-video-preview:-1\" \/>\n<link rel=\"canonical\" href=\"https:\/\/navonaed.com\/libro\/hazanas-de-un-joven-don-juan-seguido-de-las-once-mil-vergas\/\" \/>\n<meta property=\"og:locale\" content=\"ca_ES\" \/>\n<meta property=\"og:type\" content=\"article\" \/>\n<meta property=\"og:title\" content=\"Haza\u00f1as de un joven don juan seguido de Las once mil vergas - Editorial Navona\" \/>\n<meta property=\"og:description\" content=\"9788419179968Guillaume Apollinaire\" \/>\n<meta property=\"og:url\" content=\"https:\/\/navonaed.com\/libro\/hazanas-de-un-joven-don-juan-seguido-de-las-once-mil-vergas\/\" \/>\n<meta property=\"og:site_name\" content=\"Editorial Navona\" \/>\n<meta property=\"article:publisher\" content=\"https:\/\/www.facebook.com\/people\/Reemocioart\/100076073310442\/\" \/>\n<meta property=\"article:modified_time\" content=\"2025-11-19T12:32:46+00:00\" \/>\n<meta property=\"og:image\" content=\"https:\/\/navonaed.com\/wp-content\/uploads\/haza_as_de_un_joven_don_juan_seguido_de_las_once_mil_vergas.jpg\" \/>\n\t<meta property=\"og:image:width\" content=\"900\" \/>\n\t<meta property=\"og:image:height\" content=\"1359\" \/>\n\t<meta property=\"og:image:type\" content=\"image\/jpeg\" \/>\n<meta name=\"twitter:card\" content=\"summary_large_image\" \/>\n<meta name=\"twitter:label1\" content=\"Temps estimat de lectura\" \/>\n\t<meta name=\"twitter:data1\" content=\"2 minuts\" \/>\n<script type=\"application\/ld+json\" class=\"yoast-schema-graph\">{\"@context\":\"https:\\\/\\\/schema.org\",\"@graph\":[{\"@type\":\"WebPage\",\"@id\":\"https:\\\/\\\/navonaed.com\\\/libro\\\/hazanas-de-un-joven-don-juan-seguido-de-las-once-mil-vergas\\\/\",\"url\":\"https:\\\/\\\/navonaed.com\\\/libro\\\/hazanas-de-un-joven-don-juan-seguido-de-las-once-mil-vergas\\\/\",\"name\":\"Haza\u00f1as de un joven don juan seguido de Las once mil vergas - Editorial Navona\",\"isPartOf\":{\"@id\":\"https:\\\/\\\/navonaed.com\\\/#website\"},\"primaryImageOfPage\":{\"@id\":\"https:\\\/\\\/navonaed.com\\\/libro\\\/hazanas-de-un-joven-don-juan-seguido-de-las-once-mil-vergas\\\/#primaryimage\"},\"image\":{\"@id\":\"https:\\\/\\\/navonaed.com\\\/libro\\\/hazanas-de-un-joven-don-juan-seguido-de-las-once-mil-vergas\\\/#primaryimage\"},\"thumbnailUrl\":\"https:\\\/\\\/navonaed.com\\\/wp-content\\\/uploads\\\/haza_as_de_un_joven_don_juan_seguido_de_las_once_mil_vergas.jpg\",\"datePublished\":\"2022-07-03T22:00:00+00:00\",\"dateModified\":\"2025-11-19T12:32:46+00:00\",\"breadcrumb\":{\"@id\":\"https:\\\/\\\/navonaed.com\\\/libro\\\/hazanas-de-un-joven-don-juan-seguido-de-las-once-mil-vergas\\\/#breadcrumb\"},\"inLanguage\":\"ca\",\"potentialAction\":[{\"@type\":\"ReadAction\",\"target\":[\"https:\\\/\\\/navonaed.com\\\/libro\\\/hazanas-de-un-joven-don-juan-seguido-de-las-once-mil-vergas\\\/\"]}]},{\"@type\":\"ImageObject\",\"inLanguage\":\"ca\",\"@id\":\"https:\\\/\\\/navonaed.com\\\/libro\\\/hazanas-de-un-joven-don-juan-seguido-de-las-once-mil-vergas\\\/#primaryimage\",\"url\":\"https:\\\/\\\/navonaed.com\\\/wp-content\\\/uploads\\\/haza_as_de_un_joven_don_juan_seguido_de_las_once_mil_vergas.jpg\",\"contentUrl\":\"https:\\\/\\\/navonaed.com\\\/wp-content\\\/uploads\\\/haza_as_de_un_joven_don_juan_seguido_de_las_once_mil_vergas.jpg\",\"width\":900,\"height\":1359},{\"@type\":\"BreadcrumbList\",\"@id\":\"https:\\\/\\\/navonaed.com\\\/libro\\\/hazanas-de-un-joven-don-juan-seguido-de-las-once-mil-vergas\\\/#breadcrumb\",\"itemListElement\":[{\"@type\":\"ListItem\",\"position\":1,\"name\":\"Portada\",\"item\":\"https:\\\/\\\/navonaed.com\\\/ca\\\/\"},{\"@type\":\"ListItem\",\"position\":2,\"name\":\"Cat\u00e0leg\",\"item\":\"https:\\\/\\\/navonaed.com\\\/ca\\\/cataleg\\\/\"},{\"@type\":\"ListItem\",\"position\":3,\"name\":\"Haza\u00f1as de un joven don juan seguido de Las once mil vergas\"}]},{\"@type\":\"WebSite\",\"@id\":\"https:\\\/\\\/navonaed.com\\\/#website\",\"url\":\"https:\\\/\\\/navonaed.com\\\/\",\"name\":\"Editorial Navona\",\"description\":\"Nos gustan los libros\",\"publisher\":{\"@id\":\"https:\\\/\\\/navonaed.com\\\/#organization\"},\"potentialAction\":[{\"@type\":\"SearchAction\",\"target\":{\"@type\":\"EntryPoint\",\"urlTemplate\":\"https:\\\/\\\/navonaed.com\\\/?s={search_term_string}\"},\"query-input\":{\"@type\":\"PropertyValueSpecification\",\"valueRequired\":true,\"valueName\":\"search_term_string\"}}],\"inLanguage\":\"ca\"},{\"@type\":\"Organization\",\"@id\":\"https:\\\/\\\/navonaed.com\\\/#organization\",\"name\":\"Editorial Navona\",\"url\":\"https:\\\/\\\/navonaed.com\\\/\",\"logo\":{\"@type\":\"ImageObject\",\"inLanguage\":\"ca\",\"@id\":\"https:\\\/\\\/navonaed.com\\\/#\\\/schema\\\/logo\\\/image\\\/\",\"url\":\"https:\\\/\\\/navonaed.com\\\/wp-content\\\/uploads\\\/logo-navona.svg\",\"contentUrl\":\"https:\\\/\\\/navonaed.com\\\/wp-content\\\/uploads\\\/logo-navona.svg\",\"width\":155,\"height\":32,\"caption\":\"Editorial Navona\"},\"image\":{\"@id\":\"https:\\\/\\\/navonaed.com\\\/#\\\/schema\\\/logo\\\/image\\\/\"},\"sameAs\":[\"https:\\\/\\\/www.facebook.com\\\/people\\\/Reemocioart\\\/100076073310442\\\/\"]}]}<\/script>\n<!-- \/ Yoast SEO plugin. -->","yoast_head_json":{"title":"Haza\u00f1as de un joven don juan seguido de Las once mil vergas - Editorial Navona","robots":{"index":"index","follow":"follow","max-snippet":"max-snippet:-1","max-image-preview":"max-image-preview:large","max-video-preview":"max-video-preview:-1"},"canonical":"https:\/\/navonaed.com\/libro\/hazanas-de-un-joven-don-juan-seguido-de-las-once-mil-vergas\/","og_locale":"ca_ES","og_type":"article","og_title":"Haza\u00f1as de un joven don juan seguido de Las once mil vergas - Editorial Navona","og_description":"9788419179968Guillaume Apollinaire","og_url":"https:\/\/navonaed.com\/libro\/hazanas-de-un-joven-don-juan-seguido-de-las-once-mil-vergas\/","og_site_name":"Editorial Navona","article_publisher":"https:\/\/www.facebook.com\/people\/Reemocioart\/100076073310442\/","article_modified_time":"2025-11-19T12:32:46+00:00","og_image":[{"width":900,"height":1359,"url":"https:\/\/navonaed.com\/wp-content\/uploads\/haza_as_de_un_joven_don_juan_seguido_de_las_once_mil_vergas.jpg","type":"image\/jpeg"}],"twitter_card":"summary_large_image","twitter_misc":{"Temps estimat de lectura":"2 minuts"},"schema":{"@context":"https:\/\/schema.org","@graph":[{"@type":"WebPage","@id":"https:\/\/navonaed.com\/libro\/hazanas-de-un-joven-don-juan-seguido-de-las-once-mil-vergas\/","url":"https:\/\/navonaed.com\/libro\/hazanas-de-un-joven-don-juan-seguido-de-las-once-mil-vergas\/","name":"Haza\u00f1as de un joven don juan seguido de Las once mil vergas - Editorial Navona","isPartOf":{"@id":"https:\/\/navonaed.com\/#website"},"primaryImageOfPage":{"@id":"https:\/\/navonaed.com\/libro\/hazanas-de-un-joven-don-juan-seguido-de-las-once-mil-vergas\/#primaryimage"},"image":{"@id":"https:\/\/navonaed.com\/libro\/hazanas-de-un-joven-don-juan-seguido-de-las-once-mil-vergas\/#primaryimage"},"thumbnailUrl":"https:\/\/navonaed.com\/wp-content\/uploads\/haza_as_de_un_joven_don_juan_seguido_de_las_once_mil_vergas.jpg","datePublished":"2022-07-03T22:00:00+00:00","dateModified":"2025-11-19T12:32:46+00:00","breadcrumb":{"@id":"https:\/\/navonaed.com\/libro\/hazanas-de-un-joven-don-juan-seguido-de-las-once-mil-vergas\/#breadcrumb"},"inLanguage":"ca","potentialAction":[{"@type":"ReadAction","target":["https:\/\/navonaed.com\/libro\/hazanas-de-un-joven-don-juan-seguido-de-las-once-mil-vergas\/"]}]},{"@type":"ImageObject","inLanguage":"ca","@id":"https:\/\/navonaed.com\/libro\/hazanas-de-un-joven-don-juan-seguido-de-las-once-mil-vergas\/#primaryimage","url":"https:\/\/navonaed.com\/wp-content\/uploads\/haza_as_de_un_joven_don_juan_seguido_de_las_once_mil_vergas.jpg","contentUrl":"https:\/\/navonaed.com\/wp-content\/uploads\/haza_as_de_un_joven_don_juan_seguido_de_las_once_mil_vergas.jpg","width":900,"height":1359},{"@type":"BreadcrumbList","@id":"https:\/\/navonaed.com\/libro\/hazanas-de-un-joven-don-juan-seguido-de-las-once-mil-vergas\/#breadcrumb","itemListElement":[{"@type":"ListItem","position":1,"name":"Portada","item":"https:\/\/navonaed.com\/ca\/"},{"@type":"ListItem","position":2,"name":"Cat\u00e0leg","item":"https:\/\/navonaed.com\/ca\/cataleg\/"},{"@type":"ListItem","position":3,"name":"Haza\u00f1as de un joven don juan seguido de Las once mil vergas"}]},{"@type":"WebSite","@id":"https:\/\/navonaed.com\/#website","url":"https:\/\/navonaed.com\/","name":"Editorial Navona","description":"Nos gustan los libros","publisher":{"@id":"https:\/\/navonaed.com\/#organization"},"potentialAction":[{"@type":"SearchAction","target":{"@type":"EntryPoint","urlTemplate":"https:\/\/navonaed.com\/?s={search_term_string}"},"query-input":{"@type":"PropertyValueSpecification","valueRequired":true,"valueName":"search_term_string"}}],"inLanguage":"ca"},{"@type":"Organization","@id":"https:\/\/navonaed.com\/#organization","name":"Editorial Navona","url":"https:\/\/navonaed.com\/","logo":{"@type":"ImageObject","inLanguage":"ca","@id":"https:\/\/navonaed.com\/#\/schema\/logo\/image\/","url":"https:\/\/navonaed.com\/wp-content\/uploads\/logo-navona.svg","contentUrl":"https:\/\/navonaed.com\/wp-content\/uploads\/logo-navona.svg","width":155,"height":32,"caption":"Editorial Navona"},"image":{"@id":"https:\/\/navonaed.com\/#\/schema\/logo\/image\/"},"sameAs":["https:\/\/www.facebook.com\/people\/Reemocioart\/100076073310442\/"]}]}},"_links":{"self":[{"href":"https:\/\/navonaed.com\/ca\/wp-json\/wp\/v2\/product\/5903","targetHints":{"allow":["GET"]}}],"collection":[{"href":"https:\/\/navonaed.com\/ca\/wp-json\/wp\/v2\/product"}],"about":[{"href":"https:\/\/navonaed.com\/ca\/wp-json\/wp\/v2\/types\/product"}],"wp:featuredmedia":[{"embeddable":true,"href":"https:\/\/navonaed.com\/ca\/wp-json\/wp\/v2\/media\/4954"}],"wp:attachment":[{"href":"https:\/\/navonaed.com\/ca\/wp-json\/wp\/v2\/media?parent=5903"}],"wp:term":[{"taxonomy":"product_brand","embeddable":true,"href":"https:\/\/navonaed.com\/ca\/wp-json\/wp\/v2\/product_brand?post=5903"},{"taxonomy":"product_cat","embeddable":true,"href":"https:\/\/navonaed.com\/ca\/wp-json\/wp\/v2\/product_cat?post=5903"},{"taxonomy":"product_tag","embeddable":true,"href":"https:\/\/navonaed.com\/ca\/wp-json\/wp\/v2\/product_tag?post=5903"}],"curies":[{"name":"wp","href":"https:\/\/api.w.org\/{rel}","templated":true}]}}