{"id":5918,"date":"2022-10-24T00:00:00","date_gmt":"2022-10-23T22:00:00","guid":{"rendered":"https:\/\/navonaed.com\/libro\/jo-he-servit-al-rei-danglaterra\/"},"modified":"2025-11-12T13:07:47","modified_gmt":"2025-11-12T12:07:47","slug":"jo-he-servit-al-rei-danglaterra","status":"publish","type":"product","link":"https:\/\/navonaed.com\/ca\/libro\/jo-he-servit-al-rei-danglaterra\/","title":{"rendered":"Jo he servit al rei d&#8217;Anglaterra"},"content":{"rendered":"<p>A la d\u00e8cada de 1930, a Praga, un jove aprenent de cambrer, en Jan, aconsegueix la seva primera feina disposat a convertir-se en l\u2019amo d\u2019un hotel i fer-se milionari. Llest i ambici\u00f3s, ho supeditar\u00e0 tot a assolir l\u2019\u00e8xit i el reconeixement social. Per\u00f2 les decisions d\u2019en Jan no sempre seran encertades: es casa amb una alemanya que adora Hitler just quan les tropes nazis entren a Praga i esdev\u00e9 milionari just quan al seu pa\u00eds s\u2019implanta el comunisme.<\/p>\n<p>Amb un sentit de l\u2019humor brillant i unes escenes ir\u00f2niques i hilarants, Hrabal ens explica les divertides perip\u00e8cies del jove cambrer posant \u00e8mfasi en l\u2019absurd de la vida quotidiana. L\u2019aparent idiotesa d\u2019en Jan amaga una aguda intel\u00b7lig\u00e8ncia que li permet sobreviure als esdeveniments hist\u00f2rics m\u00e9s dram\u00e0tics del segle XX: la invasi\u00f3 nazi del seu pa\u00eds, la Segona Guerra Mundial i l\u2019arribada del comunisme.<\/p>\n<p>Monika Zgustova, traductora i bi\u00f2grafa de Hrabal, \u00e9s la c\u00f2mplice perfecta d\u2019aquesta operaci\u00f3 de recuperaci\u00f3 de l\u2019autor txec, que ja \u00e9s un referent imprescindible de la literatura europea del segle XX.<\/p>\n","protected":false},"excerpt":{"rendered":"<p>9788419311184<br \/>Bohumil Hrabal<\/p>\n","protected":false},"featured_media":4964,"template":"","meta":{"_acf_changed":false,"_monsterinsights_skip_tracking":false,"_monsterinsights_sitenote_active":false,"_monsterinsights_sitenote_note":"","_monsterinsights_sitenote_category":0},"product_brand":[],"product_cat":[151],"product_tag":[],"class_list":{"0":"post-5918","1":"product","2":"type-product","3":"status-publish","4":"has-post-thumbnail","6":"product_cat-serie-r","8":"first","9":"instock","10":"taxable","11":"shipping-taxable","12":"purchasable","13":"product-type-simple"},"acf":[],"yoast_head":"<!-- This site is optimized with the Yoast SEO plugin v27.3 - https:\/\/yoast.com\/product\/yoast-seo-wordpress\/ -->\n<title>Jo he servit al rei d&#039;Anglaterra - Editorial Navona<\/title>\n<meta name=\"robots\" content=\"index, follow, max-snippet:-1, max-image-preview:large, max-video-preview:-1\" \/>\n<link rel=\"canonical\" href=\"https:\/\/navonaed.com\/libro\/jo-he-servit-al-rei-danglaterra\/\" \/>\n<meta property=\"og:locale\" content=\"ca_ES\" \/>\n<meta property=\"og:type\" content=\"article\" \/>\n<meta property=\"og:title\" content=\"Jo he servit al rei d&#039;Anglaterra - Editorial Navona\" \/>\n<meta property=\"og:description\" content=\"9788419311184Bohumil Hrabal\" \/>\n<meta property=\"og:url\" content=\"https:\/\/navonaed.com\/libro\/jo-he-servit-al-rei-danglaterra\/\" \/>\n<meta property=\"og:site_name\" content=\"Editorial Navona\" \/>\n<meta property=\"article:publisher\" content=\"https:\/\/www.facebook.com\/people\/Reemocioart\/100076073310442\/\" \/>\n<meta property=\"article:modified_time\" content=\"2025-11-12T12:07:47+00:00\" \/>\n<meta property=\"og:image\" content=\"https:\/\/navonaed.com\/wp-content\/uploads\/jo_he_servit_el_rei_d_anglaterra.jpg\" \/>\n\t<meta property=\"og:image:width\" content=\"900\" \/>\n\t<meta property=\"og:image:height\" content=\"1331\" \/>\n\t<meta property=\"og:image:type\" content=\"image\/jpeg\" \/>\n<meta name=\"twitter:card\" content=\"summary_large_image\" \/>\n<meta name=\"twitter:label1\" content=\"Temps estimat de lectura\" \/>\n\t<meta name=\"twitter:data1\" content=\"1 minut\" \/>\n<script type=\"application\/ld+json\" class=\"yoast-schema-graph\">{\"@context\":\"https:\\\/\\\/schema.org\",\"@graph\":[{\"@type\":\"WebPage\",\"@id\":\"https:\\\/\\\/navonaed.com\\\/libro\\\/jo-he-servit-al-rei-danglaterra\\\/\",\"url\":\"https:\\\/\\\/navonaed.com\\\/libro\\\/jo-he-servit-al-rei-danglaterra\\\/\",\"name\":\"Jo he servit al rei d'Anglaterra - Editorial Navona\",\"isPartOf\":{\"@id\":\"https:\\\/\\\/navonaed.com\\\/#website\"},\"primaryImageOfPage\":{\"@id\":\"https:\\\/\\\/navonaed.com\\\/libro\\\/jo-he-servit-al-rei-danglaterra\\\/#primaryimage\"},\"image\":{\"@id\":\"https:\\\/\\\/navonaed.com\\\/libro\\\/jo-he-servit-al-rei-danglaterra\\\/#primaryimage\"},\"thumbnailUrl\":\"https:\\\/\\\/navonaed.com\\\/wp-content\\\/uploads\\\/jo_he_servit_el_rei_d_anglaterra.jpg\",\"datePublished\":\"2022-10-23T22:00:00+00:00\",\"dateModified\":\"2025-11-12T12:07:47+00:00\",\"breadcrumb\":{\"@id\":\"https:\\\/\\\/navonaed.com\\\/libro\\\/jo-he-servit-al-rei-danglaterra\\\/#breadcrumb\"},\"inLanguage\":\"ca\",\"potentialAction\":[{\"@type\":\"ReadAction\",\"target\":[\"https:\\\/\\\/navonaed.com\\\/libro\\\/jo-he-servit-al-rei-danglaterra\\\/\"]}]},{\"@type\":\"ImageObject\",\"inLanguage\":\"ca\",\"@id\":\"https:\\\/\\\/navonaed.com\\\/libro\\\/jo-he-servit-al-rei-danglaterra\\\/#primaryimage\",\"url\":\"https:\\\/\\\/navonaed.com\\\/wp-content\\\/uploads\\\/jo_he_servit_el_rei_d_anglaterra.jpg\",\"contentUrl\":\"https:\\\/\\\/navonaed.com\\\/wp-content\\\/uploads\\\/jo_he_servit_el_rei_d_anglaterra.jpg\",\"width\":900,\"height\":1331},{\"@type\":\"BreadcrumbList\",\"@id\":\"https:\\\/\\\/navonaed.com\\\/libro\\\/jo-he-servit-al-rei-danglaterra\\\/#breadcrumb\",\"itemListElement\":[{\"@type\":\"ListItem\",\"position\":1,\"name\":\"Portada\",\"item\":\"https:\\\/\\\/navonaed.com\\\/ca\\\/\"},{\"@type\":\"ListItem\",\"position\":2,\"name\":\"Cat\u00e0leg\",\"item\":\"https:\\\/\\\/navonaed.com\\\/ca\\\/cataleg\\\/\"},{\"@type\":\"ListItem\",\"position\":3,\"name\":\"Jo he servit al rei d&#8217;Anglaterra\"}]},{\"@type\":\"WebSite\",\"@id\":\"https:\\\/\\\/navonaed.com\\\/#website\",\"url\":\"https:\\\/\\\/navonaed.com\\\/\",\"name\":\"Editorial Navona\",\"description\":\"Nos gustan los libros\",\"publisher\":{\"@id\":\"https:\\\/\\\/navonaed.com\\\/#organization\"},\"potentialAction\":[{\"@type\":\"SearchAction\",\"target\":{\"@type\":\"EntryPoint\",\"urlTemplate\":\"https:\\\/\\\/navonaed.com\\\/?s={search_term_string}\"},\"query-input\":{\"@type\":\"PropertyValueSpecification\",\"valueRequired\":true,\"valueName\":\"search_term_string\"}}],\"inLanguage\":\"ca\"},{\"@type\":\"Organization\",\"@id\":\"https:\\\/\\\/navonaed.com\\\/#organization\",\"name\":\"Editorial Navona\",\"url\":\"https:\\\/\\\/navonaed.com\\\/\",\"logo\":{\"@type\":\"ImageObject\",\"inLanguage\":\"ca\",\"@id\":\"https:\\\/\\\/navonaed.com\\\/#\\\/schema\\\/logo\\\/image\\\/\",\"url\":\"https:\\\/\\\/navonaed.com\\\/wp-content\\\/uploads\\\/logo-navona.svg\",\"contentUrl\":\"https:\\\/\\\/navonaed.com\\\/wp-content\\\/uploads\\\/logo-navona.svg\",\"width\":155,\"height\":32,\"caption\":\"Editorial Navona\"},\"image\":{\"@id\":\"https:\\\/\\\/navonaed.com\\\/#\\\/schema\\\/logo\\\/image\\\/\"},\"sameAs\":[\"https:\\\/\\\/www.facebook.com\\\/people\\\/Reemocioart\\\/100076073310442\\\/\"]}]}<\/script>\n<!-- \/ Yoast SEO plugin. -->","yoast_head_json":{"title":"Jo he servit al rei d'Anglaterra - Editorial Navona","robots":{"index":"index","follow":"follow","max-snippet":"max-snippet:-1","max-image-preview":"max-image-preview:large","max-video-preview":"max-video-preview:-1"},"canonical":"https:\/\/navonaed.com\/libro\/jo-he-servit-al-rei-danglaterra\/","og_locale":"ca_ES","og_type":"article","og_title":"Jo he servit al rei d'Anglaterra - Editorial Navona","og_description":"9788419311184Bohumil Hrabal","og_url":"https:\/\/navonaed.com\/libro\/jo-he-servit-al-rei-danglaterra\/","og_site_name":"Editorial Navona","article_publisher":"https:\/\/www.facebook.com\/people\/Reemocioart\/100076073310442\/","article_modified_time":"2025-11-12T12:07:47+00:00","og_image":[{"width":900,"height":1331,"url":"https:\/\/navonaed.com\/wp-content\/uploads\/jo_he_servit_el_rei_d_anglaterra.jpg","type":"image\/jpeg"}],"twitter_card":"summary_large_image","twitter_misc":{"Temps estimat de lectura":"1 minut"},"schema":{"@context":"https:\/\/schema.org","@graph":[{"@type":"WebPage","@id":"https:\/\/navonaed.com\/libro\/jo-he-servit-al-rei-danglaterra\/","url":"https:\/\/navonaed.com\/libro\/jo-he-servit-al-rei-danglaterra\/","name":"Jo he servit al rei d'Anglaterra - Editorial Navona","isPartOf":{"@id":"https:\/\/navonaed.com\/#website"},"primaryImageOfPage":{"@id":"https:\/\/navonaed.com\/libro\/jo-he-servit-al-rei-danglaterra\/#primaryimage"},"image":{"@id":"https:\/\/navonaed.com\/libro\/jo-he-servit-al-rei-danglaterra\/#primaryimage"},"thumbnailUrl":"https:\/\/navonaed.com\/wp-content\/uploads\/jo_he_servit_el_rei_d_anglaterra.jpg","datePublished":"2022-10-23T22:00:00+00:00","dateModified":"2025-11-12T12:07:47+00:00","breadcrumb":{"@id":"https:\/\/navonaed.com\/libro\/jo-he-servit-al-rei-danglaterra\/#breadcrumb"},"inLanguage":"ca","potentialAction":[{"@type":"ReadAction","target":["https:\/\/navonaed.com\/libro\/jo-he-servit-al-rei-danglaterra\/"]}]},{"@type":"ImageObject","inLanguage":"ca","@id":"https:\/\/navonaed.com\/libro\/jo-he-servit-al-rei-danglaterra\/#primaryimage","url":"https:\/\/navonaed.com\/wp-content\/uploads\/jo_he_servit_el_rei_d_anglaterra.jpg","contentUrl":"https:\/\/navonaed.com\/wp-content\/uploads\/jo_he_servit_el_rei_d_anglaterra.jpg","width":900,"height":1331},{"@type":"BreadcrumbList","@id":"https:\/\/navonaed.com\/libro\/jo-he-servit-al-rei-danglaterra\/#breadcrumb","itemListElement":[{"@type":"ListItem","position":1,"name":"Portada","item":"https:\/\/navonaed.com\/ca\/"},{"@type":"ListItem","position":2,"name":"Cat\u00e0leg","item":"https:\/\/navonaed.com\/ca\/cataleg\/"},{"@type":"ListItem","position":3,"name":"Jo he servit al rei d&#8217;Anglaterra"}]},{"@type":"WebSite","@id":"https:\/\/navonaed.com\/#website","url":"https:\/\/navonaed.com\/","name":"Editorial Navona","description":"Nos gustan los libros","publisher":{"@id":"https:\/\/navonaed.com\/#organization"},"potentialAction":[{"@type":"SearchAction","target":{"@type":"EntryPoint","urlTemplate":"https:\/\/navonaed.com\/?s={search_term_string}"},"query-input":{"@type":"PropertyValueSpecification","valueRequired":true,"valueName":"search_term_string"}}],"inLanguage":"ca"},{"@type":"Organization","@id":"https:\/\/navonaed.com\/#organization","name":"Editorial Navona","url":"https:\/\/navonaed.com\/","logo":{"@type":"ImageObject","inLanguage":"ca","@id":"https:\/\/navonaed.com\/#\/schema\/logo\/image\/","url":"https:\/\/navonaed.com\/wp-content\/uploads\/logo-navona.svg","contentUrl":"https:\/\/navonaed.com\/wp-content\/uploads\/logo-navona.svg","width":155,"height":32,"caption":"Editorial Navona"},"image":{"@id":"https:\/\/navonaed.com\/#\/schema\/logo\/image\/"},"sameAs":["https:\/\/www.facebook.com\/people\/Reemocioart\/100076073310442\/"]}]}},"_links":{"self":[{"href":"https:\/\/navonaed.com\/ca\/wp-json\/wp\/v2\/product\/5918","targetHints":{"allow":["GET"]}}],"collection":[{"href":"https:\/\/navonaed.com\/ca\/wp-json\/wp\/v2\/product"}],"about":[{"href":"https:\/\/navonaed.com\/ca\/wp-json\/wp\/v2\/types\/product"}],"wp:featuredmedia":[{"embeddable":true,"href":"https:\/\/navonaed.com\/ca\/wp-json\/wp\/v2\/media\/4964"}],"wp:attachment":[{"href":"https:\/\/navonaed.com\/ca\/wp-json\/wp\/v2\/media?parent=5918"}],"wp:term":[{"taxonomy":"product_brand","embeddable":true,"href":"https:\/\/navonaed.com\/ca\/wp-json\/wp\/v2\/product_brand?post=5918"},{"taxonomy":"product_cat","embeddable":true,"href":"https:\/\/navonaed.com\/ca\/wp-json\/wp\/v2\/product_cat?post=5918"},{"taxonomy":"product_tag","embeddable":true,"href":"https:\/\/navonaed.com\/ca\/wp-json\/wp\/v2\/product_tag?post=5918"}],"curies":[{"name":"wp","href":"https:\/\/api.w.org\/{rel}","templated":true}]}}