{"id":5940,"date":"2025-02-11T00:00:00","date_gmt":"2025-02-10T23:00:00","guid":{"rendered":"https:\/\/navonaed.com\/libro\/la-leyenda-de-yasuke-el-samurai-africano\/"},"modified":"2025-10-31T10:38:35","modified_gmt":"2025-10-31T09:38:35","slug":"la-leyenda-de-yasuke-el-samurai-africano","status":"publish","type":"product","link":"https:\/\/navonaed.com\/ca\/libro\/la-leyenda-de-yasuke-el-samurai-africano\/","title":{"rendered":"La leyenda de Yasuke: el samur\u00e1i africano"},"content":{"rendered":"<p>En 1579, tras una larga traves\u00eda en barco repleta de adversidades, un esclavo africano de aspecto imponente llega a tierras japonesas. Secuestrado de su pueblo natal cuando era ni\u00f1o, vendido a mercenarios y condenado a luchar en numerosas batallas, el joven ser\u00e1 ofrecido como trato diplom\u00e1tico ante la figura m\u00e1s poderosa del pa\u00eds, el daimy\u014d Oda Nobunaga. Aunque proceden de mundos muy distintos, los dos hombres entablar\u00e1n una relaci\u00f3n de respeto y fidelidad legendaria, y la ins\u00f3lita capacidad del joven de proteger a su nuevo se\u00f1or de amenazas tanto militares como pol\u00edticas lo convertir\u00e1 en el primer samur\u00e1i de la historia nacido en el extranjero y el \u00fanico de ascendencia africana.<\/p>\n<p>Craig Shreve da vida a un h\u00e9roe olvidado combinando con maestr\u00eda una emocionante trama de aventuras con un rico trasfondo hist\u00f3rico. La leyenda de Yasuke: el samur\u00e1i africano nos lleva desde \u00e9picas escenas de batalla hasta una profunda exploraci\u00f3n de las tensiones entre Oriente y Occidente, as\u00ed como de la creaci\u00f3n del Jap\u00f3n moderno. Con un estilo cautivador y un protagonista \u00fanico, esta obra se convierte en una lectura adictiva.<\/p>\n","protected":false},"excerpt":{"rendered":"<p>9788410180208<br \/>Craig Shreve<\/p>\n","protected":false},"featured_media":5034,"template":"","meta":{"_acf_changed":false,"_monsterinsights_skip_tracking":false,"_monsterinsights_sitenote_active":false,"_monsterinsights_sitenote_note":"","_monsterinsights_sitenote_category":0},"product_brand":[],"product_cat":[141],"product_tag":[],"class_list":{"0":"post-5940","1":"product","2":"type-product","3":"status-publish","4":"has-post-thumbnail","6":"product_cat-serie-m","8":"first","9":"instock","10":"taxable","11":"shipping-taxable","12":"purchasable","13":"product-type-simple"},"acf":[],"yoast_head":"<!-- This site is optimized with the Yoast SEO plugin v27.3 - https:\/\/yoast.com\/product\/yoast-seo-wordpress\/ -->\n<title>La leyenda de Yasuke: el samur\u00e1i africano - Editorial Navona<\/title>\n<meta name=\"robots\" content=\"index, follow, max-snippet:-1, max-image-preview:large, max-video-preview:-1\" \/>\n<link rel=\"canonical\" href=\"https:\/\/navonaed.com\/libro\/la-leyenda-de-yasuke-el-samurai-africano\/\" \/>\n<meta property=\"og:locale\" content=\"ca_ES\" \/>\n<meta property=\"og:type\" content=\"article\" \/>\n<meta property=\"og:title\" content=\"La leyenda de Yasuke: el samur\u00e1i africano - Editorial Navona\" \/>\n<meta property=\"og:description\" content=\"9788410180208Craig Shreve\" \/>\n<meta property=\"og:url\" content=\"https:\/\/navonaed.com\/libro\/la-leyenda-de-yasuke-el-samurai-africano\/\" \/>\n<meta property=\"og:site_name\" content=\"Editorial Navona\" \/>\n<meta property=\"article:publisher\" content=\"https:\/\/www.facebook.com\/people\/Reemocioart\/100076073310442\/\" \/>\n<meta property=\"article:modified_time\" content=\"2025-10-31T09:38:35+00:00\" \/>\n<meta property=\"og:image\" content=\"https:\/\/navonaed.com\/wp-content\/uploads\/la_leyenda_de_yasuke.jpg\" \/>\n\t<meta property=\"og:image:width\" content=\"900\" \/>\n\t<meta property=\"og:image:height\" content=\"1331\" \/>\n\t<meta property=\"og:image:type\" content=\"image\/jpeg\" \/>\n<meta name=\"twitter:card\" content=\"summary_large_image\" \/>\n<meta name=\"twitter:label1\" content=\"Temps estimat de lectura\" \/>\n\t<meta name=\"twitter:data1\" content=\"2 minuts\" \/>\n<script type=\"application\/ld+json\" class=\"yoast-schema-graph\">{\"@context\":\"https:\\\/\\\/schema.org\",\"@graph\":[{\"@type\":\"WebPage\",\"@id\":\"https:\\\/\\\/navonaed.com\\\/libro\\\/la-leyenda-de-yasuke-el-samurai-africano\\\/\",\"url\":\"https:\\\/\\\/navonaed.com\\\/libro\\\/la-leyenda-de-yasuke-el-samurai-africano\\\/\",\"name\":\"La leyenda de Yasuke: el samur\u00e1i africano - Editorial Navona\",\"isPartOf\":{\"@id\":\"https:\\\/\\\/navonaed.com\\\/#website\"},\"primaryImageOfPage\":{\"@id\":\"https:\\\/\\\/navonaed.com\\\/libro\\\/la-leyenda-de-yasuke-el-samurai-africano\\\/#primaryimage\"},\"image\":{\"@id\":\"https:\\\/\\\/navonaed.com\\\/libro\\\/la-leyenda-de-yasuke-el-samurai-africano\\\/#primaryimage\"},\"thumbnailUrl\":\"https:\\\/\\\/navonaed.com\\\/wp-content\\\/uploads\\\/la_leyenda_de_yasuke.jpg\",\"datePublished\":\"2025-02-10T23:00:00+00:00\",\"dateModified\":\"2025-10-31T09:38:35+00:00\",\"breadcrumb\":{\"@id\":\"https:\\\/\\\/navonaed.com\\\/libro\\\/la-leyenda-de-yasuke-el-samurai-africano\\\/#breadcrumb\"},\"inLanguage\":\"ca\",\"potentialAction\":[{\"@type\":\"ReadAction\",\"target\":[\"https:\\\/\\\/navonaed.com\\\/libro\\\/la-leyenda-de-yasuke-el-samurai-africano\\\/\"]}]},{\"@type\":\"ImageObject\",\"inLanguage\":\"ca\",\"@id\":\"https:\\\/\\\/navonaed.com\\\/libro\\\/la-leyenda-de-yasuke-el-samurai-africano\\\/#primaryimage\",\"url\":\"https:\\\/\\\/navonaed.com\\\/wp-content\\\/uploads\\\/la_leyenda_de_yasuke.jpg\",\"contentUrl\":\"https:\\\/\\\/navonaed.com\\\/wp-content\\\/uploads\\\/la_leyenda_de_yasuke.jpg\",\"width\":900,\"height\":1331},{\"@type\":\"BreadcrumbList\",\"@id\":\"https:\\\/\\\/navonaed.com\\\/libro\\\/la-leyenda-de-yasuke-el-samurai-africano\\\/#breadcrumb\",\"itemListElement\":[{\"@type\":\"ListItem\",\"position\":1,\"name\":\"Portada\",\"item\":\"https:\\\/\\\/navonaed.com\\\/ca\\\/\"},{\"@type\":\"ListItem\",\"position\":2,\"name\":\"Cat\u00e0leg\",\"item\":\"https:\\\/\\\/navonaed.com\\\/ca\\\/cataleg\\\/\"},{\"@type\":\"ListItem\",\"position\":3,\"name\":\"La leyenda de Yasuke: el samur\u00e1i africano\"}]},{\"@type\":\"WebSite\",\"@id\":\"https:\\\/\\\/navonaed.com\\\/#website\",\"url\":\"https:\\\/\\\/navonaed.com\\\/\",\"name\":\"Editorial Navona\",\"description\":\"Nos gustan los libros\",\"publisher\":{\"@id\":\"https:\\\/\\\/navonaed.com\\\/#organization\"},\"potentialAction\":[{\"@type\":\"SearchAction\",\"target\":{\"@type\":\"EntryPoint\",\"urlTemplate\":\"https:\\\/\\\/navonaed.com\\\/?s={search_term_string}\"},\"query-input\":{\"@type\":\"PropertyValueSpecification\",\"valueRequired\":true,\"valueName\":\"search_term_string\"}}],\"inLanguage\":\"ca\"},{\"@type\":\"Organization\",\"@id\":\"https:\\\/\\\/navonaed.com\\\/#organization\",\"name\":\"Editorial Navona\",\"url\":\"https:\\\/\\\/navonaed.com\\\/\",\"logo\":{\"@type\":\"ImageObject\",\"inLanguage\":\"ca\",\"@id\":\"https:\\\/\\\/navonaed.com\\\/#\\\/schema\\\/logo\\\/image\\\/\",\"url\":\"https:\\\/\\\/navonaed.com\\\/wp-content\\\/uploads\\\/logo-navona.svg\",\"contentUrl\":\"https:\\\/\\\/navonaed.com\\\/wp-content\\\/uploads\\\/logo-navona.svg\",\"width\":155,\"height\":32,\"caption\":\"Editorial Navona\"},\"image\":{\"@id\":\"https:\\\/\\\/navonaed.com\\\/#\\\/schema\\\/logo\\\/image\\\/\"},\"sameAs\":[\"https:\\\/\\\/www.facebook.com\\\/people\\\/Reemocioart\\\/100076073310442\\\/\"]}]}<\/script>\n<!-- \/ Yoast SEO plugin. -->","yoast_head_json":{"title":"La leyenda de Yasuke: el samur\u00e1i africano - Editorial Navona","robots":{"index":"index","follow":"follow","max-snippet":"max-snippet:-1","max-image-preview":"max-image-preview:large","max-video-preview":"max-video-preview:-1"},"canonical":"https:\/\/navonaed.com\/libro\/la-leyenda-de-yasuke-el-samurai-africano\/","og_locale":"ca_ES","og_type":"article","og_title":"La leyenda de Yasuke: el samur\u00e1i africano - Editorial Navona","og_description":"9788410180208Craig Shreve","og_url":"https:\/\/navonaed.com\/libro\/la-leyenda-de-yasuke-el-samurai-africano\/","og_site_name":"Editorial Navona","article_publisher":"https:\/\/www.facebook.com\/people\/Reemocioart\/100076073310442\/","article_modified_time":"2025-10-31T09:38:35+00:00","og_image":[{"width":900,"height":1331,"url":"https:\/\/navonaed.com\/wp-content\/uploads\/la_leyenda_de_yasuke.jpg","type":"image\/jpeg"}],"twitter_card":"summary_large_image","twitter_misc":{"Temps estimat de lectura":"2 minuts"},"schema":{"@context":"https:\/\/schema.org","@graph":[{"@type":"WebPage","@id":"https:\/\/navonaed.com\/libro\/la-leyenda-de-yasuke-el-samurai-africano\/","url":"https:\/\/navonaed.com\/libro\/la-leyenda-de-yasuke-el-samurai-africano\/","name":"La leyenda de Yasuke: el samur\u00e1i africano - Editorial Navona","isPartOf":{"@id":"https:\/\/navonaed.com\/#website"},"primaryImageOfPage":{"@id":"https:\/\/navonaed.com\/libro\/la-leyenda-de-yasuke-el-samurai-africano\/#primaryimage"},"image":{"@id":"https:\/\/navonaed.com\/libro\/la-leyenda-de-yasuke-el-samurai-africano\/#primaryimage"},"thumbnailUrl":"https:\/\/navonaed.com\/wp-content\/uploads\/la_leyenda_de_yasuke.jpg","datePublished":"2025-02-10T23:00:00+00:00","dateModified":"2025-10-31T09:38:35+00:00","breadcrumb":{"@id":"https:\/\/navonaed.com\/libro\/la-leyenda-de-yasuke-el-samurai-africano\/#breadcrumb"},"inLanguage":"ca","potentialAction":[{"@type":"ReadAction","target":["https:\/\/navonaed.com\/libro\/la-leyenda-de-yasuke-el-samurai-africano\/"]}]},{"@type":"ImageObject","inLanguage":"ca","@id":"https:\/\/navonaed.com\/libro\/la-leyenda-de-yasuke-el-samurai-africano\/#primaryimage","url":"https:\/\/navonaed.com\/wp-content\/uploads\/la_leyenda_de_yasuke.jpg","contentUrl":"https:\/\/navonaed.com\/wp-content\/uploads\/la_leyenda_de_yasuke.jpg","width":900,"height":1331},{"@type":"BreadcrumbList","@id":"https:\/\/navonaed.com\/libro\/la-leyenda-de-yasuke-el-samurai-africano\/#breadcrumb","itemListElement":[{"@type":"ListItem","position":1,"name":"Portada","item":"https:\/\/navonaed.com\/ca\/"},{"@type":"ListItem","position":2,"name":"Cat\u00e0leg","item":"https:\/\/navonaed.com\/ca\/cataleg\/"},{"@type":"ListItem","position":3,"name":"La leyenda de Yasuke: el samur\u00e1i africano"}]},{"@type":"WebSite","@id":"https:\/\/navonaed.com\/#website","url":"https:\/\/navonaed.com\/","name":"Editorial Navona","description":"Nos gustan los libros","publisher":{"@id":"https:\/\/navonaed.com\/#organization"},"potentialAction":[{"@type":"SearchAction","target":{"@type":"EntryPoint","urlTemplate":"https:\/\/navonaed.com\/?s={search_term_string}"},"query-input":{"@type":"PropertyValueSpecification","valueRequired":true,"valueName":"search_term_string"}}],"inLanguage":"ca"},{"@type":"Organization","@id":"https:\/\/navonaed.com\/#organization","name":"Editorial Navona","url":"https:\/\/navonaed.com\/","logo":{"@type":"ImageObject","inLanguage":"ca","@id":"https:\/\/navonaed.com\/#\/schema\/logo\/image\/","url":"https:\/\/navonaed.com\/wp-content\/uploads\/logo-navona.svg","contentUrl":"https:\/\/navonaed.com\/wp-content\/uploads\/logo-navona.svg","width":155,"height":32,"caption":"Editorial Navona"},"image":{"@id":"https:\/\/navonaed.com\/#\/schema\/logo\/image\/"},"sameAs":["https:\/\/www.facebook.com\/people\/Reemocioart\/100076073310442\/"]}]}},"_links":{"self":[{"href":"https:\/\/navonaed.com\/ca\/wp-json\/wp\/v2\/product\/5940","targetHints":{"allow":["GET"]}}],"collection":[{"href":"https:\/\/navonaed.com\/ca\/wp-json\/wp\/v2\/product"}],"about":[{"href":"https:\/\/navonaed.com\/ca\/wp-json\/wp\/v2\/types\/product"}],"wp:featuredmedia":[{"embeddable":true,"href":"https:\/\/navonaed.com\/ca\/wp-json\/wp\/v2\/media\/5034"}],"wp:attachment":[{"href":"https:\/\/navonaed.com\/ca\/wp-json\/wp\/v2\/media?parent=5940"}],"wp:term":[{"taxonomy":"product_brand","embeddable":true,"href":"https:\/\/navonaed.com\/ca\/wp-json\/wp\/v2\/product_brand?post=5940"},{"taxonomy":"product_cat","embeddable":true,"href":"https:\/\/navonaed.com\/ca\/wp-json\/wp\/v2\/product_cat?post=5940"},{"taxonomy":"product_tag","embeddable":true,"href":"https:\/\/navonaed.com\/ca\/wp-json\/wp\/v2\/product_tag?post=5940"}],"curies":[{"name":"wp","href":"https:\/\/api.w.org\/{rel}","templated":true}]}}