{"id":5943,"date":"2025-02-11T00:00:00","date_gmt":"2025-02-10T23:00:00","guid":{"rendered":"https:\/\/navonaed.com\/libro\/la-llegenda-de-yasuke-el-samurai-africa\/"},"modified":"2025-10-31T10:40:21","modified_gmt":"2025-10-31T09:40:21","slug":"la-llegenda-de-yasuke-el-samurai-africa","status":"publish","type":"product","link":"https:\/\/navonaed.com\/ca\/libro\/la-llegenda-de-yasuke-el-samurai-africa\/","title":{"rendered":"La llegenda de Yasuke: el samurai afric\u00e0"},"content":{"rendered":"<p>El 1579, despr\u00e9s d\u2019una llarga travessia en vaixell plena d\u2019adversitats, un esclau afric\u00e0 d\u2019aspecte imponent arriba a terres japoneses. Segrestat del seu poble natal quan era un nen, venut a mercenaris i condemnat a lluitar en nombroses batalles, el jove ser\u00e0 ofert com a tracte diplom\u00e0tic davant la figura m\u00e9s poderosa del pa\u00eds, el d\u00e0imio Oda Nobunaga. Tot i que provenen de mons molt diferents, els dos homes establiran una relaci\u00f3 de respecte i fidelitat llegend\u00e0ria, i la ins\u00f2lita capacitat del jove de protegir el seu nou senyor d\u2019amenaces tant militars com pol\u00edtiques el convertir\u00e0 en el primer samurai de la hist\u00f2ria nascut a l\u2019estranger i l\u2019\u00fanic d\u2019ascend\u00e8ncia africana.<\/p>\n<p>Craig Shreve dona vida a un heroi oblidat combinant amb mestria una emocionant trama d\u2019aventures amb un ric rerefons hist\u00f2ric. La llegenda de Yasuke: el samurai afric\u00e0 ens porta des d\u2019\u00e8piques escenes de batalla fins a una profunda exploraci\u00f3 de les tensions entre Orient i Occident, aix\u00ed com de la creaci\u00f3 del Jap\u00f3 modern. Amb un estil captivador i un protagonista \u00fanic, aquesta obra es converteix en una lectura addictiva.<\/p>\n","protected":false},"excerpt":{"rendered":"<p>9788410180215<br \/>Craig Shreve<\/p>\n","protected":false},"featured_media":5042,"template":"","meta":{"_acf_changed":false,"_monsterinsights_skip_tracking":false,"_monsterinsights_sitenote_active":false,"_monsterinsights_sitenote_note":"","_monsterinsights_sitenote_category":0},"product_brand":[],"product_cat":[141],"product_tag":[],"class_list":{"0":"post-5943","1":"product","2":"type-product","3":"status-publish","4":"has-post-thumbnail","6":"product_cat-serie-m","8":"first","9":"instock","10":"taxable","11":"shipping-taxable","12":"purchasable","13":"product-type-simple"},"acf":[],"yoast_head":"<!-- This site is optimized with the Yoast SEO plugin v27.3 - https:\/\/yoast.com\/product\/yoast-seo-wordpress\/ -->\n<title>La llegenda de Yasuke: el samurai afric\u00e0 - Editorial Navona<\/title>\n<meta name=\"robots\" content=\"index, follow, max-snippet:-1, max-image-preview:large, max-video-preview:-1\" \/>\n<link rel=\"canonical\" href=\"https:\/\/navonaed.com\/libro\/la-llegenda-de-yasuke-el-samurai-africa\/\" \/>\n<meta property=\"og:locale\" content=\"ca_ES\" \/>\n<meta property=\"og:type\" content=\"article\" \/>\n<meta property=\"og:title\" content=\"La llegenda de Yasuke: el samurai afric\u00e0 - Editorial Navona\" \/>\n<meta property=\"og:description\" content=\"9788410180215Craig Shreve\" \/>\n<meta property=\"og:url\" content=\"https:\/\/navonaed.com\/libro\/la-llegenda-de-yasuke-el-samurai-africa\/\" \/>\n<meta property=\"og:site_name\" content=\"Editorial Navona\" \/>\n<meta property=\"article:publisher\" content=\"https:\/\/www.facebook.com\/people\/Reemocioart\/100076073310442\/\" \/>\n<meta property=\"article:modified_time\" content=\"2025-10-31T09:40:21+00:00\" \/>\n<meta property=\"og:image\" content=\"https:\/\/navonaed.com\/wp-content\/uploads\/la_llegenda_de_yasuke.jpg\" \/>\n\t<meta property=\"og:image:width\" content=\"900\" \/>\n\t<meta property=\"og:image:height\" content=\"1331\" \/>\n\t<meta property=\"og:image:type\" content=\"image\/jpeg\" \/>\n<meta name=\"twitter:card\" content=\"summary_large_image\" \/>\n<meta name=\"twitter:label1\" content=\"Temps estimat de lectura\" \/>\n\t<meta name=\"twitter:data1\" content=\"2 minuts\" \/>\n<script type=\"application\/ld+json\" class=\"yoast-schema-graph\">{\"@context\":\"https:\\\/\\\/schema.org\",\"@graph\":[{\"@type\":\"WebPage\",\"@id\":\"https:\\\/\\\/navonaed.com\\\/libro\\\/la-llegenda-de-yasuke-el-samurai-africa\\\/\",\"url\":\"https:\\\/\\\/navonaed.com\\\/libro\\\/la-llegenda-de-yasuke-el-samurai-africa\\\/\",\"name\":\"La llegenda de Yasuke: el samurai afric\u00e0 - Editorial Navona\",\"isPartOf\":{\"@id\":\"https:\\\/\\\/navonaed.com\\\/#website\"},\"primaryImageOfPage\":{\"@id\":\"https:\\\/\\\/navonaed.com\\\/libro\\\/la-llegenda-de-yasuke-el-samurai-africa\\\/#primaryimage\"},\"image\":{\"@id\":\"https:\\\/\\\/navonaed.com\\\/libro\\\/la-llegenda-de-yasuke-el-samurai-africa\\\/#primaryimage\"},\"thumbnailUrl\":\"https:\\\/\\\/navonaed.com\\\/wp-content\\\/uploads\\\/la_llegenda_de_yasuke.jpg\",\"datePublished\":\"2025-02-10T23:00:00+00:00\",\"dateModified\":\"2025-10-31T09:40:21+00:00\",\"breadcrumb\":{\"@id\":\"https:\\\/\\\/navonaed.com\\\/libro\\\/la-llegenda-de-yasuke-el-samurai-africa\\\/#breadcrumb\"},\"inLanguage\":\"ca\",\"potentialAction\":[{\"@type\":\"ReadAction\",\"target\":[\"https:\\\/\\\/navonaed.com\\\/libro\\\/la-llegenda-de-yasuke-el-samurai-africa\\\/\"]}]},{\"@type\":\"ImageObject\",\"inLanguage\":\"ca\",\"@id\":\"https:\\\/\\\/navonaed.com\\\/libro\\\/la-llegenda-de-yasuke-el-samurai-africa\\\/#primaryimage\",\"url\":\"https:\\\/\\\/navonaed.com\\\/wp-content\\\/uploads\\\/la_llegenda_de_yasuke.jpg\",\"contentUrl\":\"https:\\\/\\\/navonaed.com\\\/wp-content\\\/uploads\\\/la_llegenda_de_yasuke.jpg\",\"width\":900,\"height\":1331},{\"@type\":\"BreadcrumbList\",\"@id\":\"https:\\\/\\\/navonaed.com\\\/libro\\\/la-llegenda-de-yasuke-el-samurai-africa\\\/#breadcrumb\",\"itemListElement\":[{\"@type\":\"ListItem\",\"position\":1,\"name\":\"Portada\",\"item\":\"https:\\\/\\\/navonaed.com\\\/ca\\\/\"},{\"@type\":\"ListItem\",\"position\":2,\"name\":\"Cat\u00e0leg\",\"item\":\"https:\\\/\\\/navonaed.com\\\/ca\\\/cataleg\\\/\"},{\"@type\":\"ListItem\",\"position\":3,\"name\":\"La llegenda de Yasuke: el samurai afric\u00e0\"}]},{\"@type\":\"WebSite\",\"@id\":\"https:\\\/\\\/navonaed.com\\\/#website\",\"url\":\"https:\\\/\\\/navonaed.com\\\/\",\"name\":\"Editorial Navona\",\"description\":\"Nos gustan los libros\",\"publisher\":{\"@id\":\"https:\\\/\\\/navonaed.com\\\/#organization\"},\"potentialAction\":[{\"@type\":\"SearchAction\",\"target\":{\"@type\":\"EntryPoint\",\"urlTemplate\":\"https:\\\/\\\/navonaed.com\\\/?s={search_term_string}\"},\"query-input\":{\"@type\":\"PropertyValueSpecification\",\"valueRequired\":true,\"valueName\":\"search_term_string\"}}],\"inLanguage\":\"ca\"},{\"@type\":\"Organization\",\"@id\":\"https:\\\/\\\/navonaed.com\\\/#organization\",\"name\":\"Editorial Navona\",\"url\":\"https:\\\/\\\/navonaed.com\\\/\",\"logo\":{\"@type\":\"ImageObject\",\"inLanguage\":\"ca\",\"@id\":\"https:\\\/\\\/navonaed.com\\\/#\\\/schema\\\/logo\\\/image\\\/\",\"url\":\"https:\\\/\\\/navonaed.com\\\/wp-content\\\/uploads\\\/logo-navona.svg\",\"contentUrl\":\"https:\\\/\\\/navonaed.com\\\/wp-content\\\/uploads\\\/logo-navona.svg\",\"width\":155,\"height\":32,\"caption\":\"Editorial Navona\"},\"image\":{\"@id\":\"https:\\\/\\\/navonaed.com\\\/#\\\/schema\\\/logo\\\/image\\\/\"},\"sameAs\":[\"https:\\\/\\\/www.facebook.com\\\/people\\\/Reemocioart\\\/100076073310442\\\/\"]}]}<\/script>\n<!-- \/ Yoast SEO plugin. -->","yoast_head_json":{"title":"La llegenda de Yasuke: el samurai afric\u00e0 - Editorial Navona","robots":{"index":"index","follow":"follow","max-snippet":"max-snippet:-1","max-image-preview":"max-image-preview:large","max-video-preview":"max-video-preview:-1"},"canonical":"https:\/\/navonaed.com\/libro\/la-llegenda-de-yasuke-el-samurai-africa\/","og_locale":"ca_ES","og_type":"article","og_title":"La llegenda de Yasuke: el samurai afric\u00e0 - Editorial Navona","og_description":"9788410180215Craig Shreve","og_url":"https:\/\/navonaed.com\/libro\/la-llegenda-de-yasuke-el-samurai-africa\/","og_site_name":"Editorial Navona","article_publisher":"https:\/\/www.facebook.com\/people\/Reemocioart\/100076073310442\/","article_modified_time":"2025-10-31T09:40:21+00:00","og_image":[{"width":900,"height":1331,"url":"https:\/\/navonaed.com\/wp-content\/uploads\/la_llegenda_de_yasuke.jpg","type":"image\/jpeg"}],"twitter_card":"summary_large_image","twitter_misc":{"Temps estimat de lectura":"2 minuts"},"schema":{"@context":"https:\/\/schema.org","@graph":[{"@type":"WebPage","@id":"https:\/\/navonaed.com\/libro\/la-llegenda-de-yasuke-el-samurai-africa\/","url":"https:\/\/navonaed.com\/libro\/la-llegenda-de-yasuke-el-samurai-africa\/","name":"La llegenda de Yasuke: el samurai afric\u00e0 - Editorial Navona","isPartOf":{"@id":"https:\/\/navonaed.com\/#website"},"primaryImageOfPage":{"@id":"https:\/\/navonaed.com\/libro\/la-llegenda-de-yasuke-el-samurai-africa\/#primaryimage"},"image":{"@id":"https:\/\/navonaed.com\/libro\/la-llegenda-de-yasuke-el-samurai-africa\/#primaryimage"},"thumbnailUrl":"https:\/\/navonaed.com\/wp-content\/uploads\/la_llegenda_de_yasuke.jpg","datePublished":"2025-02-10T23:00:00+00:00","dateModified":"2025-10-31T09:40:21+00:00","breadcrumb":{"@id":"https:\/\/navonaed.com\/libro\/la-llegenda-de-yasuke-el-samurai-africa\/#breadcrumb"},"inLanguage":"ca","potentialAction":[{"@type":"ReadAction","target":["https:\/\/navonaed.com\/libro\/la-llegenda-de-yasuke-el-samurai-africa\/"]}]},{"@type":"ImageObject","inLanguage":"ca","@id":"https:\/\/navonaed.com\/libro\/la-llegenda-de-yasuke-el-samurai-africa\/#primaryimage","url":"https:\/\/navonaed.com\/wp-content\/uploads\/la_llegenda_de_yasuke.jpg","contentUrl":"https:\/\/navonaed.com\/wp-content\/uploads\/la_llegenda_de_yasuke.jpg","width":900,"height":1331},{"@type":"BreadcrumbList","@id":"https:\/\/navonaed.com\/libro\/la-llegenda-de-yasuke-el-samurai-africa\/#breadcrumb","itemListElement":[{"@type":"ListItem","position":1,"name":"Portada","item":"https:\/\/navonaed.com\/ca\/"},{"@type":"ListItem","position":2,"name":"Cat\u00e0leg","item":"https:\/\/navonaed.com\/ca\/cataleg\/"},{"@type":"ListItem","position":3,"name":"La llegenda de Yasuke: el samurai afric\u00e0"}]},{"@type":"WebSite","@id":"https:\/\/navonaed.com\/#website","url":"https:\/\/navonaed.com\/","name":"Editorial Navona","description":"Nos gustan los libros","publisher":{"@id":"https:\/\/navonaed.com\/#organization"},"potentialAction":[{"@type":"SearchAction","target":{"@type":"EntryPoint","urlTemplate":"https:\/\/navonaed.com\/?s={search_term_string}"},"query-input":{"@type":"PropertyValueSpecification","valueRequired":true,"valueName":"search_term_string"}}],"inLanguage":"ca"},{"@type":"Organization","@id":"https:\/\/navonaed.com\/#organization","name":"Editorial Navona","url":"https:\/\/navonaed.com\/","logo":{"@type":"ImageObject","inLanguage":"ca","@id":"https:\/\/navonaed.com\/#\/schema\/logo\/image\/","url":"https:\/\/navonaed.com\/wp-content\/uploads\/logo-navona.svg","contentUrl":"https:\/\/navonaed.com\/wp-content\/uploads\/logo-navona.svg","width":155,"height":32,"caption":"Editorial Navona"},"image":{"@id":"https:\/\/navonaed.com\/#\/schema\/logo\/image\/"},"sameAs":["https:\/\/www.facebook.com\/people\/Reemocioart\/100076073310442\/"]}]}},"_links":{"self":[{"href":"https:\/\/navonaed.com\/ca\/wp-json\/wp\/v2\/product\/5943","targetHints":{"allow":["GET"]}}],"collection":[{"href":"https:\/\/navonaed.com\/ca\/wp-json\/wp\/v2\/product"}],"about":[{"href":"https:\/\/navonaed.com\/ca\/wp-json\/wp\/v2\/types\/product"}],"wp:featuredmedia":[{"embeddable":true,"href":"https:\/\/navonaed.com\/ca\/wp-json\/wp\/v2\/media\/5042"}],"wp:attachment":[{"href":"https:\/\/navonaed.com\/ca\/wp-json\/wp\/v2\/media?parent=5943"}],"wp:term":[{"taxonomy":"product_brand","embeddable":true,"href":"https:\/\/navonaed.com\/ca\/wp-json\/wp\/v2\/product_brand?post=5943"},{"taxonomy":"product_cat","embeddable":true,"href":"https:\/\/navonaed.com\/ca\/wp-json\/wp\/v2\/product_cat?post=5943"},{"taxonomy":"product_tag","embeddable":true,"href":"https:\/\/navonaed.com\/ca\/wp-json\/wp\/v2\/product_tag?post=5943"}],"curies":[{"name":"wp","href":"https:\/\/api.w.org\/{rel}","templated":true}]}}