{"id":5958,"date":"2024-02-26T00:00:00","date_gmt":"2024-02-25T23:00:00","guid":{"rendered":"https:\/\/navonaed.com\/libro\/la-vida-secreta-de-roberto-bolano-2\/"},"modified":"2025-11-06T11:42:38","modified_gmt":"2025-11-06T10:42:38","slug":"la-vida-secreta-de-roberto-bolano-2","status":"publish","type":"product","link":"https:\/\/navonaed.com\/ca\/libro\/la-vida-secreta-de-roberto-bolano-2\/","title":{"rendered":"La vida secreta de Roberto Bola\u00f1o"},"content":{"rendered":"<p><b>A medio camino entre la ficci\u00f3n y la cr\u00f3nica literaria, Montero Glez narra sus encuentros con grandes artistas.<\/b><\/p>\n<p>Cae la lluvia sobre un bar de T\u00e1nger donde se susurran, desordenados y envueltos de misterio, los secretos. La historia de aquella vez que William Burroughs visit\u00f3 la ciudad y se enamor\u00f3 de un muchacho espa\u00f1ol, o cuando Lucien Carr fusion\u00f3 el nombre de la generaci\u00f3n beat con el de las intrigas criminales. Montero Glez se encarga de anotarlas y transmitirlas para ofrecer al lector un nuevo inventario de las ocasiones en que lleg\u00f3 a cruzarse con las leyendas literarias de los \u00faltimos tiempos. Un anecdotario fascinante que oscila entre la cr\u00f3nica period\u00edstica, el cuento y la m\u00e1s pura invenci\u00f3n.<\/p>\n<p>Mediante encuentros con los pintores Luis Claramunt, Ceesepe y Miquel Barcel\u00f3, un retrato excepcional del cantaor Agujetas y la intromisi\u00f3n de novelistas como Juan Mars\u00e9, Ernest Hemingway o Enrique Vila-Matas, Montero Glez nos brinda en La vida secreta de Roberto Bola\u00f1o un maravilloso libro sobre libros y sobre autores, en un juego de estilos, devaneos con la s\u00e1tira, la autoficci\u00f3n e incluso la f\u00edsica cu\u00e1ntica, que har\u00e1 las delicias de cualquier lector dispuesto a dejarse convencer por el enga\u00f1o y confundir por la verdad.<\/p>\n","protected":false},"excerpt":{"rendered":"<p>9788419552853<br \/>Montero Glez<\/p>\n","protected":false},"featured_media":5076,"template":"","meta":{"_acf_changed":false,"_monsterinsights_skip_tracking":false,"_monsterinsights_sitenote_active":false,"_monsterinsights_sitenote_note":"","_monsterinsights_sitenote_category":0},"product_brand":[],"product_cat":[141],"product_tag":[],"class_list":{"0":"post-5958","1":"product","2":"type-product","3":"status-publish","4":"has-post-thumbnail","6":"product_cat-serie-m","8":"first","9":"instock","10":"taxable","11":"shipping-taxable","12":"purchasable","13":"product-type-simple"},"acf":[],"yoast_head":"<!-- This site is optimized with the Yoast SEO plugin v27.3 - https:\/\/yoast.com\/product\/yoast-seo-wordpress\/ -->\n<title>La vida secreta de Roberto Bola\u00f1o - Editorial Navona<\/title>\n<meta name=\"robots\" content=\"index, follow, max-snippet:-1, max-image-preview:large, max-video-preview:-1\" \/>\n<link rel=\"canonical\" href=\"https:\/\/navonaed.com\/libro\/la-vida-secreta-de-roberto-bolano-2\/\" \/>\n<meta property=\"og:locale\" content=\"ca_ES\" \/>\n<meta property=\"og:type\" content=\"article\" \/>\n<meta property=\"og:title\" content=\"La vida secreta de Roberto Bola\u00f1o - Editorial Navona\" \/>\n<meta property=\"og:description\" content=\"9788419552853Montero Glez\" \/>\n<meta property=\"og:url\" content=\"https:\/\/navonaed.com\/libro\/la-vida-secreta-de-roberto-bolano-2\/\" \/>\n<meta property=\"og:site_name\" content=\"Editorial Navona\" \/>\n<meta property=\"article:publisher\" content=\"https:\/\/www.facebook.com\/people\/Reemocioart\/100076073310442\/\" \/>\n<meta property=\"article:modified_time\" content=\"2025-11-06T10:42:38+00:00\" \/>\n<meta property=\"og:image\" content=\"https:\/\/navonaed.com\/wp-content\/uploads\/la_vida_secreta_de_roberto_bola_o.jpg\" \/>\n\t<meta property=\"og:image:width\" content=\"900\" \/>\n\t<meta property=\"og:image:height\" content=\"1331\" \/>\n\t<meta property=\"og:image:type\" content=\"image\/jpeg\" \/>\n<meta name=\"twitter:card\" content=\"summary_large_image\" \/>\n<meta name=\"twitter:label1\" content=\"Temps estimat de lectura\" \/>\n\t<meta name=\"twitter:data1\" content=\"2 minuts\" \/>\n<script type=\"application\/ld+json\" class=\"yoast-schema-graph\">{\"@context\":\"https:\\\/\\\/schema.org\",\"@graph\":[{\"@type\":\"WebPage\",\"@id\":\"https:\\\/\\\/navonaed.com\\\/libro\\\/la-vida-secreta-de-roberto-bolano-2\\\/\",\"url\":\"https:\\\/\\\/navonaed.com\\\/libro\\\/la-vida-secreta-de-roberto-bolano-2\\\/\",\"name\":\"La vida secreta de Roberto Bola\u00f1o - Editorial Navona\",\"isPartOf\":{\"@id\":\"https:\\\/\\\/navonaed.com\\\/#website\"},\"primaryImageOfPage\":{\"@id\":\"https:\\\/\\\/navonaed.com\\\/libro\\\/la-vida-secreta-de-roberto-bolano-2\\\/#primaryimage\"},\"image\":{\"@id\":\"https:\\\/\\\/navonaed.com\\\/libro\\\/la-vida-secreta-de-roberto-bolano-2\\\/#primaryimage\"},\"thumbnailUrl\":\"https:\\\/\\\/navonaed.com\\\/wp-content\\\/uploads\\\/la_vida_secreta_de_roberto_bola_o.jpg\",\"datePublished\":\"2024-02-25T23:00:00+00:00\",\"dateModified\":\"2025-11-06T10:42:38+00:00\",\"breadcrumb\":{\"@id\":\"https:\\\/\\\/navonaed.com\\\/libro\\\/la-vida-secreta-de-roberto-bolano-2\\\/#breadcrumb\"},\"inLanguage\":\"ca\",\"potentialAction\":[{\"@type\":\"ReadAction\",\"target\":[\"https:\\\/\\\/navonaed.com\\\/libro\\\/la-vida-secreta-de-roberto-bolano-2\\\/\"]}]},{\"@type\":\"ImageObject\",\"inLanguage\":\"ca\",\"@id\":\"https:\\\/\\\/navonaed.com\\\/libro\\\/la-vida-secreta-de-roberto-bolano-2\\\/#primaryimage\",\"url\":\"https:\\\/\\\/navonaed.com\\\/wp-content\\\/uploads\\\/la_vida_secreta_de_roberto_bola_o.jpg\",\"contentUrl\":\"https:\\\/\\\/navonaed.com\\\/wp-content\\\/uploads\\\/la_vida_secreta_de_roberto_bola_o.jpg\",\"width\":900,\"height\":1331},{\"@type\":\"BreadcrumbList\",\"@id\":\"https:\\\/\\\/navonaed.com\\\/libro\\\/la-vida-secreta-de-roberto-bolano-2\\\/#breadcrumb\",\"itemListElement\":[{\"@type\":\"ListItem\",\"position\":1,\"name\":\"Portada\",\"item\":\"https:\\\/\\\/navonaed.com\\\/ca\\\/\"},{\"@type\":\"ListItem\",\"position\":2,\"name\":\"Cat\u00e0leg\",\"item\":\"https:\\\/\\\/navonaed.com\\\/ca\\\/cataleg\\\/\"},{\"@type\":\"ListItem\",\"position\":3,\"name\":\"La vida secreta de Roberto Bola\u00f1o\"}]},{\"@type\":\"WebSite\",\"@id\":\"https:\\\/\\\/navonaed.com\\\/#website\",\"url\":\"https:\\\/\\\/navonaed.com\\\/\",\"name\":\"Editorial Navona\",\"description\":\"Nos gustan los libros\",\"publisher\":{\"@id\":\"https:\\\/\\\/navonaed.com\\\/#organization\"},\"potentialAction\":[{\"@type\":\"SearchAction\",\"target\":{\"@type\":\"EntryPoint\",\"urlTemplate\":\"https:\\\/\\\/navonaed.com\\\/?s={search_term_string}\"},\"query-input\":{\"@type\":\"PropertyValueSpecification\",\"valueRequired\":true,\"valueName\":\"search_term_string\"}}],\"inLanguage\":\"ca\"},{\"@type\":\"Organization\",\"@id\":\"https:\\\/\\\/navonaed.com\\\/#organization\",\"name\":\"Editorial Navona\",\"url\":\"https:\\\/\\\/navonaed.com\\\/\",\"logo\":{\"@type\":\"ImageObject\",\"inLanguage\":\"ca\",\"@id\":\"https:\\\/\\\/navonaed.com\\\/#\\\/schema\\\/logo\\\/image\\\/\",\"url\":\"https:\\\/\\\/navonaed.com\\\/wp-content\\\/uploads\\\/logo-navona.svg\",\"contentUrl\":\"https:\\\/\\\/navonaed.com\\\/wp-content\\\/uploads\\\/logo-navona.svg\",\"width\":155,\"height\":32,\"caption\":\"Editorial Navona\"},\"image\":{\"@id\":\"https:\\\/\\\/navonaed.com\\\/#\\\/schema\\\/logo\\\/image\\\/\"},\"sameAs\":[\"https:\\\/\\\/www.facebook.com\\\/people\\\/Reemocioart\\\/100076073310442\\\/\"]}]}<\/script>\n<!-- \/ Yoast SEO plugin. -->","yoast_head_json":{"title":"La vida secreta de Roberto Bola\u00f1o - Editorial Navona","robots":{"index":"index","follow":"follow","max-snippet":"max-snippet:-1","max-image-preview":"max-image-preview:large","max-video-preview":"max-video-preview:-1"},"canonical":"https:\/\/navonaed.com\/libro\/la-vida-secreta-de-roberto-bolano-2\/","og_locale":"ca_ES","og_type":"article","og_title":"La vida secreta de Roberto Bola\u00f1o - Editorial Navona","og_description":"9788419552853Montero Glez","og_url":"https:\/\/navonaed.com\/libro\/la-vida-secreta-de-roberto-bolano-2\/","og_site_name":"Editorial Navona","article_publisher":"https:\/\/www.facebook.com\/people\/Reemocioart\/100076073310442\/","article_modified_time":"2025-11-06T10:42:38+00:00","og_image":[{"width":900,"height":1331,"url":"https:\/\/navonaed.com\/wp-content\/uploads\/la_vida_secreta_de_roberto_bola_o.jpg","type":"image\/jpeg"}],"twitter_card":"summary_large_image","twitter_misc":{"Temps estimat de lectura":"2 minuts"},"schema":{"@context":"https:\/\/schema.org","@graph":[{"@type":"WebPage","@id":"https:\/\/navonaed.com\/libro\/la-vida-secreta-de-roberto-bolano-2\/","url":"https:\/\/navonaed.com\/libro\/la-vida-secreta-de-roberto-bolano-2\/","name":"La vida secreta de Roberto Bola\u00f1o - Editorial Navona","isPartOf":{"@id":"https:\/\/navonaed.com\/#website"},"primaryImageOfPage":{"@id":"https:\/\/navonaed.com\/libro\/la-vida-secreta-de-roberto-bolano-2\/#primaryimage"},"image":{"@id":"https:\/\/navonaed.com\/libro\/la-vida-secreta-de-roberto-bolano-2\/#primaryimage"},"thumbnailUrl":"https:\/\/navonaed.com\/wp-content\/uploads\/la_vida_secreta_de_roberto_bola_o.jpg","datePublished":"2024-02-25T23:00:00+00:00","dateModified":"2025-11-06T10:42:38+00:00","breadcrumb":{"@id":"https:\/\/navonaed.com\/libro\/la-vida-secreta-de-roberto-bolano-2\/#breadcrumb"},"inLanguage":"ca","potentialAction":[{"@type":"ReadAction","target":["https:\/\/navonaed.com\/libro\/la-vida-secreta-de-roberto-bolano-2\/"]}]},{"@type":"ImageObject","inLanguage":"ca","@id":"https:\/\/navonaed.com\/libro\/la-vida-secreta-de-roberto-bolano-2\/#primaryimage","url":"https:\/\/navonaed.com\/wp-content\/uploads\/la_vida_secreta_de_roberto_bola_o.jpg","contentUrl":"https:\/\/navonaed.com\/wp-content\/uploads\/la_vida_secreta_de_roberto_bola_o.jpg","width":900,"height":1331},{"@type":"BreadcrumbList","@id":"https:\/\/navonaed.com\/libro\/la-vida-secreta-de-roberto-bolano-2\/#breadcrumb","itemListElement":[{"@type":"ListItem","position":1,"name":"Portada","item":"https:\/\/navonaed.com\/ca\/"},{"@type":"ListItem","position":2,"name":"Cat\u00e0leg","item":"https:\/\/navonaed.com\/ca\/cataleg\/"},{"@type":"ListItem","position":3,"name":"La vida secreta de Roberto Bola\u00f1o"}]},{"@type":"WebSite","@id":"https:\/\/navonaed.com\/#website","url":"https:\/\/navonaed.com\/","name":"Editorial Navona","description":"Nos gustan los libros","publisher":{"@id":"https:\/\/navonaed.com\/#organization"},"potentialAction":[{"@type":"SearchAction","target":{"@type":"EntryPoint","urlTemplate":"https:\/\/navonaed.com\/?s={search_term_string}"},"query-input":{"@type":"PropertyValueSpecification","valueRequired":true,"valueName":"search_term_string"}}],"inLanguage":"ca"},{"@type":"Organization","@id":"https:\/\/navonaed.com\/#organization","name":"Editorial Navona","url":"https:\/\/navonaed.com\/","logo":{"@type":"ImageObject","inLanguage":"ca","@id":"https:\/\/navonaed.com\/#\/schema\/logo\/image\/","url":"https:\/\/navonaed.com\/wp-content\/uploads\/logo-navona.svg","contentUrl":"https:\/\/navonaed.com\/wp-content\/uploads\/logo-navona.svg","width":155,"height":32,"caption":"Editorial Navona"},"image":{"@id":"https:\/\/navonaed.com\/#\/schema\/logo\/image\/"},"sameAs":["https:\/\/www.facebook.com\/people\/Reemocioart\/100076073310442\/"]}]}},"_links":{"self":[{"href":"https:\/\/navonaed.com\/ca\/wp-json\/wp\/v2\/product\/5958","targetHints":{"allow":["GET"]}}],"collection":[{"href":"https:\/\/navonaed.com\/ca\/wp-json\/wp\/v2\/product"}],"about":[{"href":"https:\/\/navonaed.com\/ca\/wp-json\/wp\/v2\/types\/product"}],"wp:featuredmedia":[{"embeddable":true,"href":"https:\/\/navonaed.com\/ca\/wp-json\/wp\/v2\/media\/5076"}],"wp:attachment":[{"href":"https:\/\/navonaed.com\/ca\/wp-json\/wp\/v2\/media?parent=5958"}],"wp:term":[{"taxonomy":"product_brand","embeddable":true,"href":"https:\/\/navonaed.com\/ca\/wp-json\/wp\/v2\/product_brand?post=5958"},{"taxonomy":"product_cat","embeddable":true,"href":"https:\/\/navonaed.com\/ca\/wp-json\/wp\/v2\/product_cat?post=5958"},{"taxonomy":"product_tag","embeddable":true,"href":"https:\/\/navonaed.com\/ca\/wp-json\/wp\/v2\/product_tag?post=5958"}],"curies":[{"name":"wp","href":"https:\/\/api.w.org\/{rel}","templated":true}]}}