{"id":5980,"date":"2025-10-13T08:32:49","date_gmt":"2025-10-13T06:32:49","guid":{"rendered":"https:\/\/navonaed.com\/libro\/lhome-duplicat\/"},"modified":"2025-11-19T13:30:43","modified_gmt":"2025-11-19T12:30:43","slug":"lhome-duplicat","status":"publish","type":"product","link":"https:\/\/navonaed.com\/ca\/libro\/lhome-duplicat\/","title":{"rendered":"L&#8217;home duplicat"},"content":{"rendered":"<p>Als trenta-vuit anys, Tertuliano M\u00e1ximo Alfonso \u00e9s professor d&#8217;hist\u00f2ria en un institut de secund\u00e0ria. Solitari i depressiu, est\u00e0 separat de la seva dona i t\u00e9 pocs amics. Espor\u00e0dicament, per\u00f2, es veu amb una dona a qui no permet que penetri en la seva vida.<\/p>\n<p>Un dia un company de feina li recomana una pel\u00b7l\u00edcula, en la qual, curiosament, hi ha un actor id\u00e8ntic a ell, fins i tot en el pentinat i el bigoti que portava en el moment que es va rodar. Davant d&#8217;aquesta descoberta, en Tertuliano s&#8217;obsessiona per trobar el seu home duplicat.<\/p>\n<p>A L&#8217;home duplicat, Jos\u00e9 Saramago reflexiona sobre el tema de la p\u00e8rdua de la identitat, que afecta la societat d&#8217;avui dia: El que configura la identitat dels homes \u00e9s saber-se \u00fanics i irrepetibles, diferents de tots els altres \u00e9ssers humans. Tots tendim a vestir-nos de la mateixa manera, a dir les mateixes coses, a menjar el mateix? Els homes duplicats es multipliquen.<\/p>\n","protected":false},"excerpt":{"rendered":"<p>9788419179180<br \/>Jos\u00e9 Saramago<\/p>\n","protected":false},"featured_media":4988,"template":"","meta":{"_acf_changed":false,"_monsterinsights_skip_tracking":false,"_monsterinsights_sitenote_active":false,"_monsterinsights_sitenote_note":"","_monsterinsights_sitenote_category":0},"product_brand":[],"product_cat":[151],"product_tag":[],"class_list":{"0":"post-5980","1":"product","2":"type-product","3":"status-publish","4":"has-post-thumbnail","6":"product_cat-serie-r","8":"first","9":"instock","10":"taxable","11":"shipping-taxable","12":"purchasable","13":"product-type-simple"},"acf":[],"yoast_head":"<!-- This site is optimized with the Yoast SEO plugin v27.3 - https:\/\/yoast.com\/product\/yoast-seo-wordpress\/ -->\n<title>L&#039;home duplicat - Editorial Navona<\/title>\n<meta name=\"robots\" content=\"index, follow, max-snippet:-1, max-image-preview:large, max-video-preview:-1\" \/>\n<link rel=\"canonical\" href=\"https:\/\/navonaed.com\/libro\/lhome-duplicat\/\" \/>\n<meta property=\"og:locale\" content=\"ca_ES\" \/>\n<meta property=\"og:type\" content=\"article\" \/>\n<meta property=\"og:title\" content=\"L&#039;home duplicat - Editorial Navona\" \/>\n<meta property=\"og:description\" content=\"9788419179180Jos\u00e9 Saramago\" \/>\n<meta property=\"og:url\" content=\"https:\/\/navonaed.com\/libro\/lhome-duplicat\/\" \/>\n<meta property=\"og:site_name\" content=\"Editorial Navona\" \/>\n<meta property=\"article:publisher\" content=\"https:\/\/www.facebook.com\/people\/Reemocioart\/100076073310442\/\" \/>\n<meta property=\"article:modified_time\" content=\"2025-11-19T12:30:43+00:00\" \/>\n<meta property=\"og:image\" content=\"https:\/\/navonaed.com\/wp-content\/uploads\/l_home_duplicat.jpg\" \/>\n\t<meta property=\"og:image:width\" content=\"900\" \/>\n\t<meta property=\"og:image:height\" content=\"1336\" \/>\n\t<meta property=\"og:image:type\" content=\"image\/jpeg\" \/>\n<meta name=\"twitter:card\" content=\"summary_large_image\" \/>\n<meta name=\"twitter:label1\" content=\"Temps estimat de lectura\" \/>\n\t<meta name=\"twitter:data1\" content=\"1 minut\" \/>\n<script type=\"application\/ld+json\" class=\"yoast-schema-graph\">{\"@context\":\"https:\\\/\\\/schema.org\",\"@graph\":[{\"@type\":\"WebPage\",\"@id\":\"https:\\\/\\\/navonaed.com\\\/libro\\\/lhome-duplicat\\\/\",\"url\":\"https:\\\/\\\/navonaed.com\\\/libro\\\/lhome-duplicat\\\/\",\"name\":\"L'home duplicat - Editorial Navona\",\"isPartOf\":{\"@id\":\"https:\\\/\\\/navonaed.com\\\/#website\"},\"primaryImageOfPage\":{\"@id\":\"https:\\\/\\\/navonaed.com\\\/libro\\\/lhome-duplicat\\\/#primaryimage\"},\"image\":{\"@id\":\"https:\\\/\\\/navonaed.com\\\/libro\\\/lhome-duplicat\\\/#primaryimage\"},\"thumbnailUrl\":\"https:\\\/\\\/navonaed.com\\\/wp-content\\\/uploads\\\/l_home_duplicat.jpg\",\"datePublished\":\"2025-10-13T06:32:49+00:00\",\"dateModified\":\"2025-11-19T12:30:43+00:00\",\"breadcrumb\":{\"@id\":\"https:\\\/\\\/navonaed.com\\\/libro\\\/lhome-duplicat\\\/#breadcrumb\"},\"inLanguage\":\"ca\",\"potentialAction\":[{\"@type\":\"ReadAction\",\"target\":[\"https:\\\/\\\/navonaed.com\\\/libro\\\/lhome-duplicat\\\/\"]}]},{\"@type\":\"ImageObject\",\"inLanguage\":\"ca\",\"@id\":\"https:\\\/\\\/navonaed.com\\\/libro\\\/lhome-duplicat\\\/#primaryimage\",\"url\":\"https:\\\/\\\/navonaed.com\\\/wp-content\\\/uploads\\\/l_home_duplicat.jpg\",\"contentUrl\":\"https:\\\/\\\/navonaed.com\\\/wp-content\\\/uploads\\\/l_home_duplicat.jpg\",\"width\":900,\"height\":1336},{\"@type\":\"BreadcrumbList\",\"@id\":\"https:\\\/\\\/navonaed.com\\\/libro\\\/lhome-duplicat\\\/#breadcrumb\",\"itemListElement\":[{\"@type\":\"ListItem\",\"position\":1,\"name\":\"Portada\",\"item\":\"https:\\\/\\\/navonaed.com\\\/ca\\\/\"},{\"@type\":\"ListItem\",\"position\":2,\"name\":\"Cat\u00e0leg\",\"item\":\"https:\\\/\\\/navonaed.com\\\/ca\\\/cataleg\\\/\"},{\"@type\":\"ListItem\",\"position\":3,\"name\":\"L&#8217;home duplicat\"}]},{\"@type\":\"WebSite\",\"@id\":\"https:\\\/\\\/navonaed.com\\\/#website\",\"url\":\"https:\\\/\\\/navonaed.com\\\/\",\"name\":\"Editorial Navona\",\"description\":\"Nos gustan los libros\",\"publisher\":{\"@id\":\"https:\\\/\\\/navonaed.com\\\/#organization\"},\"potentialAction\":[{\"@type\":\"SearchAction\",\"target\":{\"@type\":\"EntryPoint\",\"urlTemplate\":\"https:\\\/\\\/navonaed.com\\\/?s={search_term_string}\"},\"query-input\":{\"@type\":\"PropertyValueSpecification\",\"valueRequired\":true,\"valueName\":\"search_term_string\"}}],\"inLanguage\":\"ca\"},{\"@type\":\"Organization\",\"@id\":\"https:\\\/\\\/navonaed.com\\\/#organization\",\"name\":\"Editorial Navona\",\"url\":\"https:\\\/\\\/navonaed.com\\\/\",\"logo\":{\"@type\":\"ImageObject\",\"inLanguage\":\"ca\",\"@id\":\"https:\\\/\\\/navonaed.com\\\/#\\\/schema\\\/logo\\\/image\\\/\",\"url\":\"https:\\\/\\\/navonaed.com\\\/wp-content\\\/uploads\\\/logo-navona.svg\",\"contentUrl\":\"https:\\\/\\\/navonaed.com\\\/wp-content\\\/uploads\\\/logo-navona.svg\",\"width\":155,\"height\":32,\"caption\":\"Editorial Navona\"},\"image\":{\"@id\":\"https:\\\/\\\/navonaed.com\\\/#\\\/schema\\\/logo\\\/image\\\/\"},\"sameAs\":[\"https:\\\/\\\/www.facebook.com\\\/people\\\/Reemocioart\\\/100076073310442\\\/\"]}]}<\/script>\n<!-- \/ Yoast SEO plugin. -->","yoast_head_json":{"title":"L'home duplicat - Editorial Navona","robots":{"index":"index","follow":"follow","max-snippet":"max-snippet:-1","max-image-preview":"max-image-preview:large","max-video-preview":"max-video-preview:-1"},"canonical":"https:\/\/navonaed.com\/libro\/lhome-duplicat\/","og_locale":"ca_ES","og_type":"article","og_title":"L'home duplicat - Editorial Navona","og_description":"9788419179180Jos\u00e9 Saramago","og_url":"https:\/\/navonaed.com\/libro\/lhome-duplicat\/","og_site_name":"Editorial Navona","article_publisher":"https:\/\/www.facebook.com\/people\/Reemocioart\/100076073310442\/","article_modified_time":"2025-11-19T12:30:43+00:00","og_image":[{"width":900,"height":1336,"url":"https:\/\/navonaed.com\/wp-content\/uploads\/l_home_duplicat.jpg","type":"image\/jpeg"}],"twitter_card":"summary_large_image","twitter_misc":{"Temps estimat de lectura":"1 minut"},"schema":{"@context":"https:\/\/schema.org","@graph":[{"@type":"WebPage","@id":"https:\/\/navonaed.com\/libro\/lhome-duplicat\/","url":"https:\/\/navonaed.com\/libro\/lhome-duplicat\/","name":"L'home duplicat - Editorial Navona","isPartOf":{"@id":"https:\/\/navonaed.com\/#website"},"primaryImageOfPage":{"@id":"https:\/\/navonaed.com\/libro\/lhome-duplicat\/#primaryimage"},"image":{"@id":"https:\/\/navonaed.com\/libro\/lhome-duplicat\/#primaryimage"},"thumbnailUrl":"https:\/\/navonaed.com\/wp-content\/uploads\/l_home_duplicat.jpg","datePublished":"2025-10-13T06:32:49+00:00","dateModified":"2025-11-19T12:30:43+00:00","breadcrumb":{"@id":"https:\/\/navonaed.com\/libro\/lhome-duplicat\/#breadcrumb"},"inLanguage":"ca","potentialAction":[{"@type":"ReadAction","target":["https:\/\/navonaed.com\/libro\/lhome-duplicat\/"]}]},{"@type":"ImageObject","inLanguage":"ca","@id":"https:\/\/navonaed.com\/libro\/lhome-duplicat\/#primaryimage","url":"https:\/\/navonaed.com\/wp-content\/uploads\/l_home_duplicat.jpg","contentUrl":"https:\/\/navonaed.com\/wp-content\/uploads\/l_home_duplicat.jpg","width":900,"height":1336},{"@type":"BreadcrumbList","@id":"https:\/\/navonaed.com\/libro\/lhome-duplicat\/#breadcrumb","itemListElement":[{"@type":"ListItem","position":1,"name":"Portada","item":"https:\/\/navonaed.com\/ca\/"},{"@type":"ListItem","position":2,"name":"Cat\u00e0leg","item":"https:\/\/navonaed.com\/ca\/cataleg\/"},{"@type":"ListItem","position":3,"name":"L&#8217;home duplicat"}]},{"@type":"WebSite","@id":"https:\/\/navonaed.com\/#website","url":"https:\/\/navonaed.com\/","name":"Editorial Navona","description":"Nos gustan los libros","publisher":{"@id":"https:\/\/navonaed.com\/#organization"},"potentialAction":[{"@type":"SearchAction","target":{"@type":"EntryPoint","urlTemplate":"https:\/\/navonaed.com\/?s={search_term_string}"},"query-input":{"@type":"PropertyValueSpecification","valueRequired":true,"valueName":"search_term_string"}}],"inLanguage":"ca"},{"@type":"Organization","@id":"https:\/\/navonaed.com\/#organization","name":"Editorial Navona","url":"https:\/\/navonaed.com\/","logo":{"@type":"ImageObject","inLanguage":"ca","@id":"https:\/\/navonaed.com\/#\/schema\/logo\/image\/","url":"https:\/\/navonaed.com\/wp-content\/uploads\/logo-navona.svg","contentUrl":"https:\/\/navonaed.com\/wp-content\/uploads\/logo-navona.svg","width":155,"height":32,"caption":"Editorial Navona"},"image":{"@id":"https:\/\/navonaed.com\/#\/schema\/logo\/image\/"},"sameAs":["https:\/\/www.facebook.com\/people\/Reemocioart\/100076073310442\/"]}]}},"_links":{"self":[{"href":"https:\/\/navonaed.com\/ca\/wp-json\/wp\/v2\/product\/5980","targetHints":{"allow":["GET"]}}],"collection":[{"href":"https:\/\/navonaed.com\/ca\/wp-json\/wp\/v2\/product"}],"about":[{"href":"https:\/\/navonaed.com\/ca\/wp-json\/wp\/v2\/types\/product"}],"wp:featuredmedia":[{"embeddable":true,"href":"https:\/\/navonaed.com\/ca\/wp-json\/wp\/v2\/media\/4988"}],"wp:attachment":[{"href":"https:\/\/navonaed.com\/ca\/wp-json\/wp\/v2\/media?parent=5980"}],"wp:term":[{"taxonomy":"product_brand","embeddable":true,"href":"https:\/\/navonaed.com\/ca\/wp-json\/wp\/v2\/product_brand?post=5980"},{"taxonomy":"product_cat","embeddable":true,"href":"https:\/\/navonaed.com\/ca\/wp-json\/wp\/v2\/product_cat?post=5980"},{"taxonomy":"product_tag","embeddable":true,"href":"https:\/\/navonaed.com\/ca\/wp-json\/wp\/v2\/product_tag?post=5980"}],"curies":[{"name":"wp","href":"https:\/\/api.w.org\/{rel}","templated":true}]}}