{"id":5998,"date":"2023-09-18T00:00:00","date_gmt":"2023-09-17T22:00:00","guid":{"rendered":"https:\/\/navonaed.com\/libro\/los-mirallles\/"},"modified":"2025-10-31T10:52:40","modified_gmt":"2025-10-31T09:52:40","slug":"los-mirallles","status":"publish","type":"product","link":"https:\/\/navonaed.com\/ca\/libro\/los-mirallles\/","title":{"rendered":"Los Miralles"},"content":{"rendered":"<p>Los Miralles, una at\u00edpica familia valenciana, est\u00e1n convencidos de que el manzano que crece en el patio de su alquer\u00eda es de origen divino. De hecho, creen que es el mism\u00edsimo \u00c1rbol del Bien y del Mal, el mismo del que comieron Ad\u00e1n y Eva embaucados por una serpiente parlanchina. Desde hace generaciones, tienen una \u00fanica misi\u00f3n: vigilarlo noche y d\u00eda para que nadie vuelva a probar jam\u00e1s el fruto prohibido.<\/p>\n<p>Partiendo de esta premisa tan incre\u00edble como veros\u00edmil, Kike Cherta indaga en las dudas y paradojas propias de cualquier tradici\u00f3n, en las influencias y las din\u00e1micas familiares, en la culpa asociada a las ra\u00edces. Envuelta en un aura m\u00e1gica que casi no deja diferenciar lo que es real de lo que es milagro, la novela se nutre de un punto medio ideal entre trascendencia y humor. Su descripci\u00f3n de costumbres y paisajes bebe de la idea de la Espa\u00f1a vaciada, pero no olvida la importancia de una trama y unos personajes \u00fanicos, que son quienes dan aut\u00e9ntico sentido y ritmo a la obra.<\/p>\n<p>Un libro que nos descubre uno de los debuts m\u00e1s originales y ambiciosos de la literatura espa\u00f1ola de los \u00faltimos tiempos.<\/p>\n","protected":false},"excerpt":{"rendered":"<p>9788419552112<br \/>Kike Cherta<\/p>\n","protected":false},"featured_media":5130,"template":"","meta":{"_acf_changed":false,"_monsterinsights_skip_tracking":false,"_monsterinsights_sitenote_active":false,"_monsterinsights_sitenote_note":"","_monsterinsights_sitenote_category":0},"product_brand":[],"product_cat":[141],"product_tag":[],"class_list":{"0":"post-5998","1":"product","2":"type-product","3":"status-publish","4":"has-post-thumbnail","6":"product_cat-serie-m","8":"first","9":"instock","10":"taxable","11":"shipping-taxable","12":"purchasable","13":"product-type-simple"},"acf":[],"yoast_head":"<!-- This site is optimized with the Yoast SEO plugin v27.3 - https:\/\/yoast.com\/product\/yoast-seo-wordpress\/ -->\n<title>Los Miralles - Editorial Navona<\/title>\n<meta name=\"robots\" content=\"index, follow, max-snippet:-1, max-image-preview:large, max-video-preview:-1\" \/>\n<link rel=\"canonical\" href=\"https:\/\/navonaed.com\/libro\/los-mirallles\/\" \/>\n<meta property=\"og:locale\" content=\"ca_ES\" \/>\n<meta property=\"og:type\" content=\"article\" \/>\n<meta property=\"og:title\" content=\"Los Miralles - Editorial Navona\" \/>\n<meta property=\"og:description\" content=\"9788419552112Kike Cherta\" \/>\n<meta property=\"og:url\" content=\"https:\/\/navonaed.com\/libro\/los-mirallles\/\" \/>\n<meta property=\"og:site_name\" content=\"Editorial Navona\" \/>\n<meta property=\"article:publisher\" content=\"https:\/\/www.facebook.com\/people\/Reemocioart\/100076073310442\/\" \/>\n<meta property=\"article:modified_time\" content=\"2025-10-31T09:52:40+00:00\" \/>\n<meta property=\"og:image\" content=\"https:\/\/navonaed.com\/wp-content\/uploads\/los_miralles.jpg\" \/>\n\t<meta property=\"og:image:width\" content=\"900\" \/>\n\t<meta property=\"og:image:height\" content=\"1331\" \/>\n\t<meta property=\"og:image:type\" content=\"image\/jpeg\" \/>\n<meta name=\"twitter:card\" content=\"summary_large_image\" \/>\n<meta name=\"twitter:label1\" content=\"Temps estimat de lectura\" \/>\n\t<meta name=\"twitter:data1\" content=\"2 minuts\" \/>\n<script type=\"application\/ld+json\" class=\"yoast-schema-graph\">{\"@context\":\"https:\\\/\\\/schema.org\",\"@graph\":[{\"@type\":\"WebPage\",\"@id\":\"https:\\\/\\\/navonaed.com\\\/libro\\\/los-mirallles\\\/\",\"url\":\"https:\\\/\\\/navonaed.com\\\/libro\\\/los-mirallles\\\/\",\"name\":\"Los Miralles - Editorial Navona\",\"isPartOf\":{\"@id\":\"https:\\\/\\\/navonaed.com\\\/#website\"},\"primaryImageOfPage\":{\"@id\":\"https:\\\/\\\/navonaed.com\\\/libro\\\/los-mirallles\\\/#primaryimage\"},\"image\":{\"@id\":\"https:\\\/\\\/navonaed.com\\\/libro\\\/los-mirallles\\\/#primaryimage\"},\"thumbnailUrl\":\"https:\\\/\\\/navonaed.com\\\/wp-content\\\/uploads\\\/los_miralles.jpg\",\"datePublished\":\"2023-09-17T22:00:00+00:00\",\"dateModified\":\"2025-10-31T09:52:40+00:00\",\"breadcrumb\":{\"@id\":\"https:\\\/\\\/navonaed.com\\\/libro\\\/los-mirallles\\\/#breadcrumb\"},\"inLanguage\":\"ca\",\"potentialAction\":[{\"@type\":\"ReadAction\",\"target\":[\"https:\\\/\\\/navonaed.com\\\/libro\\\/los-mirallles\\\/\"]}]},{\"@type\":\"ImageObject\",\"inLanguage\":\"ca\",\"@id\":\"https:\\\/\\\/navonaed.com\\\/libro\\\/los-mirallles\\\/#primaryimage\",\"url\":\"https:\\\/\\\/navonaed.com\\\/wp-content\\\/uploads\\\/los_miralles.jpg\",\"contentUrl\":\"https:\\\/\\\/navonaed.com\\\/wp-content\\\/uploads\\\/los_miralles.jpg\",\"width\":900,\"height\":1331},{\"@type\":\"BreadcrumbList\",\"@id\":\"https:\\\/\\\/navonaed.com\\\/libro\\\/los-mirallles\\\/#breadcrumb\",\"itemListElement\":[{\"@type\":\"ListItem\",\"position\":1,\"name\":\"Portada\",\"item\":\"https:\\\/\\\/navonaed.com\\\/ca\\\/\"},{\"@type\":\"ListItem\",\"position\":2,\"name\":\"Cat\u00e0leg\",\"item\":\"https:\\\/\\\/navonaed.com\\\/ca\\\/cataleg\\\/\"},{\"@type\":\"ListItem\",\"position\":3,\"name\":\"Los Miralles\"}]},{\"@type\":\"WebSite\",\"@id\":\"https:\\\/\\\/navonaed.com\\\/#website\",\"url\":\"https:\\\/\\\/navonaed.com\\\/\",\"name\":\"Editorial Navona\",\"description\":\"Nos gustan los libros\",\"publisher\":{\"@id\":\"https:\\\/\\\/navonaed.com\\\/#organization\"},\"potentialAction\":[{\"@type\":\"SearchAction\",\"target\":{\"@type\":\"EntryPoint\",\"urlTemplate\":\"https:\\\/\\\/navonaed.com\\\/?s={search_term_string}\"},\"query-input\":{\"@type\":\"PropertyValueSpecification\",\"valueRequired\":true,\"valueName\":\"search_term_string\"}}],\"inLanguage\":\"ca\"},{\"@type\":\"Organization\",\"@id\":\"https:\\\/\\\/navonaed.com\\\/#organization\",\"name\":\"Editorial Navona\",\"url\":\"https:\\\/\\\/navonaed.com\\\/\",\"logo\":{\"@type\":\"ImageObject\",\"inLanguage\":\"ca\",\"@id\":\"https:\\\/\\\/navonaed.com\\\/#\\\/schema\\\/logo\\\/image\\\/\",\"url\":\"https:\\\/\\\/navonaed.com\\\/wp-content\\\/uploads\\\/logo-navona.svg\",\"contentUrl\":\"https:\\\/\\\/navonaed.com\\\/wp-content\\\/uploads\\\/logo-navona.svg\",\"width\":155,\"height\":32,\"caption\":\"Editorial Navona\"},\"image\":{\"@id\":\"https:\\\/\\\/navonaed.com\\\/#\\\/schema\\\/logo\\\/image\\\/\"},\"sameAs\":[\"https:\\\/\\\/www.facebook.com\\\/people\\\/Reemocioart\\\/100076073310442\\\/\"]}]}<\/script>\n<!-- \/ Yoast SEO plugin. -->","yoast_head_json":{"title":"Los Miralles - Editorial Navona","robots":{"index":"index","follow":"follow","max-snippet":"max-snippet:-1","max-image-preview":"max-image-preview:large","max-video-preview":"max-video-preview:-1"},"canonical":"https:\/\/navonaed.com\/libro\/los-mirallles\/","og_locale":"ca_ES","og_type":"article","og_title":"Los Miralles - Editorial Navona","og_description":"9788419552112Kike Cherta","og_url":"https:\/\/navonaed.com\/libro\/los-mirallles\/","og_site_name":"Editorial Navona","article_publisher":"https:\/\/www.facebook.com\/people\/Reemocioart\/100076073310442\/","article_modified_time":"2025-10-31T09:52:40+00:00","og_image":[{"width":900,"height":1331,"url":"https:\/\/navonaed.com\/wp-content\/uploads\/los_miralles.jpg","type":"image\/jpeg"}],"twitter_card":"summary_large_image","twitter_misc":{"Temps estimat de lectura":"2 minuts"},"schema":{"@context":"https:\/\/schema.org","@graph":[{"@type":"WebPage","@id":"https:\/\/navonaed.com\/libro\/los-mirallles\/","url":"https:\/\/navonaed.com\/libro\/los-mirallles\/","name":"Los Miralles - Editorial Navona","isPartOf":{"@id":"https:\/\/navonaed.com\/#website"},"primaryImageOfPage":{"@id":"https:\/\/navonaed.com\/libro\/los-mirallles\/#primaryimage"},"image":{"@id":"https:\/\/navonaed.com\/libro\/los-mirallles\/#primaryimage"},"thumbnailUrl":"https:\/\/navonaed.com\/wp-content\/uploads\/los_miralles.jpg","datePublished":"2023-09-17T22:00:00+00:00","dateModified":"2025-10-31T09:52:40+00:00","breadcrumb":{"@id":"https:\/\/navonaed.com\/libro\/los-mirallles\/#breadcrumb"},"inLanguage":"ca","potentialAction":[{"@type":"ReadAction","target":["https:\/\/navonaed.com\/libro\/los-mirallles\/"]}]},{"@type":"ImageObject","inLanguage":"ca","@id":"https:\/\/navonaed.com\/libro\/los-mirallles\/#primaryimage","url":"https:\/\/navonaed.com\/wp-content\/uploads\/los_miralles.jpg","contentUrl":"https:\/\/navonaed.com\/wp-content\/uploads\/los_miralles.jpg","width":900,"height":1331},{"@type":"BreadcrumbList","@id":"https:\/\/navonaed.com\/libro\/los-mirallles\/#breadcrumb","itemListElement":[{"@type":"ListItem","position":1,"name":"Portada","item":"https:\/\/navonaed.com\/ca\/"},{"@type":"ListItem","position":2,"name":"Cat\u00e0leg","item":"https:\/\/navonaed.com\/ca\/cataleg\/"},{"@type":"ListItem","position":3,"name":"Los Miralles"}]},{"@type":"WebSite","@id":"https:\/\/navonaed.com\/#website","url":"https:\/\/navonaed.com\/","name":"Editorial Navona","description":"Nos gustan los libros","publisher":{"@id":"https:\/\/navonaed.com\/#organization"},"potentialAction":[{"@type":"SearchAction","target":{"@type":"EntryPoint","urlTemplate":"https:\/\/navonaed.com\/?s={search_term_string}"},"query-input":{"@type":"PropertyValueSpecification","valueRequired":true,"valueName":"search_term_string"}}],"inLanguage":"ca"},{"@type":"Organization","@id":"https:\/\/navonaed.com\/#organization","name":"Editorial Navona","url":"https:\/\/navonaed.com\/","logo":{"@type":"ImageObject","inLanguage":"ca","@id":"https:\/\/navonaed.com\/#\/schema\/logo\/image\/","url":"https:\/\/navonaed.com\/wp-content\/uploads\/logo-navona.svg","contentUrl":"https:\/\/navonaed.com\/wp-content\/uploads\/logo-navona.svg","width":155,"height":32,"caption":"Editorial Navona"},"image":{"@id":"https:\/\/navonaed.com\/#\/schema\/logo\/image\/"},"sameAs":["https:\/\/www.facebook.com\/people\/Reemocioart\/100076073310442\/"]}]}},"_links":{"self":[{"href":"https:\/\/navonaed.com\/ca\/wp-json\/wp\/v2\/product\/5998","targetHints":{"allow":["GET"]}}],"collection":[{"href":"https:\/\/navonaed.com\/ca\/wp-json\/wp\/v2\/product"}],"about":[{"href":"https:\/\/navonaed.com\/ca\/wp-json\/wp\/v2\/types\/product"}],"wp:featuredmedia":[{"embeddable":true,"href":"https:\/\/navonaed.com\/ca\/wp-json\/wp\/v2\/media\/5130"}],"wp:attachment":[{"href":"https:\/\/navonaed.com\/ca\/wp-json\/wp\/v2\/media?parent=5998"}],"wp:term":[{"taxonomy":"product_brand","embeddable":true,"href":"https:\/\/navonaed.com\/ca\/wp-json\/wp\/v2\/product_brand?post=5998"},{"taxonomy":"product_cat","embeddable":true,"href":"https:\/\/navonaed.com\/ca\/wp-json\/wp\/v2\/product_cat?post=5998"},{"taxonomy":"product_tag","embeddable":true,"href":"https:\/\/navonaed.com\/ca\/wp-json\/wp\/v2\/product_tag?post=5998"}],"curies":[{"name":"wp","href":"https:\/\/api.w.org\/{rel}","templated":true}]}}