{"id":6000,"date":"2023-10-16T00:00:00","date_gmt":"2023-10-15T22:00:00","guid":{"rendered":"https:\/\/navonaed.com\/libro\/los-papeles-de-admunsen\/"},"modified":"2025-11-19T13:44:45","modified_gmt":"2025-11-19T12:44:45","slug":"los-papeles-de-admunsen","status":"publish","type":"product","link":"https:\/\/navonaed.com\/ca\/libro\/los-papeles-de-admunsen\/","title":{"rendered":"Los papeles de Admunsen"},"content":{"rendered":"<p>Admunsen, el alter ego de V\u00e1zquez Montalb\u00e1n y protagonista de la novela, es un joven intelectual frustrado entre las demandas alienantes de la sociedad de consumo, la realizaci\u00f3n personal y la concienciaci\u00f3n pol\u00edtica. Tras pasar un par de a\u00f1os en la c\u00e1rcel, su vida transcurre en una serie de intentos fallidos de desarrollarse como escritor, reconstruir su relaci\u00f3n de pareja y de evitar las presiones por integrarse en el sistema, hasta que, desencantado, tendr\u00e1 que decidir si implicarse en la causa o renunciar a sus principios y poner en peligro su integridad moral.<\/p>\n<p><i>Los papeles de Admunsen\u00a0<\/i>ofrece un retrato mordaz y despiadado de los a\u00f1os sesenta en Barcelona, donde se visibiliza por primera vez en la literatura de V\u00e1zquez Montalb\u00e1n la represi\u00f3n de la dictadura, el desarrollo de una sociedad de consumo, las nuevas ideas, y los cambios en la moralidad y las costumbres, as\u00ed como el exilio interior del propio autor.<\/p>\n<p>Esta edici\u00f3n, revisada y comentada por Jose Colmeiro, experto en la obra de Montalb\u00e1n, supone una fascinante \u00abcaja negra\u00bb del escritor que da algunas claves hasta ahora desconocidas sobre su propia vida y anticipa ya su estilo maduro e inconfundible, su \u00e1cida iron\u00eda y su insobornable cr\u00edtica social, caracter\u00edsticas que han convertido a Manuel V\u00e1zquez Montalb\u00e1n en una de las grandes voces de la literatura espa\u00f1ola y europea del pasado siglo y que confirman que Los papeles de Admunsen es un hallazgo de m\u00e1xima trascendencia.<\/p>\n","protected":false},"excerpt":{"rendered":"<p>9788419552549<br \/>Manuel V\u00e1zquez Montalb\u00e1n<\/p>\n","protected":false},"featured_media":5134,"template":"","meta":{"_acf_changed":false,"_monsterinsights_skip_tracking":false,"_monsterinsights_sitenote_active":false,"_monsterinsights_sitenote_note":"","_monsterinsights_sitenote_category":0},"product_brand":[],"product_cat":[141],"product_tag":[],"class_list":{"0":"post-6000","1":"product","2":"type-product","3":"status-publish","4":"has-post-thumbnail","6":"product_cat-serie-m","8":"first","9":"instock","10":"taxable","11":"shipping-taxable","12":"purchasable","13":"product-type-simple"},"acf":[],"yoast_head":"<!-- This site is optimized with the Yoast SEO plugin v27.3 - https:\/\/yoast.com\/product\/yoast-seo-wordpress\/ -->\n<title>Los papeles de Admunsen - Editorial Navona<\/title>\n<meta name=\"robots\" content=\"index, follow, max-snippet:-1, max-image-preview:large, max-video-preview:-1\" \/>\n<link rel=\"canonical\" href=\"https:\/\/navonaed.com\/libro\/los-papeles-de-admunsen\/\" \/>\n<meta property=\"og:locale\" content=\"ca_ES\" \/>\n<meta property=\"og:type\" content=\"article\" \/>\n<meta property=\"og:title\" content=\"Los papeles de Admunsen - Editorial Navona\" \/>\n<meta property=\"og:description\" content=\"9788419552549Manuel V\u00e1zquez Montalb\u00e1n\" \/>\n<meta property=\"og:url\" content=\"https:\/\/navonaed.com\/libro\/los-papeles-de-admunsen\/\" \/>\n<meta property=\"og:site_name\" content=\"Editorial Navona\" \/>\n<meta property=\"article:publisher\" content=\"https:\/\/www.facebook.com\/people\/Reemocioart\/100076073310442\/\" \/>\n<meta property=\"article:modified_time\" content=\"2025-11-19T12:44:45+00:00\" \/>\n<meta property=\"og:image\" content=\"https:\/\/navonaed.com\/wp-content\/uploads\/los_papeles_de_admunsen.jpg\" \/>\n\t<meta property=\"og:image:width\" content=\"900\" \/>\n\t<meta property=\"og:image:height\" content=\"1359\" \/>\n\t<meta property=\"og:image:type\" content=\"image\/jpeg\" \/>\n<meta name=\"twitter:card\" content=\"summary_large_image\" \/>\n<meta name=\"twitter:label1\" content=\"Temps estimat de lectura\" \/>\n\t<meta name=\"twitter:data1\" content=\"2 minuts\" \/>\n<script type=\"application\/ld+json\" class=\"yoast-schema-graph\">{\"@context\":\"https:\\\/\\\/schema.org\",\"@graph\":[{\"@type\":\"WebPage\",\"@id\":\"https:\\\/\\\/navonaed.com\\\/libro\\\/los-papeles-de-admunsen\\\/\",\"url\":\"https:\\\/\\\/navonaed.com\\\/libro\\\/los-papeles-de-admunsen\\\/\",\"name\":\"Los papeles de Admunsen - Editorial Navona\",\"isPartOf\":{\"@id\":\"https:\\\/\\\/navonaed.com\\\/#website\"},\"primaryImageOfPage\":{\"@id\":\"https:\\\/\\\/navonaed.com\\\/libro\\\/los-papeles-de-admunsen\\\/#primaryimage\"},\"image\":{\"@id\":\"https:\\\/\\\/navonaed.com\\\/libro\\\/los-papeles-de-admunsen\\\/#primaryimage\"},\"thumbnailUrl\":\"https:\\\/\\\/navonaed.com\\\/wp-content\\\/uploads\\\/los_papeles_de_admunsen.jpg\",\"datePublished\":\"2023-10-15T22:00:00+00:00\",\"dateModified\":\"2025-11-19T12:44:45+00:00\",\"breadcrumb\":{\"@id\":\"https:\\\/\\\/navonaed.com\\\/libro\\\/los-papeles-de-admunsen\\\/#breadcrumb\"},\"inLanguage\":\"ca\",\"potentialAction\":[{\"@type\":\"ReadAction\",\"target\":[\"https:\\\/\\\/navonaed.com\\\/libro\\\/los-papeles-de-admunsen\\\/\"]}]},{\"@type\":\"ImageObject\",\"inLanguage\":\"ca\",\"@id\":\"https:\\\/\\\/navonaed.com\\\/libro\\\/los-papeles-de-admunsen\\\/#primaryimage\",\"url\":\"https:\\\/\\\/navonaed.com\\\/wp-content\\\/uploads\\\/los_papeles_de_admunsen.jpg\",\"contentUrl\":\"https:\\\/\\\/navonaed.com\\\/wp-content\\\/uploads\\\/los_papeles_de_admunsen.jpg\",\"width\":900,\"height\":1359},{\"@type\":\"BreadcrumbList\",\"@id\":\"https:\\\/\\\/navonaed.com\\\/libro\\\/los-papeles-de-admunsen\\\/#breadcrumb\",\"itemListElement\":[{\"@type\":\"ListItem\",\"position\":1,\"name\":\"Portada\",\"item\":\"https:\\\/\\\/navonaed.com\\\/ca\\\/\"},{\"@type\":\"ListItem\",\"position\":2,\"name\":\"Cat\u00e0leg\",\"item\":\"https:\\\/\\\/navonaed.com\\\/ca\\\/cataleg\\\/\"},{\"@type\":\"ListItem\",\"position\":3,\"name\":\"Los papeles de Admunsen\"}]},{\"@type\":\"WebSite\",\"@id\":\"https:\\\/\\\/navonaed.com\\\/#website\",\"url\":\"https:\\\/\\\/navonaed.com\\\/\",\"name\":\"Editorial Navona\",\"description\":\"Nos gustan los libros\",\"publisher\":{\"@id\":\"https:\\\/\\\/navonaed.com\\\/#organization\"},\"potentialAction\":[{\"@type\":\"SearchAction\",\"target\":{\"@type\":\"EntryPoint\",\"urlTemplate\":\"https:\\\/\\\/navonaed.com\\\/?s={search_term_string}\"},\"query-input\":{\"@type\":\"PropertyValueSpecification\",\"valueRequired\":true,\"valueName\":\"search_term_string\"}}],\"inLanguage\":\"ca\"},{\"@type\":\"Organization\",\"@id\":\"https:\\\/\\\/navonaed.com\\\/#organization\",\"name\":\"Editorial Navona\",\"url\":\"https:\\\/\\\/navonaed.com\\\/\",\"logo\":{\"@type\":\"ImageObject\",\"inLanguage\":\"ca\",\"@id\":\"https:\\\/\\\/navonaed.com\\\/#\\\/schema\\\/logo\\\/image\\\/\",\"url\":\"https:\\\/\\\/navonaed.com\\\/wp-content\\\/uploads\\\/logo-navona.svg\",\"contentUrl\":\"https:\\\/\\\/navonaed.com\\\/wp-content\\\/uploads\\\/logo-navona.svg\",\"width\":155,\"height\":32,\"caption\":\"Editorial Navona\"},\"image\":{\"@id\":\"https:\\\/\\\/navonaed.com\\\/#\\\/schema\\\/logo\\\/image\\\/\"},\"sameAs\":[\"https:\\\/\\\/www.facebook.com\\\/people\\\/Reemocioart\\\/100076073310442\\\/\"]}]}<\/script>\n<!-- \/ Yoast SEO plugin. -->","yoast_head_json":{"title":"Los papeles de Admunsen - Editorial Navona","robots":{"index":"index","follow":"follow","max-snippet":"max-snippet:-1","max-image-preview":"max-image-preview:large","max-video-preview":"max-video-preview:-1"},"canonical":"https:\/\/navonaed.com\/libro\/los-papeles-de-admunsen\/","og_locale":"ca_ES","og_type":"article","og_title":"Los papeles de Admunsen - Editorial Navona","og_description":"9788419552549Manuel V\u00e1zquez Montalb\u00e1n","og_url":"https:\/\/navonaed.com\/libro\/los-papeles-de-admunsen\/","og_site_name":"Editorial Navona","article_publisher":"https:\/\/www.facebook.com\/people\/Reemocioart\/100076073310442\/","article_modified_time":"2025-11-19T12:44:45+00:00","og_image":[{"width":900,"height":1359,"url":"https:\/\/navonaed.com\/wp-content\/uploads\/los_papeles_de_admunsen.jpg","type":"image\/jpeg"}],"twitter_card":"summary_large_image","twitter_misc":{"Temps estimat de lectura":"2 minuts"},"schema":{"@context":"https:\/\/schema.org","@graph":[{"@type":"WebPage","@id":"https:\/\/navonaed.com\/libro\/los-papeles-de-admunsen\/","url":"https:\/\/navonaed.com\/libro\/los-papeles-de-admunsen\/","name":"Los papeles de Admunsen - Editorial Navona","isPartOf":{"@id":"https:\/\/navonaed.com\/#website"},"primaryImageOfPage":{"@id":"https:\/\/navonaed.com\/libro\/los-papeles-de-admunsen\/#primaryimage"},"image":{"@id":"https:\/\/navonaed.com\/libro\/los-papeles-de-admunsen\/#primaryimage"},"thumbnailUrl":"https:\/\/navonaed.com\/wp-content\/uploads\/los_papeles_de_admunsen.jpg","datePublished":"2023-10-15T22:00:00+00:00","dateModified":"2025-11-19T12:44:45+00:00","breadcrumb":{"@id":"https:\/\/navonaed.com\/libro\/los-papeles-de-admunsen\/#breadcrumb"},"inLanguage":"ca","potentialAction":[{"@type":"ReadAction","target":["https:\/\/navonaed.com\/libro\/los-papeles-de-admunsen\/"]}]},{"@type":"ImageObject","inLanguage":"ca","@id":"https:\/\/navonaed.com\/libro\/los-papeles-de-admunsen\/#primaryimage","url":"https:\/\/navonaed.com\/wp-content\/uploads\/los_papeles_de_admunsen.jpg","contentUrl":"https:\/\/navonaed.com\/wp-content\/uploads\/los_papeles_de_admunsen.jpg","width":900,"height":1359},{"@type":"BreadcrumbList","@id":"https:\/\/navonaed.com\/libro\/los-papeles-de-admunsen\/#breadcrumb","itemListElement":[{"@type":"ListItem","position":1,"name":"Portada","item":"https:\/\/navonaed.com\/ca\/"},{"@type":"ListItem","position":2,"name":"Cat\u00e0leg","item":"https:\/\/navonaed.com\/ca\/cataleg\/"},{"@type":"ListItem","position":3,"name":"Los papeles de Admunsen"}]},{"@type":"WebSite","@id":"https:\/\/navonaed.com\/#website","url":"https:\/\/navonaed.com\/","name":"Editorial Navona","description":"Nos gustan los libros","publisher":{"@id":"https:\/\/navonaed.com\/#organization"},"potentialAction":[{"@type":"SearchAction","target":{"@type":"EntryPoint","urlTemplate":"https:\/\/navonaed.com\/?s={search_term_string}"},"query-input":{"@type":"PropertyValueSpecification","valueRequired":true,"valueName":"search_term_string"}}],"inLanguage":"ca"},{"@type":"Organization","@id":"https:\/\/navonaed.com\/#organization","name":"Editorial Navona","url":"https:\/\/navonaed.com\/","logo":{"@type":"ImageObject","inLanguage":"ca","@id":"https:\/\/navonaed.com\/#\/schema\/logo\/image\/","url":"https:\/\/navonaed.com\/wp-content\/uploads\/logo-navona.svg","contentUrl":"https:\/\/navonaed.com\/wp-content\/uploads\/logo-navona.svg","width":155,"height":32,"caption":"Editorial Navona"},"image":{"@id":"https:\/\/navonaed.com\/#\/schema\/logo\/image\/"},"sameAs":["https:\/\/www.facebook.com\/people\/Reemocioart\/100076073310442\/"]}]}},"_links":{"self":[{"href":"https:\/\/navonaed.com\/ca\/wp-json\/wp\/v2\/product\/6000","targetHints":{"allow":["GET"]}}],"collection":[{"href":"https:\/\/navonaed.com\/ca\/wp-json\/wp\/v2\/product"}],"about":[{"href":"https:\/\/navonaed.com\/ca\/wp-json\/wp\/v2\/types\/product"}],"wp:featuredmedia":[{"embeddable":true,"href":"https:\/\/navonaed.com\/ca\/wp-json\/wp\/v2\/media\/5134"}],"wp:attachment":[{"href":"https:\/\/navonaed.com\/ca\/wp-json\/wp\/v2\/media?parent=6000"}],"wp:term":[{"taxonomy":"product_brand","embeddable":true,"href":"https:\/\/navonaed.com\/ca\/wp-json\/wp\/v2\/product_brand?post=6000"},{"taxonomy":"product_cat","embeddable":true,"href":"https:\/\/navonaed.com\/ca\/wp-json\/wp\/v2\/product_cat?post=6000"},{"taxonomy":"product_tag","embeddable":true,"href":"https:\/\/navonaed.com\/ca\/wp-json\/wp\/v2\/product_tag?post=6000"}],"curies":[{"name":"wp","href":"https:\/\/api.w.org\/{rel}","templated":true}]}}