{"id":6089,"date":"2022-08-29T00:00:00","date_gmt":"2022-08-28T22:00:00","guid":{"rendered":"https:\/\/navonaed.com\/libro\/quadern-prohibit\/"},"modified":"2025-11-14T11:49:14","modified_gmt":"2025-11-14T10:49:14","slug":"quadern-prohibit","status":"publish","type":"product","link":"https:\/\/navonaed.com\/ca\/libro\/quadern-prohibit\/","title":{"rendered":"Quadern prohibit"},"content":{"rendered":"<p>\u00abVaig fer mal fet de comprar aquest quadern. Molt mal fet. Per\u00f2 ara \u00e9s massa tard per lamentar-ho, ja est\u00e0 fet.\u00bb Aix\u00ed comen\u00e7a el seu delicat i secret diari Valeria Cossati, una dona de classe mitjana a la Roma dels anys cinquanta. Fins que no comen\u00e7a a plasmar els seus sentiments, dubtes i confid\u00e8ncies en una llibreteta negra no s\u2019adona de com d\u2019insatisfeta se sent amb la seva vida. A trav\u00e9s de les p\u00e0gines d\u2019aquest emocionant diari, podem observar la rutina di\u00e0ria que la consumeix a poc a poc: la relaci\u00f3 amb els fills, que tenen problemes amb els seus primers amors i es volen independitzar, la falta constant de diners, les dificultats matrimonials, la feina en una oficina i la relaci\u00f3 amb el seu cap&#8230; La Valeria veu com la seva identitat ha estat cancel\u00b7lada i viu atrapada en un paper \u2013el de mare i esposa\u2013 i una mentalitat sufocants.<\/p>\n<p>A partir d\u2019aquest nou h\u00e0bit, la Valeria s\u2019ho q\u00fcestiona tot i veu trontollar l\u2019aparent felicitat amb qu\u00e8 encarava la vida dom\u00e8stica. La dona d\u00f2cil i abnegada que havia estat fins ara, dedicada en cos i \u00e0nima a tenir cura del marit i els fills, es transforma gradualment a mesura que accepta la seva individualitat. El relat minuci\u00f3s de la consci\u00e8ncia es revela de manera silenciosa, per\u00f2 amb la for\u00e7a de la veritat, en una hist\u00f2ria que es llegeix com una confessi\u00f3 \u00edntima i emotiva.<\/p>\n","protected":false},"excerpt":{"rendered":"<p>9788419311115<br \/>Alba de C\u00e9spedes<\/p>\n","protected":false},"featured_media":5232,"template":"","meta":{"_acf_changed":false,"_monsterinsights_skip_tracking":false,"_monsterinsights_sitenote_active":false,"_monsterinsights_sitenote_note":"","_monsterinsights_sitenote_category":0},"product_brand":[],"product_cat":[141],"product_tag":[],"class_list":{"0":"post-6089","1":"product","2":"type-product","3":"status-publish","4":"has-post-thumbnail","6":"product_cat-serie-m","8":"first","9":"instock","10":"taxable","11":"shipping-taxable","12":"purchasable","13":"product-type-simple"},"acf":[],"yoast_head":"<!-- This site is optimized with the Yoast SEO plugin v27.3 - https:\/\/yoast.com\/product\/yoast-seo-wordpress\/ -->\n<title>Quadern prohibit - Editorial Navona<\/title>\n<meta name=\"robots\" content=\"index, follow, max-snippet:-1, max-image-preview:large, max-video-preview:-1\" \/>\n<link rel=\"canonical\" href=\"https:\/\/navonaed.com\/libro\/quadern-prohibit\/\" \/>\n<meta property=\"og:locale\" content=\"ca_ES\" \/>\n<meta property=\"og:type\" content=\"article\" \/>\n<meta property=\"og:title\" content=\"Quadern prohibit - Editorial Navona\" \/>\n<meta property=\"og:description\" content=\"9788419311115Alba de C\u00e9spedes\" \/>\n<meta property=\"og:url\" content=\"https:\/\/navonaed.com\/libro\/quadern-prohibit\/\" \/>\n<meta property=\"og:site_name\" content=\"Editorial Navona\" \/>\n<meta property=\"article:publisher\" content=\"https:\/\/www.facebook.com\/people\/Reemocioart\/100076073310442\/\" \/>\n<meta property=\"article:modified_time\" content=\"2025-11-14T10:49:14+00:00\" \/>\n<meta property=\"og:image\" content=\"https:\/\/navonaed.com\/wp-content\/uploads\/quadern_prohibit.jpg\" \/>\n\t<meta property=\"og:image:width\" content=\"900\" \/>\n\t<meta property=\"og:image:height\" content=\"1330\" \/>\n\t<meta property=\"og:image:type\" content=\"image\/jpeg\" \/>\n<meta name=\"twitter:card\" content=\"summary_large_image\" \/>\n<meta name=\"twitter:label1\" content=\"Temps estimat de lectura\" \/>\n\t<meta name=\"twitter:data1\" content=\"2 minuts\" \/>\n<script type=\"application\/ld+json\" class=\"yoast-schema-graph\">{\"@context\":\"https:\\\/\\\/schema.org\",\"@graph\":[{\"@type\":\"WebPage\",\"@id\":\"https:\\\/\\\/navonaed.com\\\/libro\\\/quadern-prohibit\\\/\",\"url\":\"https:\\\/\\\/navonaed.com\\\/libro\\\/quadern-prohibit\\\/\",\"name\":\"Quadern prohibit - Editorial Navona\",\"isPartOf\":{\"@id\":\"https:\\\/\\\/navonaed.com\\\/#website\"},\"primaryImageOfPage\":{\"@id\":\"https:\\\/\\\/navonaed.com\\\/libro\\\/quadern-prohibit\\\/#primaryimage\"},\"image\":{\"@id\":\"https:\\\/\\\/navonaed.com\\\/libro\\\/quadern-prohibit\\\/#primaryimage\"},\"thumbnailUrl\":\"https:\\\/\\\/navonaed.com\\\/wp-content\\\/uploads\\\/quadern_prohibit.jpg\",\"datePublished\":\"2022-08-28T22:00:00+00:00\",\"dateModified\":\"2025-11-14T10:49:14+00:00\",\"breadcrumb\":{\"@id\":\"https:\\\/\\\/navonaed.com\\\/libro\\\/quadern-prohibit\\\/#breadcrumb\"},\"inLanguage\":\"ca\",\"potentialAction\":[{\"@type\":\"ReadAction\",\"target\":[\"https:\\\/\\\/navonaed.com\\\/libro\\\/quadern-prohibit\\\/\"]}]},{\"@type\":\"ImageObject\",\"inLanguage\":\"ca\",\"@id\":\"https:\\\/\\\/navonaed.com\\\/libro\\\/quadern-prohibit\\\/#primaryimage\",\"url\":\"https:\\\/\\\/navonaed.com\\\/wp-content\\\/uploads\\\/quadern_prohibit.jpg\",\"contentUrl\":\"https:\\\/\\\/navonaed.com\\\/wp-content\\\/uploads\\\/quadern_prohibit.jpg\",\"width\":900,\"height\":1330},{\"@type\":\"BreadcrumbList\",\"@id\":\"https:\\\/\\\/navonaed.com\\\/libro\\\/quadern-prohibit\\\/#breadcrumb\",\"itemListElement\":[{\"@type\":\"ListItem\",\"position\":1,\"name\":\"Portada\",\"item\":\"https:\\\/\\\/navonaed.com\\\/ca\\\/\"},{\"@type\":\"ListItem\",\"position\":2,\"name\":\"Cat\u00e0leg\",\"item\":\"https:\\\/\\\/navonaed.com\\\/ca\\\/cataleg\\\/\"},{\"@type\":\"ListItem\",\"position\":3,\"name\":\"Quadern prohibit\"}]},{\"@type\":\"WebSite\",\"@id\":\"https:\\\/\\\/navonaed.com\\\/#website\",\"url\":\"https:\\\/\\\/navonaed.com\\\/\",\"name\":\"Editorial Navona\",\"description\":\"Nos gustan los libros\",\"publisher\":{\"@id\":\"https:\\\/\\\/navonaed.com\\\/#organization\"},\"potentialAction\":[{\"@type\":\"SearchAction\",\"target\":{\"@type\":\"EntryPoint\",\"urlTemplate\":\"https:\\\/\\\/navonaed.com\\\/?s={search_term_string}\"},\"query-input\":{\"@type\":\"PropertyValueSpecification\",\"valueRequired\":true,\"valueName\":\"search_term_string\"}}],\"inLanguage\":\"ca\"},{\"@type\":\"Organization\",\"@id\":\"https:\\\/\\\/navonaed.com\\\/#organization\",\"name\":\"Editorial Navona\",\"url\":\"https:\\\/\\\/navonaed.com\\\/\",\"logo\":{\"@type\":\"ImageObject\",\"inLanguage\":\"ca\",\"@id\":\"https:\\\/\\\/navonaed.com\\\/#\\\/schema\\\/logo\\\/image\\\/\",\"url\":\"https:\\\/\\\/navonaed.com\\\/wp-content\\\/uploads\\\/logo-navona.svg\",\"contentUrl\":\"https:\\\/\\\/navonaed.com\\\/wp-content\\\/uploads\\\/logo-navona.svg\",\"width\":155,\"height\":32,\"caption\":\"Editorial Navona\"},\"image\":{\"@id\":\"https:\\\/\\\/navonaed.com\\\/#\\\/schema\\\/logo\\\/image\\\/\"},\"sameAs\":[\"https:\\\/\\\/www.facebook.com\\\/people\\\/Reemocioart\\\/100076073310442\\\/\"]}]}<\/script>\n<!-- \/ Yoast SEO plugin. -->","yoast_head_json":{"title":"Quadern prohibit - Editorial Navona","robots":{"index":"index","follow":"follow","max-snippet":"max-snippet:-1","max-image-preview":"max-image-preview:large","max-video-preview":"max-video-preview:-1"},"canonical":"https:\/\/navonaed.com\/libro\/quadern-prohibit\/","og_locale":"ca_ES","og_type":"article","og_title":"Quadern prohibit - Editorial Navona","og_description":"9788419311115Alba de C\u00e9spedes","og_url":"https:\/\/navonaed.com\/libro\/quadern-prohibit\/","og_site_name":"Editorial Navona","article_publisher":"https:\/\/www.facebook.com\/people\/Reemocioart\/100076073310442\/","article_modified_time":"2025-11-14T10:49:14+00:00","og_image":[{"width":900,"height":1330,"url":"https:\/\/navonaed.com\/wp-content\/uploads\/quadern_prohibit.jpg","type":"image\/jpeg"}],"twitter_card":"summary_large_image","twitter_misc":{"Temps estimat de lectura":"2 minuts"},"schema":{"@context":"https:\/\/schema.org","@graph":[{"@type":"WebPage","@id":"https:\/\/navonaed.com\/libro\/quadern-prohibit\/","url":"https:\/\/navonaed.com\/libro\/quadern-prohibit\/","name":"Quadern prohibit - Editorial Navona","isPartOf":{"@id":"https:\/\/navonaed.com\/#website"},"primaryImageOfPage":{"@id":"https:\/\/navonaed.com\/libro\/quadern-prohibit\/#primaryimage"},"image":{"@id":"https:\/\/navonaed.com\/libro\/quadern-prohibit\/#primaryimage"},"thumbnailUrl":"https:\/\/navonaed.com\/wp-content\/uploads\/quadern_prohibit.jpg","datePublished":"2022-08-28T22:00:00+00:00","dateModified":"2025-11-14T10:49:14+00:00","breadcrumb":{"@id":"https:\/\/navonaed.com\/libro\/quadern-prohibit\/#breadcrumb"},"inLanguage":"ca","potentialAction":[{"@type":"ReadAction","target":["https:\/\/navonaed.com\/libro\/quadern-prohibit\/"]}]},{"@type":"ImageObject","inLanguage":"ca","@id":"https:\/\/navonaed.com\/libro\/quadern-prohibit\/#primaryimage","url":"https:\/\/navonaed.com\/wp-content\/uploads\/quadern_prohibit.jpg","contentUrl":"https:\/\/navonaed.com\/wp-content\/uploads\/quadern_prohibit.jpg","width":900,"height":1330},{"@type":"BreadcrumbList","@id":"https:\/\/navonaed.com\/libro\/quadern-prohibit\/#breadcrumb","itemListElement":[{"@type":"ListItem","position":1,"name":"Portada","item":"https:\/\/navonaed.com\/ca\/"},{"@type":"ListItem","position":2,"name":"Cat\u00e0leg","item":"https:\/\/navonaed.com\/ca\/cataleg\/"},{"@type":"ListItem","position":3,"name":"Quadern prohibit"}]},{"@type":"WebSite","@id":"https:\/\/navonaed.com\/#website","url":"https:\/\/navonaed.com\/","name":"Editorial Navona","description":"Nos gustan los libros","publisher":{"@id":"https:\/\/navonaed.com\/#organization"},"potentialAction":[{"@type":"SearchAction","target":{"@type":"EntryPoint","urlTemplate":"https:\/\/navonaed.com\/?s={search_term_string}"},"query-input":{"@type":"PropertyValueSpecification","valueRequired":true,"valueName":"search_term_string"}}],"inLanguage":"ca"},{"@type":"Organization","@id":"https:\/\/navonaed.com\/#organization","name":"Editorial Navona","url":"https:\/\/navonaed.com\/","logo":{"@type":"ImageObject","inLanguage":"ca","@id":"https:\/\/navonaed.com\/#\/schema\/logo\/image\/","url":"https:\/\/navonaed.com\/wp-content\/uploads\/logo-navona.svg","contentUrl":"https:\/\/navonaed.com\/wp-content\/uploads\/logo-navona.svg","width":155,"height":32,"caption":"Editorial Navona"},"image":{"@id":"https:\/\/navonaed.com\/#\/schema\/logo\/image\/"},"sameAs":["https:\/\/www.facebook.com\/people\/Reemocioart\/100076073310442\/"]}]}},"_links":{"self":[{"href":"https:\/\/navonaed.com\/ca\/wp-json\/wp\/v2\/product\/6089","targetHints":{"allow":["GET"]}}],"collection":[{"href":"https:\/\/navonaed.com\/ca\/wp-json\/wp\/v2\/product"}],"about":[{"href":"https:\/\/navonaed.com\/ca\/wp-json\/wp\/v2\/types\/product"}],"wp:featuredmedia":[{"embeddable":true,"href":"https:\/\/navonaed.com\/ca\/wp-json\/wp\/v2\/media\/5232"}],"wp:attachment":[{"href":"https:\/\/navonaed.com\/ca\/wp-json\/wp\/v2\/media?parent=6089"}],"wp:term":[{"taxonomy":"product_brand","embeddable":true,"href":"https:\/\/navonaed.com\/ca\/wp-json\/wp\/v2\/product_brand?post=6089"},{"taxonomy":"product_cat","embeddable":true,"href":"https:\/\/navonaed.com\/ca\/wp-json\/wp\/v2\/product_cat?post=6089"},{"taxonomy":"product_tag","embeddable":true,"href":"https:\/\/navonaed.com\/ca\/wp-json\/wp\/v2\/product_tag?post=6089"}],"curies":[{"name":"wp","href":"https:\/\/api.w.org\/{rel}","templated":true}]}}