{"id":6100,"date":"2022-07-04T00:00:00","date_gmt":"2022-07-03T22:00:00","guid":{"rendered":"https:\/\/navonaed.com\/libro\/res-de-nou-a-loest\/"},"modified":"2025-11-14T12:05:55","modified_gmt":"2025-11-14T11:05:55","slug":"res-de-nou-a-loest","status":"publish","type":"product","link":"https:\/\/navonaed.com\/ca\/libro\/res-de-nou-a-loest\/","title":{"rendered":"Res de nou a l&#8217;oest"},"content":{"rendered":"<p>Convertida en el gran cl\u00e0ssic antibel\u00b7licista per milions de lectors generaci\u00f3 rere generaci\u00f3, Res de nou a l\u2019oest \u00e9s una obra de den\u00fancia brutal on Remarque reflecteix part de les seves experi\u00e8ncies com a combatent de la Primera Guerra Mundial.<\/p>\n<p>Amb absolut realisme i proximitat, Paul B\u00e4umer \u2014alter ego de l\u2019escriptor\u2014 ens narra el dest\u00ed d\u2019un grup de soldats durant la Primera Guerra Mundial. El seu talent per transmetre les emocions m\u00e9s profundes de l\u2019\u00e9sser hum\u00e0, a trav\u00e9s d\u2019imatges gaireb\u00e9 cinematogr\u00e0fiques plasmades amb un llenguatge clar i directe, deixa una empremta inesborrable en el lector.<\/p>\n<p>Res de nou a l\u2019oest neix de la ploma de Remarque amb el desig de ser la veu de tota una \u00abgeneraci\u00f3 perduda\u00bb, i, poc despr\u00e9s de la publicaci\u00f3, aquest relat inclement i vera\u00e7 de la vida quotidiana d\u2019un soldat es va convertir per m\u00e8rits propis en una obra de refer\u00e8ncia de la literatura del segle XX.<\/p>\n","protected":false},"excerpt":{"rendered":"<p>9788419179951<br \/>Erich Maria Remarque<\/p>\n","protected":false},"featured_media":5242,"template":"","meta":{"_acf_changed":false,"_monsterinsights_skip_tracking":false,"_monsterinsights_sitenote_active":false,"_monsterinsights_sitenote_note":"","_monsterinsights_sitenote_category":0},"product_brand":[],"product_cat":[151],"product_tag":[],"class_list":{"0":"post-6100","1":"product","2":"type-product","3":"status-publish","4":"has-post-thumbnail","6":"product_cat-serie-r","8":"first","9":"instock","10":"taxable","11":"shipping-taxable","12":"purchasable","13":"product-type-simple"},"acf":[],"yoast_head":"<!-- This site is optimized with the Yoast SEO plugin v27.3 - https:\/\/yoast.com\/product\/yoast-seo-wordpress\/ -->\n<title>Res de nou a l&#039;oest - Editorial Navona<\/title>\n<meta name=\"robots\" content=\"index, follow, max-snippet:-1, max-image-preview:large, max-video-preview:-1\" \/>\n<link rel=\"canonical\" href=\"https:\/\/navonaed.com\/libro\/res-de-nou-a-loest\/\" \/>\n<meta property=\"og:locale\" content=\"ca_ES\" \/>\n<meta property=\"og:type\" content=\"article\" \/>\n<meta property=\"og:title\" content=\"Res de nou a l&#039;oest - Editorial Navona\" \/>\n<meta property=\"og:description\" content=\"9788419179951Erich Maria Remarque\" \/>\n<meta property=\"og:url\" content=\"https:\/\/navonaed.com\/libro\/res-de-nou-a-loest\/\" \/>\n<meta property=\"og:site_name\" content=\"Editorial Navona\" \/>\n<meta property=\"article:publisher\" content=\"https:\/\/www.facebook.com\/people\/Reemocioart\/100076073310442\/\" \/>\n<meta property=\"article:modified_time\" content=\"2025-11-14T11:05:55+00:00\" \/>\n<meta property=\"og:image\" content=\"https:\/\/navonaed.com\/wp-content\/uploads\/res_de_nou_a_l_oest.jpg\" \/>\n\t<meta property=\"og:image:width\" content=\"900\" \/>\n\t<meta property=\"og:image:height\" content=\"1331\" \/>\n\t<meta property=\"og:image:type\" content=\"image\/jpeg\" \/>\n<meta name=\"twitter:card\" content=\"summary_large_image\" \/>\n<meta name=\"twitter:label1\" content=\"Temps estimat de lectura\" \/>\n\t<meta name=\"twitter:data1\" content=\"1 minut\" \/>\n<script type=\"application\/ld+json\" class=\"yoast-schema-graph\">{\"@context\":\"https:\\\/\\\/schema.org\",\"@graph\":[{\"@type\":\"WebPage\",\"@id\":\"https:\\\/\\\/navonaed.com\\\/libro\\\/res-de-nou-a-loest\\\/\",\"url\":\"https:\\\/\\\/navonaed.com\\\/libro\\\/res-de-nou-a-loest\\\/\",\"name\":\"Res de nou a l'oest - Editorial Navona\",\"isPartOf\":{\"@id\":\"https:\\\/\\\/navonaed.com\\\/#website\"},\"primaryImageOfPage\":{\"@id\":\"https:\\\/\\\/navonaed.com\\\/libro\\\/res-de-nou-a-loest\\\/#primaryimage\"},\"image\":{\"@id\":\"https:\\\/\\\/navonaed.com\\\/libro\\\/res-de-nou-a-loest\\\/#primaryimage\"},\"thumbnailUrl\":\"https:\\\/\\\/navonaed.com\\\/wp-content\\\/uploads\\\/res_de_nou_a_l_oest.jpg\",\"datePublished\":\"2022-07-03T22:00:00+00:00\",\"dateModified\":\"2025-11-14T11:05:55+00:00\",\"breadcrumb\":{\"@id\":\"https:\\\/\\\/navonaed.com\\\/libro\\\/res-de-nou-a-loest\\\/#breadcrumb\"},\"inLanguage\":\"ca\",\"potentialAction\":[{\"@type\":\"ReadAction\",\"target\":[\"https:\\\/\\\/navonaed.com\\\/libro\\\/res-de-nou-a-loest\\\/\"]}]},{\"@type\":\"ImageObject\",\"inLanguage\":\"ca\",\"@id\":\"https:\\\/\\\/navonaed.com\\\/libro\\\/res-de-nou-a-loest\\\/#primaryimage\",\"url\":\"https:\\\/\\\/navonaed.com\\\/wp-content\\\/uploads\\\/res_de_nou_a_l_oest.jpg\",\"contentUrl\":\"https:\\\/\\\/navonaed.com\\\/wp-content\\\/uploads\\\/res_de_nou_a_l_oest.jpg\",\"width\":900,\"height\":1331},{\"@type\":\"BreadcrumbList\",\"@id\":\"https:\\\/\\\/navonaed.com\\\/libro\\\/res-de-nou-a-loest\\\/#breadcrumb\",\"itemListElement\":[{\"@type\":\"ListItem\",\"position\":1,\"name\":\"Portada\",\"item\":\"https:\\\/\\\/navonaed.com\\\/ca\\\/\"},{\"@type\":\"ListItem\",\"position\":2,\"name\":\"Cat\u00e0leg\",\"item\":\"https:\\\/\\\/navonaed.com\\\/ca\\\/cataleg\\\/\"},{\"@type\":\"ListItem\",\"position\":3,\"name\":\"Res de nou a l&#8217;oest\"}]},{\"@type\":\"WebSite\",\"@id\":\"https:\\\/\\\/navonaed.com\\\/#website\",\"url\":\"https:\\\/\\\/navonaed.com\\\/\",\"name\":\"Editorial Navona\",\"description\":\"Nos gustan los libros\",\"publisher\":{\"@id\":\"https:\\\/\\\/navonaed.com\\\/#organization\"},\"potentialAction\":[{\"@type\":\"SearchAction\",\"target\":{\"@type\":\"EntryPoint\",\"urlTemplate\":\"https:\\\/\\\/navonaed.com\\\/?s={search_term_string}\"},\"query-input\":{\"@type\":\"PropertyValueSpecification\",\"valueRequired\":true,\"valueName\":\"search_term_string\"}}],\"inLanguage\":\"ca\"},{\"@type\":\"Organization\",\"@id\":\"https:\\\/\\\/navonaed.com\\\/#organization\",\"name\":\"Editorial Navona\",\"url\":\"https:\\\/\\\/navonaed.com\\\/\",\"logo\":{\"@type\":\"ImageObject\",\"inLanguage\":\"ca\",\"@id\":\"https:\\\/\\\/navonaed.com\\\/#\\\/schema\\\/logo\\\/image\\\/\",\"url\":\"https:\\\/\\\/navonaed.com\\\/wp-content\\\/uploads\\\/logo-navona.svg\",\"contentUrl\":\"https:\\\/\\\/navonaed.com\\\/wp-content\\\/uploads\\\/logo-navona.svg\",\"width\":155,\"height\":32,\"caption\":\"Editorial Navona\"},\"image\":{\"@id\":\"https:\\\/\\\/navonaed.com\\\/#\\\/schema\\\/logo\\\/image\\\/\"},\"sameAs\":[\"https:\\\/\\\/www.facebook.com\\\/people\\\/Reemocioart\\\/100076073310442\\\/\"]}]}<\/script>\n<!-- \/ Yoast SEO plugin. -->","yoast_head_json":{"title":"Res de nou a l'oest - Editorial Navona","robots":{"index":"index","follow":"follow","max-snippet":"max-snippet:-1","max-image-preview":"max-image-preview:large","max-video-preview":"max-video-preview:-1"},"canonical":"https:\/\/navonaed.com\/libro\/res-de-nou-a-loest\/","og_locale":"ca_ES","og_type":"article","og_title":"Res de nou a l'oest - Editorial Navona","og_description":"9788419179951Erich Maria Remarque","og_url":"https:\/\/navonaed.com\/libro\/res-de-nou-a-loest\/","og_site_name":"Editorial Navona","article_publisher":"https:\/\/www.facebook.com\/people\/Reemocioart\/100076073310442\/","article_modified_time":"2025-11-14T11:05:55+00:00","og_image":[{"width":900,"height":1331,"url":"https:\/\/navonaed.com\/wp-content\/uploads\/res_de_nou_a_l_oest.jpg","type":"image\/jpeg"}],"twitter_card":"summary_large_image","twitter_misc":{"Temps estimat de lectura":"1 minut"},"schema":{"@context":"https:\/\/schema.org","@graph":[{"@type":"WebPage","@id":"https:\/\/navonaed.com\/libro\/res-de-nou-a-loest\/","url":"https:\/\/navonaed.com\/libro\/res-de-nou-a-loest\/","name":"Res de nou a l'oest - Editorial Navona","isPartOf":{"@id":"https:\/\/navonaed.com\/#website"},"primaryImageOfPage":{"@id":"https:\/\/navonaed.com\/libro\/res-de-nou-a-loest\/#primaryimage"},"image":{"@id":"https:\/\/navonaed.com\/libro\/res-de-nou-a-loest\/#primaryimage"},"thumbnailUrl":"https:\/\/navonaed.com\/wp-content\/uploads\/res_de_nou_a_l_oest.jpg","datePublished":"2022-07-03T22:00:00+00:00","dateModified":"2025-11-14T11:05:55+00:00","breadcrumb":{"@id":"https:\/\/navonaed.com\/libro\/res-de-nou-a-loest\/#breadcrumb"},"inLanguage":"ca","potentialAction":[{"@type":"ReadAction","target":["https:\/\/navonaed.com\/libro\/res-de-nou-a-loest\/"]}]},{"@type":"ImageObject","inLanguage":"ca","@id":"https:\/\/navonaed.com\/libro\/res-de-nou-a-loest\/#primaryimage","url":"https:\/\/navonaed.com\/wp-content\/uploads\/res_de_nou_a_l_oest.jpg","contentUrl":"https:\/\/navonaed.com\/wp-content\/uploads\/res_de_nou_a_l_oest.jpg","width":900,"height":1331},{"@type":"BreadcrumbList","@id":"https:\/\/navonaed.com\/libro\/res-de-nou-a-loest\/#breadcrumb","itemListElement":[{"@type":"ListItem","position":1,"name":"Portada","item":"https:\/\/navonaed.com\/ca\/"},{"@type":"ListItem","position":2,"name":"Cat\u00e0leg","item":"https:\/\/navonaed.com\/ca\/cataleg\/"},{"@type":"ListItem","position":3,"name":"Res de nou a l&#8217;oest"}]},{"@type":"WebSite","@id":"https:\/\/navonaed.com\/#website","url":"https:\/\/navonaed.com\/","name":"Editorial Navona","description":"Nos gustan los libros","publisher":{"@id":"https:\/\/navonaed.com\/#organization"},"potentialAction":[{"@type":"SearchAction","target":{"@type":"EntryPoint","urlTemplate":"https:\/\/navonaed.com\/?s={search_term_string}"},"query-input":{"@type":"PropertyValueSpecification","valueRequired":true,"valueName":"search_term_string"}}],"inLanguage":"ca"},{"@type":"Organization","@id":"https:\/\/navonaed.com\/#organization","name":"Editorial Navona","url":"https:\/\/navonaed.com\/","logo":{"@type":"ImageObject","inLanguage":"ca","@id":"https:\/\/navonaed.com\/#\/schema\/logo\/image\/","url":"https:\/\/navonaed.com\/wp-content\/uploads\/logo-navona.svg","contentUrl":"https:\/\/navonaed.com\/wp-content\/uploads\/logo-navona.svg","width":155,"height":32,"caption":"Editorial Navona"},"image":{"@id":"https:\/\/navonaed.com\/#\/schema\/logo\/image\/"},"sameAs":["https:\/\/www.facebook.com\/people\/Reemocioart\/100076073310442\/"]}]}},"_links":{"self":[{"href":"https:\/\/navonaed.com\/ca\/wp-json\/wp\/v2\/product\/6100","targetHints":{"allow":["GET"]}}],"collection":[{"href":"https:\/\/navonaed.com\/ca\/wp-json\/wp\/v2\/product"}],"about":[{"href":"https:\/\/navonaed.com\/ca\/wp-json\/wp\/v2\/types\/product"}],"wp:featuredmedia":[{"embeddable":true,"href":"https:\/\/navonaed.com\/ca\/wp-json\/wp\/v2\/media\/5242"}],"wp:attachment":[{"href":"https:\/\/navonaed.com\/ca\/wp-json\/wp\/v2\/media?parent=6100"}],"wp:term":[{"taxonomy":"product_brand","embeddable":true,"href":"https:\/\/navonaed.com\/ca\/wp-json\/wp\/v2\/product_brand?post=6100"},{"taxonomy":"product_cat","embeddable":true,"href":"https:\/\/navonaed.com\/ca\/wp-json\/wp\/v2\/product_cat?post=6100"},{"taxonomy":"product_tag","embeddable":true,"href":"https:\/\/navonaed.com\/ca\/wp-json\/wp\/v2\/product_tag?post=6100"}],"curies":[{"name":"wp","href":"https:\/\/api.w.org\/{rel}","templated":true}]}}