{"id":6177,"date":"2025-10-13T08:33:27","date_gmt":"2025-10-13T06:33:27","guid":{"rendered":"https:\/\/navonaed.com\/libro\/un-legado-la-aventura-de-la-vida\/"},"modified":"2025-11-19T13:19:06","modified_gmt":"2025-11-19T12:19:06","slug":"un-legado-la-aventura-de-la-vida","status":"publish","type":"product","link":"https:\/\/navonaed.com\/ca\/libro\/un-legado-la-aventura-de-la-vida\/","title":{"rendered":"Un legado. La aventura de la vida"},"content":{"rendered":"<p><b>Una narraci\u00f3n cercana y sin filtros, escrita con la perspectiva que da toda una vida dedicada a la cultura, los libros y la familia.<\/b><\/p>\n<p>Rosa Reg\u00e0s ha tenido una vida fascinante. Consagrada al mundo intelectual de Barcelona y Madrid, se ha convertido en una figura m\u00edtica de la literatura en nuestro pa\u00eds. Un legado explica con detalle, hasta ahora in\u00e9dito, los episodios cruciales de su paso por el sector editorial y cultural que la convirtieron en el referente que es.<\/p>\n<p>Desde el feminismo a la religi\u00f3n cat\u00f3lica, pasando por la pol\u00edtica, el trabajo, la familia y los grandes amigos del alma, Reg\u00e0s recuerda muchas de las ideas por las que ha luchado durante toda su vida y a las personas que la acompa\u00f1aron en el transcurso de cada etapa. Redactado a partir de varias conversaciones con la periodista L\u00eddia Penelo, este es un testimonio que nos demuestra que hay personas que resumen una \u00e9poca y una sociedad.<\/p>\n","protected":false},"excerpt":{"rendered":"<p>9788419552655<br \/>Rosa Reg\u00e0s<\/p>\n","protected":false},"featured_media":5318,"template":"","meta":{"_acf_changed":false,"_monsterinsights_skip_tracking":false,"_monsterinsights_sitenote_active":false,"_monsterinsights_sitenote_note":"","_monsterinsights_sitenote_category":0},"product_brand":[],"product_cat":[140],"product_tag":[],"class_list":{"0":"post-6177","1":"product","2":"type-product","3":"status-publish","4":"has-post-thumbnail","6":"product_cat-bio","8":"first","9":"instock","10":"taxable","11":"shipping-taxable","12":"purchasable","13":"product-type-simple"},"acf":[],"yoast_head":"<!-- This site is optimized with the Yoast SEO plugin v27.3 - https:\/\/yoast.com\/product\/yoast-seo-wordpress\/ -->\n<title>Un legado. La aventura de la vida - Editorial Navona<\/title>\n<meta name=\"robots\" content=\"index, follow, max-snippet:-1, max-image-preview:large, max-video-preview:-1\" \/>\n<link rel=\"canonical\" href=\"https:\/\/navonaed.com\/libro\/un-legado-la-aventura-de-la-vida\/\" \/>\n<meta property=\"og:locale\" content=\"ca_ES\" \/>\n<meta property=\"og:type\" content=\"article\" \/>\n<meta property=\"og:title\" content=\"Un legado. La aventura de la vida - Editorial Navona\" \/>\n<meta property=\"og:description\" content=\"9788419552655Rosa Reg\u00e0s\" \/>\n<meta property=\"og:url\" content=\"https:\/\/navonaed.com\/libro\/un-legado-la-aventura-de-la-vida\/\" \/>\n<meta property=\"og:site_name\" content=\"Editorial Navona\" \/>\n<meta property=\"article:publisher\" content=\"https:\/\/www.facebook.com\/people\/Reemocioart\/100076073310442\/\" \/>\n<meta property=\"article:modified_time\" content=\"2025-11-19T12:19:06+00:00\" \/>\n<meta property=\"og:image\" content=\"https:\/\/navonaed.com\/wp-content\/uploads\/un_legado.jpg\" \/>\n\t<meta property=\"og:image:width\" content=\"900\" \/>\n\t<meta property=\"og:image:height\" content=\"1331\" \/>\n\t<meta property=\"og:image:type\" content=\"image\/jpeg\" \/>\n<meta name=\"twitter:card\" content=\"summary_large_image\" \/>\n<meta name=\"twitter:label1\" content=\"Temps estimat de lectura\" \/>\n\t<meta name=\"twitter:data1\" content=\"1 minut\" \/>\n<script type=\"application\/ld+json\" class=\"yoast-schema-graph\">{\"@context\":\"https:\\\/\\\/schema.org\",\"@graph\":[{\"@type\":\"WebPage\",\"@id\":\"https:\\\/\\\/navonaed.com\\\/libro\\\/un-legado-la-aventura-de-la-vida\\\/\",\"url\":\"https:\\\/\\\/navonaed.com\\\/libro\\\/un-legado-la-aventura-de-la-vida\\\/\",\"name\":\"Un legado. La aventura de la vida - Editorial Navona\",\"isPartOf\":{\"@id\":\"https:\\\/\\\/navonaed.com\\\/#website\"},\"primaryImageOfPage\":{\"@id\":\"https:\\\/\\\/navonaed.com\\\/libro\\\/un-legado-la-aventura-de-la-vida\\\/#primaryimage\"},\"image\":{\"@id\":\"https:\\\/\\\/navonaed.com\\\/libro\\\/un-legado-la-aventura-de-la-vida\\\/#primaryimage\"},\"thumbnailUrl\":\"https:\\\/\\\/navonaed.com\\\/wp-content\\\/uploads\\\/un_legado.jpg\",\"datePublished\":\"2025-10-13T06:33:27+00:00\",\"dateModified\":\"2025-11-19T12:19:06+00:00\",\"breadcrumb\":{\"@id\":\"https:\\\/\\\/navonaed.com\\\/libro\\\/un-legado-la-aventura-de-la-vida\\\/#breadcrumb\"},\"inLanguage\":\"ca\",\"potentialAction\":[{\"@type\":\"ReadAction\",\"target\":[\"https:\\\/\\\/navonaed.com\\\/libro\\\/un-legado-la-aventura-de-la-vida\\\/\"]}]},{\"@type\":\"ImageObject\",\"inLanguage\":\"ca\",\"@id\":\"https:\\\/\\\/navonaed.com\\\/libro\\\/un-legado-la-aventura-de-la-vida\\\/#primaryimage\",\"url\":\"https:\\\/\\\/navonaed.com\\\/wp-content\\\/uploads\\\/un_legado.jpg\",\"contentUrl\":\"https:\\\/\\\/navonaed.com\\\/wp-content\\\/uploads\\\/un_legado.jpg\",\"width\":900,\"height\":1331},{\"@type\":\"BreadcrumbList\",\"@id\":\"https:\\\/\\\/navonaed.com\\\/libro\\\/un-legado-la-aventura-de-la-vida\\\/#breadcrumb\",\"itemListElement\":[{\"@type\":\"ListItem\",\"position\":1,\"name\":\"Portada\",\"item\":\"https:\\\/\\\/navonaed.com\\\/ca\\\/\"},{\"@type\":\"ListItem\",\"position\":2,\"name\":\"Cat\u00e0leg\",\"item\":\"https:\\\/\\\/navonaed.com\\\/ca\\\/cataleg\\\/\"},{\"@type\":\"ListItem\",\"position\":3,\"name\":\"Un legado. La aventura de la vida\"}]},{\"@type\":\"WebSite\",\"@id\":\"https:\\\/\\\/navonaed.com\\\/#website\",\"url\":\"https:\\\/\\\/navonaed.com\\\/\",\"name\":\"Editorial Navona\",\"description\":\"Nos gustan los libros\",\"publisher\":{\"@id\":\"https:\\\/\\\/navonaed.com\\\/#organization\"},\"potentialAction\":[{\"@type\":\"SearchAction\",\"target\":{\"@type\":\"EntryPoint\",\"urlTemplate\":\"https:\\\/\\\/navonaed.com\\\/?s={search_term_string}\"},\"query-input\":{\"@type\":\"PropertyValueSpecification\",\"valueRequired\":true,\"valueName\":\"search_term_string\"}}],\"inLanguage\":\"ca\"},{\"@type\":\"Organization\",\"@id\":\"https:\\\/\\\/navonaed.com\\\/#organization\",\"name\":\"Editorial Navona\",\"url\":\"https:\\\/\\\/navonaed.com\\\/\",\"logo\":{\"@type\":\"ImageObject\",\"inLanguage\":\"ca\",\"@id\":\"https:\\\/\\\/navonaed.com\\\/#\\\/schema\\\/logo\\\/image\\\/\",\"url\":\"https:\\\/\\\/navonaed.com\\\/wp-content\\\/uploads\\\/logo-navona.svg\",\"contentUrl\":\"https:\\\/\\\/navonaed.com\\\/wp-content\\\/uploads\\\/logo-navona.svg\",\"width\":155,\"height\":32,\"caption\":\"Editorial Navona\"},\"image\":{\"@id\":\"https:\\\/\\\/navonaed.com\\\/#\\\/schema\\\/logo\\\/image\\\/\"},\"sameAs\":[\"https:\\\/\\\/www.facebook.com\\\/people\\\/Reemocioart\\\/100076073310442\\\/\"]}]}<\/script>\n<!-- \/ Yoast SEO plugin. -->","yoast_head_json":{"title":"Un legado. La aventura de la vida - Editorial Navona","robots":{"index":"index","follow":"follow","max-snippet":"max-snippet:-1","max-image-preview":"max-image-preview:large","max-video-preview":"max-video-preview:-1"},"canonical":"https:\/\/navonaed.com\/libro\/un-legado-la-aventura-de-la-vida\/","og_locale":"ca_ES","og_type":"article","og_title":"Un legado. La aventura de la vida - Editorial Navona","og_description":"9788419552655Rosa Reg\u00e0s","og_url":"https:\/\/navonaed.com\/libro\/un-legado-la-aventura-de-la-vida\/","og_site_name":"Editorial Navona","article_publisher":"https:\/\/www.facebook.com\/people\/Reemocioart\/100076073310442\/","article_modified_time":"2025-11-19T12:19:06+00:00","og_image":[{"width":900,"height":1331,"url":"https:\/\/navonaed.com\/wp-content\/uploads\/un_legado.jpg","type":"image\/jpeg"}],"twitter_card":"summary_large_image","twitter_misc":{"Temps estimat de lectura":"1 minut"},"schema":{"@context":"https:\/\/schema.org","@graph":[{"@type":"WebPage","@id":"https:\/\/navonaed.com\/libro\/un-legado-la-aventura-de-la-vida\/","url":"https:\/\/navonaed.com\/libro\/un-legado-la-aventura-de-la-vida\/","name":"Un legado. La aventura de la vida - Editorial Navona","isPartOf":{"@id":"https:\/\/navonaed.com\/#website"},"primaryImageOfPage":{"@id":"https:\/\/navonaed.com\/libro\/un-legado-la-aventura-de-la-vida\/#primaryimage"},"image":{"@id":"https:\/\/navonaed.com\/libro\/un-legado-la-aventura-de-la-vida\/#primaryimage"},"thumbnailUrl":"https:\/\/navonaed.com\/wp-content\/uploads\/un_legado.jpg","datePublished":"2025-10-13T06:33:27+00:00","dateModified":"2025-11-19T12:19:06+00:00","breadcrumb":{"@id":"https:\/\/navonaed.com\/libro\/un-legado-la-aventura-de-la-vida\/#breadcrumb"},"inLanguage":"ca","potentialAction":[{"@type":"ReadAction","target":["https:\/\/navonaed.com\/libro\/un-legado-la-aventura-de-la-vida\/"]}]},{"@type":"ImageObject","inLanguage":"ca","@id":"https:\/\/navonaed.com\/libro\/un-legado-la-aventura-de-la-vida\/#primaryimage","url":"https:\/\/navonaed.com\/wp-content\/uploads\/un_legado.jpg","contentUrl":"https:\/\/navonaed.com\/wp-content\/uploads\/un_legado.jpg","width":900,"height":1331},{"@type":"BreadcrumbList","@id":"https:\/\/navonaed.com\/libro\/un-legado-la-aventura-de-la-vida\/#breadcrumb","itemListElement":[{"@type":"ListItem","position":1,"name":"Portada","item":"https:\/\/navonaed.com\/ca\/"},{"@type":"ListItem","position":2,"name":"Cat\u00e0leg","item":"https:\/\/navonaed.com\/ca\/cataleg\/"},{"@type":"ListItem","position":3,"name":"Un legado. La aventura de la vida"}]},{"@type":"WebSite","@id":"https:\/\/navonaed.com\/#website","url":"https:\/\/navonaed.com\/","name":"Editorial Navona","description":"Nos gustan los libros","publisher":{"@id":"https:\/\/navonaed.com\/#organization"},"potentialAction":[{"@type":"SearchAction","target":{"@type":"EntryPoint","urlTemplate":"https:\/\/navonaed.com\/?s={search_term_string}"},"query-input":{"@type":"PropertyValueSpecification","valueRequired":true,"valueName":"search_term_string"}}],"inLanguage":"ca"},{"@type":"Organization","@id":"https:\/\/navonaed.com\/#organization","name":"Editorial Navona","url":"https:\/\/navonaed.com\/","logo":{"@type":"ImageObject","inLanguage":"ca","@id":"https:\/\/navonaed.com\/#\/schema\/logo\/image\/","url":"https:\/\/navonaed.com\/wp-content\/uploads\/logo-navona.svg","contentUrl":"https:\/\/navonaed.com\/wp-content\/uploads\/logo-navona.svg","width":155,"height":32,"caption":"Editorial Navona"},"image":{"@id":"https:\/\/navonaed.com\/#\/schema\/logo\/image\/"},"sameAs":["https:\/\/www.facebook.com\/people\/Reemocioart\/100076073310442\/"]}]}},"_links":{"self":[{"href":"https:\/\/navonaed.com\/ca\/wp-json\/wp\/v2\/product\/6177","targetHints":{"allow":["GET"]}}],"collection":[{"href":"https:\/\/navonaed.com\/ca\/wp-json\/wp\/v2\/product"}],"about":[{"href":"https:\/\/navonaed.com\/ca\/wp-json\/wp\/v2\/types\/product"}],"wp:featuredmedia":[{"embeddable":true,"href":"https:\/\/navonaed.com\/ca\/wp-json\/wp\/v2\/media\/5318"}],"wp:attachment":[{"href":"https:\/\/navonaed.com\/ca\/wp-json\/wp\/v2\/media?parent=6177"}],"wp:term":[{"taxonomy":"product_brand","embeddable":true,"href":"https:\/\/navonaed.com\/ca\/wp-json\/wp\/v2\/product_brand?post=6177"},{"taxonomy":"product_cat","embeddable":true,"href":"https:\/\/navonaed.com\/ca\/wp-json\/wp\/v2\/product_cat?post=6177"},{"taxonomy":"product_tag","embeddable":true,"href":"https:\/\/navonaed.com\/ca\/wp-json\/wp\/v2\/product_tag?post=6177"}],"curies":[{"name":"wp","href":"https:\/\/api.w.org\/{rel}","templated":true}]}}