{"id":6192,"date":"2022-02-14T00:00:00","date_gmt":"2022-02-13T23:00:00","guid":{"rendered":"https:\/\/navonaed.com\/libro\/verdades-a-la-cara\/"},"modified":"2025-11-19T12:59:35","modified_gmt":"2025-11-19T11:59:35","slug":"verdades-a-la-cara","status":"publish","type":"product","link":"https:\/\/navonaed.com\/ca\/libro\/verdades-a-la-cara\/","title":{"rendered":"Verdades a la cara"},"content":{"rendered":"<p>En\u00a0<i>Verdades a la cara<\/i>, Pablo Iglesias aborda \u2014a veces por primera vez, a veces desde un \u00e1ngulo completamente nuevo\u2014 los episodios m\u00e1s relevantes de su vida pol\u00edtica y personal de estos &#8221;a\u00f1os salvajes&#8221;, como confiesa en el subt\u00edtulo. Este impresionante testimonio empieza con una descripci\u00f3n pormenorizada del escrache que \u00e9l y su fam\u00edlia sufrieron en su propia casa, m\u00e1ximo exponente del brutal acoso al que ha sido sometido durante a\u00f1os, y que explica en este libro de manera descarnada.<\/p>\n<p>Iglesias tambi\u00e9n aborda episodios jam\u00e1s contados de su vicepresidencia, incluyendo la compleja gesti\u00f3n de la pandemia, as\u00ed como el paso de Podemos por el Gobierno, las grandes negociaciones desde el 2016, las negociaciones presupuestarias o el intento de construir una nueva direcci\u00f3n del Estado con ERC y Bildu, y no se obvian temas dif\u00edciles como la compra de la casa de Galapagar, las diferencias con Errej\u00f3n o el caso DINA. Pero, como confiesa \u00e9l mismo, no es un libro de memorias, sino una sucesi\u00f3n no cronol\u00f3gica de vivencias, cuyo hilo conductor es la continua pugna entre Podemos y el establishment pol\u00edtico y econ\u00f3mico, personalizado en algunos jueces, las cloacas del Estado y ciertos medios de comunicaci\u00f3n.<\/p>\n<p>El periodista Aitor Riveiro, que sigui\u00f3 a Podemos desde su nacimiento, tira de la lengua de Pablo Iglesias en un libro excepcional en el que el exvicepresidente dice, y otras vecs hasta escupe, duras verdades sobre su experiencia pol\u00edtica y personal que no dejar\u00e1n indiferente a nadie<\/p>\n","protected":false},"excerpt":{"rendered":"<p>9788419179159<br \/>Pablo Iglesias<\/p>\n","protected":false},"featured_media":5338,"template":"","meta":{"_acf_changed":false,"_monsterinsights_skip_tracking":false,"_monsterinsights_sitenote_active":false,"_monsterinsights_sitenote_note":"","_monsterinsights_sitenote_category":0},"product_brand":[],"product_cat":[140],"product_tag":[],"class_list":{"0":"post-6192","1":"product","2":"type-product","3":"status-publish","4":"has-post-thumbnail","6":"product_cat-bio","8":"first","9":"instock","10":"taxable","11":"shipping-taxable","12":"purchasable","13":"product-type-simple"},"acf":[],"yoast_head":"<!-- This site is optimized with the Yoast SEO plugin v27.3 - https:\/\/yoast.com\/product\/yoast-seo-wordpress\/ -->\n<title>Verdades a la cara - Editorial Navona<\/title>\n<meta name=\"robots\" content=\"index, follow, max-snippet:-1, max-image-preview:large, max-video-preview:-1\" \/>\n<link rel=\"canonical\" href=\"https:\/\/navonaed.com\/libro\/verdades-a-la-cara\/\" \/>\n<meta property=\"og:locale\" content=\"ca_ES\" \/>\n<meta property=\"og:type\" content=\"article\" \/>\n<meta property=\"og:title\" content=\"Verdades a la cara - Editorial Navona\" \/>\n<meta property=\"og:description\" content=\"9788419179159Pablo Iglesias\" \/>\n<meta property=\"og:url\" content=\"https:\/\/navonaed.com\/libro\/verdades-a-la-cara\/\" \/>\n<meta property=\"og:site_name\" content=\"Editorial Navona\" \/>\n<meta property=\"article:publisher\" content=\"https:\/\/www.facebook.com\/people\/Reemocioart\/100076073310442\/\" \/>\n<meta property=\"article:modified_time\" content=\"2025-11-19T11:59:35+00:00\" \/>\n<meta property=\"og:image\" content=\"https:\/\/navonaed.com\/wp-content\/uploads\/verdades_a_la_cara.jpg\" \/>\n\t<meta property=\"og:image:width\" content=\"900\" \/>\n\t<meta property=\"og:image:height\" content=\"1331\" \/>\n\t<meta property=\"og:image:type\" content=\"image\/jpeg\" \/>\n<meta name=\"twitter:card\" content=\"summary_large_image\" \/>\n<meta name=\"twitter:label1\" content=\"Temps estimat de lectura\" \/>\n\t<meta name=\"twitter:data1\" content=\"2 minuts\" \/>\n<script type=\"application\/ld+json\" class=\"yoast-schema-graph\">{\"@context\":\"https:\\\/\\\/schema.org\",\"@graph\":[{\"@type\":\"WebPage\",\"@id\":\"https:\\\/\\\/navonaed.com\\\/libro\\\/verdades-a-la-cara\\\/\",\"url\":\"https:\\\/\\\/navonaed.com\\\/libro\\\/verdades-a-la-cara\\\/\",\"name\":\"Verdades a la cara - Editorial Navona\",\"isPartOf\":{\"@id\":\"https:\\\/\\\/navonaed.com\\\/#website\"},\"primaryImageOfPage\":{\"@id\":\"https:\\\/\\\/navonaed.com\\\/libro\\\/verdades-a-la-cara\\\/#primaryimage\"},\"image\":{\"@id\":\"https:\\\/\\\/navonaed.com\\\/libro\\\/verdades-a-la-cara\\\/#primaryimage\"},\"thumbnailUrl\":\"https:\\\/\\\/navonaed.com\\\/wp-content\\\/uploads\\\/verdades_a_la_cara.jpg\",\"datePublished\":\"2022-02-13T23:00:00+00:00\",\"dateModified\":\"2025-11-19T11:59:35+00:00\",\"breadcrumb\":{\"@id\":\"https:\\\/\\\/navonaed.com\\\/libro\\\/verdades-a-la-cara\\\/#breadcrumb\"},\"inLanguage\":\"ca\",\"potentialAction\":[{\"@type\":\"ReadAction\",\"target\":[\"https:\\\/\\\/navonaed.com\\\/libro\\\/verdades-a-la-cara\\\/\"]}]},{\"@type\":\"ImageObject\",\"inLanguage\":\"ca\",\"@id\":\"https:\\\/\\\/navonaed.com\\\/libro\\\/verdades-a-la-cara\\\/#primaryimage\",\"url\":\"https:\\\/\\\/navonaed.com\\\/wp-content\\\/uploads\\\/verdades_a_la_cara.jpg\",\"contentUrl\":\"https:\\\/\\\/navonaed.com\\\/wp-content\\\/uploads\\\/verdades_a_la_cara.jpg\",\"width\":900,\"height\":1331},{\"@type\":\"BreadcrumbList\",\"@id\":\"https:\\\/\\\/navonaed.com\\\/libro\\\/verdades-a-la-cara\\\/#breadcrumb\",\"itemListElement\":[{\"@type\":\"ListItem\",\"position\":1,\"name\":\"Portada\",\"item\":\"https:\\\/\\\/navonaed.com\\\/ca\\\/\"},{\"@type\":\"ListItem\",\"position\":2,\"name\":\"Cat\u00e0leg\",\"item\":\"https:\\\/\\\/navonaed.com\\\/ca\\\/cataleg\\\/\"},{\"@type\":\"ListItem\",\"position\":3,\"name\":\"Verdades a la cara\"}]},{\"@type\":\"WebSite\",\"@id\":\"https:\\\/\\\/navonaed.com\\\/#website\",\"url\":\"https:\\\/\\\/navonaed.com\\\/\",\"name\":\"Editorial Navona\",\"description\":\"Nos gustan los libros\",\"publisher\":{\"@id\":\"https:\\\/\\\/navonaed.com\\\/#organization\"},\"potentialAction\":[{\"@type\":\"SearchAction\",\"target\":{\"@type\":\"EntryPoint\",\"urlTemplate\":\"https:\\\/\\\/navonaed.com\\\/?s={search_term_string}\"},\"query-input\":{\"@type\":\"PropertyValueSpecification\",\"valueRequired\":true,\"valueName\":\"search_term_string\"}}],\"inLanguage\":\"ca\"},{\"@type\":\"Organization\",\"@id\":\"https:\\\/\\\/navonaed.com\\\/#organization\",\"name\":\"Editorial Navona\",\"url\":\"https:\\\/\\\/navonaed.com\\\/\",\"logo\":{\"@type\":\"ImageObject\",\"inLanguage\":\"ca\",\"@id\":\"https:\\\/\\\/navonaed.com\\\/#\\\/schema\\\/logo\\\/image\\\/\",\"url\":\"https:\\\/\\\/navonaed.com\\\/wp-content\\\/uploads\\\/logo-navona.svg\",\"contentUrl\":\"https:\\\/\\\/navonaed.com\\\/wp-content\\\/uploads\\\/logo-navona.svg\",\"width\":155,\"height\":32,\"caption\":\"Editorial Navona\"},\"image\":{\"@id\":\"https:\\\/\\\/navonaed.com\\\/#\\\/schema\\\/logo\\\/image\\\/\"},\"sameAs\":[\"https:\\\/\\\/www.facebook.com\\\/people\\\/Reemocioart\\\/100076073310442\\\/\"]}]}<\/script>\n<!-- \/ Yoast SEO plugin. -->","yoast_head_json":{"title":"Verdades a la cara - Editorial Navona","robots":{"index":"index","follow":"follow","max-snippet":"max-snippet:-1","max-image-preview":"max-image-preview:large","max-video-preview":"max-video-preview:-1"},"canonical":"https:\/\/navonaed.com\/libro\/verdades-a-la-cara\/","og_locale":"ca_ES","og_type":"article","og_title":"Verdades a la cara - Editorial Navona","og_description":"9788419179159Pablo Iglesias","og_url":"https:\/\/navonaed.com\/libro\/verdades-a-la-cara\/","og_site_name":"Editorial Navona","article_publisher":"https:\/\/www.facebook.com\/people\/Reemocioart\/100076073310442\/","article_modified_time":"2025-11-19T11:59:35+00:00","og_image":[{"width":900,"height":1331,"url":"https:\/\/navonaed.com\/wp-content\/uploads\/verdades_a_la_cara.jpg","type":"image\/jpeg"}],"twitter_card":"summary_large_image","twitter_misc":{"Temps estimat de lectura":"2 minuts"},"schema":{"@context":"https:\/\/schema.org","@graph":[{"@type":"WebPage","@id":"https:\/\/navonaed.com\/libro\/verdades-a-la-cara\/","url":"https:\/\/navonaed.com\/libro\/verdades-a-la-cara\/","name":"Verdades a la cara - Editorial Navona","isPartOf":{"@id":"https:\/\/navonaed.com\/#website"},"primaryImageOfPage":{"@id":"https:\/\/navonaed.com\/libro\/verdades-a-la-cara\/#primaryimage"},"image":{"@id":"https:\/\/navonaed.com\/libro\/verdades-a-la-cara\/#primaryimage"},"thumbnailUrl":"https:\/\/navonaed.com\/wp-content\/uploads\/verdades_a_la_cara.jpg","datePublished":"2022-02-13T23:00:00+00:00","dateModified":"2025-11-19T11:59:35+00:00","breadcrumb":{"@id":"https:\/\/navonaed.com\/libro\/verdades-a-la-cara\/#breadcrumb"},"inLanguage":"ca","potentialAction":[{"@type":"ReadAction","target":["https:\/\/navonaed.com\/libro\/verdades-a-la-cara\/"]}]},{"@type":"ImageObject","inLanguage":"ca","@id":"https:\/\/navonaed.com\/libro\/verdades-a-la-cara\/#primaryimage","url":"https:\/\/navonaed.com\/wp-content\/uploads\/verdades_a_la_cara.jpg","contentUrl":"https:\/\/navonaed.com\/wp-content\/uploads\/verdades_a_la_cara.jpg","width":900,"height":1331},{"@type":"BreadcrumbList","@id":"https:\/\/navonaed.com\/libro\/verdades-a-la-cara\/#breadcrumb","itemListElement":[{"@type":"ListItem","position":1,"name":"Portada","item":"https:\/\/navonaed.com\/ca\/"},{"@type":"ListItem","position":2,"name":"Cat\u00e0leg","item":"https:\/\/navonaed.com\/ca\/cataleg\/"},{"@type":"ListItem","position":3,"name":"Verdades a la cara"}]},{"@type":"WebSite","@id":"https:\/\/navonaed.com\/#website","url":"https:\/\/navonaed.com\/","name":"Editorial Navona","description":"Nos gustan los libros","publisher":{"@id":"https:\/\/navonaed.com\/#organization"},"potentialAction":[{"@type":"SearchAction","target":{"@type":"EntryPoint","urlTemplate":"https:\/\/navonaed.com\/?s={search_term_string}"},"query-input":{"@type":"PropertyValueSpecification","valueRequired":true,"valueName":"search_term_string"}}],"inLanguage":"ca"},{"@type":"Organization","@id":"https:\/\/navonaed.com\/#organization","name":"Editorial Navona","url":"https:\/\/navonaed.com\/","logo":{"@type":"ImageObject","inLanguage":"ca","@id":"https:\/\/navonaed.com\/#\/schema\/logo\/image\/","url":"https:\/\/navonaed.com\/wp-content\/uploads\/logo-navona.svg","contentUrl":"https:\/\/navonaed.com\/wp-content\/uploads\/logo-navona.svg","width":155,"height":32,"caption":"Editorial Navona"},"image":{"@id":"https:\/\/navonaed.com\/#\/schema\/logo\/image\/"},"sameAs":["https:\/\/www.facebook.com\/people\/Reemocioart\/100076073310442\/"]}]}},"_links":{"self":[{"href":"https:\/\/navonaed.com\/ca\/wp-json\/wp\/v2\/product\/6192","targetHints":{"allow":["GET"]}}],"collection":[{"href":"https:\/\/navonaed.com\/ca\/wp-json\/wp\/v2\/product"}],"about":[{"href":"https:\/\/navonaed.com\/ca\/wp-json\/wp\/v2\/types\/product"}],"wp:featuredmedia":[{"embeddable":true,"href":"https:\/\/navonaed.com\/ca\/wp-json\/wp\/v2\/media\/5338"}],"wp:attachment":[{"href":"https:\/\/navonaed.com\/ca\/wp-json\/wp\/v2\/media?parent=6192"}],"wp:term":[{"taxonomy":"product_brand","embeddable":true,"href":"https:\/\/navonaed.com\/ca\/wp-json\/wp\/v2\/product_brand?post=6192"},{"taxonomy":"product_cat","embeddable":true,"href":"https:\/\/navonaed.com\/ca\/wp-json\/wp\/v2\/product_cat?post=6192"},{"taxonomy":"product_tag","embeddable":true,"href":"https:\/\/navonaed.com\/ca\/wp-json\/wp\/v2\/product_tag?post=6192"}],"curies":[{"name":"wp","href":"https:\/\/api.w.org\/{rel}","templated":true}]}}