{"id":6227,"date":"2025-10-15T10:39:51","date_gmt":"2025-10-15T08:39:51","guid":{"rendered":"https:\/\/navonaed.com\/?post_type=product&#038;p=6227"},"modified":"2025-11-26T11:48:24","modified_gmt":"2025-11-26T10:48:24","slug":"sonabamos-una-isla","status":"publish","type":"product","link":"https:\/\/navonaed.com\/ca\/libro\/sonabamos-una-isla\/","title":{"rendered":"So\u00f1\u00e1bamos una isla"},"content":{"rendered":"<p class=\"product-name\"><strong>Premio Sant Jordi 2025<\/strong><\/p>\n<p>Despu\u00e9s de una gran sacudida \u2014dos, en realidad\u2014, Carla necesita volver a poner en orden su vida, reconectar con lo que de verdad importa y curar sus heridas. Para conseguirlo, deber\u00e1 viajar muy adentro de s\u00ed misma y tambi\u00e9n muy lejos: a un sinf\u00edn de islas que le permitir\u00e1n mirar la vida desde otra perspectiva. Islas remotas, inaccesibles, tr\u00e1gicas, legendarias o artificiales, islas que, en el fondo, tambi\u00e9n somos un poco nosotros.<\/p>\n<p>En medio de un d\u00eda a d\u00eda no siempre luminoso, Carla toma distancia y escribe un texto confesional en un intento por comprender c\u00f3mo ha llegado hasta donde est\u00e1 y qu\u00e9 quiere a partir de ahora.<\/p>\n<div class=\"gmail_default\">\n<p dir=\"ltr\"><i>La traducci\u00f3n de esta obra ha recibido una ayuda del Ministerio de Cultura, a trav\u00e9s de la Direcci\u00f3n General del Libro, del C\u00f3mic y de la Lectura<\/i><\/p>\n<p dir=\"ltr\"><img decoding=\"async\" class=\"alignnone  wp-image-6850\" src=\"https:\/\/navonaed.com\/wp-content\/uploads\/logo-mcu-dglcl-360x101.jpg\" alt=\"\" width=\"210\" height=\"59\" srcset=\"https:\/\/navonaed.com\/wp-content\/uploads\/logo-mcu-dglcl-360x101.jpg 360w, https:\/\/navonaed.com\/wp-content\/uploads\/logo-mcu-dglcl-1024x286.jpg 1024w, https:\/\/navonaed.com\/wp-content\/uploads\/logo-mcu-dglcl-460x128.jpg 460w, https:\/\/navonaed.com\/wp-content\/uploads\/logo-mcu-dglcl-350x100.jpg 350w\" sizes=\"auto, (max-width: 210px) 100vw, 210px\" \/ fetchpriority=\"high\"><img loading=\"lazy\" decoding=\"async\" class=\"alignnone wp-image-6848\" src=\"https:\/\/navonaed.com\/wp-content\/uploads\/logopfl-principal-360x368.jpg\" alt=\"\" width=\"110\" height=\"113\" srcset=\"https:\/\/navonaed.com\/wp-content\/uploads\/logopfl-principal-360x368.jpg 360w, https:\/\/navonaed.com\/wp-content\/uploads\/logopfl-principal-1024x1047.jpg 1024w, https:\/\/navonaed.com\/wp-content\/uploads\/logopfl-principal-460x471.jpg 460w\" sizes=\"auto, (max-width: 110px) 100vw, 110px\" \/ fetchpriority=\"low\"><\/p>\n<\/div>\n","protected":false},"excerpt":{"rendered":"<p>9788410180611<br \/>Roc Casagran Casa\u00f1as<\/p>\n","protected":false},"featured_media":6228,"template":"","meta":{"_acf_changed":false,"_monsterinsights_skip_tracking":false,"_monsterinsights_sitenote_active":false,"_monsterinsights_sitenote_note":"","_monsterinsights_sitenote_category":0},"product_brand":[],"product_cat":[141],"product_tag":[],"class_list":{"0":"post-6227","1":"product","2":"type-product","3":"status-publish","4":"has-post-thumbnail","6":"product_cat-serie-m","8":"first","9":"instock","10":"taxable","11":"shipping-taxable","12":"purchasable","13":"product-type-simple"},"acf":[],"yoast_head":"<!-- This site is optimized with the Yoast SEO plugin v27.3 - https:\/\/yoast.com\/product\/yoast-seo-wordpress\/ -->\n<title>So\u00f1\u00e1bamos una isla - Editorial Navona<\/title>\n<meta name=\"robots\" content=\"index, follow, max-snippet:-1, max-image-preview:large, max-video-preview:-1\" \/>\n<link rel=\"canonical\" href=\"https:\/\/navonaed.com\/libro\/sonabamos-una-isla\/\" \/>\n<meta property=\"og:locale\" content=\"ca_ES\" \/>\n<meta property=\"og:type\" content=\"article\" \/>\n<meta property=\"og:title\" content=\"So\u00f1\u00e1bamos una isla - Editorial Navona\" \/>\n<meta property=\"og:description\" content=\"9788410180611Roc Casagran Casa\u00f1as\" \/>\n<meta property=\"og:url\" content=\"https:\/\/navonaed.com\/libro\/sonabamos-una-isla\/\" \/>\n<meta property=\"og:site_name\" content=\"Editorial Navona\" \/>\n<meta property=\"article:publisher\" content=\"https:\/\/www.facebook.com\/people\/Reemocioart\/100076073310442\/\" \/>\n<meta property=\"article:modified_time\" content=\"2025-11-26T10:48:24+00:00\" \/>\n<meta property=\"og:image\" content=\"https:\/\/navonaed.com\/wp-content\/uploads\/son-isla.jpg\" \/>\n\t<meta property=\"og:image:width\" content=\"1677\" \/>\n\t<meta property=\"og:image:height\" content=\"2480\" \/>\n\t<meta property=\"og:image:type\" content=\"image\/jpeg\" \/>\n<meta name=\"twitter:card\" content=\"summary_large_image\" \/>\n<meta name=\"twitter:label1\" content=\"Temps estimat de lectura\" \/>\n\t<meta name=\"twitter:data1\" content=\"2 minuts\" \/>\n<script type=\"application\/ld+json\" class=\"yoast-schema-graph\">{\"@context\":\"https:\\\/\\\/schema.org\",\"@graph\":[{\"@type\":\"WebPage\",\"@id\":\"https:\\\/\\\/navonaed.com\\\/libro\\\/sonabamos-una-isla\\\/\",\"url\":\"https:\\\/\\\/navonaed.com\\\/libro\\\/sonabamos-una-isla\\\/\",\"name\":\"So\u00f1\u00e1bamos una isla - Editorial Navona\",\"isPartOf\":{\"@id\":\"https:\\\/\\\/navonaed.com\\\/#website\"},\"primaryImageOfPage\":{\"@id\":\"https:\\\/\\\/navonaed.com\\\/libro\\\/sonabamos-una-isla\\\/#primaryimage\"},\"image\":{\"@id\":\"https:\\\/\\\/navonaed.com\\\/libro\\\/sonabamos-una-isla\\\/#primaryimage\"},\"thumbnailUrl\":\"https:\\\/\\\/navonaed.com\\\/wp-content\\\/uploads\\\/son-isla.jpg\",\"datePublished\":\"2025-10-15T08:39:51+00:00\",\"dateModified\":\"2025-11-26T10:48:24+00:00\",\"breadcrumb\":{\"@id\":\"https:\\\/\\\/navonaed.com\\\/libro\\\/sonabamos-una-isla\\\/#breadcrumb\"},\"inLanguage\":\"ca\",\"potentialAction\":[{\"@type\":\"ReadAction\",\"target\":[\"https:\\\/\\\/navonaed.com\\\/libro\\\/sonabamos-una-isla\\\/\"]}]},{\"@type\":\"ImageObject\",\"inLanguage\":\"ca\",\"@id\":\"https:\\\/\\\/navonaed.com\\\/libro\\\/sonabamos-una-isla\\\/#primaryimage\",\"url\":\"https:\\\/\\\/navonaed.com\\\/wp-content\\\/uploads\\\/son-isla.jpg\",\"contentUrl\":\"https:\\\/\\\/navonaed.com\\\/wp-content\\\/uploads\\\/son-isla.jpg\",\"width\":1677,\"height\":2480},{\"@type\":\"BreadcrumbList\",\"@id\":\"https:\\\/\\\/navonaed.com\\\/libro\\\/sonabamos-una-isla\\\/#breadcrumb\",\"itemListElement\":[{\"@type\":\"ListItem\",\"position\":1,\"name\":\"Portada\",\"item\":\"https:\\\/\\\/navonaed.com\\\/ca\\\/\"},{\"@type\":\"ListItem\",\"position\":2,\"name\":\"Cat\u00e0leg\",\"item\":\"https:\\\/\\\/navonaed.com\\\/ca\\\/cataleg\\\/\"},{\"@type\":\"ListItem\",\"position\":3,\"name\":\"So\u00f1\u00e1bamos una isla\"}]},{\"@type\":\"WebSite\",\"@id\":\"https:\\\/\\\/navonaed.com\\\/#website\",\"url\":\"https:\\\/\\\/navonaed.com\\\/\",\"name\":\"Editorial Navona\",\"description\":\"Nos gustan los libros\",\"publisher\":{\"@id\":\"https:\\\/\\\/navonaed.com\\\/#organization\"},\"potentialAction\":[{\"@type\":\"SearchAction\",\"target\":{\"@type\":\"EntryPoint\",\"urlTemplate\":\"https:\\\/\\\/navonaed.com\\\/?s={search_term_string}\"},\"query-input\":{\"@type\":\"PropertyValueSpecification\",\"valueRequired\":true,\"valueName\":\"search_term_string\"}}],\"inLanguage\":\"ca\"},{\"@type\":\"Organization\",\"@id\":\"https:\\\/\\\/navonaed.com\\\/#organization\",\"name\":\"Editorial Navona\",\"url\":\"https:\\\/\\\/navonaed.com\\\/\",\"logo\":{\"@type\":\"ImageObject\",\"inLanguage\":\"ca\",\"@id\":\"https:\\\/\\\/navonaed.com\\\/#\\\/schema\\\/logo\\\/image\\\/\",\"url\":\"https:\\\/\\\/navonaed.com\\\/wp-content\\\/uploads\\\/logo-navona.svg\",\"contentUrl\":\"https:\\\/\\\/navonaed.com\\\/wp-content\\\/uploads\\\/logo-navona.svg\",\"width\":155,\"height\":32,\"caption\":\"Editorial Navona\"},\"image\":{\"@id\":\"https:\\\/\\\/navonaed.com\\\/#\\\/schema\\\/logo\\\/image\\\/\"},\"sameAs\":[\"https:\\\/\\\/www.facebook.com\\\/people\\\/Reemocioart\\\/100076073310442\\\/\"]}]}<\/script>\n<!-- \/ Yoast SEO plugin. -->","yoast_head_json":{"title":"So\u00f1\u00e1bamos una isla - Editorial Navona","robots":{"index":"index","follow":"follow","max-snippet":"max-snippet:-1","max-image-preview":"max-image-preview:large","max-video-preview":"max-video-preview:-1"},"canonical":"https:\/\/navonaed.com\/libro\/sonabamos-una-isla\/","og_locale":"ca_ES","og_type":"article","og_title":"So\u00f1\u00e1bamos una isla - Editorial Navona","og_description":"9788410180611Roc Casagran Casa\u00f1as","og_url":"https:\/\/navonaed.com\/libro\/sonabamos-una-isla\/","og_site_name":"Editorial Navona","article_publisher":"https:\/\/www.facebook.com\/people\/Reemocioart\/100076073310442\/","article_modified_time":"2025-11-26T10:48:24+00:00","og_image":[{"width":1677,"height":2480,"url":"https:\/\/navonaed.com\/wp-content\/uploads\/son-isla.jpg","type":"image\/jpeg"}],"twitter_card":"summary_large_image","twitter_misc":{"Temps estimat de lectura":"2 minuts"},"schema":{"@context":"https:\/\/schema.org","@graph":[{"@type":"WebPage","@id":"https:\/\/navonaed.com\/libro\/sonabamos-una-isla\/","url":"https:\/\/navonaed.com\/libro\/sonabamos-una-isla\/","name":"So\u00f1\u00e1bamos una isla - Editorial Navona","isPartOf":{"@id":"https:\/\/navonaed.com\/#website"},"primaryImageOfPage":{"@id":"https:\/\/navonaed.com\/libro\/sonabamos-una-isla\/#primaryimage"},"image":{"@id":"https:\/\/navonaed.com\/libro\/sonabamos-una-isla\/#primaryimage"},"thumbnailUrl":"https:\/\/navonaed.com\/wp-content\/uploads\/son-isla.jpg","datePublished":"2025-10-15T08:39:51+00:00","dateModified":"2025-11-26T10:48:24+00:00","breadcrumb":{"@id":"https:\/\/navonaed.com\/libro\/sonabamos-una-isla\/#breadcrumb"},"inLanguage":"ca","potentialAction":[{"@type":"ReadAction","target":["https:\/\/navonaed.com\/libro\/sonabamos-una-isla\/"]}]},{"@type":"ImageObject","inLanguage":"ca","@id":"https:\/\/navonaed.com\/libro\/sonabamos-una-isla\/#primaryimage","url":"https:\/\/navonaed.com\/wp-content\/uploads\/son-isla.jpg","contentUrl":"https:\/\/navonaed.com\/wp-content\/uploads\/son-isla.jpg","width":1677,"height":2480},{"@type":"BreadcrumbList","@id":"https:\/\/navonaed.com\/libro\/sonabamos-una-isla\/#breadcrumb","itemListElement":[{"@type":"ListItem","position":1,"name":"Portada","item":"https:\/\/navonaed.com\/ca\/"},{"@type":"ListItem","position":2,"name":"Cat\u00e0leg","item":"https:\/\/navonaed.com\/ca\/cataleg\/"},{"@type":"ListItem","position":3,"name":"So\u00f1\u00e1bamos una isla"}]},{"@type":"WebSite","@id":"https:\/\/navonaed.com\/#website","url":"https:\/\/navonaed.com\/","name":"Editorial Navona","description":"Nos gustan los libros","publisher":{"@id":"https:\/\/navonaed.com\/#organization"},"potentialAction":[{"@type":"SearchAction","target":{"@type":"EntryPoint","urlTemplate":"https:\/\/navonaed.com\/?s={search_term_string}"},"query-input":{"@type":"PropertyValueSpecification","valueRequired":true,"valueName":"search_term_string"}}],"inLanguage":"ca"},{"@type":"Organization","@id":"https:\/\/navonaed.com\/#organization","name":"Editorial Navona","url":"https:\/\/navonaed.com\/","logo":{"@type":"ImageObject","inLanguage":"ca","@id":"https:\/\/navonaed.com\/#\/schema\/logo\/image\/","url":"https:\/\/navonaed.com\/wp-content\/uploads\/logo-navona.svg","contentUrl":"https:\/\/navonaed.com\/wp-content\/uploads\/logo-navona.svg","width":155,"height":32,"caption":"Editorial Navona"},"image":{"@id":"https:\/\/navonaed.com\/#\/schema\/logo\/image\/"},"sameAs":["https:\/\/www.facebook.com\/people\/Reemocioart\/100076073310442\/"]}]}},"_links":{"self":[{"href":"https:\/\/navonaed.com\/ca\/wp-json\/wp\/v2\/product\/6227","targetHints":{"allow":["GET"]}}],"collection":[{"href":"https:\/\/navonaed.com\/ca\/wp-json\/wp\/v2\/product"}],"about":[{"href":"https:\/\/navonaed.com\/ca\/wp-json\/wp\/v2\/types\/product"}],"wp:featuredmedia":[{"embeddable":true,"href":"https:\/\/navonaed.com\/ca\/wp-json\/wp\/v2\/media\/6228"}],"wp:attachment":[{"href":"https:\/\/navonaed.com\/ca\/wp-json\/wp\/v2\/media?parent=6227"}],"wp:term":[{"taxonomy":"product_brand","embeddable":true,"href":"https:\/\/navonaed.com\/ca\/wp-json\/wp\/v2\/product_brand?post=6227"},{"taxonomy":"product_cat","embeddable":true,"href":"https:\/\/navonaed.com\/ca\/wp-json\/wp\/v2\/product_cat?post=6227"},{"taxonomy":"product_tag","embeddable":true,"href":"https:\/\/navonaed.com\/ca\/wp-json\/wp\/v2\/product_tag?post=6227"}],"curies":[{"name":"wp","href":"https:\/\/api.w.org\/{rel}","templated":true}]}}