{"id":6789,"date":"2025-10-29T12:44:37","date_gmt":"2025-10-29T11:44:37","guid":{"rendered":"https:\/\/navonaed.com\/?post_type=product&#038;p=6789"},"modified":"2025-11-19T14:04:47","modified_gmt":"2025-11-19T13:04:47","slug":"hotel-roma","status":"publish","type":"product","link":"https:\/\/navonaed.com\/ca\/libro\/hotel-roma\/","title":{"rendered":"Hotel Roma"},"content":{"rendered":"<p>Pierre Adrian empr\u00e8n un viatge amb l\u2019afany de reconstruir les passes de l\u2019\u00faltim estiu del c\u00e8lebre escriptor itali\u00e0, marcat pel turment i el desassossec. A trav\u00e9s de visitar els llocs preferits de Pavese, el narrador i la seva estimada, que l\u2019acompanya en aquesta recerca, es perden en llargues passejades per la ciutat -on ens trobarem amb personatges com Monica Vitti, Calvino o Antonioni- i s\u2019endinsen en l\u2019atmosfera dol\u00e7a i melanc\u00f2lica del Piemont.<\/p>\n<p>La veu de Pavese apareix entre les reflexions d\u2019Adrian com la figura propera d\u2019un amic que s\u2019interroga sobre misteri de la bellesa, els somnis, l\u2019amistat i la mem\u00f2ria, per trobar una mica de consol en aquest intricat ofici que \u00e9s estar viu.<\/p>\n<p>Amb un estil que emana genialitat, Hotel Roma est\u00e0 escrita amb la delicadesa de qui admira, i aconsegueix travessar el lector i deixar empremta fins molt despr\u00e9s de l\u2019\u00faltima p\u00e0gina.<\/p>\n","protected":false},"excerpt":{"rendered":"<p>9788410180451<br \/>Pierre Adrian<\/p>\n","protected":false},"featured_media":6793,"template":"","meta":{"_acf_changed":false,"_monsterinsights_skip_tracking":false,"_monsterinsights_sitenote_active":false,"_monsterinsights_sitenote_note":"","_monsterinsights_sitenote_category":0},"product_brand":[],"product_cat":[141],"product_tag":[],"class_list":{"0":"post-6789","1":"product","2":"type-product","3":"status-publish","4":"has-post-thumbnail","6":"product_cat-serie-m","8":"first","9":"instock","10":"taxable","11":"shipping-taxable","12":"purchasable","13":"product-type-simple"},"acf":[],"yoast_head":"<!-- This site is optimized with the Yoast SEO plugin v27.3 - https:\/\/yoast.com\/product\/yoast-seo-wordpress\/ -->\n<title>Hotel Roma - Editorial Navona<\/title>\n<meta name=\"robots\" content=\"index, follow, max-snippet:-1, max-image-preview:large, max-video-preview:-1\" \/>\n<link rel=\"canonical\" href=\"https:\/\/navonaed.com\/libro\/hotel-roma\/\" \/>\n<meta property=\"og:locale\" content=\"ca_ES\" \/>\n<meta property=\"og:type\" content=\"article\" \/>\n<meta property=\"og:title\" content=\"Hotel Roma - Editorial Navona\" \/>\n<meta property=\"og:description\" content=\"9788410180451Pierre Adrian\" \/>\n<meta property=\"og:url\" content=\"https:\/\/navonaed.com\/libro\/hotel-roma\/\" \/>\n<meta property=\"og:site_name\" content=\"Editorial Navona\" \/>\n<meta property=\"article:publisher\" content=\"https:\/\/www.facebook.com\/people\/Reemocioart\/100076073310442\/\" \/>\n<meta property=\"article:modified_time\" content=\"2025-11-19T13:04:47+00:00\" \/>\n<meta property=\"og:image\" content=\"https:\/\/navonaed.com\/wp-content\/uploads\/hotel-roma.jpg\" \/>\n\t<meta property=\"og:image:width\" content=\"1677\" \/>\n\t<meta property=\"og:image:height\" content=\"2480\" \/>\n\t<meta property=\"og:image:type\" content=\"image\/jpeg\" \/>\n<meta name=\"twitter:card\" content=\"summary_large_image\" \/>\n<meta name=\"twitter:label1\" content=\"Temps estimat de lectura\" \/>\n\t<meta name=\"twitter:data1\" content=\"1 minut\" \/>\n<script type=\"application\/ld+json\" class=\"yoast-schema-graph\">{\"@context\":\"https:\\\/\\\/schema.org\",\"@graph\":[{\"@type\":\"WebPage\",\"@id\":\"https:\\\/\\\/navonaed.com\\\/libro\\\/hotel-roma\\\/\",\"url\":\"https:\\\/\\\/navonaed.com\\\/libro\\\/hotel-roma\\\/\",\"name\":\"Hotel Roma - Editorial Navona\",\"isPartOf\":{\"@id\":\"https:\\\/\\\/navonaed.com\\\/#website\"},\"primaryImageOfPage\":{\"@id\":\"https:\\\/\\\/navonaed.com\\\/libro\\\/hotel-roma\\\/#primaryimage\"},\"image\":{\"@id\":\"https:\\\/\\\/navonaed.com\\\/libro\\\/hotel-roma\\\/#primaryimage\"},\"thumbnailUrl\":\"https:\\\/\\\/navonaed.com\\\/wp-content\\\/uploads\\\/hotel-roma.jpg\",\"datePublished\":\"2025-10-29T11:44:37+00:00\",\"dateModified\":\"2025-11-19T13:04:47+00:00\",\"breadcrumb\":{\"@id\":\"https:\\\/\\\/navonaed.com\\\/libro\\\/hotel-roma\\\/#breadcrumb\"},\"inLanguage\":\"ca\",\"potentialAction\":[{\"@type\":\"ReadAction\",\"target\":[\"https:\\\/\\\/navonaed.com\\\/libro\\\/hotel-roma\\\/\"]}]},{\"@type\":\"ImageObject\",\"inLanguage\":\"ca\",\"@id\":\"https:\\\/\\\/navonaed.com\\\/libro\\\/hotel-roma\\\/#primaryimage\",\"url\":\"https:\\\/\\\/navonaed.com\\\/wp-content\\\/uploads\\\/hotel-roma.jpg\",\"contentUrl\":\"https:\\\/\\\/navonaed.com\\\/wp-content\\\/uploads\\\/hotel-roma.jpg\",\"width\":1677,\"height\":2480},{\"@type\":\"BreadcrumbList\",\"@id\":\"https:\\\/\\\/navonaed.com\\\/libro\\\/hotel-roma\\\/#breadcrumb\",\"itemListElement\":[{\"@type\":\"ListItem\",\"position\":1,\"name\":\"Portada\",\"item\":\"https:\\\/\\\/navonaed.com\\\/ca\\\/\"},{\"@type\":\"ListItem\",\"position\":2,\"name\":\"Cat\u00e0leg\",\"item\":\"https:\\\/\\\/navonaed.com\\\/ca\\\/cataleg\\\/\"},{\"@type\":\"ListItem\",\"position\":3,\"name\":\"Hotel Roma\"}]},{\"@type\":\"WebSite\",\"@id\":\"https:\\\/\\\/navonaed.com\\\/#website\",\"url\":\"https:\\\/\\\/navonaed.com\\\/\",\"name\":\"Editorial Navona\",\"description\":\"Nos gustan los libros\",\"publisher\":{\"@id\":\"https:\\\/\\\/navonaed.com\\\/#organization\"},\"potentialAction\":[{\"@type\":\"SearchAction\",\"target\":{\"@type\":\"EntryPoint\",\"urlTemplate\":\"https:\\\/\\\/navonaed.com\\\/?s={search_term_string}\"},\"query-input\":{\"@type\":\"PropertyValueSpecification\",\"valueRequired\":true,\"valueName\":\"search_term_string\"}}],\"inLanguage\":\"ca\"},{\"@type\":\"Organization\",\"@id\":\"https:\\\/\\\/navonaed.com\\\/#organization\",\"name\":\"Editorial Navona\",\"url\":\"https:\\\/\\\/navonaed.com\\\/\",\"logo\":{\"@type\":\"ImageObject\",\"inLanguage\":\"ca\",\"@id\":\"https:\\\/\\\/navonaed.com\\\/#\\\/schema\\\/logo\\\/image\\\/\",\"url\":\"https:\\\/\\\/navonaed.com\\\/wp-content\\\/uploads\\\/logo-navona.svg\",\"contentUrl\":\"https:\\\/\\\/navonaed.com\\\/wp-content\\\/uploads\\\/logo-navona.svg\",\"width\":155,\"height\":32,\"caption\":\"Editorial Navona\"},\"image\":{\"@id\":\"https:\\\/\\\/navonaed.com\\\/#\\\/schema\\\/logo\\\/image\\\/\"},\"sameAs\":[\"https:\\\/\\\/www.facebook.com\\\/people\\\/Reemocioart\\\/100076073310442\\\/\"]}]}<\/script>\n<!-- \/ Yoast SEO plugin. -->","yoast_head_json":{"title":"Hotel Roma - Editorial Navona","robots":{"index":"index","follow":"follow","max-snippet":"max-snippet:-1","max-image-preview":"max-image-preview:large","max-video-preview":"max-video-preview:-1"},"canonical":"https:\/\/navonaed.com\/libro\/hotel-roma\/","og_locale":"ca_ES","og_type":"article","og_title":"Hotel Roma - Editorial Navona","og_description":"9788410180451Pierre Adrian","og_url":"https:\/\/navonaed.com\/libro\/hotel-roma\/","og_site_name":"Editorial Navona","article_publisher":"https:\/\/www.facebook.com\/people\/Reemocioart\/100076073310442\/","article_modified_time":"2025-11-19T13:04:47+00:00","og_image":[{"width":1677,"height":2480,"url":"https:\/\/navonaed.com\/wp-content\/uploads\/hotel-roma.jpg","type":"image\/jpeg"}],"twitter_card":"summary_large_image","twitter_misc":{"Temps estimat de lectura":"1 minut"},"schema":{"@context":"https:\/\/schema.org","@graph":[{"@type":"WebPage","@id":"https:\/\/navonaed.com\/libro\/hotel-roma\/","url":"https:\/\/navonaed.com\/libro\/hotel-roma\/","name":"Hotel Roma - Editorial Navona","isPartOf":{"@id":"https:\/\/navonaed.com\/#website"},"primaryImageOfPage":{"@id":"https:\/\/navonaed.com\/libro\/hotel-roma\/#primaryimage"},"image":{"@id":"https:\/\/navonaed.com\/libro\/hotel-roma\/#primaryimage"},"thumbnailUrl":"https:\/\/navonaed.com\/wp-content\/uploads\/hotel-roma.jpg","datePublished":"2025-10-29T11:44:37+00:00","dateModified":"2025-11-19T13:04:47+00:00","breadcrumb":{"@id":"https:\/\/navonaed.com\/libro\/hotel-roma\/#breadcrumb"},"inLanguage":"ca","potentialAction":[{"@type":"ReadAction","target":["https:\/\/navonaed.com\/libro\/hotel-roma\/"]}]},{"@type":"ImageObject","inLanguage":"ca","@id":"https:\/\/navonaed.com\/libro\/hotel-roma\/#primaryimage","url":"https:\/\/navonaed.com\/wp-content\/uploads\/hotel-roma.jpg","contentUrl":"https:\/\/navonaed.com\/wp-content\/uploads\/hotel-roma.jpg","width":1677,"height":2480},{"@type":"BreadcrumbList","@id":"https:\/\/navonaed.com\/libro\/hotel-roma\/#breadcrumb","itemListElement":[{"@type":"ListItem","position":1,"name":"Portada","item":"https:\/\/navonaed.com\/ca\/"},{"@type":"ListItem","position":2,"name":"Cat\u00e0leg","item":"https:\/\/navonaed.com\/ca\/cataleg\/"},{"@type":"ListItem","position":3,"name":"Hotel Roma"}]},{"@type":"WebSite","@id":"https:\/\/navonaed.com\/#website","url":"https:\/\/navonaed.com\/","name":"Editorial Navona","description":"Nos gustan los libros","publisher":{"@id":"https:\/\/navonaed.com\/#organization"},"potentialAction":[{"@type":"SearchAction","target":{"@type":"EntryPoint","urlTemplate":"https:\/\/navonaed.com\/?s={search_term_string}"},"query-input":{"@type":"PropertyValueSpecification","valueRequired":true,"valueName":"search_term_string"}}],"inLanguage":"ca"},{"@type":"Organization","@id":"https:\/\/navonaed.com\/#organization","name":"Editorial Navona","url":"https:\/\/navonaed.com\/","logo":{"@type":"ImageObject","inLanguage":"ca","@id":"https:\/\/navonaed.com\/#\/schema\/logo\/image\/","url":"https:\/\/navonaed.com\/wp-content\/uploads\/logo-navona.svg","contentUrl":"https:\/\/navonaed.com\/wp-content\/uploads\/logo-navona.svg","width":155,"height":32,"caption":"Editorial Navona"},"image":{"@id":"https:\/\/navonaed.com\/#\/schema\/logo\/image\/"},"sameAs":["https:\/\/www.facebook.com\/people\/Reemocioart\/100076073310442\/"]}]}},"_links":{"self":[{"href":"https:\/\/navonaed.com\/ca\/wp-json\/wp\/v2\/product\/6789","targetHints":{"allow":["GET"]}}],"collection":[{"href":"https:\/\/navonaed.com\/ca\/wp-json\/wp\/v2\/product"}],"about":[{"href":"https:\/\/navonaed.com\/ca\/wp-json\/wp\/v2\/types\/product"}],"wp:featuredmedia":[{"embeddable":true,"href":"https:\/\/navonaed.com\/ca\/wp-json\/wp\/v2\/media\/6793"}],"wp:attachment":[{"href":"https:\/\/navonaed.com\/ca\/wp-json\/wp\/v2\/media?parent=6789"}],"wp:term":[{"taxonomy":"product_brand","embeddable":true,"href":"https:\/\/navonaed.com\/ca\/wp-json\/wp\/v2\/product_brand?post=6789"},{"taxonomy":"product_cat","embeddable":true,"href":"https:\/\/navonaed.com\/ca\/wp-json\/wp\/v2\/product_cat?post=6789"},{"taxonomy":"product_tag","embeddable":true,"href":"https:\/\/navonaed.com\/ca\/wp-json\/wp\/v2\/product_tag?post=6789"}],"curies":[{"name":"wp","href":"https:\/\/api.w.org\/{rel}","templated":true}]}}