{"id":6811,"date":"2025-11-04T12:54:32","date_gmt":"2025-11-04T11:54:32","guid":{"rendered":"https:\/\/navonaed.com\/?post_type=product&#038;p=6811"},"modified":"2025-11-20T13:43:34","modified_gmt":"2025-11-20T12:43:34","slug":"malentendido-en-moscu-3","status":"publish","type":"product","link":"https:\/\/navonaed.com\/ca\/libro\/malentendido-en-moscu-3\/","title":{"rendered":"Malentendido en Mosc\u00fa"},"content":{"rendered":"<p>Nicole y Andr\u00e9 son una pareja de profesores franceses jubilados que viajan a Mosc\u00fa para visitar a Masha, la hija de \u00e9l, nacida de un primer matrimonio. En un sutil juego de pensamientos y reflexiones de ambos protagonistas, se va perfilando la conciencia que tienen de su presente, como si el distanciamiento de su vida parisina habitual actuara como catalizador para adquirir un conocimiento definitivo de s\u00ed mismos y de su relaci\u00f3n. A trav\u00e9s de esta historia, Beauvoir aborda temas como las crisis de pareja, el miedo a envejecer o la sensaci\u00f3n de fracaso al no haber alcanzado las metas so\u00f1adas en la juventud. Inspirada en sus estancias junto a Sartre en la Uni\u00f3n Sovi\u00e9tica durante la d\u00e9cada de 1960, la autora contrapone en esta singular novela el entusiasmo de los primeros tiempos hacia aquel pa\u00eds con la posterior decepci\u00f3n ante la desaparici\u00f3n de un ideal socialista puro y so\u00f1ado.<\/p>\n","protected":false},"excerpt":{"rendered":"<p>9788410180680<br \/>Simone de Beavoir<\/p>\n","protected":false},"featured_media":6812,"template":"","meta":{"_acf_changed":false,"_monsterinsights_skip_tracking":false,"_monsterinsights_sitenote_active":false,"_monsterinsights_sitenote_note":"","_monsterinsights_sitenote_category":0},"product_brand":[],"product_cat":[151],"product_tag":[],"class_list":{"0":"post-6811","1":"product","2":"type-product","3":"status-publish","4":"has-post-thumbnail","6":"product_cat-serie-r","8":"first","9":"instock","10":"taxable","11":"shipping-taxable","12":"purchasable","13":"product-type-simple"},"acf":[],"yoast_head":"<!-- This site is optimized with the Yoast SEO plugin v27.1.1 - https:\/\/yoast.com\/product\/yoast-seo-wordpress\/ -->\n<title>Malentendido en Mosc\u00fa - Editorial Navona<\/title>\n<meta name=\"robots\" content=\"index, follow, max-snippet:-1, max-image-preview:large, max-video-preview:-1\" \/>\n<link rel=\"canonical\" href=\"https:\/\/navonaed.com\/libro\/malentendido-en-moscu-3\/\" \/>\n<meta property=\"og:locale\" content=\"ca_ES\" \/>\n<meta property=\"og:type\" content=\"article\" \/>\n<meta property=\"og:title\" content=\"Malentendido en Mosc\u00fa - Editorial Navona\" \/>\n<meta property=\"og:description\" content=\"9788410180680Simone de Beavoir\" \/>\n<meta property=\"og:url\" content=\"https:\/\/navonaed.com\/libro\/malentendido-en-moscu-3\/\" \/>\n<meta property=\"og:site_name\" content=\"Editorial Navona\" \/>\n<meta property=\"article:publisher\" content=\"https:\/\/www.facebook.com\/people\/Reemocioart\/100076073310442\/\" \/>\n<meta property=\"article:modified_time\" content=\"2025-11-20T12:43:34+00:00\" \/>\n<meta property=\"og:image\" content=\"https:\/\/navonaed.com\/wp-content\/uploads\/moscu.jpg\" \/>\n\t<meta property=\"og:image:width\" content=\"1677\" \/>\n\t<meta property=\"og:image:height\" content=\"2480\" \/>\n\t<meta property=\"og:image:type\" content=\"image\/jpeg\" \/>\n<meta name=\"twitter:card\" content=\"summary_large_image\" \/>\n<meta name=\"twitter:label1\" content=\"Temps estimat de lectura\" \/>\n\t<meta name=\"twitter:data1\" content=\"1 minut\" \/>\n<script type=\"application\/ld+json\" class=\"yoast-schema-graph\">{\"@context\":\"https:\/\/schema.org\",\"@graph\":[{\"@type\":\"WebPage\",\"@id\":\"https:\/\/navonaed.com\/libro\/malentendido-en-moscu-3\/\",\"url\":\"https:\/\/navonaed.com\/libro\/malentendido-en-moscu-3\/\",\"name\":\"Malentendido en Mosc\u00fa - Editorial Navona\",\"isPartOf\":{\"@id\":\"https:\/\/navonaed.com\/#website\"},\"primaryImageOfPage\":{\"@id\":\"https:\/\/navonaed.com\/libro\/malentendido-en-moscu-3\/#primaryimage\"},\"image\":{\"@id\":\"https:\/\/navonaed.com\/libro\/malentendido-en-moscu-3\/#primaryimage\"},\"thumbnailUrl\":\"https:\/\/navonaed.com\/wp-content\/uploads\/moscu.jpg\",\"datePublished\":\"2025-11-04T11:54:32+00:00\",\"dateModified\":\"2025-11-20T12:43:34+00:00\",\"breadcrumb\":{\"@id\":\"https:\/\/navonaed.com\/libro\/malentendido-en-moscu-3\/#breadcrumb\"},\"inLanguage\":\"ca\",\"potentialAction\":[{\"@type\":\"ReadAction\",\"target\":[\"https:\/\/navonaed.com\/libro\/malentendido-en-moscu-3\/\"]}]},{\"@type\":\"ImageObject\",\"inLanguage\":\"ca\",\"@id\":\"https:\/\/navonaed.com\/libro\/malentendido-en-moscu-3\/#primaryimage\",\"url\":\"https:\/\/navonaed.com\/wp-content\/uploads\/moscu.jpg\",\"contentUrl\":\"https:\/\/navonaed.com\/wp-content\/uploads\/moscu.jpg\",\"width\":1677,\"height\":2480},{\"@type\":\"BreadcrumbList\",\"@id\":\"https:\/\/navonaed.com\/libro\/malentendido-en-moscu-3\/#breadcrumb\",\"itemListElement\":[{\"@type\":\"ListItem\",\"position\":1,\"name\":\"Portada\",\"item\":\"https:\/\/navonaed.com\/ca\/\"},{\"@type\":\"ListItem\",\"position\":2,\"name\":\"Cat\u00e0leg\",\"item\":\"https:\/\/navonaed.com\/ca\/cataleg\/\"},{\"@type\":\"ListItem\",\"position\":3,\"name\":\"Malentendido en Mosc\u00fa\"}]},{\"@type\":\"WebSite\",\"@id\":\"https:\/\/navonaed.com\/#website\",\"url\":\"https:\/\/navonaed.com\/\",\"name\":\"Editorial Navona\",\"description\":\"Nos gustan los libros\",\"publisher\":{\"@id\":\"https:\/\/navonaed.com\/#organization\"},\"potentialAction\":[{\"@type\":\"SearchAction\",\"target\":{\"@type\":\"EntryPoint\",\"urlTemplate\":\"https:\/\/navonaed.com\/?s={search_term_string}\"},\"query-input\":{\"@type\":\"PropertyValueSpecification\",\"valueRequired\":true,\"valueName\":\"search_term_string\"}}],\"inLanguage\":\"ca\"},{\"@type\":\"Organization\",\"@id\":\"https:\/\/navonaed.com\/#organization\",\"name\":\"Editorial Navona\",\"url\":\"https:\/\/navonaed.com\/\",\"logo\":{\"@type\":\"ImageObject\",\"inLanguage\":\"ca\",\"@id\":\"https:\/\/navonaed.com\/#\/schema\/logo\/image\/\",\"url\":\"https:\/\/navonaed.com\/wp-content\/uploads\/logo-navona.svg\",\"contentUrl\":\"https:\/\/navonaed.com\/wp-content\/uploads\/logo-navona.svg\",\"width\":155,\"height\":32,\"caption\":\"Editorial Navona\"},\"image\":{\"@id\":\"https:\/\/navonaed.com\/#\/schema\/logo\/image\/\"},\"sameAs\":[\"https:\/\/www.facebook.com\/people\/Reemocioart\/100076073310442\/\"]}]}<\/script>\n<!-- \/ Yoast SEO plugin. -->","yoast_head_json":{"title":"Malentendido en Mosc\u00fa - Editorial Navona","robots":{"index":"index","follow":"follow","max-snippet":"max-snippet:-1","max-image-preview":"max-image-preview:large","max-video-preview":"max-video-preview:-1"},"canonical":"https:\/\/navonaed.com\/libro\/malentendido-en-moscu-3\/","og_locale":"ca_ES","og_type":"article","og_title":"Malentendido en Mosc\u00fa - Editorial Navona","og_description":"9788410180680Simone de Beavoir","og_url":"https:\/\/navonaed.com\/libro\/malentendido-en-moscu-3\/","og_site_name":"Editorial Navona","article_publisher":"https:\/\/www.facebook.com\/people\/Reemocioart\/100076073310442\/","article_modified_time":"2025-11-20T12:43:34+00:00","og_image":[{"width":1677,"height":2480,"url":"https:\/\/navonaed.com\/wp-content\/uploads\/moscu.jpg","type":"image\/jpeg"}],"twitter_card":"summary_large_image","twitter_misc":{"Temps estimat de lectura":"1 minut"},"schema":{"@context":"https:\/\/schema.org","@graph":[{"@type":"WebPage","@id":"https:\/\/navonaed.com\/libro\/malentendido-en-moscu-3\/","url":"https:\/\/navonaed.com\/libro\/malentendido-en-moscu-3\/","name":"Malentendido en Mosc\u00fa - Editorial Navona","isPartOf":{"@id":"https:\/\/navonaed.com\/#website"},"primaryImageOfPage":{"@id":"https:\/\/navonaed.com\/libro\/malentendido-en-moscu-3\/#primaryimage"},"image":{"@id":"https:\/\/navonaed.com\/libro\/malentendido-en-moscu-3\/#primaryimage"},"thumbnailUrl":"https:\/\/navonaed.com\/wp-content\/uploads\/moscu.jpg","datePublished":"2025-11-04T11:54:32+00:00","dateModified":"2025-11-20T12:43:34+00:00","breadcrumb":{"@id":"https:\/\/navonaed.com\/libro\/malentendido-en-moscu-3\/#breadcrumb"},"inLanguage":"ca","potentialAction":[{"@type":"ReadAction","target":["https:\/\/navonaed.com\/libro\/malentendido-en-moscu-3\/"]}]},{"@type":"ImageObject","inLanguage":"ca","@id":"https:\/\/navonaed.com\/libro\/malentendido-en-moscu-3\/#primaryimage","url":"https:\/\/navonaed.com\/wp-content\/uploads\/moscu.jpg","contentUrl":"https:\/\/navonaed.com\/wp-content\/uploads\/moscu.jpg","width":1677,"height":2480},{"@type":"BreadcrumbList","@id":"https:\/\/navonaed.com\/libro\/malentendido-en-moscu-3\/#breadcrumb","itemListElement":[{"@type":"ListItem","position":1,"name":"Portada","item":"https:\/\/navonaed.com\/ca\/"},{"@type":"ListItem","position":2,"name":"Cat\u00e0leg","item":"https:\/\/navonaed.com\/ca\/cataleg\/"},{"@type":"ListItem","position":3,"name":"Malentendido en Mosc\u00fa"}]},{"@type":"WebSite","@id":"https:\/\/navonaed.com\/#website","url":"https:\/\/navonaed.com\/","name":"Editorial Navona","description":"Nos gustan los libros","publisher":{"@id":"https:\/\/navonaed.com\/#organization"},"potentialAction":[{"@type":"SearchAction","target":{"@type":"EntryPoint","urlTemplate":"https:\/\/navonaed.com\/?s={search_term_string}"},"query-input":{"@type":"PropertyValueSpecification","valueRequired":true,"valueName":"search_term_string"}}],"inLanguage":"ca"},{"@type":"Organization","@id":"https:\/\/navonaed.com\/#organization","name":"Editorial Navona","url":"https:\/\/navonaed.com\/","logo":{"@type":"ImageObject","inLanguage":"ca","@id":"https:\/\/navonaed.com\/#\/schema\/logo\/image\/","url":"https:\/\/navonaed.com\/wp-content\/uploads\/logo-navona.svg","contentUrl":"https:\/\/navonaed.com\/wp-content\/uploads\/logo-navona.svg","width":155,"height":32,"caption":"Editorial Navona"},"image":{"@id":"https:\/\/navonaed.com\/#\/schema\/logo\/image\/"},"sameAs":["https:\/\/www.facebook.com\/people\/Reemocioart\/100076073310442\/"]}]}},"_links":{"self":[{"href":"https:\/\/navonaed.com\/ca\/wp-json\/wp\/v2\/product\/6811","targetHints":{"allow":["GET"]}}],"collection":[{"href":"https:\/\/navonaed.com\/ca\/wp-json\/wp\/v2\/product"}],"about":[{"href":"https:\/\/navonaed.com\/ca\/wp-json\/wp\/v2\/types\/product"}],"wp:featuredmedia":[{"embeddable":true,"href":"https:\/\/navonaed.com\/ca\/wp-json\/wp\/v2\/media\/6812"}],"wp:attachment":[{"href":"https:\/\/navonaed.com\/ca\/wp-json\/wp\/v2\/media?parent=6811"}],"wp:term":[{"taxonomy":"product_brand","embeddable":true,"href":"https:\/\/navonaed.com\/ca\/wp-json\/wp\/v2\/product_brand?post=6811"},{"taxonomy":"product_cat","embeddable":true,"href":"https:\/\/navonaed.com\/ca\/wp-json\/wp\/v2\/product_cat?post=6811"},{"taxonomy":"product_tag","embeddable":true,"href":"https:\/\/navonaed.com\/ca\/wp-json\/wp\/v2\/product_tag?post=6811"}],"curies":[{"name":"wp","href":"https:\/\/api.w.org\/{rel}","templated":true}]}}