{"id":6814,"date":"2025-11-04T12:59:23","date_gmt":"2025-11-04T11:59:23","guid":{"rendered":"https:\/\/navonaed.com\/?post_type=product&#038;p=6814"},"modified":"2025-11-19T13:13:37","modified_gmt":"2025-11-19T12:13:37","slug":"elogio-de-las-sombras-3","status":"publish","type":"product","link":"https:\/\/navonaed.com\/ca\/libro\/elogio-de-las-sombras-3\/","title":{"rendered":"Elogio de las sombras"},"content":{"rendered":"<p>Junichir\u014d Tanizaki, uno de los novelistas m\u00e1s influyentes del siglo XX, nos propone en este breve texto un lugar poco com\u00fan desde el que ense\u00f1arnos a mirar: la penumbra. La sombra no solo define el contorno de las cosas, sino que les confiere alma y misterio. La penumbra deja espacio a la imaginaci\u00f3n, invita al silencio y concede profundidad a lo ef\u00edmero. As\u00ed, lo cotidiano se reinventa desde sus ojos: la arquitectura, la cer\u00e1mica o la comida adquieren dimensiones distintas, lo dom\u00e9stico se vuelve ritual, lo funcional se vuelve po\u00e9tico.<\/p>\n<p>En Elogio de las sombras, Tanizaki traza un viaje por la sensibilidad est\u00e9tica nipona, contraponiendo los tonos suaves y profundos de la tradici\u00f3n oriental a la luminosidad deslumbrante de la modernidad occidental. Un ensayo que, gracias a su estilo \u00edntimo, preciso y visceral, ha permitido que, casi cien a\u00f1os despu\u00e9s, siga siendo un cl\u00e1sico indiscutible de la literatura universal.<\/p>\n","protected":false},"excerpt":{"rendered":"<p>9788410180673<br \/>Junichiro Tanizaki<\/p>\n","protected":false},"featured_media":6815,"template":"","meta":{"_acf_changed":false,"_monsterinsights_skip_tracking":false,"_monsterinsights_sitenote_active":false,"_monsterinsights_sitenote_note":"","_monsterinsights_sitenote_category":0},"product_brand":[],"product_cat":[144],"product_tag":[],"class_list":{"0":"post-6814","1":"product","2":"type-product","3":"status-publish","4":"has-post-thumbnail","6":"product_cat-los-ineludibles","8":"first","9":"instock","10":"taxable","11":"shipping-taxable","12":"purchasable","13":"product-type-simple"},"acf":[],"yoast_head":"<!-- This site is optimized with the Yoast SEO plugin v27.1.1 - https:\/\/yoast.com\/product\/yoast-seo-wordpress\/ -->\n<title>Elogio de las sombras - Editorial Navona<\/title>\n<meta name=\"robots\" content=\"index, follow, max-snippet:-1, max-image-preview:large, max-video-preview:-1\" \/>\n<link rel=\"canonical\" href=\"https:\/\/navonaed.com\/libro\/elogio-de-las-sombras-3\/\" \/>\n<meta property=\"og:locale\" content=\"ca_ES\" \/>\n<meta property=\"og:type\" content=\"article\" \/>\n<meta property=\"og:title\" content=\"Elogio de las sombras - Editorial Navona\" \/>\n<meta property=\"og:description\" content=\"9788410180673Junichiro Tanizaki\" \/>\n<meta property=\"og:url\" content=\"https:\/\/navonaed.com\/libro\/elogio-de-las-sombras-3\/\" \/>\n<meta property=\"og:site_name\" content=\"Editorial Navona\" \/>\n<meta property=\"article:publisher\" content=\"https:\/\/www.facebook.com\/people\/Reemocioart\/100076073310442\/\" \/>\n<meta property=\"article:modified_time\" content=\"2025-11-19T12:13:37+00:00\" \/>\n<meta property=\"og:image\" content=\"https:\/\/navonaed.com\/wp-content\/uploads\/sombras.webp\" \/>\n\t<meta property=\"og:image:width\" content=\"740\" \/>\n\t<meta property=\"og:image:height\" content=\"1117\" \/>\n\t<meta property=\"og:image:type\" content=\"image\/webp\" \/>\n<meta name=\"twitter:card\" content=\"summary_large_image\" \/>\n<meta name=\"twitter:label1\" content=\"Temps estimat de lectura\" \/>\n\t<meta name=\"twitter:data1\" content=\"1 minut\" \/>\n<script type=\"application\/ld+json\" class=\"yoast-schema-graph\">{\"@context\":\"https:\/\/schema.org\",\"@graph\":[{\"@type\":\"WebPage\",\"@id\":\"https:\/\/navonaed.com\/libro\/elogio-de-las-sombras-3\/\",\"url\":\"https:\/\/navonaed.com\/libro\/elogio-de-las-sombras-3\/\",\"name\":\"Elogio de las sombras - Editorial Navona\",\"isPartOf\":{\"@id\":\"https:\/\/navonaed.com\/#website\"},\"primaryImageOfPage\":{\"@id\":\"https:\/\/navonaed.com\/libro\/elogio-de-las-sombras-3\/#primaryimage\"},\"image\":{\"@id\":\"https:\/\/navonaed.com\/libro\/elogio-de-las-sombras-3\/#primaryimage\"},\"thumbnailUrl\":\"https:\/\/navonaed.com\/wp-content\/uploads\/sombras.webp\",\"datePublished\":\"2025-11-04T11:59:23+00:00\",\"dateModified\":\"2025-11-19T12:13:37+00:00\",\"breadcrumb\":{\"@id\":\"https:\/\/navonaed.com\/libro\/elogio-de-las-sombras-3\/#breadcrumb\"},\"inLanguage\":\"ca\",\"potentialAction\":[{\"@type\":\"ReadAction\",\"target\":[\"https:\/\/navonaed.com\/libro\/elogio-de-las-sombras-3\/\"]}]},{\"@type\":\"ImageObject\",\"inLanguage\":\"ca\",\"@id\":\"https:\/\/navonaed.com\/libro\/elogio-de-las-sombras-3\/#primaryimage\",\"url\":\"https:\/\/navonaed.com\/wp-content\/uploads\/sombras.webp\",\"contentUrl\":\"https:\/\/navonaed.com\/wp-content\/uploads\/sombras.webp\",\"width\":740,\"height\":1117},{\"@type\":\"BreadcrumbList\",\"@id\":\"https:\/\/navonaed.com\/libro\/elogio-de-las-sombras-3\/#breadcrumb\",\"itemListElement\":[{\"@type\":\"ListItem\",\"position\":1,\"name\":\"Portada\",\"item\":\"https:\/\/navonaed.com\/ca\/\"},{\"@type\":\"ListItem\",\"position\":2,\"name\":\"Cat\u00e0leg\",\"item\":\"https:\/\/navonaed.com\/ca\/cataleg\/\"},{\"@type\":\"ListItem\",\"position\":3,\"name\":\"Elogio de las sombras\"}]},{\"@type\":\"WebSite\",\"@id\":\"https:\/\/navonaed.com\/#website\",\"url\":\"https:\/\/navonaed.com\/\",\"name\":\"Editorial Navona\",\"description\":\"Nos gustan los libros\",\"publisher\":{\"@id\":\"https:\/\/navonaed.com\/#organization\"},\"potentialAction\":[{\"@type\":\"SearchAction\",\"target\":{\"@type\":\"EntryPoint\",\"urlTemplate\":\"https:\/\/navonaed.com\/?s={search_term_string}\"},\"query-input\":{\"@type\":\"PropertyValueSpecification\",\"valueRequired\":true,\"valueName\":\"search_term_string\"}}],\"inLanguage\":\"ca\"},{\"@type\":\"Organization\",\"@id\":\"https:\/\/navonaed.com\/#organization\",\"name\":\"Editorial Navona\",\"url\":\"https:\/\/navonaed.com\/\",\"logo\":{\"@type\":\"ImageObject\",\"inLanguage\":\"ca\",\"@id\":\"https:\/\/navonaed.com\/#\/schema\/logo\/image\/\",\"url\":\"https:\/\/navonaed.com\/wp-content\/uploads\/logo-navona.svg\",\"contentUrl\":\"https:\/\/navonaed.com\/wp-content\/uploads\/logo-navona.svg\",\"width\":155,\"height\":32,\"caption\":\"Editorial Navona\"},\"image\":{\"@id\":\"https:\/\/navonaed.com\/#\/schema\/logo\/image\/\"},\"sameAs\":[\"https:\/\/www.facebook.com\/people\/Reemocioart\/100076073310442\/\"]}]}<\/script>\n<!-- \/ Yoast SEO plugin. -->","yoast_head_json":{"title":"Elogio de las sombras - Editorial Navona","robots":{"index":"index","follow":"follow","max-snippet":"max-snippet:-1","max-image-preview":"max-image-preview:large","max-video-preview":"max-video-preview:-1"},"canonical":"https:\/\/navonaed.com\/libro\/elogio-de-las-sombras-3\/","og_locale":"ca_ES","og_type":"article","og_title":"Elogio de las sombras - Editorial Navona","og_description":"9788410180673Junichiro Tanizaki","og_url":"https:\/\/navonaed.com\/libro\/elogio-de-las-sombras-3\/","og_site_name":"Editorial Navona","article_publisher":"https:\/\/www.facebook.com\/people\/Reemocioart\/100076073310442\/","article_modified_time":"2025-11-19T12:13:37+00:00","og_image":[{"width":740,"height":1117,"url":"https:\/\/navonaed.com\/wp-content\/uploads\/sombras.webp","type":"image\/webp"}],"twitter_card":"summary_large_image","twitter_misc":{"Temps estimat de lectura":"1 minut"},"schema":{"@context":"https:\/\/schema.org","@graph":[{"@type":"WebPage","@id":"https:\/\/navonaed.com\/libro\/elogio-de-las-sombras-3\/","url":"https:\/\/navonaed.com\/libro\/elogio-de-las-sombras-3\/","name":"Elogio de las sombras - Editorial Navona","isPartOf":{"@id":"https:\/\/navonaed.com\/#website"},"primaryImageOfPage":{"@id":"https:\/\/navonaed.com\/libro\/elogio-de-las-sombras-3\/#primaryimage"},"image":{"@id":"https:\/\/navonaed.com\/libro\/elogio-de-las-sombras-3\/#primaryimage"},"thumbnailUrl":"https:\/\/navonaed.com\/wp-content\/uploads\/sombras.webp","datePublished":"2025-11-04T11:59:23+00:00","dateModified":"2025-11-19T12:13:37+00:00","breadcrumb":{"@id":"https:\/\/navonaed.com\/libro\/elogio-de-las-sombras-3\/#breadcrumb"},"inLanguage":"ca","potentialAction":[{"@type":"ReadAction","target":["https:\/\/navonaed.com\/libro\/elogio-de-las-sombras-3\/"]}]},{"@type":"ImageObject","inLanguage":"ca","@id":"https:\/\/navonaed.com\/libro\/elogio-de-las-sombras-3\/#primaryimage","url":"https:\/\/navonaed.com\/wp-content\/uploads\/sombras.webp","contentUrl":"https:\/\/navonaed.com\/wp-content\/uploads\/sombras.webp","width":740,"height":1117},{"@type":"BreadcrumbList","@id":"https:\/\/navonaed.com\/libro\/elogio-de-las-sombras-3\/#breadcrumb","itemListElement":[{"@type":"ListItem","position":1,"name":"Portada","item":"https:\/\/navonaed.com\/ca\/"},{"@type":"ListItem","position":2,"name":"Cat\u00e0leg","item":"https:\/\/navonaed.com\/ca\/cataleg\/"},{"@type":"ListItem","position":3,"name":"Elogio de las sombras"}]},{"@type":"WebSite","@id":"https:\/\/navonaed.com\/#website","url":"https:\/\/navonaed.com\/","name":"Editorial Navona","description":"Nos gustan los libros","publisher":{"@id":"https:\/\/navonaed.com\/#organization"},"potentialAction":[{"@type":"SearchAction","target":{"@type":"EntryPoint","urlTemplate":"https:\/\/navonaed.com\/?s={search_term_string}"},"query-input":{"@type":"PropertyValueSpecification","valueRequired":true,"valueName":"search_term_string"}}],"inLanguage":"ca"},{"@type":"Organization","@id":"https:\/\/navonaed.com\/#organization","name":"Editorial Navona","url":"https:\/\/navonaed.com\/","logo":{"@type":"ImageObject","inLanguage":"ca","@id":"https:\/\/navonaed.com\/#\/schema\/logo\/image\/","url":"https:\/\/navonaed.com\/wp-content\/uploads\/logo-navona.svg","contentUrl":"https:\/\/navonaed.com\/wp-content\/uploads\/logo-navona.svg","width":155,"height":32,"caption":"Editorial Navona"},"image":{"@id":"https:\/\/navonaed.com\/#\/schema\/logo\/image\/"},"sameAs":["https:\/\/www.facebook.com\/people\/Reemocioart\/100076073310442\/"]}]}},"_links":{"self":[{"href":"https:\/\/navonaed.com\/ca\/wp-json\/wp\/v2\/product\/6814","targetHints":{"allow":["GET"]}}],"collection":[{"href":"https:\/\/navonaed.com\/ca\/wp-json\/wp\/v2\/product"}],"about":[{"href":"https:\/\/navonaed.com\/ca\/wp-json\/wp\/v2\/types\/product"}],"wp:featuredmedia":[{"embeddable":true,"href":"https:\/\/navonaed.com\/ca\/wp-json\/wp\/v2\/media\/6815"}],"wp:attachment":[{"href":"https:\/\/navonaed.com\/ca\/wp-json\/wp\/v2\/media?parent=6814"}],"wp:term":[{"taxonomy":"product_brand","embeddable":true,"href":"https:\/\/navonaed.com\/ca\/wp-json\/wp\/v2\/product_brand?post=6814"},{"taxonomy":"product_cat","embeddable":true,"href":"https:\/\/navonaed.com\/ca\/wp-json\/wp\/v2\/product_cat?post=6814"},{"taxonomy":"product_tag","embeddable":true,"href":"https:\/\/navonaed.com\/ca\/wp-json\/wp\/v2\/product_tag?post=6814"}],"curies":[{"name":"wp","href":"https:\/\/api.w.org\/{rel}","templated":true}]}}