{"id":6887,"date":"2025-10-15T10:27:30","date_gmt":"2025-10-15T08:27:30","guid":{"rendered":"https:\/\/navonaed.com\/?post_type=product&#038;p=6887"},"modified":"2026-02-11T10:27:47","modified_gmt":"2026-02-11T09:27:47","slug":"els-meus-dies-al-cafe-torunka","status":"publish","type":"product","link":"https:\/\/navonaed.com\/ca\/libro\/els-meus-dies-al-cafe-torunka\/","title":{"rendered":"Els meus dies al caf\u00e8 Torunka"},"content":{"rendered":"<p>Ubicat als carrers m\u00e9s amagats de Yanaka, al cor de T\u00f2quio, hi ha un petit caf\u00e8 anomenat Torunka, que \u00e9s l&#8217;escenari de tres hist\u00f2ries plenes de tendresa. La primera ens parla d&#8217;una dona misteriosa que apareix cada diumenge i la seva hist\u00f2ria d&#8217;amor amb un jove que treballa a temps parcial. La segona narra una trobada breu per\u00f2 carregada d&#8217;emoci\u00f3 entre un home de mitjana edat i la filla de la seva antiga amant, que es troba desesperada. Finalment, la tercera ens porta a l&#8217;amor primerenc i trobat de la filla del mestre, Shizuku.<\/p>\n<p>Aquestes hist\u00f2ries parlen de &#8221;miracles&#8221; dol\u00e7os i amargs, com l&#8217;aroma d&#8217;un caf\u00e8 que es perd suaument a l&#8217;aire. Cada relat gira entorn dels &#8221;comiats&#8221; i els &#8221;retrobaments&#8221;, abordant hist\u00f2ries d&#8217;amor que pertanyen al present, al passat i al futur dels personatges. Amb la delicada ploma de l&#8217;autor, el lector se submergeix en l&#8217;ambient c\u00e0lid del caf\u00e8, mentre es van desentrellant els misteris deixats pels que ja no hi s\u00f3n, i el desig dels protagonistes troba finalment una mica de consol.<\/p>\n","protected":false},"excerpt":{"rendered":"<p>9788410180352<br \/>Satoshi Yagisawa<\/p>\n","protected":false},"featured_media":6298,"template":"","meta":{"_acf_changed":false,"_monsterinsights_skip_tracking":false,"_monsterinsights_sitenote_active":false,"_monsterinsights_sitenote_note":"","_monsterinsights_sitenote_category":0},"product_brand":[],"product_cat":[141],"product_tag":[],"class_list":{"0":"post-6887","1":"product","2":"type-product","3":"status-publish","4":"has-post-thumbnail","6":"product_cat-serie-m","8":"first","9":"instock","10":"taxable","11":"shipping-taxable","12":"purchasable","13":"product-type-simple"},"acf":[],"yoast_head":"<!-- This site is optimized with the Yoast SEO plugin v27.3 - https:\/\/yoast.com\/product\/yoast-seo-wordpress\/ -->\n<title>Els meus dies al caf\u00e8 Torunka - Editorial Navona<\/title>\n<meta name=\"robots\" content=\"index, follow, max-snippet:-1, max-image-preview:large, max-video-preview:-1\" \/>\n<link rel=\"canonical\" href=\"https:\/\/navonaed.com\/libro\/els-meus-dies-al-cafe-torunka\/\" \/>\n<meta property=\"og:locale\" content=\"ca_ES\" \/>\n<meta property=\"og:type\" content=\"article\" \/>\n<meta property=\"og:title\" content=\"Els meus dies al caf\u00e8 Torunka - Editorial Navona\" \/>\n<meta property=\"og:description\" content=\"9788410180352Satoshi Yagisawa\" \/>\n<meta property=\"og:url\" content=\"https:\/\/navonaed.com\/libro\/els-meus-dies-al-cafe-torunka\/\" \/>\n<meta property=\"og:site_name\" content=\"Editorial Navona\" \/>\n<meta property=\"article:publisher\" content=\"https:\/\/www.facebook.com\/people\/Reemocioart\/100076073310442\/\" \/>\n<meta property=\"article:modified_time\" content=\"2026-02-11T09:27:47+00:00\" \/>\n<meta property=\"og:image\" content=\"https:\/\/navonaed.com\/wp-content\/uploads\/cafe.jpg\" \/>\n\t<meta property=\"og:image:width\" content=\"1677\" \/>\n\t<meta property=\"og:image:height\" content=\"2480\" \/>\n\t<meta property=\"og:image:type\" content=\"image\/jpeg\" \/>\n<meta name=\"twitter:card\" content=\"summary_large_image\" \/>\n<meta name=\"twitter:label1\" content=\"Temps estimat de lectura\" \/>\n\t<meta name=\"twitter:data1\" content=\"1 minut\" \/>\n<script type=\"application\/ld+json\" class=\"yoast-schema-graph\">{\"@context\":\"https:\\\/\\\/schema.org\",\"@graph\":[{\"@type\":\"WebPage\",\"@id\":\"https:\\\/\\\/navonaed.com\\\/libro\\\/els-meus-dies-al-cafe-torunka\\\/\",\"url\":\"https:\\\/\\\/navonaed.com\\\/libro\\\/els-meus-dies-al-cafe-torunka\\\/\",\"name\":\"Els meus dies al caf\u00e8 Torunka - Editorial Navona\",\"isPartOf\":{\"@id\":\"https:\\\/\\\/navonaed.com\\\/#website\"},\"primaryImageOfPage\":{\"@id\":\"https:\\\/\\\/navonaed.com\\\/libro\\\/els-meus-dies-al-cafe-torunka\\\/#primaryimage\"},\"image\":{\"@id\":\"https:\\\/\\\/navonaed.com\\\/libro\\\/els-meus-dies-al-cafe-torunka\\\/#primaryimage\"},\"thumbnailUrl\":\"https:\\\/\\\/navonaed.com\\\/wp-content\\\/uploads\\\/cafe.jpg\",\"datePublished\":\"2025-10-15T08:27:30+00:00\",\"dateModified\":\"2026-02-11T09:27:47+00:00\",\"breadcrumb\":{\"@id\":\"https:\\\/\\\/navonaed.com\\\/libro\\\/els-meus-dies-al-cafe-torunka\\\/#breadcrumb\"},\"inLanguage\":\"ca\",\"potentialAction\":[{\"@type\":\"ReadAction\",\"target\":[\"https:\\\/\\\/navonaed.com\\\/libro\\\/els-meus-dies-al-cafe-torunka\\\/\"]}]},{\"@type\":\"ImageObject\",\"inLanguage\":\"ca\",\"@id\":\"https:\\\/\\\/navonaed.com\\\/libro\\\/els-meus-dies-al-cafe-torunka\\\/#primaryimage\",\"url\":\"https:\\\/\\\/navonaed.com\\\/wp-content\\\/uploads\\\/cafe.jpg\",\"contentUrl\":\"https:\\\/\\\/navonaed.com\\\/wp-content\\\/uploads\\\/cafe.jpg\",\"width\":1677,\"height\":2480},{\"@type\":\"BreadcrumbList\",\"@id\":\"https:\\\/\\\/navonaed.com\\\/libro\\\/els-meus-dies-al-cafe-torunka\\\/#breadcrumb\",\"itemListElement\":[{\"@type\":\"ListItem\",\"position\":1,\"name\":\"Portada\",\"item\":\"https:\\\/\\\/navonaed.com\\\/ca\\\/\"},{\"@type\":\"ListItem\",\"position\":2,\"name\":\"Cat\u00e0leg\",\"item\":\"https:\\\/\\\/navonaed.com\\\/ca\\\/cataleg\\\/\"},{\"@type\":\"ListItem\",\"position\":3,\"name\":\"Els meus dies al caf\u00e8 Torunka\"}]},{\"@type\":\"WebSite\",\"@id\":\"https:\\\/\\\/navonaed.com\\\/#website\",\"url\":\"https:\\\/\\\/navonaed.com\\\/\",\"name\":\"Editorial Navona\",\"description\":\"Nos gustan los libros\",\"publisher\":{\"@id\":\"https:\\\/\\\/navonaed.com\\\/#organization\"},\"potentialAction\":[{\"@type\":\"SearchAction\",\"target\":{\"@type\":\"EntryPoint\",\"urlTemplate\":\"https:\\\/\\\/navonaed.com\\\/?s={search_term_string}\"},\"query-input\":{\"@type\":\"PropertyValueSpecification\",\"valueRequired\":true,\"valueName\":\"search_term_string\"}}],\"inLanguage\":\"ca\"},{\"@type\":\"Organization\",\"@id\":\"https:\\\/\\\/navonaed.com\\\/#organization\",\"name\":\"Editorial Navona\",\"url\":\"https:\\\/\\\/navonaed.com\\\/\",\"logo\":{\"@type\":\"ImageObject\",\"inLanguage\":\"ca\",\"@id\":\"https:\\\/\\\/navonaed.com\\\/#\\\/schema\\\/logo\\\/image\\\/\",\"url\":\"https:\\\/\\\/navonaed.com\\\/wp-content\\\/uploads\\\/logo-navona.svg\",\"contentUrl\":\"https:\\\/\\\/navonaed.com\\\/wp-content\\\/uploads\\\/logo-navona.svg\",\"width\":155,\"height\":32,\"caption\":\"Editorial Navona\"},\"image\":{\"@id\":\"https:\\\/\\\/navonaed.com\\\/#\\\/schema\\\/logo\\\/image\\\/\"},\"sameAs\":[\"https:\\\/\\\/www.facebook.com\\\/people\\\/Reemocioart\\\/100076073310442\\\/\"]}]}<\/script>\n<!-- \/ Yoast SEO plugin. -->","yoast_head_json":{"title":"Els meus dies al caf\u00e8 Torunka - Editorial Navona","robots":{"index":"index","follow":"follow","max-snippet":"max-snippet:-1","max-image-preview":"max-image-preview:large","max-video-preview":"max-video-preview:-1"},"canonical":"https:\/\/navonaed.com\/libro\/els-meus-dies-al-cafe-torunka\/","og_locale":"ca_ES","og_type":"article","og_title":"Els meus dies al caf\u00e8 Torunka - Editorial Navona","og_description":"9788410180352Satoshi Yagisawa","og_url":"https:\/\/navonaed.com\/libro\/els-meus-dies-al-cafe-torunka\/","og_site_name":"Editorial Navona","article_publisher":"https:\/\/www.facebook.com\/people\/Reemocioart\/100076073310442\/","article_modified_time":"2026-02-11T09:27:47+00:00","og_image":[{"width":1677,"height":2480,"url":"https:\/\/navonaed.com\/wp-content\/uploads\/cafe.jpg","type":"image\/jpeg"}],"twitter_card":"summary_large_image","twitter_misc":{"Temps estimat de lectura":"1 minut"},"schema":{"@context":"https:\/\/schema.org","@graph":[{"@type":"WebPage","@id":"https:\/\/navonaed.com\/libro\/els-meus-dies-al-cafe-torunka\/","url":"https:\/\/navonaed.com\/libro\/els-meus-dies-al-cafe-torunka\/","name":"Els meus dies al caf\u00e8 Torunka - Editorial Navona","isPartOf":{"@id":"https:\/\/navonaed.com\/#website"},"primaryImageOfPage":{"@id":"https:\/\/navonaed.com\/libro\/els-meus-dies-al-cafe-torunka\/#primaryimage"},"image":{"@id":"https:\/\/navonaed.com\/libro\/els-meus-dies-al-cafe-torunka\/#primaryimage"},"thumbnailUrl":"https:\/\/navonaed.com\/wp-content\/uploads\/cafe.jpg","datePublished":"2025-10-15T08:27:30+00:00","dateModified":"2026-02-11T09:27:47+00:00","breadcrumb":{"@id":"https:\/\/navonaed.com\/libro\/els-meus-dies-al-cafe-torunka\/#breadcrumb"},"inLanguage":"ca","potentialAction":[{"@type":"ReadAction","target":["https:\/\/navonaed.com\/libro\/els-meus-dies-al-cafe-torunka\/"]}]},{"@type":"ImageObject","inLanguage":"ca","@id":"https:\/\/navonaed.com\/libro\/els-meus-dies-al-cafe-torunka\/#primaryimage","url":"https:\/\/navonaed.com\/wp-content\/uploads\/cafe.jpg","contentUrl":"https:\/\/navonaed.com\/wp-content\/uploads\/cafe.jpg","width":1677,"height":2480},{"@type":"BreadcrumbList","@id":"https:\/\/navonaed.com\/libro\/els-meus-dies-al-cafe-torunka\/#breadcrumb","itemListElement":[{"@type":"ListItem","position":1,"name":"Portada","item":"https:\/\/navonaed.com\/ca\/"},{"@type":"ListItem","position":2,"name":"Cat\u00e0leg","item":"https:\/\/navonaed.com\/ca\/cataleg\/"},{"@type":"ListItem","position":3,"name":"Els meus dies al caf\u00e8 Torunka"}]},{"@type":"WebSite","@id":"https:\/\/navonaed.com\/#website","url":"https:\/\/navonaed.com\/","name":"Editorial Navona","description":"Nos gustan los libros","publisher":{"@id":"https:\/\/navonaed.com\/#organization"},"potentialAction":[{"@type":"SearchAction","target":{"@type":"EntryPoint","urlTemplate":"https:\/\/navonaed.com\/?s={search_term_string}"},"query-input":{"@type":"PropertyValueSpecification","valueRequired":true,"valueName":"search_term_string"}}],"inLanguage":"ca"},{"@type":"Organization","@id":"https:\/\/navonaed.com\/#organization","name":"Editorial Navona","url":"https:\/\/navonaed.com\/","logo":{"@type":"ImageObject","inLanguage":"ca","@id":"https:\/\/navonaed.com\/#\/schema\/logo\/image\/","url":"https:\/\/navonaed.com\/wp-content\/uploads\/logo-navona.svg","contentUrl":"https:\/\/navonaed.com\/wp-content\/uploads\/logo-navona.svg","width":155,"height":32,"caption":"Editorial Navona"},"image":{"@id":"https:\/\/navonaed.com\/#\/schema\/logo\/image\/"},"sameAs":["https:\/\/www.facebook.com\/people\/Reemocioart\/100076073310442\/"]}]}},"_links":{"self":[{"href":"https:\/\/navonaed.com\/ca\/wp-json\/wp\/v2\/product\/6887","targetHints":{"allow":["GET"]}}],"collection":[{"href":"https:\/\/navonaed.com\/ca\/wp-json\/wp\/v2\/product"}],"about":[{"href":"https:\/\/navonaed.com\/ca\/wp-json\/wp\/v2\/types\/product"}],"wp:featuredmedia":[{"embeddable":true,"href":"https:\/\/navonaed.com\/ca\/wp-json\/wp\/v2\/media\/6298"}],"wp:attachment":[{"href":"https:\/\/navonaed.com\/ca\/wp-json\/wp\/v2\/media?parent=6887"}],"wp:term":[{"taxonomy":"product_brand","embeddable":true,"href":"https:\/\/navonaed.com\/ca\/wp-json\/wp\/v2\/product_brand?post=6887"},{"taxonomy":"product_cat","embeddable":true,"href":"https:\/\/navonaed.com\/ca\/wp-json\/wp\/v2\/product_cat?post=6887"},{"taxonomy":"product_tag","embeddable":true,"href":"https:\/\/navonaed.com\/ca\/wp-json\/wp\/v2\/product_tag?post=6887"}],"curies":[{"name":"wp","href":"https:\/\/api.w.org\/{rel}","templated":true}]}}