{"id":6893,"date":"2025-10-15T10:37:28","date_gmt":"2025-10-15T08:37:28","guid":{"rendered":"https:\/\/navonaed.com\/?post_type=product&#038;p=6893"},"modified":"2026-02-11T10:37:45","modified_gmt":"2026-02-11T09:37:45","slug":"les-bibliotecaries-del-front","status":"publish","type":"product","link":"https:\/\/navonaed.com\/ca\/libro\/les-bibliotecaries-del-front\/","title":{"rendered":"Les bibliotec\u00e0ries del front"},"content":{"rendered":"<p>Nova York, 1918. Despr\u00e9s de rebre la not\u00edcia que la Gran Guerra esquin\u00e7a Europa, Jessie Carson decideix abandonar la tranquil\u00b7litat de les prestatgeries de la Biblioteca P\u00fablica de Nova York i travessar oce\u00e0 per unir-se al Comit\u00e8 Americ\u00e0 per a les Regions Devastades de Fran\u00e7a, fundat per la vision\u00e0ria Anne Morgan. Entre ru\u00efnes i trag\u00e8dia, convertir\u00e0 ambul\u00e0ncies en biblioteques itinerants, donar\u00e0 vida a clubs de lectura i formar\u00e0 les primeres bibliotec\u00e0ries franceses, sembrant esperan\u00e7a on tan sols hi havia desolaci\u00f3. Setanta anys despr\u00e9s, una escriptora novella es topa amb el nom de Jessie Carson als arxius de la biblioteca. Fascinada per la seva aud\u00e0cia, se submergeix en una investigaci\u00f3 que l&#8217;arrossega a un laberint de secrets, on descobrir\u00e0 que el dest\u00ed de Carson entrella\u00e7a de manera sorprenent amb el seu propi present. Inspirada en fets reals, Les bibliotec\u00e0ries del front \u00e9s la hist\u00f2ria d&#8217;un grup de dones que va desafiar els l\u00edmits d&#8217;all\u00f2 que era possible al cor de la Primera Guerra Mundial. Un homenatge a la solidaritat femenina i una reivindicaci\u00f3 de la capacitat curativa de les paraules.<\/p>\n","protected":false},"excerpt":{"rendered":"<p>9788410180666<br \/>Janet Skeslien Charles<\/p>\n","protected":false},"featured_media":6250,"template":"","meta":{"_acf_changed":false,"_monsterinsights_skip_tracking":false,"_monsterinsights_sitenote_active":false,"_monsterinsights_sitenote_note":"","_monsterinsights_sitenote_category":0},"product_brand":[],"product_cat":[141],"product_tag":[],"class_list":{"0":"post-6893","1":"product","2":"type-product","3":"status-publish","4":"has-post-thumbnail","6":"product_cat-serie-m","8":"first","9":"instock","10":"taxable","11":"shipping-taxable","12":"purchasable","13":"product-type-simple"},"acf":[],"yoast_head":"<!-- This site is optimized with the Yoast SEO plugin v27.3 - https:\/\/yoast.com\/product\/yoast-seo-wordpress\/ -->\n<title>Les bibliotec\u00e0ries del front - Editorial Navona<\/title>\n<meta name=\"robots\" content=\"index, follow, max-snippet:-1, max-image-preview:large, max-video-preview:-1\" \/>\n<link rel=\"canonical\" href=\"https:\/\/navonaed.com\/libro\/les-bibliotecaries-del-front\/\" \/>\n<meta property=\"og:locale\" content=\"ca_ES\" \/>\n<meta property=\"og:type\" content=\"article\" \/>\n<meta property=\"og:title\" content=\"Les bibliotec\u00e0ries del front - Editorial Navona\" \/>\n<meta property=\"og:description\" content=\"9788410180666Janet Skeslien Charles\" \/>\n<meta property=\"og:url\" content=\"https:\/\/navonaed.com\/libro\/les-bibliotecaries-del-front\/\" \/>\n<meta property=\"og:site_name\" content=\"Editorial Navona\" \/>\n<meta property=\"article:publisher\" content=\"https:\/\/www.facebook.com\/people\/Reemocioart\/100076073310442\/\" \/>\n<meta property=\"article:modified_time\" content=\"2026-02-11T09:37:45+00:00\" \/>\n<meta property=\"og:image\" content=\"https:\/\/navonaed.com\/wp-content\/uploads\/bib-front.jpg\" \/>\n\t<meta property=\"og:image:width\" content=\"1677\" \/>\n\t<meta property=\"og:image:height\" content=\"2480\" \/>\n\t<meta property=\"og:image:type\" content=\"image\/jpeg\" \/>\n<meta name=\"twitter:card\" content=\"summary_large_image\" \/>\n<meta name=\"twitter:label1\" content=\"Temps estimat de lectura\" \/>\n\t<meta name=\"twitter:data1\" content=\"2 minuts\" \/>\n<script type=\"application\/ld+json\" class=\"yoast-schema-graph\">{\"@context\":\"https:\\\/\\\/schema.org\",\"@graph\":[{\"@type\":\"WebPage\",\"@id\":\"https:\\\/\\\/navonaed.com\\\/libro\\\/les-bibliotecaries-del-front\\\/\",\"url\":\"https:\\\/\\\/navonaed.com\\\/libro\\\/les-bibliotecaries-del-front\\\/\",\"name\":\"Les bibliotec\u00e0ries del front - Editorial Navona\",\"isPartOf\":{\"@id\":\"https:\\\/\\\/navonaed.com\\\/#website\"},\"primaryImageOfPage\":{\"@id\":\"https:\\\/\\\/navonaed.com\\\/libro\\\/les-bibliotecaries-del-front\\\/#primaryimage\"},\"image\":{\"@id\":\"https:\\\/\\\/navonaed.com\\\/libro\\\/les-bibliotecaries-del-front\\\/#primaryimage\"},\"thumbnailUrl\":\"https:\\\/\\\/navonaed.com\\\/wp-content\\\/uploads\\\/bib-front.jpg\",\"datePublished\":\"2025-10-15T08:37:28+00:00\",\"dateModified\":\"2026-02-11T09:37:45+00:00\",\"breadcrumb\":{\"@id\":\"https:\\\/\\\/navonaed.com\\\/libro\\\/les-bibliotecaries-del-front\\\/#breadcrumb\"},\"inLanguage\":\"ca\",\"potentialAction\":[{\"@type\":\"ReadAction\",\"target\":[\"https:\\\/\\\/navonaed.com\\\/libro\\\/les-bibliotecaries-del-front\\\/\"]}]},{\"@type\":\"ImageObject\",\"inLanguage\":\"ca\",\"@id\":\"https:\\\/\\\/navonaed.com\\\/libro\\\/les-bibliotecaries-del-front\\\/#primaryimage\",\"url\":\"https:\\\/\\\/navonaed.com\\\/wp-content\\\/uploads\\\/bib-front.jpg\",\"contentUrl\":\"https:\\\/\\\/navonaed.com\\\/wp-content\\\/uploads\\\/bib-front.jpg\",\"width\":1677,\"height\":2480},{\"@type\":\"BreadcrumbList\",\"@id\":\"https:\\\/\\\/navonaed.com\\\/libro\\\/les-bibliotecaries-del-front\\\/#breadcrumb\",\"itemListElement\":[{\"@type\":\"ListItem\",\"position\":1,\"name\":\"Portada\",\"item\":\"https:\\\/\\\/navonaed.com\\\/ca\\\/\"},{\"@type\":\"ListItem\",\"position\":2,\"name\":\"Cat\u00e0leg\",\"item\":\"https:\\\/\\\/navonaed.com\\\/ca\\\/cataleg\\\/\"},{\"@type\":\"ListItem\",\"position\":3,\"name\":\"Les bibliotec\u00e0ries del front\"}]},{\"@type\":\"WebSite\",\"@id\":\"https:\\\/\\\/navonaed.com\\\/#website\",\"url\":\"https:\\\/\\\/navonaed.com\\\/\",\"name\":\"Editorial Navona\",\"description\":\"Nos gustan los libros\",\"publisher\":{\"@id\":\"https:\\\/\\\/navonaed.com\\\/#organization\"},\"potentialAction\":[{\"@type\":\"SearchAction\",\"target\":{\"@type\":\"EntryPoint\",\"urlTemplate\":\"https:\\\/\\\/navonaed.com\\\/?s={search_term_string}\"},\"query-input\":{\"@type\":\"PropertyValueSpecification\",\"valueRequired\":true,\"valueName\":\"search_term_string\"}}],\"inLanguage\":\"ca\"},{\"@type\":\"Organization\",\"@id\":\"https:\\\/\\\/navonaed.com\\\/#organization\",\"name\":\"Editorial Navona\",\"url\":\"https:\\\/\\\/navonaed.com\\\/\",\"logo\":{\"@type\":\"ImageObject\",\"inLanguage\":\"ca\",\"@id\":\"https:\\\/\\\/navonaed.com\\\/#\\\/schema\\\/logo\\\/image\\\/\",\"url\":\"https:\\\/\\\/navonaed.com\\\/wp-content\\\/uploads\\\/logo-navona.svg\",\"contentUrl\":\"https:\\\/\\\/navonaed.com\\\/wp-content\\\/uploads\\\/logo-navona.svg\",\"width\":155,\"height\":32,\"caption\":\"Editorial Navona\"},\"image\":{\"@id\":\"https:\\\/\\\/navonaed.com\\\/#\\\/schema\\\/logo\\\/image\\\/\"},\"sameAs\":[\"https:\\\/\\\/www.facebook.com\\\/people\\\/Reemocioart\\\/100076073310442\\\/\"]}]}<\/script>\n<!-- \/ Yoast SEO plugin. -->","yoast_head_json":{"title":"Les bibliotec\u00e0ries del front - Editorial Navona","robots":{"index":"index","follow":"follow","max-snippet":"max-snippet:-1","max-image-preview":"max-image-preview:large","max-video-preview":"max-video-preview:-1"},"canonical":"https:\/\/navonaed.com\/libro\/les-bibliotecaries-del-front\/","og_locale":"ca_ES","og_type":"article","og_title":"Les bibliotec\u00e0ries del front - Editorial Navona","og_description":"9788410180666Janet Skeslien Charles","og_url":"https:\/\/navonaed.com\/libro\/les-bibliotecaries-del-front\/","og_site_name":"Editorial Navona","article_publisher":"https:\/\/www.facebook.com\/people\/Reemocioart\/100076073310442\/","article_modified_time":"2026-02-11T09:37:45+00:00","og_image":[{"width":1677,"height":2480,"url":"https:\/\/navonaed.com\/wp-content\/uploads\/bib-front.jpg","type":"image\/jpeg"}],"twitter_card":"summary_large_image","twitter_misc":{"Temps estimat de lectura":"2 minuts"},"schema":{"@context":"https:\/\/schema.org","@graph":[{"@type":"WebPage","@id":"https:\/\/navonaed.com\/libro\/les-bibliotecaries-del-front\/","url":"https:\/\/navonaed.com\/libro\/les-bibliotecaries-del-front\/","name":"Les bibliotec\u00e0ries del front - Editorial Navona","isPartOf":{"@id":"https:\/\/navonaed.com\/#website"},"primaryImageOfPage":{"@id":"https:\/\/navonaed.com\/libro\/les-bibliotecaries-del-front\/#primaryimage"},"image":{"@id":"https:\/\/navonaed.com\/libro\/les-bibliotecaries-del-front\/#primaryimage"},"thumbnailUrl":"https:\/\/navonaed.com\/wp-content\/uploads\/bib-front.jpg","datePublished":"2025-10-15T08:37:28+00:00","dateModified":"2026-02-11T09:37:45+00:00","breadcrumb":{"@id":"https:\/\/navonaed.com\/libro\/les-bibliotecaries-del-front\/#breadcrumb"},"inLanguage":"ca","potentialAction":[{"@type":"ReadAction","target":["https:\/\/navonaed.com\/libro\/les-bibliotecaries-del-front\/"]}]},{"@type":"ImageObject","inLanguage":"ca","@id":"https:\/\/navonaed.com\/libro\/les-bibliotecaries-del-front\/#primaryimage","url":"https:\/\/navonaed.com\/wp-content\/uploads\/bib-front.jpg","contentUrl":"https:\/\/navonaed.com\/wp-content\/uploads\/bib-front.jpg","width":1677,"height":2480},{"@type":"BreadcrumbList","@id":"https:\/\/navonaed.com\/libro\/les-bibliotecaries-del-front\/#breadcrumb","itemListElement":[{"@type":"ListItem","position":1,"name":"Portada","item":"https:\/\/navonaed.com\/ca\/"},{"@type":"ListItem","position":2,"name":"Cat\u00e0leg","item":"https:\/\/navonaed.com\/ca\/cataleg\/"},{"@type":"ListItem","position":3,"name":"Les bibliotec\u00e0ries del front"}]},{"@type":"WebSite","@id":"https:\/\/navonaed.com\/#website","url":"https:\/\/navonaed.com\/","name":"Editorial Navona","description":"Nos gustan los libros","publisher":{"@id":"https:\/\/navonaed.com\/#organization"},"potentialAction":[{"@type":"SearchAction","target":{"@type":"EntryPoint","urlTemplate":"https:\/\/navonaed.com\/?s={search_term_string}"},"query-input":{"@type":"PropertyValueSpecification","valueRequired":true,"valueName":"search_term_string"}}],"inLanguage":"ca"},{"@type":"Organization","@id":"https:\/\/navonaed.com\/#organization","name":"Editorial Navona","url":"https:\/\/navonaed.com\/","logo":{"@type":"ImageObject","inLanguage":"ca","@id":"https:\/\/navonaed.com\/#\/schema\/logo\/image\/","url":"https:\/\/navonaed.com\/wp-content\/uploads\/logo-navona.svg","contentUrl":"https:\/\/navonaed.com\/wp-content\/uploads\/logo-navona.svg","width":155,"height":32,"caption":"Editorial Navona"},"image":{"@id":"https:\/\/navonaed.com\/#\/schema\/logo\/image\/"},"sameAs":["https:\/\/www.facebook.com\/people\/Reemocioart\/100076073310442\/"]}]}},"_links":{"self":[{"href":"https:\/\/navonaed.com\/ca\/wp-json\/wp\/v2\/product\/6893","targetHints":{"allow":["GET"]}}],"collection":[{"href":"https:\/\/navonaed.com\/ca\/wp-json\/wp\/v2\/product"}],"about":[{"href":"https:\/\/navonaed.com\/ca\/wp-json\/wp\/v2\/types\/product"}],"wp:featuredmedia":[{"embeddable":true,"href":"https:\/\/navonaed.com\/ca\/wp-json\/wp\/v2\/media\/6250"}],"wp:attachment":[{"href":"https:\/\/navonaed.com\/ca\/wp-json\/wp\/v2\/media?parent=6893"}],"wp:term":[{"taxonomy":"product_brand","embeddable":true,"href":"https:\/\/navonaed.com\/ca\/wp-json\/wp\/v2\/product_brand?post=6893"},{"taxonomy":"product_cat","embeddable":true,"href":"https:\/\/navonaed.com\/ca\/wp-json\/wp\/v2\/product_cat?post=6893"},{"taxonomy":"product_tag","embeddable":true,"href":"https:\/\/navonaed.com\/ca\/wp-json\/wp\/v2\/product_tag?post=6893"}],"curies":[{"name":"wp","href":"https:\/\/api.w.org\/{rel}","templated":true}]}}