{"id":6917,"date":"2026-03-24T08:58:20","date_gmt":"2026-03-24T07:58:20","guid":{"rendered":"https:\/\/navonaed.com\/?post_type=product&#038;p=6917"},"modified":"2026-03-24T08:59:52","modified_gmt":"2026-03-24T07:59:52","slug":"memorias-de-un-nieto-confuso","status":"publish","type":"product","link":"https:\/\/navonaed.com\/ca\/libro\/memorias-de-un-nieto-confuso\/","title":{"rendered":"Memorias de un nieto confuso"},"content":{"rendered":"<p><b>Heredero de una de las genealog\u00edas literarias y pol\u00edticas m\u00e1s influyentes y contradictorias de la cultura espa\u00f1ola, M\u00e1ximo Pradera se enfrenta <\/b><b>al legado m\u00e1s pol\u00e9mico: el propio<\/b><b>.<\/b><\/p>\n<p><span style=\"font-weight: 400\">Nieto de uno de los fundadores de Falange e hijo de uno de sus m\u00e1s tenaces adversarios; sobrino del cantautor m\u00e1s inc\u00f3modo del franquismo, as\u00ed como de Carmen Mart\u00edn Gaite y Rafael S\u00e1nchez Ferlosio, Pradera ha crecido recibiendo golpes ideol\u00f3gicos desde flancos opuestos. El resultado no es s\u00edntesis ni equidistancia: es confusi\u00f3n.<\/span><\/p>\n<p><span style=\"font-weight: 400\">A lo largo de estas memorias descubrimos qu\u00e9 ocurre cuando dentro de un mismo portador conviven cromosomas que llevan siglos sin hablarse, que se contradicen y se empujan en silencio, dejando al individuo aturdido y sin saber muy bien a qui\u00e9n representa. En el centro est\u00e1 \u00e9l: perplejo, ir\u00f3nico y todav\u00eda un poco grogui; a su alrededor se cruzan figuras clave de la cultura y la pol\u00edtica espa\u00f1olas del siglo XX. Su \u00e1rbol geneal\u00f3gico se convierte as\u00ed en espejo de la Espa\u00f1a contempor\u00e1nea, reflejando las tensiones, contradicciones y debates que han marcado la historia de un pa\u00eds.<\/span><\/p>\n<p><i><span style=\"font-weight: 400\">Memorias de un nieto confuso<\/span><\/i><span style=\"font-weight: 400\"> no es un libro de homenajes ni de ajustes de cuentas, aunque contiene algo de lo uno y bastante de lo otro. Una lectura para quienes sospechan que la herecia no se asume: se sobrevive.<\/span><\/p>\n","protected":false},"excerpt":{"rendered":"<p>9788410180833<br \/>M\u00e1ximo Pradera<\/p>\n","protected":false},"featured_media":6918,"template":"","meta":{"_acf_changed":false,"_monsterinsights_skip_tracking":false,"_monsterinsights_sitenote_active":false,"_monsterinsights_sitenote_note":"","_monsterinsights_sitenote_category":0},"product_brand":[],"product_cat":[140],"product_tag":[],"class_list":{"0":"post-6917","1":"product","2":"type-product","3":"status-publish","4":"has-post-thumbnail","6":"product_cat-bio","8":"first","9":"instock","10":"taxable","11":"shipping-taxable","12":"purchasable","13":"product-type-simple"},"acf":[],"yoast_head":"<!-- This site is optimized with the Yoast SEO plugin v27.5 - https:\/\/yoast.com\/product\/yoast-seo-wordpress\/ -->\n<title>Memorias de un nieto confuso - Editorial Navona<\/title>\n<meta name=\"description\" content=\"Memorias de un nieto confuso no es un libro de homenajes ni de ajustes de cuentas, aunque contiene algo de lo uno y bastante de lo otro.\" \/>\n<meta name=\"robots\" content=\"index, follow, max-snippet:-1, max-image-preview:large, max-video-preview:-1\" \/>\n<link rel=\"canonical\" href=\"https:\/\/navonaed.com\/libro\/memorias-de-un-nieto-confuso\/\" \/>\n<meta property=\"og:locale\" content=\"ca_ES\" \/>\n<meta property=\"og:type\" content=\"article\" \/>\n<meta property=\"og:title\" content=\"Memorias de un nieto confuso - Editorial Navona\" \/>\n<meta property=\"og:description\" content=\"Memorias de un nieto confuso no es un libro de homenajes ni de ajustes de cuentas, aunque contiene algo de lo uno y bastante de lo otro.\" \/>\n<meta property=\"og:url\" content=\"https:\/\/navonaed.com\/libro\/memorias-de-un-nieto-confuso\/\" \/>\n<meta property=\"og:site_name\" content=\"Editorial Navona\" \/>\n<meta property=\"article:publisher\" content=\"https:\/\/www.facebook.com\/people\/Reemocioart\/100076073310442\/\" \/>\n<meta property=\"article:modified_time\" content=\"2026-03-24T07:59:52+00:00\" \/>\n<meta property=\"og:image\" content=\"https:\/\/navonaed.com\/wp-content\/uploads\/NE80833.jpg\" \/>\n\t<meta property=\"og:image:width\" content=\"1677\" \/>\n\t<meta property=\"og:image:height\" content=\"2480\" \/>\n\t<meta property=\"og:image:type\" content=\"image\/jpeg\" \/>\n<meta name=\"twitter:card\" content=\"summary_large_image\" \/>\n<meta name=\"twitter:label1\" content=\"Temps estimat de lectura\" \/>\n\t<meta name=\"twitter:data1\" content=\"2 minuts\" \/>\n<script type=\"application\/ld+json\" class=\"yoast-schema-graph\">{\"@context\":\"https:\\\/\\\/schema.org\",\"@graph\":[{\"@type\":\"WebPage\",\"@id\":\"https:\\\/\\\/navonaed.com\\\/libro\\\/memorias-de-un-nieto-confuso\\\/\",\"url\":\"https:\\\/\\\/navonaed.com\\\/libro\\\/memorias-de-un-nieto-confuso\\\/\",\"name\":\"Memorias de un nieto confuso - Editorial Navona\",\"isPartOf\":{\"@id\":\"https:\\\/\\\/navonaed.com\\\/#website\"},\"primaryImageOfPage\":{\"@id\":\"https:\\\/\\\/navonaed.com\\\/libro\\\/memorias-de-un-nieto-confuso\\\/#primaryimage\"},\"image\":{\"@id\":\"https:\\\/\\\/navonaed.com\\\/libro\\\/memorias-de-un-nieto-confuso\\\/#primaryimage\"},\"thumbnailUrl\":\"https:\\\/\\\/navonaed.com\\\/wp-content\\\/uploads\\\/NE80833.jpg\",\"datePublished\":\"2026-03-24T07:58:20+00:00\",\"dateModified\":\"2026-03-24T07:59:52+00:00\",\"description\":\"Memorias de un nieto confuso no es un libro de homenajes ni de ajustes de cuentas, aunque contiene algo de lo uno y bastante de lo otro.\",\"breadcrumb\":{\"@id\":\"https:\\\/\\\/navonaed.com\\\/libro\\\/memorias-de-un-nieto-confuso\\\/#breadcrumb\"},\"inLanguage\":\"ca\",\"potentialAction\":[{\"@type\":\"ReadAction\",\"target\":[\"https:\\\/\\\/navonaed.com\\\/libro\\\/memorias-de-un-nieto-confuso\\\/\"]}]},{\"@type\":\"ImageObject\",\"inLanguage\":\"ca\",\"@id\":\"https:\\\/\\\/navonaed.com\\\/libro\\\/memorias-de-un-nieto-confuso\\\/#primaryimage\",\"url\":\"https:\\\/\\\/navonaed.com\\\/wp-content\\\/uploads\\\/NE80833.jpg\",\"contentUrl\":\"https:\\\/\\\/navonaed.com\\\/wp-content\\\/uploads\\\/NE80833.jpg\",\"width\":1677,\"height\":2480,\"caption\":\"Memorias de un nieto confuso\"},{\"@type\":\"BreadcrumbList\",\"@id\":\"https:\\\/\\\/navonaed.com\\\/libro\\\/memorias-de-un-nieto-confuso\\\/#breadcrumb\",\"itemListElement\":[{\"@type\":\"ListItem\",\"position\":1,\"name\":\"Portada\",\"item\":\"https:\\\/\\\/navonaed.com\\\/ca\\\/\"},{\"@type\":\"ListItem\",\"position\":2,\"name\":\"Cat\u00e0leg\",\"item\":\"https:\\\/\\\/navonaed.com\\\/ca\\\/cataleg\\\/\"},{\"@type\":\"ListItem\",\"position\":3,\"name\":\"Memorias de un nieto confuso\"}]},{\"@type\":\"WebSite\",\"@id\":\"https:\\\/\\\/navonaed.com\\\/#website\",\"url\":\"https:\\\/\\\/navonaed.com\\\/\",\"name\":\"Editorial Navona\",\"description\":\"Nos gustan los libros\",\"publisher\":{\"@id\":\"https:\\\/\\\/navonaed.com\\\/#organization\"},\"potentialAction\":[{\"@type\":\"SearchAction\",\"target\":{\"@type\":\"EntryPoint\",\"urlTemplate\":\"https:\\\/\\\/navonaed.com\\\/?s={search_term_string}\"},\"query-input\":{\"@type\":\"PropertyValueSpecification\",\"valueRequired\":true,\"valueName\":\"search_term_string\"}}],\"inLanguage\":\"ca\"},{\"@type\":\"Organization\",\"@id\":\"https:\\\/\\\/navonaed.com\\\/#organization\",\"name\":\"Editorial Navona\",\"url\":\"https:\\\/\\\/navonaed.com\\\/\",\"logo\":{\"@type\":\"ImageObject\",\"inLanguage\":\"ca\",\"@id\":\"https:\\\/\\\/navonaed.com\\\/#\\\/schema\\\/logo\\\/image\\\/\",\"url\":\"https:\\\/\\\/navonaed.com\\\/wp-content\\\/uploads\\\/logo-navona.svg\",\"contentUrl\":\"https:\\\/\\\/navonaed.com\\\/wp-content\\\/uploads\\\/logo-navona.svg\",\"width\":155,\"height\":32,\"caption\":\"Editorial Navona\"},\"image\":{\"@id\":\"https:\\\/\\\/navonaed.com\\\/#\\\/schema\\\/logo\\\/image\\\/\"},\"sameAs\":[\"https:\\\/\\\/www.facebook.com\\\/people\\\/Reemocioart\\\/100076073310442\\\/\"]}]}<\/script>\n<!-- \/ Yoast SEO plugin. -->","yoast_head_json":{"title":"Memorias de un nieto confuso - Editorial Navona","description":"Memorias de un nieto confuso no es un libro de homenajes ni de ajustes de cuentas, aunque contiene algo de lo uno y bastante de lo otro.","robots":{"index":"index","follow":"follow","max-snippet":"max-snippet:-1","max-image-preview":"max-image-preview:large","max-video-preview":"max-video-preview:-1"},"canonical":"https:\/\/navonaed.com\/libro\/memorias-de-un-nieto-confuso\/","og_locale":"ca_ES","og_type":"article","og_title":"Memorias de un nieto confuso - Editorial Navona","og_description":"Memorias de un nieto confuso no es un libro de homenajes ni de ajustes de cuentas, aunque contiene algo de lo uno y bastante de lo otro.","og_url":"https:\/\/navonaed.com\/libro\/memorias-de-un-nieto-confuso\/","og_site_name":"Editorial Navona","article_publisher":"https:\/\/www.facebook.com\/people\/Reemocioart\/100076073310442\/","article_modified_time":"2026-03-24T07:59:52+00:00","og_image":[{"width":1677,"height":2480,"url":"https:\/\/navonaed.com\/wp-content\/uploads\/NE80833.jpg","type":"image\/jpeg"}],"twitter_card":"summary_large_image","twitter_misc":{"Temps estimat de lectura":"2 minuts"},"schema":{"@context":"https:\/\/schema.org","@graph":[{"@type":"WebPage","@id":"https:\/\/navonaed.com\/libro\/memorias-de-un-nieto-confuso\/","url":"https:\/\/navonaed.com\/libro\/memorias-de-un-nieto-confuso\/","name":"Memorias de un nieto confuso - Editorial Navona","isPartOf":{"@id":"https:\/\/navonaed.com\/#website"},"primaryImageOfPage":{"@id":"https:\/\/navonaed.com\/libro\/memorias-de-un-nieto-confuso\/#primaryimage"},"image":{"@id":"https:\/\/navonaed.com\/libro\/memorias-de-un-nieto-confuso\/#primaryimage"},"thumbnailUrl":"https:\/\/navonaed.com\/wp-content\/uploads\/NE80833.jpg","datePublished":"2026-03-24T07:58:20+00:00","dateModified":"2026-03-24T07:59:52+00:00","description":"Memorias de un nieto confuso no es un libro de homenajes ni de ajustes de cuentas, aunque contiene algo de lo uno y bastante de lo otro.","breadcrumb":{"@id":"https:\/\/navonaed.com\/libro\/memorias-de-un-nieto-confuso\/#breadcrumb"},"inLanguage":"ca","potentialAction":[{"@type":"ReadAction","target":["https:\/\/navonaed.com\/libro\/memorias-de-un-nieto-confuso\/"]}]},{"@type":"ImageObject","inLanguage":"ca","@id":"https:\/\/navonaed.com\/libro\/memorias-de-un-nieto-confuso\/#primaryimage","url":"https:\/\/navonaed.com\/wp-content\/uploads\/NE80833.jpg","contentUrl":"https:\/\/navonaed.com\/wp-content\/uploads\/NE80833.jpg","width":1677,"height":2480,"caption":"Memorias de un nieto confuso"},{"@type":"BreadcrumbList","@id":"https:\/\/navonaed.com\/libro\/memorias-de-un-nieto-confuso\/#breadcrumb","itemListElement":[{"@type":"ListItem","position":1,"name":"Portada","item":"https:\/\/navonaed.com\/ca\/"},{"@type":"ListItem","position":2,"name":"Cat\u00e0leg","item":"https:\/\/navonaed.com\/ca\/cataleg\/"},{"@type":"ListItem","position":3,"name":"Memorias de un nieto confuso"}]},{"@type":"WebSite","@id":"https:\/\/navonaed.com\/#website","url":"https:\/\/navonaed.com\/","name":"Editorial Navona","description":"Nos gustan los libros","publisher":{"@id":"https:\/\/navonaed.com\/#organization"},"potentialAction":[{"@type":"SearchAction","target":{"@type":"EntryPoint","urlTemplate":"https:\/\/navonaed.com\/?s={search_term_string}"},"query-input":{"@type":"PropertyValueSpecification","valueRequired":true,"valueName":"search_term_string"}}],"inLanguage":"ca"},{"@type":"Organization","@id":"https:\/\/navonaed.com\/#organization","name":"Editorial Navona","url":"https:\/\/navonaed.com\/","logo":{"@type":"ImageObject","inLanguage":"ca","@id":"https:\/\/navonaed.com\/#\/schema\/logo\/image\/","url":"https:\/\/navonaed.com\/wp-content\/uploads\/logo-navona.svg","contentUrl":"https:\/\/navonaed.com\/wp-content\/uploads\/logo-navona.svg","width":155,"height":32,"caption":"Editorial Navona"},"image":{"@id":"https:\/\/navonaed.com\/#\/schema\/logo\/image\/"},"sameAs":["https:\/\/www.facebook.com\/people\/Reemocioart\/100076073310442\/"]}]}},"_links":{"self":[{"href":"https:\/\/navonaed.com\/ca\/wp-json\/wp\/v2\/product\/6917","targetHints":{"allow":["GET"]}}],"collection":[{"href":"https:\/\/navonaed.com\/ca\/wp-json\/wp\/v2\/product"}],"about":[{"href":"https:\/\/navonaed.com\/ca\/wp-json\/wp\/v2\/types\/product"}],"wp:featuredmedia":[{"embeddable":true,"href":"https:\/\/navonaed.com\/ca\/wp-json\/wp\/v2\/media\/6918"}],"wp:attachment":[{"href":"https:\/\/navonaed.com\/ca\/wp-json\/wp\/v2\/media?parent=6917"}],"wp:term":[{"taxonomy":"product_brand","embeddable":true,"href":"https:\/\/navonaed.com\/ca\/wp-json\/wp\/v2\/product_brand?post=6917"},{"taxonomy":"product_cat","embeddable":true,"href":"https:\/\/navonaed.com\/ca\/wp-json\/wp\/v2\/product_cat?post=6917"},{"taxonomy":"product_tag","embeddable":true,"href":"https:\/\/navonaed.com\/ca\/wp-json\/wp\/v2\/product_tag?post=6917"}],"curies":[{"name":"wp","href":"https:\/\/api.w.org\/{rel}","templated":true}]}}