{"id":6920,"date":"2026-04-21T09:04:35","date_gmt":"2026-04-21T07:04:35","guid":{"rendered":"https:\/\/navonaed.com\/?post_type=product&#038;p=6920"},"modified":"2026-04-21T09:04:42","modified_gmt":"2026-04-21T07:04:42","slug":"el-gato-de-oro","status":"publish","type":"product","link":"https:\/\/navonaed.com\/ca\/libro\/el-gato-de-oro\/","title":{"rendered":"El gato de oro"},"content":{"rendered":"<div class=\"content-block-wrapper\">\n<div class=\"product-content\">\n<div class=\"description-container\">\n<div class=\"hideOnMobile repositioned-book-description\">\n<div class=\"description book-description\">\n<div><em>El gato de oro<\/em> de Isabelle Genlis es un regalo.<\/div>\n<div id=\"collapsible-description-1\" class=\"value content js-description-content\">Los gatos son los grandes protagonistas de esta antolog\u00eda irresistible, que re\u00fane cuentos tradicionales de Jap\u00f3n, Vietnam, Corea, India, Filipinas, Birmania, Tailandia y China.<\/div>\n<div class=\"value content js-description-content\">Desde sabios animales que cenan sobre el hombro de monarcas hasta traviesos mininos que burlan a tigres y buitres, las casi ochenta narraciones de este volumen despliegan un mosaico de figuras felinas: criaturas perspicaces, compa\u00f1eros entra\u00f1ables, encarnaciones de lo enigm\u00e1tico y s\u00edmbolos vivos en las leyendas y tradiciones de toda Asia.<\/div>\n<div class=\"value content js-description-content\">Combinando humor, folclore y encanto ancestral, <em>El gato de oro<\/em> de ISabelle Genlis est\u00e1 dirigido a quienes aman leer y escuchar historias que han viajado a trav\u00e9s de \u00e9pocas y civilizaciones.<\/div>\n<div class=\"value content js-description-content\">Una lectura que revela la importancia de los felinos en la cultura oriental y que confirma una sospecha milenaria: el verdadero animal domesticado siempre fue el humano.<\/div>\n<\/div>\n<\/div>\n<\/div>\n<\/div>\n<\/div>\n<div class=\"price-block-wrapper\">\n<div class=\"price-block\">\n<div class=\"prices-add-to-cart-actions\">\n<div class=\"inner-container\">\n<div class=\"prices-container hideOnMobile\">\n<div class=\"prices abaPrices \">\n<div class=\"priceblock standardPrice\">\n<div class=\"price defaul-price-block\"><\/div>\n<\/div>\n<\/div>\n<\/div>\n<\/div>\n<\/div>\n<\/div>\n<\/div>\n","protected":false},"excerpt":{"rendered":"<p>9788410180970<br \/>Isabelle Genlis<\/p>\n","protected":false},"featured_media":6921,"template":"","meta":{"_acf_changed":false,"_monsterinsights_skip_tracking":false,"_monsterinsights_sitenote_active":false,"_monsterinsights_sitenote_note":"","_monsterinsights_sitenote_category":0},"product_brand":[],"product_cat":[141],"product_tag":[173,171,174],"class_list":{"0":"post-6920","1":"product","2":"type-product","3":"status-publish","4":"has-post-thumbnail","6":"product_cat-serie-m","7":"product_tag-antologia","8":"product_tag-cultura-oriental","9":"product_tag-gatos","11":"first","12":"instock","13":"taxable","14":"shipping-taxable","15":"purchasable","16":"product-type-simple"},"acf":[],"yoast_head":"<!-- This site is optimized with the Yoast SEO plugin v27.3 - https:\/\/yoast.com\/product\/yoast-seo-wordpress\/ -->\n<title>El gato de oro - Editorial Navona<\/title>\n<meta name=\"description\" content=\"El gato de oro de Isabelle Genlis confirma una sospecha milenaria: el verdadero animal domesticado siempre fue el humano.\" \/>\n<meta name=\"robots\" content=\"index, follow, max-snippet:-1, max-image-preview:large, max-video-preview:-1\" \/>\n<link rel=\"canonical\" href=\"https:\/\/navonaed.com\/libro\/el-gato-de-oro\/\" \/>\n<meta property=\"og:locale\" content=\"ca_ES\" \/>\n<meta property=\"og:type\" content=\"article\" \/>\n<meta property=\"og:title\" content=\"El gato de oro - Editorial Navona\" \/>\n<meta property=\"og:description\" content=\"El gato de oro de Isabelle Genlis confirma una sospecha milenaria: el verdadero animal domesticado siempre fue el humano.\" \/>\n<meta property=\"og:url\" content=\"https:\/\/navonaed.com\/libro\/el-gato-de-oro\/\" \/>\n<meta property=\"og:site_name\" content=\"Editorial Navona\" \/>\n<meta property=\"article:publisher\" content=\"https:\/\/www.facebook.com\/people\/Reemocioart\/100076073310442\/\" \/>\n<meta property=\"article:modified_time\" content=\"2026-04-21T07:04:42+00:00\" \/>\n<meta property=\"og:image\" content=\"https:\/\/navonaed.com\/wp-content\/uploads\/NE80970.jpg\" \/>\n\t<meta property=\"og:image:width\" content=\"1677\" \/>\n\t<meta property=\"og:image:height\" content=\"2480\" \/>\n\t<meta property=\"og:image:type\" content=\"image\/jpeg\" \/>\n<meta name=\"twitter:card\" content=\"summary_large_image\" \/>\n<meta name=\"twitter:label1\" content=\"Temps estimat de lectura\" \/>\n\t<meta name=\"twitter:data1\" content=\"1 minut\" \/>\n<script type=\"application\/ld+json\" class=\"yoast-schema-graph\">{\"@context\":\"https:\\\/\\\/schema.org\",\"@graph\":[{\"@type\":\"WebPage\",\"@id\":\"https:\\\/\\\/navonaed.com\\\/libro\\\/el-gato-de-oro\\\/\",\"url\":\"https:\\\/\\\/navonaed.com\\\/libro\\\/el-gato-de-oro\\\/\",\"name\":\"El gato de oro - Editorial Navona\",\"isPartOf\":{\"@id\":\"https:\\\/\\\/navonaed.com\\\/#website\"},\"primaryImageOfPage\":{\"@id\":\"https:\\\/\\\/navonaed.com\\\/libro\\\/el-gato-de-oro\\\/#primaryimage\"},\"image\":{\"@id\":\"https:\\\/\\\/navonaed.com\\\/libro\\\/el-gato-de-oro\\\/#primaryimage\"},\"thumbnailUrl\":\"https:\\\/\\\/navonaed.com\\\/wp-content\\\/uploads\\\/NE80970.jpg\",\"datePublished\":\"2026-04-21T07:04:35+00:00\",\"dateModified\":\"2026-04-21T07:04:42+00:00\",\"description\":\"El gato de oro de Isabelle Genlis confirma una sospecha milenaria: el verdadero animal domesticado siempre fue el humano.\",\"breadcrumb\":{\"@id\":\"https:\\\/\\\/navonaed.com\\\/libro\\\/el-gato-de-oro\\\/#breadcrumb\"},\"inLanguage\":\"ca\",\"potentialAction\":[{\"@type\":\"ReadAction\",\"target\":[\"https:\\\/\\\/navonaed.com\\\/libro\\\/el-gato-de-oro\\\/\"]}]},{\"@type\":\"ImageObject\",\"inLanguage\":\"ca\",\"@id\":\"https:\\\/\\\/navonaed.com\\\/libro\\\/el-gato-de-oro\\\/#primaryimage\",\"url\":\"https:\\\/\\\/navonaed.com\\\/wp-content\\\/uploads\\\/NE80970.jpg\",\"contentUrl\":\"https:\\\/\\\/navonaed.com\\\/wp-content\\\/uploads\\\/NE80970.jpg\",\"width\":1677,\"height\":2480,\"caption\":\"El gato de oro\"},{\"@type\":\"BreadcrumbList\",\"@id\":\"https:\\\/\\\/navonaed.com\\\/libro\\\/el-gato-de-oro\\\/#breadcrumb\",\"itemListElement\":[{\"@type\":\"ListItem\",\"position\":1,\"name\":\"Portada\",\"item\":\"https:\\\/\\\/navonaed.com\\\/ca\\\/\"},{\"@type\":\"ListItem\",\"position\":2,\"name\":\"Cat\u00e0leg\",\"item\":\"https:\\\/\\\/navonaed.com\\\/ca\\\/cataleg\\\/\"},{\"@type\":\"ListItem\",\"position\":3,\"name\":\"El gato de oro\"}]},{\"@type\":\"WebSite\",\"@id\":\"https:\\\/\\\/navonaed.com\\\/#website\",\"url\":\"https:\\\/\\\/navonaed.com\\\/\",\"name\":\"Editorial Navona\",\"description\":\"Nos gustan los libros\",\"publisher\":{\"@id\":\"https:\\\/\\\/navonaed.com\\\/#organization\"},\"potentialAction\":[{\"@type\":\"SearchAction\",\"target\":{\"@type\":\"EntryPoint\",\"urlTemplate\":\"https:\\\/\\\/navonaed.com\\\/?s={search_term_string}\"},\"query-input\":{\"@type\":\"PropertyValueSpecification\",\"valueRequired\":true,\"valueName\":\"search_term_string\"}}],\"inLanguage\":\"ca\"},{\"@type\":\"Organization\",\"@id\":\"https:\\\/\\\/navonaed.com\\\/#organization\",\"name\":\"Editorial Navona\",\"url\":\"https:\\\/\\\/navonaed.com\\\/\",\"logo\":{\"@type\":\"ImageObject\",\"inLanguage\":\"ca\",\"@id\":\"https:\\\/\\\/navonaed.com\\\/#\\\/schema\\\/logo\\\/image\\\/\",\"url\":\"https:\\\/\\\/navonaed.com\\\/wp-content\\\/uploads\\\/logo-navona.svg\",\"contentUrl\":\"https:\\\/\\\/navonaed.com\\\/wp-content\\\/uploads\\\/logo-navona.svg\",\"width\":155,\"height\":32,\"caption\":\"Editorial Navona\"},\"image\":{\"@id\":\"https:\\\/\\\/navonaed.com\\\/#\\\/schema\\\/logo\\\/image\\\/\"},\"sameAs\":[\"https:\\\/\\\/www.facebook.com\\\/people\\\/Reemocioart\\\/100076073310442\\\/\"]}]}<\/script>\n<!-- \/ Yoast SEO plugin. -->","yoast_head_json":{"title":"El gato de oro - Editorial Navona","description":"El gato de oro de Isabelle Genlis confirma una sospecha milenaria: el verdadero animal domesticado siempre fue el humano.","robots":{"index":"index","follow":"follow","max-snippet":"max-snippet:-1","max-image-preview":"max-image-preview:large","max-video-preview":"max-video-preview:-1"},"canonical":"https:\/\/navonaed.com\/libro\/el-gato-de-oro\/","og_locale":"ca_ES","og_type":"article","og_title":"El gato de oro - Editorial Navona","og_description":"El gato de oro de Isabelle Genlis confirma una sospecha milenaria: el verdadero animal domesticado siempre fue el humano.","og_url":"https:\/\/navonaed.com\/libro\/el-gato-de-oro\/","og_site_name":"Editorial Navona","article_publisher":"https:\/\/www.facebook.com\/people\/Reemocioart\/100076073310442\/","article_modified_time":"2026-04-21T07:04:42+00:00","og_image":[{"width":1677,"height":2480,"url":"https:\/\/navonaed.com\/wp-content\/uploads\/NE80970.jpg","type":"image\/jpeg"}],"twitter_card":"summary_large_image","twitter_misc":{"Temps estimat de lectura":"1 minut"},"schema":{"@context":"https:\/\/schema.org","@graph":[{"@type":"WebPage","@id":"https:\/\/navonaed.com\/libro\/el-gato-de-oro\/","url":"https:\/\/navonaed.com\/libro\/el-gato-de-oro\/","name":"El gato de oro - Editorial Navona","isPartOf":{"@id":"https:\/\/navonaed.com\/#website"},"primaryImageOfPage":{"@id":"https:\/\/navonaed.com\/libro\/el-gato-de-oro\/#primaryimage"},"image":{"@id":"https:\/\/navonaed.com\/libro\/el-gato-de-oro\/#primaryimage"},"thumbnailUrl":"https:\/\/navonaed.com\/wp-content\/uploads\/NE80970.jpg","datePublished":"2026-04-21T07:04:35+00:00","dateModified":"2026-04-21T07:04:42+00:00","description":"El gato de oro de Isabelle Genlis confirma una sospecha milenaria: el verdadero animal domesticado siempre fue el humano.","breadcrumb":{"@id":"https:\/\/navonaed.com\/libro\/el-gato-de-oro\/#breadcrumb"},"inLanguage":"ca","potentialAction":[{"@type":"ReadAction","target":["https:\/\/navonaed.com\/libro\/el-gato-de-oro\/"]}]},{"@type":"ImageObject","inLanguage":"ca","@id":"https:\/\/navonaed.com\/libro\/el-gato-de-oro\/#primaryimage","url":"https:\/\/navonaed.com\/wp-content\/uploads\/NE80970.jpg","contentUrl":"https:\/\/navonaed.com\/wp-content\/uploads\/NE80970.jpg","width":1677,"height":2480,"caption":"El gato de oro"},{"@type":"BreadcrumbList","@id":"https:\/\/navonaed.com\/libro\/el-gato-de-oro\/#breadcrumb","itemListElement":[{"@type":"ListItem","position":1,"name":"Portada","item":"https:\/\/navonaed.com\/ca\/"},{"@type":"ListItem","position":2,"name":"Cat\u00e0leg","item":"https:\/\/navonaed.com\/ca\/cataleg\/"},{"@type":"ListItem","position":3,"name":"El gato de oro"}]},{"@type":"WebSite","@id":"https:\/\/navonaed.com\/#website","url":"https:\/\/navonaed.com\/","name":"Editorial Navona","description":"Nos gustan los libros","publisher":{"@id":"https:\/\/navonaed.com\/#organization"},"potentialAction":[{"@type":"SearchAction","target":{"@type":"EntryPoint","urlTemplate":"https:\/\/navonaed.com\/?s={search_term_string}"},"query-input":{"@type":"PropertyValueSpecification","valueRequired":true,"valueName":"search_term_string"}}],"inLanguage":"ca"},{"@type":"Organization","@id":"https:\/\/navonaed.com\/#organization","name":"Editorial Navona","url":"https:\/\/navonaed.com\/","logo":{"@type":"ImageObject","inLanguage":"ca","@id":"https:\/\/navonaed.com\/#\/schema\/logo\/image\/","url":"https:\/\/navonaed.com\/wp-content\/uploads\/logo-navona.svg","contentUrl":"https:\/\/navonaed.com\/wp-content\/uploads\/logo-navona.svg","width":155,"height":32,"caption":"Editorial Navona"},"image":{"@id":"https:\/\/navonaed.com\/#\/schema\/logo\/image\/"},"sameAs":["https:\/\/www.facebook.com\/people\/Reemocioart\/100076073310442\/"]}]}},"_links":{"self":[{"href":"https:\/\/navonaed.com\/ca\/wp-json\/wp\/v2\/product\/6920","targetHints":{"allow":["GET"]}}],"collection":[{"href":"https:\/\/navonaed.com\/ca\/wp-json\/wp\/v2\/product"}],"about":[{"href":"https:\/\/navonaed.com\/ca\/wp-json\/wp\/v2\/types\/product"}],"wp:featuredmedia":[{"embeddable":true,"href":"https:\/\/navonaed.com\/ca\/wp-json\/wp\/v2\/media\/6921"}],"wp:attachment":[{"href":"https:\/\/navonaed.com\/ca\/wp-json\/wp\/v2\/media?parent=6920"}],"wp:term":[{"taxonomy":"product_brand","embeddable":true,"href":"https:\/\/navonaed.com\/ca\/wp-json\/wp\/v2\/product_brand?post=6920"},{"taxonomy":"product_cat","embeddable":true,"href":"https:\/\/navonaed.com\/ca\/wp-json\/wp\/v2\/product_cat?post=6920"},{"taxonomy":"product_tag","embeddable":true,"href":"https:\/\/navonaed.com\/ca\/wp-json\/wp\/v2\/product_tag?post=6920"}],"curies":[{"name":"wp","href":"https:\/\/api.w.org\/{rel}","templated":true}]}}