{"id":6931,"date":"2026-04-21T09:15:33","date_gmt":"2026-04-21T07:15:33","guid":{"rendered":"https:\/\/navonaed.com\/?post_type=product&#038;p=6931"},"modified":"2026-04-21T09:16:38","modified_gmt":"2026-04-21T07:16:38","slug":"el-gat-dor","status":"publish","type":"product","link":"https:\/\/navonaed.com\/ca\/libro\/el-gat-dor\/","title":{"rendered":"El gat d&#8217;or"},"content":{"rendered":"<div class=\"content-block-wrapper\">\n<div class=\"product-content\">\n<div class=\"description-container\">\n<div class=\"hideOnMobile repositioned-book-description\">\n<div class=\"description book-description\">\n<div><em>El gat d&#8217;or<\/em> d&#8217;Isabelle Genlis \u00e9s un regal.<\/div>\n<div><\/div>\n<div>Els gats s\u00f3n els grans protagonistes d&#8217;aquesta antologia irresistible, que reuneix contes tradicionals del Jap\u00f3, Vietnam, Corea, l&#8217;\u00cdndia, Filipines, Birm\u00e0nia, Tail\u00e0ndia i la Xina. Des de savis animals que sopen sobre l&#8217;espatlla de monarques fins a felins entremaliats que persuadeixen tigres i voltors, les gaireb\u00e9 vuitanta hist\u00f2ries d&#8217;aquest volum despleguen un mosaic de figures felines: criatures astutes, companys entranyables, representacions de l&#8217;enigm\u00e0tic i s\u00edmbols vius en les llegendes i tradicions de tota \u00c0sia.<\/div>\n<div><\/div>\n<div class=\"value content js-description-content\">Combinant humor, folklore i encant ancestral, <em>El gat d&#8217;or<\/em> d&#8217;Isabelle Genlis est\u00e0 dirigit als qui estimen llegir i escoltar hist\u00f2ries que han viatjat a trav\u00e9s d&#8217;\u00e8poques i civilitzacions. Una lectura que revela la import\u00e0ncia dels gats en la cultura oriental i que confirma una sospita mil\u00b7len\u00e0ria: el veritable animal domesticat sempre ha estat l&#8217;hum\u00e0.<\/div>\n<\/div>\n<\/div>\n<\/div>\n<\/div>\n<\/div>\n<div class=\"price-block-wrapper\">\n<div class=\"price-block\">\n<div class=\"prices-add-to-cart-actions\">\n<div class=\"inner-container\">\n<div class=\"prices-container hideOnMobile\">\n<div class=\"prices abaPrices \">\n<div class=\"priceblock standardPrice\">\n<div class=\"price defaul-price-block\"><\/div>\n<\/div>\n<\/div>\n<\/div>\n<\/div>\n<\/div>\n<\/div>\n<\/div>\n","protected":false},"excerpt":{"rendered":"<p>9788410180963<br \/>Isabelle Genlis<\/p>\n","protected":false},"featured_media":6930,"template":"","meta":{"_acf_changed":false,"_monsterinsights_skip_tracking":false,"_monsterinsights_sitenote_active":false,"_monsterinsights_sitenote_note":"","_monsterinsights_sitenote_category":0},"product_brand":[],"product_cat":[141],"product_tag":[173,171,170,172],"class_list":{"0":"post-6931","1":"product","2":"type-product","3":"status-publish","4":"has-post-thumbnail","6":"product_cat-serie-m","7":"product_tag-antologia","8":"product_tag-cultura-oriental","9":"product_tag-gats","10":"product_tag-recull-de-contes","12":"first","13":"instock","14":"taxable","15":"shipping-taxable","16":"purchasable","17":"product-type-simple"},"acf":[],"yoast_head":"<!-- This site is optimized with the Yoast SEO plugin v27.3 - https:\/\/yoast.com\/product\/yoast-seo-wordpress\/ -->\n<title>El gat d&#039;or - Editorial Navona<\/title>\n<meta name=\"description\" content=\"El gat d&#039;or d&#039;Isabelle Genlis revela la import\u00e0ncia dels gats en la cultura oriental i confirma que el veritable animal domesticat sempre ha estat l&#039;hum\u00e0.\" \/>\n<meta name=\"robots\" content=\"index, follow, max-snippet:-1, max-image-preview:large, max-video-preview:-1\" \/>\n<link rel=\"canonical\" href=\"https:\/\/navonaed.com\/libro\/el-gat-dor\/\" \/>\n<meta property=\"og:locale\" content=\"ca_ES\" \/>\n<meta property=\"og:type\" content=\"article\" \/>\n<meta property=\"og:title\" content=\"El gat d&#039;or - Editorial Navona\" \/>\n<meta property=\"og:description\" content=\"El gat d&#039;or d&#039;Isabelle Genlis revela la import\u00e0ncia dels gats en la cultura oriental i confirma que el veritable animal domesticat sempre ha estat l&#039;hum\u00e0.\" \/>\n<meta property=\"og:url\" content=\"https:\/\/navonaed.com\/libro\/el-gat-dor\/\" \/>\n<meta property=\"og:site_name\" content=\"Editorial Navona\" \/>\n<meta property=\"article:publisher\" content=\"https:\/\/www.facebook.com\/people\/Reemocioart\/100076073310442\/\" \/>\n<meta property=\"article:modified_time\" content=\"2026-04-21T07:16:38+00:00\" \/>\n<meta property=\"og:image\" content=\"https:\/\/navonaed.com\/wp-content\/uploads\/NE80963.jpg\" \/>\n\t<meta property=\"og:image:width\" content=\"1677\" \/>\n\t<meta property=\"og:image:height\" content=\"2480\" \/>\n\t<meta property=\"og:image:type\" content=\"image\/jpeg\" \/>\n<meta name=\"twitter:card\" content=\"summary_large_image\" \/>\n<meta name=\"twitter:label1\" content=\"Temps estimat de lectura\" \/>\n\t<meta name=\"twitter:data1\" content=\"1 minut\" \/>\n<script type=\"application\/ld+json\" class=\"yoast-schema-graph\">{\"@context\":\"https:\\\/\\\/schema.org\",\"@graph\":[{\"@type\":\"WebPage\",\"@id\":\"https:\\\/\\\/navonaed.com\\\/libro\\\/el-gat-dor\\\/\",\"url\":\"https:\\\/\\\/navonaed.com\\\/libro\\\/el-gat-dor\\\/\",\"name\":\"El gat d'or - Editorial Navona\",\"isPartOf\":{\"@id\":\"https:\\\/\\\/navonaed.com\\\/#website\"},\"primaryImageOfPage\":{\"@id\":\"https:\\\/\\\/navonaed.com\\\/libro\\\/el-gat-dor\\\/#primaryimage\"},\"image\":{\"@id\":\"https:\\\/\\\/navonaed.com\\\/libro\\\/el-gat-dor\\\/#primaryimage\"},\"thumbnailUrl\":\"https:\\\/\\\/navonaed.com\\\/wp-content\\\/uploads\\\/NE80963.jpg\",\"datePublished\":\"2026-04-21T07:15:33+00:00\",\"dateModified\":\"2026-04-21T07:16:38+00:00\",\"description\":\"El gat d'or d'Isabelle Genlis revela la import\u00e0ncia dels gats en la cultura oriental i confirma que el veritable animal domesticat sempre ha estat l'hum\u00e0.\",\"breadcrumb\":{\"@id\":\"https:\\\/\\\/navonaed.com\\\/libro\\\/el-gat-dor\\\/#breadcrumb\"},\"inLanguage\":\"ca\",\"potentialAction\":[{\"@type\":\"ReadAction\",\"target\":[\"https:\\\/\\\/navonaed.com\\\/libro\\\/el-gat-dor\\\/\"]}]},{\"@type\":\"ImageObject\",\"inLanguage\":\"ca\",\"@id\":\"https:\\\/\\\/navonaed.com\\\/libro\\\/el-gat-dor\\\/#primaryimage\",\"url\":\"https:\\\/\\\/navonaed.com\\\/wp-content\\\/uploads\\\/NE80963.jpg\",\"contentUrl\":\"https:\\\/\\\/navonaed.com\\\/wp-content\\\/uploads\\\/NE80963.jpg\",\"width\":1677,\"height\":2480,\"caption\":\"El gat d'or\"},{\"@type\":\"BreadcrumbList\",\"@id\":\"https:\\\/\\\/navonaed.com\\\/libro\\\/el-gat-dor\\\/#breadcrumb\",\"itemListElement\":[{\"@type\":\"ListItem\",\"position\":1,\"name\":\"Portada\",\"item\":\"https:\\\/\\\/navonaed.com\\\/ca\\\/\"},{\"@type\":\"ListItem\",\"position\":2,\"name\":\"Cat\u00e0leg\",\"item\":\"https:\\\/\\\/navonaed.com\\\/ca\\\/cataleg\\\/\"},{\"@type\":\"ListItem\",\"position\":3,\"name\":\"El gat d&#8217;or\"}]},{\"@type\":\"WebSite\",\"@id\":\"https:\\\/\\\/navonaed.com\\\/#website\",\"url\":\"https:\\\/\\\/navonaed.com\\\/\",\"name\":\"Editorial Navona\",\"description\":\"Nos gustan los libros\",\"publisher\":{\"@id\":\"https:\\\/\\\/navonaed.com\\\/#organization\"},\"potentialAction\":[{\"@type\":\"SearchAction\",\"target\":{\"@type\":\"EntryPoint\",\"urlTemplate\":\"https:\\\/\\\/navonaed.com\\\/?s={search_term_string}\"},\"query-input\":{\"@type\":\"PropertyValueSpecification\",\"valueRequired\":true,\"valueName\":\"search_term_string\"}}],\"inLanguage\":\"ca\"},{\"@type\":\"Organization\",\"@id\":\"https:\\\/\\\/navonaed.com\\\/#organization\",\"name\":\"Editorial Navona\",\"url\":\"https:\\\/\\\/navonaed.com\\\/\",\"logo\":{\"@type\":\"ImageObject\",\"inLanguage\":\"ca\",\"@id\":\"https:\\\/\\\/navonaed.com\\\/#\\\/schema\\\/logo\\\/image\\\/\",\"url\":\"https:\\\/\\\/navonaed.com\\\/wp-content\\\/uploads\\\/logo-navona.svg\",\"contentUrl\":\"https:\\\/\\\/navonaed.com\\\/wp-content\\\/uploads\\\/logo-navona.svg\",\"width\":155,\"height\":32,\"caption\":\"Editorial Navona\"},\"image\":{\"@id\":\"https:\\\/\\\/navonaed.com\\\/#\\\/schema\\\/logo\\\/image\\\/\"},\"sameAs\":[\"https:\\\/\\\/www.facebook.com\\\/people\\\/Reemocioart\\\/100076073310442\\\/\"]}]}<\/script>\n<!-- \/ Yoast SEO plugin. -->","yoast_head_json":{"title":"El gat d'or - Editorial Navona","description":"El gat d'or d'Isabelle Genlis revela la import\u00e0ncia dels gats en la cultura oriental i confirma que el veritable animal domesticat sempre ha estat l'hum\u00e0.","robots":{"index":"index","follow":"follow","max-snippet":"max-snippet:-1","max-image-preview":"max-image-preview:large","max-video-preview":"max-video-preview:-1"},"canonical":"https:\/\/navonaed.com\/libro\/el-gat-dor\/","og_locale":"ca_ES","og_type":"article","og_title":"El gat d'or - Editorial Navona","og_description":"El gat d'or d'Isabelle Genlis revela la import\u00e0ncia dels gats en la cultura oriental i confirma que el veritable animal domesticat sempre ha estat l'hum\u00e0.","og_url":"https:\/\/navonaed.com\/libro\/el-gat-dor\/","og_site_name":"Editorial Navona","article_publisher":"https:\/\/www.facebook.com\/people\/Reemocioart\/100076073310442\/","article_modified_time":"2026-04-21T07:16:38+00:00","og_image":[{"width":1677,"height":2480,"url":"https:\/\/navonaed.com\/wp-content\/uploads\/NE80963.jpg","type":"image\/jpeg"}],"twitter_card":"summary_large_image","twitter_misc":{"Temps estimat de lectura":"1 minut"},"schema":{"@context":"https:\/\/schema.org","@graph":[{"@type":"WebPage","@id":"https:\/\/navonaed.com\/libro\/el-gat-dor\/","url":"https:\/\/navonaed.com\/libro\/el-gat-dor\/","name":"El gat d'or - Editorial Navona","isPartOf":{"@id":"https:\/\/navonaed.com\/#website"},"primaryImageOfPage":{"@id":"https:\/\/navonaed.com\/libro\/el-gat-dor\/#primaryimage"},"image":{"@id":"https:\/\/navonaed.com\/libro\/el-gat-dor\/#primaryimage"},"thumbnailUrl":"https:\/\/navonaed.com\/wp-content\/uploads\/NE80963.jpg","datePublished":"2026-04-21T07:15:33+00:00","dateModified":"2026-04-21T07:16:38+00:00","description":"El gat d'or d'Isabelle Genlis revela la import\u00e0ncia dels gats en la cultura oriental i confirma que el veritable animal domesticat sempre ha estat l'hum\u00e0.","breadcrumb":{"@id":"https:\/\/navonaed.com\/libro\/el-gat-dor\/#breadcrumb"},"inLanguage":"ca","potentialAction":[{"@type":"ReadAction","target":["https:\/\/navonaed.com\/libro\/el-gat-dor\/"]}]},{"@type":"ImageObject","inLanguage":"ca","@id":"https:\/\/navonaed.com\/libro\/el-gat-dor\/#primaryimage","url":"https:\/\/navonaed.com\/wp-content\/uploads\/NE80963.jpg","contentUrl":"https:\/\/navonaed.com\/wp-content\/uploads\/NE80963.jpg","width":1677,"height":2480,"caption":"El gat d'or"},{"@type":"BreadcrumbList","@id":"https:\/\/navonaed.com\/libro\/el-gat-dor\/#breadcrumb","itemListElement":[{"@type":"ListItem","position":1,"name":"Portada","item":"https:\/\/navonaed.com\/ca\/"},{"@type":"ListItem","position":2,"name":"Cat\u00e0leg","item":"https:\/\/navonaed.com\/ca\/cataleg\/"},{"@type":"ListItem","position":3,"name":"El gat d&#8217;or"}]},{"@type":"WebSite","@id":"https:\/\/navonaed.com\/#website","url":"https:\/\/navonaed.com\/","name":"Editorial Navona","description":"Nos gustan los libros","publisher":{"@id":"https:\/\/navonaed.com\/#organization"},"potentialAction":[{"@type":"SearchAction","target":{"@type":"EntryPoint","urlTemplate":"https:\/\/navonaed.com\/?s={search_term_string}"},"query-input":{"@type":"PropertyValueSpecification","valueRequired":true,"valueName":"search_term_string"}}],"inLanguage":"ca"},{"@type":"Organization","@id":"https:\/\/navonaed.com\/#organization","name":"Editorial Navona","url":"https:\/\/navonaed.com\/","logo":{"@type":"ImageObject","inLanguage":"ca","@id":"https:\/\/navonaed.com\/#\/schema\/logo\/image\/","url":"https:\/\/navonaed.com\/wp-content\/uploads\/logo-navona.svg","contentUrl":"https:\/\/navonaed.com\/wp-content\/uploads\/logo-navona.svg","width":155,"height":32,"caption":"Editorial Navona"},"image":{"@id":"https:\/\/navonaed.com\/#\/schema\/logo\/image\/"},"sameAs":["https:\/\/www.facebook.com\/people\/Reemocioart\/100076073310442\/"]}]}},"_links":{"self":[{"href":"https:\/\/navonaed.com\/ca\/wp-json\/wp\/v2\/product\/6931","targetHints":{"allow":["GET"]}}],"collection":[{"href":"https:\/\/navonaed.com\/ca\/wp-json\/wp\/v2\/product"}],"about":[{"href":"https:\/\/navonaed.com\/ca\/wp-json\/wp\/v2\/types\/product"}],"wp:featuredmedia":[{"embeddable":true,"href":"https:\/\/navonaed.com\/ca\/wp-json\/wp\/v2\/media\/6930"}],"wp:attachment":[{"href":"https:\/\/navonaed.com\/ca\/wp-json\/wp\/v2\/media?parent=6931"}],"wp:term":[{"taxonomy":"product_brand","embeddable":true,"href":"https:\/\/navonaed.com\/ca\/wp-json\/wp\/v2\/product_brand?post=6931"},{"taxonomy":"product_cat","embeddable":true,"href":"https:\/\/navonaed.com\/ca\/wp-json\/wp\/v2\/product_cat?post=6931"},{"taxonomy":"product_tag","embeddable":true,"href":"https:\/\/navonaed.com\/ca\/wp-json\/wp\/v2\/product_tag?post=6931"}],"curies":[{"name":"wp","href":"https:\/\/api.w.org\/{rel}","templated":true}]}}