{"id":6932,"date":"2026-05-05T08:00:48","date_gmt":"2026-05-05T06:00:48","guid":{"rendered":"https:\/\/navonaed.com\/?post_type=product&#038;p=6932"},"modified":"2026-05-05T08:00:48","modified_gmt":"2026-05-05T06:00:48","slug":"la-sombra-de-los-perros-romanticos","status":"publish","type":"product","link":"https:\/\/navonaed.com\/ca\/libro\/la-sombra-de-los-perros-romanticos\/","title":{"rendered":"La sombra de los perros rom\u00e1nticos"},"content":{"rendered":"<p><strong><em>La sombra de los perros rom\u00e1nticos<\/em> de Jose Serralvo es la biograf\u00eda definitiva sobre Roberto Bola\u00f1o.\u00a0<\/strong><\/p>\n<p>Un ni\u00f1o nace en el seno de una humilde familia chilena. Medio siglo despu\u00e9s, lejos de su pa\u00eds, morir\u00e1 convertido en uno de los escritores m\u00e1s influyentes de la lengua espa\u00f1ola. Entre ambos extremos se despliega una vida atravesada por el exilio, la rebeld\u00eda, la precariedad y, sobre todo, el amor desmesurado por la literatura.<\/p>\n<p>En<em> La sombra de los perros rom\u00e1nticos<\/em>, Jose Serralvo reconstruye con pulso narrativo y rigor documental la biograf\u00eda de Roberto Bola\u00f1o. A partir de fuentes conocidas y materiales in\u00e9ditos, este libro recompone la forja de un mito literario y la vida errante que lo aliment\u00f3, desde la infancia en Valpara\u00edso y Quilpu\u00e9 hasta la fundaci\u00f3n del infrarrealismo en el agitado M\u00e9xico de los a\u00f1os setenta, desde las c\u00e1rceles de la dictadura de Pinochet hasta sus devaneos por diversos rincones de Catalu\u00f1a. Una cr\u00f3nica vibrante sobre el ascenso a la c\u00faspide del canon literario contempor\u00e1neo.<\/p>\n<p>Esta no es solo la historia de un escritor: es el retrato de una \u00e9poca convulsa, de una generaci\u00f3n marcada por las utop\u00edas y las derrotas, y de un hombre que convirti\u00f3 toda su vida \u2014tanto las luces como los abismos\u2014 en materia prima con que urdir sus ficciones. Un libro imprescindible para comprender a uno de los grandes escritores de nuestro tiempo.<\/p>\n<p>Pr\u00f3logo de Juan Bonilla y ep\u00edlogo de Valerie Miles.<\/p>\n","protected":false},"excerpt":{"rendered":"<p>9788410180918<br \/>Jose Serralvo<\/p>\n","protected":false},"featured_media":6951,"template":"","meta":{"_acf_changed":false,"_monsterinsights_skip_tracking":false,"_monsterinsights_sitenote_active":false,"_monsterinsights_sitenote_note":"","_monsterinsights_sitenote_category":0},"product_brand":[],"product_cat":[140],"product_tag":[177,175,176],"class_list":{"0":"post-6932","1":"product","2":"type-product","3":"status-publish","4":"has-post-thumbnail","6":"product_cat-bio","7":"product_tag-biografia","8":"product_tag-bolano","9":"product_tag-roberto-bolano","11":"first","12":"instock","13":"taxable","14":"shipping-taxable","15":"product-type-simple"},"acf":[],"yoast_head":"<!-- This site is optimized with the Yoast SEO plugin v27.5 - https:\/\/yoast.com\/product\/yoast-seo-wordpress\/ -->\n<title>La sombra de los perros rom\u00e1nticos - Editorial Navona<\/title>\n<meta name=\"description\" content=\"La sombra de los perros rom\u00e1nticos de Jose Serralvo es la biograf\u00eda definitiva sobre Roberto Bola\u00f1o.\u00a0Una gu\u00eda para comprender a Bola\u00f1o y su tiempo.\" \/>\n<meta name=\"robots\" content=\"index, follow, max-snippet:-1, max-image-preview:large, max-video-preview:-1\" \/>\n<link rel=\"canonical\" href=\"https:\/\/navonaed.com\/libro\/la-sombra-de-los-perros-romanticos\/\" \/>\n<meta property=\"og:locale\" content=\"ca_ES\" \/>\n<meta property=\"og:type\" content=\"article\" \/>\n<meta property=\"og:title\" content=\"La sombra de los perros rom\u00e1nticos - Editorial Navona\" \/>\n<meta property=\"og:description\" content=\"La sombra de los perros rom\u00e1nticos de Jose Serralvo es la biograf\u00eda definitiva sobre Roberto Bola\u00f1o.\u00a0Una gu\u00eda para comprender a Bola\u00f1o y su tiempo.\" \/>\n<meta property=\"og:url\" content=\"https:\/\/navonaed.com\/libro\/la-sombra-de-los-perros-romanticos\/\" \/>\n<meta property=\"og:site_name\" content=\"Editorial Navona\" \/>\n<meta property=\"article:publisher\" content=\"https:\/\/www.facebook.com\/people\/Reemocioart\/100076073310442\/\" \/>\n<meta property=\"og:image\" content=\"https:\/\/navonaed.com\/wp-content\/uploads\/LaSombraDeLosPerros-Portada-AF-baixa.jpg\" \/>\n\t<meta property=\"og:image:width\" content=\"1677\" \/>\n\t<meta property=\"og:image:height\" content=\"2480\" \/>\n\t<meta property=\"og:image:type\" content=\"image\/jpeg\" \/>\n<meta name=\"twitter:card\" content=\"summary_large_image\" \/>\n<meta name=\"twitter:label1\" content=\"Temps estimat de lectura\" \/>\n\t<meta name=\"twitter:data1\" content=\"2 minuts\" \/>\n<script type=\"application\/ld+json\" class=\"yoast-schema-graph\">{\"@context\":\"https:\\\/\\\/schema.org\",\"@graph\":[{\"@type\":\"WebPage\",\"@id\":\"https:\\\/\\\/navonaed.com\\\/libro\\\/la-sombra-de-los-perros-romanticos\\\/\",\"url\":\"https:\\\/\\\/navonaed.com\\\/libro\\\/la-sombra-de-los-perros-romanticos\\\/\",\"name\":\"La sombra de los perros rom\u00e1nticos - Editorial Navona\",\"isPartOf\":{\"@id\":\"https:\\\/\\\/navonaed.com\\\/#website\"},\"primaryImageOfPage\":{\"@id\":\"https:\\\/\\\/navonaed.com\\\/libro\\\/la-sombra-de-los-perros-romanticos\\\/#primaryimage\"},\"image\":{\"@id\":\"https:\\\/\\\/navonaed.com\\\/libro\\\/la-sombra-de-los-perros-romanticos\\\/#primaryimage\"},\"thumbnailUrl\":\"https:\\\/\\\/navonaed.com\\\/wp-content\\\/uploads\\\/LaSombraDeLosPerros-Portada-AF-baixa.jpg\",\"datePublished\":\"2026-05-05T06:00:48+00:00\",\"description\":\"La sombra de los perros rom\u00e1nticos de Jose Serralvo es la biograf\u00eda definitiva sobre Roberto Bola\u00f1o.\u00a0Una gu\u00eda para comprender a Bola\u00f1o y su tiempo.\",\"breadcrumb\":{\"@id\":\"https:\\\/\\\/navonaed.com\\\/libro\\\/la-sombra-de-los-perros-romanticos\\\/#breadcrumb\"},\"inLanguage\":\"ca\",\"potentialAction\":[{\"@type\":\"ReadAction\",\"target\":[\"https:\\\/\\\/navonaed.com\\\/libro\\\/la-sombra-de-los-perros-romanticos\\\/\"]}]},{\"@type\":\"ImageObject\",\"inLanguage\":\"ca\",\"@id\":\"https:\\\/\\\/navonaed.com\\\/libro\\\/la-sombra-de-los-perros-romanticos\\\/#primaryimage\",\"url\":\"https:\\\/\\\/navonaed.com\\\/wp-content\\\/uploads\\\/LaSombraDeLosPerros-Portada-AF-baixa.jpg\",\"contentUrl\":\"https:\\\/\\\/navonaed.com\\\/wp-content\\\/uploads\\\/LaSombraDeLosPerros-Portada-AF-baixa.jpg\",\"width\":1677,\"height\":2480,\"caption\":\"La sombra de los perros rom\u00e1nticos\"},{\"@type\":\"BreadcrumbList\",\"@id\":\"https:\\\/\\\/navonaed.com\\\/libro\\\/la-sombra-de-los-perros-romanticos\\\/#breadcrumb\",\"itemListElement\":[{\"@type\":\"ListItem\",\"position\":1,\"name\":\"Portada\",\"item\":\"https:\\\/\\\/navonaed.com\\\/ca\\\/\"},{\"@type\":\"ListItem\",\"position\":2,\"name\":\"Cat\u00e0leg\",\"item\":\"https:\\\/\\\/navonaed.com\\\/ca\\\/cataleg\\\/\"},{\"@type\":\"ListItem\",\"position\":3,\"name\":\"La sombra de los perros rom\u00e1nticos\"}]},{\"@type\":\"WebSite\",\"@id\":\"https:\\\/\\\/navonaed.com\\\/#website\",\"url\":\"https:\\\/\\\/navonaed.com\\\/\",\"name\":\"Editorial Navona\",\"description\":\"Nos gustan los libros\",\"publisher\":{\"@id\":\"https:\\\/\\\/navonaed.com\\\/#organization\"},\"potentialAction\":[{\"@type\":\"SearchAction\",\"target\":{\"@type\":\"EntryPoint\",\"urlTemplate\":\"https:\\\/\\\/navonaed.com\\\/?s={search_term_string}\"},\"query-input\":{\"@type\":\"PropertyValueSpecification\",\"valueRequired\":true,\"valueName\":\"search_term_string\"}}],\"inLanguage\":\"ca\"},{\"@type\":\"Organization\",\"@id\":\"https:\\\/\\\/navonaed.com\\\/#organization\",\"name\":\"Editorial Navona\",\"url\":\"https:\\\/\\\/navonaed.com\\\/\",\"logo\":{\"@type\":\"ImageObject\",\"inLanguage\":\"ca\",\"@id\":\"https:\\\/\\\/navonaed.com\\\/#\\\/schema\\\/logo\\\/image\\\/\",\"url\":\"https:\\\/\\\/navonaed.com\\\/wp-content\\\/uploads\\\/logo-navona.svg\",\"contentUrl\":\"https:\\\/\\\/navonaed.com\\\/wp-content\\\/uploads\\\/logo-navona.svg\",\"width\":155,\"height\":32,\"caption\":\"Editorial Navona\"},\"image\":{\"@id\":\"https:\\\/\\\/navonaed.com\\\/#\\\/schema\\\/logo\\\/image\\\/\"},\"sameAs\":[\"https:\\\/\\\/www.facebook.com\\\/people\\\/Reemocioart\\\/100076073310442\\\/\"]}]}<\/script>\n<!-- \/ Yoast SEO plugin. -->","yoast_head_json":{"title":"La sombra de los perros rom\u00e1nticos - Editorial Navona","description":"La sombra de los perros rom\u00e1nticos de Jose Serralvo es la biograf\u00eda definitiva sobre Roberto Bola\u00f1o.\u00a0Una gu\u00eda para comprender a Bola\u00f1o y su tiempo.","robots":{"index":"index","follow":"follow","max-snippet":"max-snippet:-1","max-image-preview":"max-image-preview:large","max-video-preview":"max-video-preview:-1"},"canonical":"https:\/\/navonaed.com\/libro\/la-sombra-de-los-perros-romanticos\/","og_locale":"ca_ES","og_type":"article","og_title":"La sombra de los perros rom\u00e1nticos - Editorial Navona","og_description":"La sombra de los perros rom\u00e1nticos de Jose Serralvo es la biograf\u00eda definitiva sobre Roberto Bola\u00f1o.\u00a0Una gu\u00eda para comprender a Bola\u00f1o y su tiempo.","og_url":"https:\/\/navonaed.com\/libro\/la-sombra-de-los-perros-romanticos\/","og_site_name":"Editorial Navona","article_publisher":"https:\/\/www.facebook.com\/people\/Reemocioart\/100076073310442\/","og_image":[{"width":1677,"height":2480,"url":"https:\/\/navonaed.com\/wp-content\/uploads\/LaSombraDeLosPerros-Portada-AF-baixa.jpg","type":"image\/jpeg"}],"twitter_card":"summary_large_image","twitter_misc":{"Temps estimat de lectura":"2 minuts"},"schema":{"@context":"https:\/\/schema.org","@graph":[{"@type":"WebPage","@id":"https:\/\/navonaed.com\/libro\/la-sombra-de-los-perros-romanticos\/","url":"https:\/\/navonaed.com\/libro\/la-sombra-de-los-perros-romanticos\/","name":"La sombra de los perros rom\u00e1nticos - Editorial Navona","isPartOf":{"@id":"https:\/\/navonaed.com\/#website"},"primaryImageOfPage":{"@id":"https:\/\/navonaed.com\/libro\/la-sombra-de-los-perros-romanticos\/#primaryimage"},"image":{"@id":"https:\/\/navonaed.com\/libro\/la-sombra-de-los-perros-romanticos\/#primaryimage"},"thumbnailUrl":"https:\/\/navonaed.com\/wp-content\/uploads\/LaSombraDeLosPerros-Portada-AF-baixa.jpg","datePublished":"2026-05-05T06:00:48+00:00","description":"La sombra de los perros rom\u00e1nticos de Jose Serralvo es la biograf\u00eda definitiva sobre Roberto Bola\u00f1o.\u00a0Una gu\u00eda para comprender a Bola\u00f1o y su tiempo.","breadcrumb":{"@id":"https:\/\/navonaed.com\/libro\/la-sombra-de-los-perros-romanticos\/#breadcrumb"},"inLanguage":"ca","potentialAction":[{"@type":"ReadAction","target":["https:\/\/navonaed.com\/libro\/la-sombra-de-los-perros-romanticos\/"]}]},{"@type":"ImageObject","inLanguage":"ca","@id":"https:\/\/navonaed.com\/libro\/la-sombra-de-los-perros-romanticos\/#primaryimage","url":"https:\/\/navonaed.com\/wp-content\/uploads\/LaSombraDeLosPerros-Portada-AF-baixa.jpg","contentUrl":"https:\/\/navonaed.com\/wp-content\/uploads\/LaSombraDeLosPerros-Portada-AF-baixa.jpg","width":1677,"height":2480,"caption":"La sombra de los perros rom\u00e1nticos"},{"@type":"BreadcrumbList","@id":"https:\/\/navonaed.com\/libro\/la-sombra-de-los-perros-romanticos\/#breadcrumb","itemListElement":[{"@type":"ListItem","position":1,"name":"Portada","item":"https:\/\/navonaed.com\/ca\/"},{"@type":"ListItem","position":2,"name":"Cat\u00e0leg","item":"https:\/\/navonaed.com\/ca\/cataleg\/"},{"@type":"ListItem","position":3,"name":"La sombra de los perros rom\u00e1nticos"}]},{"@type":"WebSite","@id":"https:\/\/navonaed.com\/#website","url":"https:\/\/navonaed.com\/","name":"Editorial Navona","description":"Nos gustan los libros","publisher":{"@id":"https:\/\/navonaed.com\/#organization"},"potentialAction":[{"@type":"SearchAction","target":{"@type":"EntryPoint","urlTemplate":"https:\/\/navonaed.com\/?s={search_term_string}"},"query-input":{"@type":"PropertyValueSpecification","valueRequired":true,"valueName":"search_term_string"}}],"inLanguage":"ca"},{"@type":"Organization","@id":"https:\/\/navonaed.com\/#organization","name":"Editorial Navona","url":"https:\/\/navonaed.com\/","logo":{"@type":"ImageObject","inLanguage":"ca","@id":"https:\/\/navonaed.com\/#\/schema\/logo\/image\/","url":"https:\/\/navonaed.com\/wp-content\/uploads\/logo-navona.svg","contentUrl":"https:\/\/navonaed.com\/wp-content\/uploads\/logo-navona.svg","width":155,"height":32,"caption":"Editorial Navona"},"image":{"@id":"https:\/\/navonaed.com\/#\/schema\/logo\/image\/"},"sameAs":["https:\/\/www.facebook.com\/people\/Reemocioart\/100076073310442\/"]}]}},"_links":{"self":[{"href":"https:\/\/navonaed.com\/ca\/wp-json\/wp\/v2\/product\/6932","targetHints":{"allow":["GET"]}}],"collection":[{"href":"https:\/\/navonaed.com\/ca\/wp-json\/wp\/v2\/product"}],"about":[{"href":"https:\/\/navonaed.com\/ca\/wp-json\/wp\/v2\/types\/product"}],"wp:featuredmedia":[{"embeddable":true,"href":"https:\/\/navonaed.com\/ca\/wp-json\/wp\/v2\/media\/6951"}],"wp:attachment":[{"href":"https:\/\/navonaed.com\/ca\/wp-json\/wp\/v2\/media?parent=6932"}],"wp:term":[{"taxonomy":"product_brand","embeddable":true,"href":"https:\/\/navonaed.com\/ca\/wp-json\/wp\/v2\/product_brand?post=6932"},{"taxonomy":"product_cat","embeddable":true,"href":"https:\/\/navonaed.com\/ca\/wp-json\/wp\/v2\/product_cat?post=6932"},{"taxonomy":"product_tag","embeddable":true,"href":"https:\/\/navonaed.com\/ca\/wp-json\/wp\/v2\/product_tag?post=6932"}],"curies":[{"name":"wp","href":"https:\/\/api.w.org\/{rel}","templated":true}]}}