{"id":6968,"date":"2026-05-05T11:16:35","date_gmt":"2026-05-05T09:16:35","guid":{"rendered":"https:\/\/navonaed.com\/?post_type=product&#038;p=6968"},"modified":"2026-05-05T11:16:36","modified_gmt":"2026-05-05T09:16:36","slug":"el-suicidi-exaltat-de-charles-dickens","status":"publish","type":"product","link":"https:\/\/navonaed.com\/ca\/libro\/el-suicidi-exaltat-de-charles-dickens\/","title":{"rendered":"El su\u00efcidi exaltat de Charles Dickens"},"content":{"rendered":"<p><em>El su\u00efcidi exaltat de Charles Dickens<\/em> \u00e9s un retrat apassionant de Philippe Delerm que ens revela un Dickens com mai abans hav\u00edem vist: un creador entregat que converteix la literatura en un acte viu i total, un home que es consumeix damunt de l\u2019escenari tant com les seves hist\u00f2ries han consumit la imaginaci\u00f3 de generacions.<\/p>\n<p>En aquest relat breu i captivador, Philippe Delerm retrata Dickens no com un simple escriptor tancat al seu estudi, sin\u00f3 com una aut\u00e8ntica \u201crock star liter\u00e0ria\u201d del segle XIX que va consumir la seva energia en llargues gires de lectures p\u00fabliques per Esc\u00f2cia, Anglaterra i els Estats Units, donant cos, veu i \u00e0nima als personatges de les seves grans obres.<\/p>\n<p>L\u2019autor d\u2019<em>Oliver Twist<\/em>, que sovint confessava que estimava els seus personatges fins i tot m\u00e9s que els seus propis fills, va fer de la literatura una obra vivent. En arribar a l\u2019\u00faltima p\u00e0gina i tancar aquest llibre, el lector sent el desig de submergir-se novament en l\u2019obra de l\u2019autor que va reinventar la novel\u00b7la moderna.<\/p>\n<p>Perfecte per a lectors de Dickens i amants de la literatura: una mirada fresca sobre la passi\u00f3, l\u2019entrega creativa i el foc que va consumir un gegant literari.<\/p>\n","protected":false},"excerpt":{"rendered":"<p>9788410180857<br \/>Philippe Delerm<\/p>\n","protected":false},"featured_media":6960,"template":"","meta":{"_acf_changed":false,"_monsterinsights_skip_tracking":false,"_monsterinsights_sitenote_active":false,"_monsterinsights_sitenote_note":"","_monsterinsights_sitenote_category":0},"product_brand":[],"product_cat":[],"product_tag":[180,177,179,178],"class_list":{"0":"post-6968","1":"product","2":"type-product","3":"status-publish","4":"has-post-thumbnail","6":"product_tag-assaig","7":"product_tag-biografia","8":"product_tag-charles-dickens","9":"product_tag-dickens","11":"first","12":"instock","13":"taxable","14":"shipping-taxable","15":"purchasable","16":"product-type-simple"},"acf":[],"yoast_head":"<!-- This site is optimized with the Yoast SEO plugin v27.5 - https:\/\/yoast.com\/product\/yoast-seo-wordpress\/ -->\n<title>El su\u00efcidi exaltat de Charles Dickens - Editorial Navona<\/title>\n<meta name=\"description\" content=\"El su\u00efcidi exaltat de Charles Dickens \u00e9s un retrat apassionant de Philippe Delerm que ens revela un Dickens com mai abans hav\u00edem vist.\" \/>\n<meta name=\"robots\" content=\"index, follow, max-snippet:-1, max-image-preview:large, max-video-preview:-1\" \/>\n<link rel=\"canonical\" href=\"https:\/\/navonaed.com\/ca\/libro\/el-suicidi-exaltat-de-charles-dickens\/\" \/>\n<meta property=\"og:locale\" content=\"ca_ES\" \/>\n<meta property=\"og:type\" content=\"article\" \/>\n<meta property=\"og:title\" content=\"El su\u00efcidi exaltat de Charles Dickens - Editorial Navona\" \/>\n<meta property=\"og:description\" content=\"El su\u00efcidi exaltat de Charles Dickens \u00e9s un retrat apassionant de Philippe Delerm que ens revela un Dickens com mai abans hav\u00edem vist.\" \/>\n<meta property=\"og:url\" content=\"https:\/\/navonaed.com\/ca\/libro\/el-suicidi-exaltat-de-charles-dickens\/\" \/>\n<meta property=\"og:site_name\" content=\"Editorial Navona\" \/>\n<meta property=\"article:publisher\" content=\"https:\/\/www.facebook.com\/people\/Reemocioart\/100076073310442\/\" \/>\n<meta property=\"article:modified_time\" content=\"2026-05-05T09:16:36+00:00\" \/>\n<meta property=\"og:image\" content=\"https:\/\/navonaed.com\/wp-content\/uploads\/El-suicidi-exaltat-de-Charles-Dickens.jpg\" \/>\n\t<meta property=\"og:image:width\" content=\"1677\" \/>\n\t<meta property=\"og:image:height\" content=\"2480\" \/>\n\t<meta property=\"og:image:type\" content=\"image\/jpeg\" \/>\n<meta name=\"twitter:card\" content=\"summary_large_image\" \/>\n<meta name=\"twitter:label1\" content=\"Temps estimat de lectura\" \/>\n\t<meta name=\"twitter:data1\" content=\"2 minuts\" \/>\n<script type=\"application\/ld+json\" class=\"yoast-schema-graph\">{\"@context\":\"https:\\\/\\\/schema.org\",\"@graph\":[{\"@type\":\"WebPage\",\"@id\":\"https:\\\/\\\/navonaed.com\\\/ca\\\/libro\\\/el-suicidi-exaltat-de-charles-dickens\\\/\",\"url\":\"https:\\\/\\\/navonaed.com\\\/ca\\\/libro\\\/el-suicidi-exaltat-de-charles-dickens\\\/\",\"name\":\"El su\u00efcidi exaltat de Charles Dickens - Editorial Navona\",\"isPartOf\":{\"@id\":\"https:\\\/\\\/navonaed.com\\\/#website\"},\"primaryImageOfPage\":{\"@id\":\"https:\\\/\\\/navonaed.com\\\/ca\\\/libro\\\/el-suicidi-exaltat-de-charles-dickens\\\/#primaryimage\"},\"image\":{\"@id\":\"https:\\\/\\\/navonaed.com\\\/ca\\\/libro\\\/el-suicidi-exaltat-de-charles-dickens\\\/#primaryimage\"},\"thumbnailUrl\":\"https:\\\/\\\/navonaed.com\\\/wp-content\\\/uploads\\\/El-suicidi-exaltat-de-Charles-Dickens.jpg\",\"datePublished\":\"2026-05-05T09:16:35+00:00\",\"dateModified\":\"2026-05-05T09:16:36+00:00\",\"description\":\"El su\u00efcidi exaltat de Charles Dickens \u00e9s un retrat apassionant de Philippe Delerm que ens revela un Dickens com mai abans hav\u00edem vist.\",\"breadcrumb\":{\"@id\":\"https:\\\/\\\/navonaed.com\\\/ca\\\/libro\\\/el-suicidi-exaltat-de-charles-dickens\\\/#breadcrumb\"},\"inLanguage\":\"ca\",\"potentialAction\":[{\"@type\":\"ReadAction\",\"target\":[\"https:\\\/\\\/navonaed.com\\\/ca\\\/libro\\\/el-suicidi-exaltat-de-charles-dickens\\\/\"]}]},{\"@type\":\"ImageObject\",\"inLanguage\":\"ca\",\"@id\":\"https:\\\/\\\/navonaed.com\\\/ca\\\/libro\\\/el-suicidi-exaltat-de-charles-dickens\\\/#primaryimage\",\"url\":\"https:\\\/\\\/navonaed.com\\\/wp-content\\\/uploads\\\/El-suicidi-exaltat-de-Charles-Dickens.jpg\",\"contentUrl\":\"https:\\\/\\\/navonaed.com\\\/wp-content\\\/uploads\\\/El-suicidi-exaltat-de-Charles-Dickens.jpg\",\"width\":1677,\"height\":2480,\"caption\":\"El su\u00efcidi exaltat de Charles Dickens\"},{\"@type\":\"BreadcrumbList\",\"@id\":\"https:\\\/\\\/navonaed.com\\\/ca\\\/libro\\\/el-suicidi-exaltat-de-charles-dickens\\\/#breadcrumb\",\"itemListElement\":[{\"@type\":\"ListItem\",\"position\":1,\"name\":\"Portada\",\"item\":\"https:\\\/\\\/navonaed.com\\\/ca\\\/\"},{\"@type\":\"ListItem\",\"position\":2,\"name\":\"Cat\u00e0leg\",\"item\":\"https:\\\/\\\/navonaed.com\\\/ca\\\/cataleg\\\/\"},{\"@type\":\"ListItem\",\"position\":3,\"name\":\"El su\u00efcidi exaltat de Charles Dickens\"}]},{\"@type\":\"WebSite\",\"@id\":\"https:\\\/\\\/navonaed.com\\\/#website\",\"url\":\"https:\\\/\\\/navonaed.com\\\/\",\"name\":\"Editorial Navona\",\"description\":\"Nos gustan los libros\",\"publisher\":{\"@id\":\"https:\\\/\\\/navonaed.com\\\/#organization\"},\"potentialAction\":[{\"@type\":\"SearchAction\",\"target\":{\"@type\":\"EntryPoint\",\"urlTemplate\":\"https:\\\/\\\/navonaed.com\\\/?s={search_term_string}\"},\"query-input\":{\"@type\":\"PropertyValueSpecification\",\"valueRequired\":true,\"valueName\":\"search_term_string\"}}],\"inLanguage\":\"ca\"},{\"@type\":\"Organization\",\"@id\":\"https:\\\/\\\/navonaed.com\\\/#organization\",\"name\":\"Editorial Navona\",\"url\":\"https:\\\/\\\/navonaed.com\\\/\",\"logo\":{\"@type\":\"ImageObject\",\"inLanguage\":\"ca\",\"@id\":\"https:\\\/\\\/navonaed.com\\\/#\\\/schema\\\/logo\\\/image\\\/\",\"url\":\"https:\\\/\\\/navonaed.com\\\/wp-content\\\/uploads\\\/logo-navona.svg\",\"contentUrl\":\"https:\\\/\\\/navonaed.com\\\/wp-content\\\/uploads\\\/logo-navona.svg\",\"width\":155,\"height\":32,\"caption\":\"Editorial Navona\"},\"image\":{\"@id\":\"https:\\\/\\\/navonaed.com\\\/#\\\/schema\\\/logo\\\/image\\\/\"},\"sameAs\":[\"https:\\\/\\\/www.facebook.com\\\/people\\\/Reemocioart\\\/100076073310442\\\/\"]}]}<\/script>\n<!-- \/ Yoast SEO plugin. -->","yoast_head_json":{"title":"El su\u00efcidi exaltat de Charles Dickens - Editorial Navona","description":"El su\u00efcidi exaltat de Charles Dickens \u00e9s un retrat apassionant de Philippe Delerm que ens revela un Dickens com mai abans hav\u00edem vist.","robots":{"index":"index","follow":"follow","max-snippet":"max-snippet:-1","max-image-preview":"max-image-preview:large","max-video-preview":"max-video-preview:-1"},"canonical":"https:\/\/navonaed.com\/ca\/libro\/el-suicidi-exaltat-de-charles-dickens\/","og_locale":"ca_ES","og_type":"article","og_title":"El su\u00efcidi exaltat de Charles Dickens - Editorial Navona","og_description":"El su\u00efcidi exaltat de Charles Dickens \u00e9s un retrat apassionant de Philippe Delerm que ens revela un Dickens com mai abans hav\u00edem vist.","og_url":"https:\/\/navonaed.com\/ca\/libro\/el-suicidi-exaltat-de-charles-dickens\/","og_site_name":"Editorial Navona","article_publisher":"https:\/\/www.facebook.com\/people\/Reemocioart\/100076073310442\/","article_modified_time":"2026-05-05T09:16:36+00:00","og_image":[{"width":1677,"height":2480,"url":"https:\/\/navonaed.com\/wp-content\/uploads\/El-suicidi-exaltat-de-Charles-Dickens.jpg","type":"image\/jpeg"}],"twitter_card":"summary_large_image","twitter_misc":{"Temps estimat de lectura":"2 minuts"},"schema":{"@context":"https:\/\/schema.org","@graph":[{"@type":"WebPage","@id":"https:\/\/navonaed.com\/ca\/libro\/el-suicidi-exaltat-de-charles-dickens\/","url":"https:\/\/navonaed.com\/ca\/libro\/el-suicidi-exaltat-de-charles-dickens\/","name":"El su\u00efcidi exaltat de Charles Dickens - Editorial Navona","isPartOf":{"@id":"https:\/\/navonaed.com\/#website"},"primaryImageOfPage":{"@id":"https:\/\/navonaed.com\/ca\/libro\/el-suicidi-exaltat-de-charles-dickens\/#primaryimage"},"image":{"@id":"https:\/\/navonaed.com\/ca\/libro\/el-suicidi-exaltat-de-charles-dickens\/#primaryimage"},"thumbnailUrl":"https:\/\/navonaed.com\/wp-content\/uploads\/El-suicidi-exaltat-de-Charles-Dickens.jpg","datePublished":"2026-05-05T09:16:35+00:00","dateModified":"2026-05-05T09:16:36+00:00","description":"El su\u00efcidi exaltat de Charles Dickens \u00e9s un retrat apassionant de Philippe Delerm que ens revela un Dickens com mai abans hav\u00edem vist.","breadcrumb":{"@id":"https:\/\/navonaed.com\/ca\/libro\/el-suicidi-exaltat-de-charles-dickens\/#breadcrumb"},"inLanguage":"ca","potentialAction":[{"@type":"ReadAction","target":["https:\/\/navonaed.com\/ca\/libro\/el-suicidi-exaltat-de-charles-dickens\/"]}]},{"@type":"ImageObject","inLanguage":"ca","@id":"https:\/\/navonaed.com\/ca\/libro\/el-suicidi-exaltat-de-charles-dickens\/#primaryimage","url":"https:\/\/navonaed.com\/wp-content\/uploads\/El-suicidi-exaltat-de-Charles-Dickens.jpg","contentUrl":"https:\/\/navonaed.com\/wp-content\/uploads\/El-suicidi-exaltat-de-Charles-Dickens.jpg","width":1677,"height":2480,"caption":"El su\u00efcidi exaltat de Charles Dickens"},{"@type":"BreadcrumbList","@id":"https:\/\/navonaed.com\/ca\/libro\/el-suicidi-exaltat-de-charles-dickens\/#breadcrumb","itemListElement":[{"@type":"ListItem","position":1,"name":"Portada","item":"https:\/\/navonaed.com\/ca\/"},{"@type":"ListItem","position":2,"name":"Cat\u00e0leg","item":"https:\/\/navonaed.com\/ca\/cataleg\/"},{"@type":"ListItem","position":3,"name":"El su\u00efcidi exaltat de Charles Dickens"}]},{"@type":"WebSite","@id":"https:\/\/navonaed.com\/#website","url":"https:\/\/navonaed.com\/","name":"Editorial Navona","description":"Nos gustan los libros","publisher":{"@id":"https:\/\/navonaed.com\/#organization"},"potentialAction":[{"@type":"SearchAction","target":{"@type":"EntryPoint","urlTemplate":"https:\/\/navonaed.com\/?s={search_term_string}"},"query-input":{"@type":"PropertyValueSpecification","valueRequired":true,"valueName":"search_term_string"}}],"inLanguage":"ca"},{"@type":"Organization","@id":"https:\/\/navonaed.com\/#organization","name":"Editorial Navona","url":"https:\/\/navonaed.com\/","logo":{"@type":"ImageObject","inLanguage":"ca","@id":"https:\/\/navonaed.com\/#\/schema\/logo\/image\/","url":"https:\/\/navonaed.com\/wp-content\/uploads\/logo-navona.svg","contentUrl":"https:\/\/navonaed.com\/wp-content\/uploads\/logo-navona.svg","width":155,"height":32,"caption":"Editorial Navona"},"image":{"@id":"https:\/\/navonaed.com\/#\/schema\/logo\/image\/"},"sameAs":["https:\/\/www.facebook.com\/people\/Reemocioart\/100076073310442\/"]}]}},"_links":{"self":[{"href":"https:\/\/navonaed.com\/ca\/wp-json\/wp\/v2\/product\/6968","targetHints":{"allow":["GET"]}}],"collection":[{"href":"https:\/\/navonaed.com\/ca\/wp-json\/wp\/v2\/product"}],"about":[{"href":"https:\/\/navonaed.com\/ca\/wp-json\/wp\/v2\/types\/product"}],"wp:featuredmedia":[{"embeddable":true,"href":"https:\/\/navonaed.com\/ca\/wp-json\/wp\/v2\/media\/6960"}],"wp:attachment":[{"href":"https:\/\/navonaed.com\/ca\/wp-json\/wp\/v2\/media?parent=6968"}],"wp:term":[{"taxonomy":"product_brand","embeddable":true,"href":"https:\/\/navonaed.com\/ca\/wp-json\/wp\/v2\/product_brand?post=6968"},{"taxonomy":"product_cat","embeddable":true,"href":"https:\/\/navonaed.com\/ca\/wp-json\/wp\/v2\/product_cat?post=6968"},{"taxonomy":"product_tag","embeddable":true,"href":"https:\/\/navonaed.com\/ca\/wp-json\/wp\/v2\/product_tag?post=6968"}],"curies":[{"name":"wp","href":"https:\/\/api.w.org\/{rel}","templated":true}]}}